{"id":15177,"date":"2025-01-19T14:12:08","date_gmt":"2025-01-19T14:12:08","guid":{"rendered":"https:\/\/www.hydraulic-cylinders.net\/product\/bucket-cylinder-for-sumitomo-middle-excavator-sh240-5lr\/"},"modified":"2025-01-19T14:12:10","modified_gmt":"2025-01-19T14:12:10","slug":"bucket-cylinder-for-sumitomo-middle-excavator-sh240-5lr","status":"publish","type":"product","link":"https:\/\/www.hydraulic-cylinders.net\/da\/vare\/bucket-cylinder-for-sumitomo-middle-excavator-sh240-5lr\/","title":{"rendered":"Skovlcylinder til Sumitomo mellemgraver SH240-5LR"},"content":{"rendered":"<h1>Skovlcylinder til Sumitomo mellemgraver SH240-5LR<\/h1>\n<h2>Indledning<\/h2>\n<p>En skovlcylinder er en specialdesignet hydraulisk cylinder, der bruges til at styre skovlens bev\u00e6gelse i tunge maskiner s\u00e5som gravemaskiner, rendegravere og frontl\u00e6ssere. Dens hovedfunktion er at muligg\u00f8re l\u00f8ft, s\u00e6nkning og vipning af skovlen, hvilket letter forskellige materialeh\u00e5ndteringsopgaver. I det hydrauliske system opn\u00e5r skovlcylinderen pr\u00e6cis kontrol over skovlen ved at variere trykket af hydraulikolien, hvilket g\u00f8r det muligt for operat\u00f8rer effektivt at h\u00e5ndtere tunge belastninger og tilpasse sig komplekse arbejdsmilj\u00f8er og varierede jobkrav.<\/p>\n<p><img decoding=\"async\" src=\"https:\/\/www.hydraulic-cylinders.net\/wp-content\/uploads\/2025\/01\/songte-company-2.webp\" alt=\"Billede af spandcylinder\"><\/p>\n<h2>Funktioner<\/h2>\n<ul>\n<li>\n<h3>H\u00f8j styrke og holdbarhed<\/h3>\n<p>Skovlcylindre er normalt lavet af h\u00f8jstyrkest\u00e5l eller aluminium, som kan modst\u00e5 h\u00f8jt tryk og tunge belastninger og tilpasse sig barske arbejdsmilj\u00f8er. Designet tager h\u00f8jde for slidstyrke og korrosionsbestandighed, hvilket forl\u00e6nger levetiden.<\/p>\n<\/li>\n<li>\n<h3>Effektiv hydraulisk drift<\/h3>\n<p>Skovlcylindre bruger trykket fra hydraulikolien til at opn\u00e5 j\u00e6vne forl\u00e6ngelses- og sammentr\u00e6kningsbev\u00e6gelser, reagere hurtigt p\u00e5 styrekommandoer, yde kraftige skubbe- og tr\u00e6kkr\u00e6fter og er velegnede til h\u00e5ndtering af tunge belastninger og komplekse arbejdsopgaver.<\/p>\n<\/li>\n<li>\n<h3>Forskellige typer<\/h3>\n<p>Skovlcylindre kan v\u00e6re enkeltvirkende (hydraulisk anvendt i \u00e9n retning) eller dobbeltvirkende (hydraulisk anvendt i begge retninger) afh\u00e6ngigt af kravene. Nogle modeller er teleskopiske, hvilket giver mulighed for st\u00f8rre udtr\u00e6k uden at \u00f8ge de udvendige dimensioner og er velegnede til applikationer, hvor pladsen er begr\u00e6nset.<\/p>\n<\/li>\n<li>\n<h3>Perfekt erstatning<\/h3>\n<p>Vores produkter kan perfekt erstatte disse hydrauliske cylindre. Vi kan producere dette produkt.<\/p>\n<\/li>\n<\/ul>\n<p><img decoding=\"async\" src=\"https:\/\/www.hydraulic-cylinders.net\/wp-content\/uploads\/2025\/01\/songte-cylinder-head-with-all-kinds-excavator-models.webp\" alt=\"Billede af udskiftning af spandcylinder\"><\/p>\n<h2>Applikationer<\/h2>\n<p>Skovlcylindre kan bruges i forskellige brancher, herunder:<\/p>\n<ul>\n<li>\n<h3>Entrepren\u00f8rudstyr<\/h3>\n<p>I gravemaskiner er skovlcylindre afg\u00f8rende for at grave, l\u00e6sse og flytte jord eller affald. I rendegravere hj\u00e6lper skovlcylindre med b\u00e5de gravning og l\u00f8ft. <\/p>\n<\/li>\n<li>\n<h3>Landbrugsmaskiner<\/h3>\n<p>Skovlcylindre bruges til frontl\u00e6ssere, til at opsamle, l\u00f8fte og transportere jord, h\u00f8 og andre materialer. <\/p>\n<\/li>\n<li>\n<h3>Gravemaskiner<\/h3>\n<p>Skovlcylinderen g\u00f8r det muligt for skovlene at tr\u00e6nge ind i jorden og opn\u00e5 udgravningsbev\u00e6gelse. <\/p>\n<\/li>\n<li>\n<h3>L\u00e6sser<\/h3>\n<p>Skovlcylindere i frontl\u00e6ssere hj\u00e6lper med effektivt at l\u00f8fte og t\u00f8mme gods. <\/p>\n<\/li>\n<\/ul>\n<h2>Designovervejelser og udv\u00e6lgelsesstandarder<\/h2>\n<p>Ved design og valg af skovlcylindre skal ingeni\u00f8rer overveje f\u00f8lgende:<\/p>\n<ul>\n<li>\n<h3>B\u00e6reevne<\/h3>\n<p>Cylinderen skal have tilstr\u00e6kkelig b\u00e6reevne til at modst\u00e5 lastens v\u00e6gt.<\/p>\n<\/li>\n<li>\n<h3>Forseglingsevne<\/h3>\n<p>Forskellige t\u00e6tningskomponenter, s\u00e5som stempelt\u00e6tninger og stangt\u00e6tninger, skal v\u00e6re lavet af slidst\u00e6rke materialer s\u00e5som polyurethan og nitrilgummi for at sikre god t\u00e6tningsevne og forhindre oliel\u00e6kage.<\/p>\n<\/li>\n<li>\n<h3>Holdbarhed<\/h3>\n<p>Cylinderen skal v\u00e6re konstrueret til at modst\u00e5 slid, korrosion og andre former for skader over en l\u00e6ngere periode.<\/p>\n<\/li>\n<li>\n<h3>Sikkerhed<\/h3>\n<p>Cylinderen skal v\u00e6re sikker at betjene med passende sikkerhedsforanstaltninger og advarselssystemer p\u00e5 plads. <\/p>\n<\/li>\n<li>\n<h3>Vedligeholdelsesevne<\/h3>\n<p>Cylinderen skal v\u00e6re nem at vedligeholde, med reservedele, reparation og ombygningsservice let tilg\u00e6ngelig.<\/p>\n<\/li>\n<\/ul>\n<p><img decoding=\"async\" src=\"https:\/\/www.hydraulic-cylinders.net\/wp-content\/uploads\/2025\/01\/songte-oil-pipes-and-spare-parts.webp\" alt=\"Billede af reservedele til spandcylinder\"><\/p>\n<h2>T\u00e6tning og sm\u00f8ring<\/h2>\n<p>Skovlcylindre kr\u00e6ver forskellige t\u00e6tninger, s\u00e5som stempelt\u00e6tninger og stangt\u00e6tninger, lavet af slidst\u00e6rke materialer som polyurethan og nitrilgummi, der giver god t\u00e6tningsevne og forhindrer oliel\u00e6kage. Cylinderhuset, stangen og gevindets endeflader er pr\u00e6cist forarbejdet for at forbedre slidstyrken. Regelm\u00e6ssig tils\u00e6tning af den passende m\u00e6ngde hydraulikolie er n\u00f8dvendig for sm\u00f8ring.<\/p>\n<h2>Vedligeholdelse og reparation<\/h2>\n<p>Regelm\u00e6ssig inspektion og forebyggende vedligeholdelse er afg\u00f8rende for at sikre optimal ydeevne og levetid for skovlcylindre. Nogle almindelige vedligeholdelsesopgaver omfatter korrekt sm\u00f8ring, regelm\u00e6ssig udskiftning af pakninger og kalibreringskontroller. Korrekt installation, sm\u00f8ring og justering er afg\u00f8rende for at sikre skovlcylindrenes levetid og holdbarhed. F\u00f8lgende tips kan hj\u00e6lpe med at diagnosticere og l\u00f8se problemer effektivt:<\/p>\n<ul>\n<li>\n<h3>Regelm\u00e6ssig inspektion<\/h3>\n<p>Regelm\u00e6ssig inspektion kan hj\u00e6lpe med at opdage potentielle problemer, f\u00f8r de eskalerer.<\/p>\n<\/li>\n<li>\n<h3>Korrekt sm\u00f8ring<\/h3>\n<p>Korrekt sm\u00f8ring kan hj\u00e6lpe med at forhindre slid og forl\u00e6nge cylinderens levetid.<\/p>\n<\/li>\n<li>\n<h3>Udskiftning af pakning<\/h3>\n<p>Hyppig udskiftning af pakninger er n\u00f8dvendig for at sikre optimal t\u00e6tningsevne. <\/p>\n<\/li>\n<li>\n<h3>Korrekt installation og justering<\/h3>\n<p>Korrekt installation og justering af cylinderen er afg\u00f8rende for dens levetid og holdbarhed. <\/p>\n<\/li>\n<\/ul>\n<p><img decoding=\"async\" src=\"https:\/\/www.hydraulic-cylinders.net\/wp-content\/uploads\/2025\/01\/songte-chushion-collar.webp\" alt=\"Billede af installation af spandcylinder\"><\/p>\n<h2>Sikkerhedshensyn og milj\u00f8faktorer<\/h2>\n<p>Ved brug af skovlcylindre skal sikkerhedsforanstaltninger overholdes for at forhindre personskade og beskadigelse af udstyret. Milj\u00f8faktorer, s\u00e5som temperatur, fugtighed og st\u00f8v, skal ogs\u00e5 tages i betragtning og h\u00e5ndteres for at opretholde optimal ydeevne og levetid. <\/p>\n<h2>Fejldiagnose og fejlfinding<\/h2>\n<p>Nogle almindelige problemer med skovlcylinderen omfatter oliel\u00e6kage, utilstr\u00e6kkeligt tryk og d\u00e5rlig t\u00e6tning. Korrekt diagnose og fejlfinding kan hj\u00e6lpe med at l\u00f8se problemer effektivt og virkningsfuldt. Regelm\u00e6ssig vedligeholdelse og inspektion kan hj\u00e6lpe med at forhindre s\u00e5danne problemer.<\/p>\n<p><img decoding=\"async\" src=\"https:\/\/www.hydraulic-cylinders.net\/wp-content\/uploads\/2025\/01\/songte-bushings-with-all-kinds-of-excavator-models.webp\" alt=\"Problemer med skovlcylinderen, billede\"><\/p>\n<h2>Om vores virksomhed<\/h2>\n<p>Vi er en producent af hydrauliske cylindre, der kan erstatte de originale cylindre. Vores virksomhed har et komplet produktsortiment og er en af \u200b\u200bde f\u00f8rende producenter og grossister af hydrauliske cylindre p\u00e5 det indenlandske og internationale marked. Vi overholder kvalitetsstandarder, bruger vores industrielle produktionsstyringsstrategier i fine produktionsv\u00e6rksteder og forbedrer l\u00f8bende produktionsplatformen og produktionskvaliteten gennem brug af tekniske talenter, digitalt avanceret produktionsudstyr og professionelle testsystemer. Vi har en st\u00e6rk produktionsevne og opfylder kundernes forskellige krav med effektivitet, pr\u00e6cision og h\u00f8j kvalitet. <\/p>\n<p><img decoding=\"async\" src=\"https:\/\/hzpt.com\/wp-content\/uploads\/2024\/11\/songte-company-1.webp\" alt=\"Virksomhedens image\"><\/p>\n<h3>Specialitet<\/h3>\n<p>Vi er specialiseret i produktion af hydrauliske cylindre, som kan erstatte originale cylindre.<\/p>\n<h3>International certificering<\/h3>\n<p>Vores produkter har best\u00e5et ISO9001, CE og andre internationale certificeringer, hvilket sikrer deres kvalitet og p\u00e5lidelighed. <\/p>\n<h3>Tilpasningstjeneste<\/h3>\n<p>Vores virksomhed tilbyder skr\u00e6ddersyede tjenester for at im\u00f8dekomme kundernes specifikke behov.<\/p>\n<h3>Produktionsudstyr<\/h3>\n<p>Vores v\u00e6rksted er udstyret med avancerede computerstyrede drejeb\u00e6nke, CNC-bearbejdningscentre og andet h\u00f8jpr\u00e6cisionsudstyr for at sikre kvaliteten og n\u00f8jagtigheden af \u200b\u200bvores produkter. <\/p>\n<h3>Eftersalgsservice<\/h3>\n<p>Vi tilbyder kunderne fremragende eftersalgsservice, herunder produktvedligeholdelse, reparation og udskiftningstjenester.<\/p>\n<h4>Forfatter: lyl<\/h4>","protected":false},"excerpt":{"rendered":"<p>Bucket Cylinder For Sumitomo Middle Excavator SH240-5LR Introduction A bucket cylinder is a specially designed hydraulic cylinder used to control the movement of the bucket in heavy machinery such as excavators, backhoe loaders, and front-end loaders. Its main function is to enable lifting, lowering and tilting of the bucket, thus facilitating various material handling tasks. [&hellip;]<\/p>","protected":false},"featured_media":14789,"comment_status":"open","ping_status":"closed","template":"","meta":{"_et_pb_use_builder":"","_et_pb_old_content":"","_et_gb_content_width":""},"product_brand":[],"product_cat":[1494],"product_tag":[1495,1496],"class_list":{"0":"post-15177","1":"product","2":"type-product","3":"status-publish","4":"has-post-thumbnail","6":"product_cat-bucket-cylinders","7":"product_tag-bucket-cylinders","8":"product_tag-hydraulic-cylinders","10":"first","11":"instock","12":"shipping-taxable","13":"product-type-simple"},"amp_enabled":true,"_links":{"self":[{"href":"https:\/\/www.hydraulic-cylinders.net\/da\/wp-json\/wp\/v2\/product\/15177","targetHints":{"allow":["GET"]}}],"collection":[{"href":"https:\/\/www.hydraulic-cylinders.net\/da\/wp-json\/wp\/v2\/product"}],"about":[{"href":"https:\/\/www.hydraulic-cylinders.net\/da\/wp-json\/wp\/v2\/types\/product"}],"replies":[{"embeddable":true,"href":"https:\/\/www.hydraulic-cylinders.net\/da\/wp-json\/wp\/v2\/comments?post=15177"}],"wp:featuredmedia":[{"embeddable":true,"href":"https:\/\/www.hydraulic-cylinders.net\/da\/wp-json\/wp\/v2\/media\/14789"}],"wp:attachment":[{"href":"https:\/\/www.hydraulic-cylinders.net\/da\/wp-json\/wp\/v2\/media?parent=15177"}],"wp:term":[{"taxonomy":"product_brand","embeddable":true,"href":"https:\/\/www.hydraulic-cylinders.net\/da\/wp-json\/wp\/v2\/product_brand?post=15177"},{"taxonomy":"product_cat","embeddable":true,"href":"https:\/\/www.hydraulic-cylinders.net\/da\/wp-json\/wp\/v2\/product_cat?post=15177"},{"taxonomy":"product_tag","embeddable":true,"href":"https:\/\/www.hydraulic-cylinders.net\/da\/wp-json\/wp\/v2\/product_tag?post=15177"}],"curies":[{"name":"wp","href":"https:\/\/api.w.org\/{rel}","templated":true}]}}