{"id":15179,"date":"2025-01-19T14:12:17","date_gmt":"2025-01-19T14:12:17","guid":{"rendered":"https:\/\/www.hydraulic-cylinders.net\/product\/bucket-cylinder-for-sumitomo-middle-excavator-sh200-3g\/"},"modified":"2025-01-19T14:12:19","modified_gmt":"2025-01-19T14:12:19","slug":"bucket-cylinder-for-sumitomo-middle-excavator-sh200-3g","status":"publish","type":"product","link":"https:\/\/www.hydraulic-cylinders.net\/da\/vare\/bucket-cylinder-for-sumitomo-middle-excavator-sh200-3g\/","title":{"rendered":"Skovlcylinder til Sumitomo mellemgraver SH200-3G"},"content":{"rendered":"<h1>Skovlcylinder til Sumitomo mellemgraver SH200-3G<\/h1>\n<h2>Indledning<\/h2>\n<p>Skovlcylinderen til Sumitomo Middle Excavator SH200-3G er en specialiseret hydraulisk cylinder, der prim\u00e6rt bruges til at styre skovlens bev\u00e6gelse i tunge maskiner s\u00e5som gravemaskiner, rendegravere og frontl\u00e6ssere. Dens hovedfunktion er at g\u00f8re det muligt at l\u00f8fte, s\u00e6nke og vippe skovlen, hvilket g\u00f8r det lettere at h\u00e5ndtere forskellige materialer. I det hydrauliske system bruger skovlcylinderen \u00e6ndringer i hydraulikolietrykket til at opn\u00e5 pr\u00e6cis kontrol over skovlen, hvilket g\u00f8r det muligt for operat\u00f8rer at h\u00e5ndtere tunge l\u00e6s effektivt og tilpasse sig komplekse arbejdsmilj\u00f8er og forskellige driftskrav.<\/p>\n<p><img decoding=\"async\" src=\"https:\/\/www.hydraulic-cylinders.net\/wp-content\/uploads\/2025\/01\/songte-company-2.webp\" alt=\"Billede af spandcylinder\"><\/p>\n<h3>Funktioner<\/h3>\n<ul>\n<li><strong>H\u00f8j styrke og holdbarhed:<\/strong> Den er normalt lavet af h\u00f8jstyrkest\u00e5l eller aluminium, kan modst\u00e5 h\u00f8jt tryk og tunge belastninger, tilpasse sig barske arbejdsmilj\u00f8er og tage hensyn til slidstyrke og korrosionsbestandighed i designet for at forl\u00e6nge levetiden.<\/li>\n<li><strong>Effektiv hydraulisk drift:<\/strong> Ved at udnytte trykket fra hydraulikolien til at opn\u00e5 en j\u00e6vn ekspansions- og sammentr\u00e6kningsbev\u00e6gelse, kan den hurtigt reagere p\u00e5 driftskommandoer, yde kraftig skubbe- og tr\u00e6kkraft og er egnet til h\u00e5ndtering af tunge belastninger og komplekse driftsopgaver.<\/li>\n<li><strong>Flere typer:<\/strong> Cylinderen kan v\u00e6re en enkeltvirkende (hydraulik anvendes kun i \u00e9n retning) eller dobbeltvirkende (hydraulik anvendes i to retninger) cylinder efter behov for at opfylde forskellige driftsbehov. Nogle modeller er teleskopiske, hvilket giver mulighed for st\u00f8rre udtr\u00e6k uden at \u00f8ge de udvendige dimensioner, hvilket er velegnet til applikationer med begr\u00e6nset plads.<\/li>\n<li><strong>Produktion:<\/strong> Vores virksomhed kan producere dette produkt, og vores produkter kan perfekt erstatte disse hydrauliske cylindre.<\/li>\n<\/ul>\n<p><img decoding=\"async\" src=\"https:\/\/www.hydraulic-cylinders.net\/wp-content\/uploads\/2025\/01\/songte-cylinder-head-with-all-kinds-excavator-models.webp\" alt=\"Produktbillede\"><\/p>\n<h2>Applikationer<\/h2>\n<p>Skovlcylinderen til Sumitomo Middle Excavator SH200-3G kan bruges i forskellige applikationer s\u00e5som:<\/p>\n<ul>\n<li><strong>Entrepren\u00f8rudstyr:<\/strong> I gravemaskiner er de vigtige til at grave, l\u00e6sse og flytte jord eller affald. I rendegravere hj\u00e6lper skovlcylinderen b\u00e5de med at grave og l\u00f8fte. <\/li>\n<li><strong>Landbrugsmaskiner:<\/strong> Bruges i frontl\u00e6ssere til at udgrave, l\u00f8fte og transportere jord, h\u00f8 og andre materialer. <\/li>\n<li><strong>Gravemaskiner:<\/strong> Skovlcylinderen opn\u00e5r gravefunktion ved at lade skovlen tr\u00e6nge ned i jorden. <\/li>\n<li><strong>L\u00e6ssere:<\/strong> I frontl\u00e6ssere hj\u00e6lper de med effektivt at l\u00f8fte og vippe last. <\/li>\n<\/ul>\n<h2>Designovervejelser og udv\u00e6lgelseskriterier<\/h2>\n<p>Designovervejelserne for skovlcylinderen til Sumitomo Middle Excavator SH200-3G omfatter f\u00f8lgende:<\/p>\n<ul>\n<li><strong>B\u00e6reevne:<\/strong> Cylinderen skal have tilstr\u00e6kkelig styrke til at klare de belastninger, den vil blive udsat for under anvendelsen.<\/li>\n<li><strong>Forsegling:<\/strong> Forskellige t\u00e6tninger, s\u00e5som stempelt\u00e6tninger og stangt\u00e6tninger, bruges til at forhindre hydraulikv\u00e6ske i at l\u00e6kker ud af cylinderen.<\/li>\n<li><strong>Holdbarhed:<\/strong> Cylinderen skal v\u00e6re konstrueret til at modst\u00e5 slid og korrosion, hvilket kan opn\u00e5s ved omhyggelig materialevalg, overfladebehandlinger og andre teknikker. <\/li>\n<li><strong>Sikkerhed:<\/strong> Cylinderen skal v\u00e6re designet med sikkerhed i tankerne, med funktioner som trykaflastningsventiler for at forhindre overbelastning og sikkerhedsd\u00e6ksler for at beskytte arbejdstagere mod skader. <\/li>\n<li><strong>Opretholdelse:<\/strong> Cylinderen skal v\u00e6re designet til nem vedligeholdelse, med funktioner som lettilg\u00e6ngelige komponenter og standardfittings, der letter udskiftning af pakninger og andre dele.<\/li>\n<\/ul>\n<p><img decoding=\"async\" src=\"https:\/\/www.hydraulic-cylinders.net\/wp-content\/uploads\/2025\/01\/songte-oil-pipes-and-spare-parts.webp\" alt=\"Billede af hydrauliske cylinderdele\"><\/p>\n<h2>T\u00e6tning og sm\u00f8ring<\/h2>\n<p>Skovlcylinderen til Sumitomo Middle Excavator SH200-3G bruger forskellige t\u00e6tninger, s\u00e5som stempelt\u00e6tninger og stangt\u00e6tninger, lavet af slidst\u00e6rke materialer som polyurethan og nitrilgummi, for at forhindre l\u00e6kage af hydraulisk v\u00e6ske fra cylinderen. Cylinderhuset og gevindenden er pr\u00e6cist forarbejdet for at forbedre slidstyrken. Regelm\u00e6ssig tils\u00e6tning af en passende m\u00e6ngde hydraulisk olie til sm\u00f8ring er n\u00f8dvendig for at cylinderen kan fungere problemfrit.<\/p>\n<h2>Vedligeholdelse og reparation<\/h2>\n<p>Regular maintenance and repair are essential for the bucket cylinder&#8217;s longevity. The following are some common maintenance tasks:<\/p>\n<ul>\n<li>Regelm\u00e6ssig inspektion <\/li>\n<li>Korrekt sm\u00f8ring <\/li>\n<li>Udskiftning af pakning <\/li>\n<li>Kalibreringstjek <\/li>\n<\/ul>\n<p>Det er vigtigt at justere cylinderen korrekt under installationen og bruge passende monteringsbeslag til at fastg\u00f8re cylinderen. Vi anbefaler at bruge vores anbefalede inspektions-, reparations- og udskiftningsprocedurer for at forl\u00e6nge spandcylinderens levetid. Vi tilbyder ogs\u00e5 reservedele og ombygningstjenester.<\/p>\n<p><img decoding=\"async\" src=\"https:\/\/www.hydraulic-cylinders.net\/wp-content\/uploads\/2025\/01\/songte-chushion-collar.webp\" alt=\"Billede af hydrauliske cylinderdele\"><\/p>\n<h2>Sikkerheds- og milj\u00f8hensyn<\/h2>\n<p>N\u00e5r du bruger skovlcylinderen til Sumitomo Middle Excavator SH200-3G, er det vigtigt at f\u00f8lge passende sikkerhedsforanstaltninger. Sikring af korrekt installation, regelm\u00e6ssig inspektion og vedligeholdelse kan undg\u00e5 potentielle driftsrisici. Korrekt bortskaffelse af hydrauliske v\u00e6sker og andet farligt affald er n\u00f8dvendigt for at minimere negative p\u00e5virkninger af milj\u00f8et.<\/p>\n<h2> Fejlfinding og almindelige problemer<\/h2>\n<p>Almindelige problemer med skovlcylinderen p\u00e5 Sumitomo Middle Excavator SH200-3G inkluderer oliel\u00e6kage, utilstr\u00e6kkelig eller uj\u00e6vn kraft og unormal st\u00f8j. Disse problemer kan ofte l\u00f8ses ved at kontrollere pakninger, hydraulikv\u00e6skeniveauer og udskifte eventuelle defekte dele. Vi anbefaler regelm\u00e6ssig vedligeholdelse og inspektion for at forhindre yderligere problemer. <\/p>\n<p><img decoding=\"async\" src=\"https:\/\/www.hydraulic-cylinders.net\/wp-content\/uploads\/2025\/01\/songte-bushings-with-all-kinds-of-excavator-models.webp\" alt=\"Billede af hydrauliske cylinderdele\"><\/p>\n<h2>Om vores virksomhed<\/h2>\n<p>Vi er en producent af hydrauliske udskiftningscylindre. Vores virksomhed producerer en bred vifte af produkter og er blevet en af \u200b\u200bde f\u00f8rende producenter og engrosdistribut\u00f8rer af hydrauliske cylindre p\u00e5 b\u00e5de indenlandske og internationale markeder. Vi f\u00f8lger en strategi for fremragende kvalitet, der er baseret p\u00e5 industrialiseret produktionsstyring i fine produktionsv\u00e6rksteder, l\u00f8bende forbedring af vores v\u00e6rksteder og perfekte produktionslinjer. Vi har st\u00e6rke kreative evner og bruger principper for h\u00f8j effektivitet, h\u00f8j pr\u00e6cision og h\u00f8j kvalitet for at im\u00f8dekomme kundernes forskellige behov. <\/p>\n<h3>Professionalitet<\/h3>\n<p>Vores team af professionelle fokuserer p\u00e5 at levere produkter og tjenester af h\u00f8j kvalitet til vores kunder, og vi str\u00e6ber efter at bevare vores position som en f\u00f8rende producent af hydrauliske cylindre ved l\u00f8bende at forbedre og innovere vores produkter.<\/p>\n<h3>International certificering<\/h3>\n<p>Vores produkter har opn\u00e5et internationale certificeringer som ISO og CE, hvilket sikrer, at vores produkter opfylder internationale kvalitetsstandarder og -regler.<\/p>\n<h3>Tilpasningstjenester<\/h3>\n<p>Vi tilbyder tilpasningstjenester for at im\u00f8dekomme vores kunders specifikke behov og leverer skr\u00e6ddersyede l\u00f8sninger, der opfylder unikke projektkrav.<\/p>\n<h3>Produktionsudstyr<\/h3>\n<p>Vi bruger avanceret produktionsudstyr til fremstilling af vores produkter, hvilket sikrer h\u00f8j pr\u00e6cision, kvalitet og effektivitet. <\/p>\n<h3>Eftersalgsservice<\/h3>\n<p>Vi tilbyder effektiv og omfattende eftersalgsservice, herunder teknisk support og reservedele, for at sikre, at vores kunder f\u00e5r mest muligt ud af vores produkter.<\/p>\n<p><img decoding=\"async\" src=\"https:\/\/hzpt.com\/wp-content\/uploads\/2024\/11\/songte-company-1.webp\" alt=\"Billede af spandcylinder\"><\/p>\n<p>Forfatter: lyl<\/p>","protected":false},"excerpt":{"rendered":"<p>Bucket Cylinder For Sumitomo Middle Excavator SH200-3G Introduction The bucket cylinder for Sumitomo Middle Excavator SH200-3G is a specialized hydraulic cylinder that is mainly used to control the movement of the bucket in heavy machinery such as excavators, backhoe excavators, and front-end loaders. Its main function is to allow the bucket to be lifted, lowered, [&hellip;]<\/p>","protected":false},"featured_media":14787,"comment_status":"open","ping_status":"closed","template":"","meta":{"_et_pb_use_builder":"","_et_pb_old_content":"","_et_gb_content_width":""},"product_brand":[],"product_cat":[1494],"product_tag":[1495,1496],"class_list":{"0":"post-15179","1":"product","2":"type-product","3":"status-publish","4":"has-post-thumbnail","6":"product_cat-bucket-cylinders","7":"product_tag-bucket-cylinders","8":"product_tag-hydraulic-cylinders","10":"first","11":"instock","12":"shipping-taxable","13":"product-type-simple"},"amp_enabled":true,"_links":{"self":[{"href":"https:\/\/www.hydraulic-cylinders.net\/da\/wp-json\/wp\/v2\/product\/15179","targetHints":{"allow":["GET"]}}],"collection":[{"href":"https:\/\/www.hydraulic-cylinders.net\/da\/wp-json\/wp\/v2\/product"}],"about":[{"href":"https:\/\/www.hydraulic-cylinders.net\/da\/wp-json\/wp\/v2\/types\/product"}],"replies":[{"embeddable":true,"href":"https:\/\/www.hydraulic-cylinders.net\/da\/wp-json\/wp\/v2\/comments?post=15179"}],"wp:featuredmedia":[{"embeddable":true,"href":"https:\/\/www.hydraulic-cylinders.net\/da\/wp-json\/wp\/v2\/media\/14787"}],"wp:attachment":[{"href":"https:\/\/www.hydraulic-cylinders.net\/da\/wp-json\/wp\/v2\/media?parent=15179"}],"wp:term":[{"taxonomy":"product_brand","embeddable":true,"href":"https:\/\/www.hydraulic-cylinders.net\/da\/wp-json\/wp\/v2\/product_brand?post=15179"},{"taxonomy":"product_cat","embeddable":true,"href":"https:\/\/www.hydraulic-cylinders.net\/da\/wp-json\/wp\/v2\/product_cat?post=15179"},{"taxonomy":"product_tag","embeddable":true,"href":"https:\/\/www.hydraulic-cylinders.net\/da\/wp-json\/wp\/v2\/product_tag?post=15179"}],"curies":[{"name":"wp","href":"https:\/\/api.w.org\/{rel}","templated":true}]}}