{"id":15193,"date":"2025-01-19T14:13:19","date_gmt":"2025-01-19T14:13:19","guid":{"rendered":"https:\/\/www.hydraulic-cylinders.net\/product\/bucket-cylinder-for-sumitomo-large-excavator-sh480hd-5\/"},"modified":"2025-01-19T14:13:21","modified_gmt":"2025-01-19T14:13:21","slug":"bucket-cylinder-for-sumitomo-large-excavator-sh480hd-5","status":"publish","type":"product","link":"https:\/\/www.hydraulic-cylinders.net\/da\/vare\/bucket-cylinder-for-sumitomo-large-excavator-sh480hd-5\/","title":{"rendered":"Skovlcylinder til Sumitomo stor gravemaskine SH480HD-5"},"content":{"rendered":"<h1>Skovlcylinder til Sumitomo stor gravemaskine SH480HD-5<\/h1>\n<h2>Indledning<\/h2>\n<p>En skovlcylinder er en specialdesignet hydraulisk cylinder, der prim\u00e6rt bruges til at styre bev\u00e6gelsen af \u200b\u200bskovle i tunge maskiner s\u00e5som gravemaskiner, rendegravere og frontl\u00e6ssere. Dens hovedfunktion er at g\u00f8re det muligt for skovlen at l\u00f8fte, s\u00e6nke og vippe, hvilket g\u00f8r den ideel til forskellige materialeh\u00e5ndteringsopgaver. I det hydrauliske system styrer skovlcylindre den pr\u00e6cise bev\u00e6gelse af skovlen ved hj\u00e6lp af \u00e6ndringer i hydraulikolietrykket, hvilket giver operat\u00f8rer mulighed for effektivt at h\u00e5ndtere tunge l\u00e6s og tilpasse sig komplekse arbejdsmilj\u00f8er og forskellige jobkrav.<\/p>\n<p><img decoding=\"async\" src=\"https:\/\/www.hydraulic-cylinders.net\/wp-content\/uploads\/2025\/01\/songte-company-2.webp\" alt=\"Skovlcylinder til Sumitomo stor gravemaskine SH480HD-5\"><\/p>\n<h2>Funktioner<\/h2>\n<ul>\n<li>\n<h3>H\u00f8j styrke og holdbarhed<\/h3>\n<p>Skovlcylindre er typisk lavet af h\u00f8jstyrkest\u00e5l eller aluminium, der er i stand til at modst\u00e5 h\u00f8jt tryk og tunge belastninger, tilpasser sig barske arbejdsmilj\u00f8er og er designet med holdbarhed og korrosionsbestandighed i tankerne, hvilket forl\u00e6nger deres levetid.<\/p>\n<\/li>\n<li>\n<h3>Effektiv hydraulisk drift<\/h3>\n<p>Skovlcylindre bruger hydraulisk olietryk til at opn\u00e5 j\u00e6vne forl\u00e6ngelses- og sammentr\u00e6kningsbev\u00e6gelser, reagerer hurtigt p\u00e5 kontrolkommandoer, leverer kraftige skubbe- og tr\u00e6kkr\u00e6fter og er velegnede til h\u00e5ndtering af tunge belastninger og komplekse arbejdsopgaver.<\/p>\n<\/li>\n<li>\n<h3>Forskellige typer<\/h3>\n<p>Skovlcylindre kan v\u00e6re enkelt- eller dobbeltvirkende cylindre (ved hj\u00e6lp af hydraulisk tryk i en eller begge retninger) afh\u00e6ngigt af driftskravene. Nogle modeller er teleskopiske, hvilket muligg\u00f8r st\u00f8rre udtr\u00e6k uden at \u00f8ge de ydre dimensioner og er velegnede til applikationer med begr\u00e6nset plads.<\/p>\n<\/li>\n<li>\n<h3>Udskiftelig<\/h3>\n<p>Vores produkt kan perfekt erstatte disse hydrauliske cylindre.<\/p>\n<\/li>\n<\/ul>\n<p><img decoding=\"async\" src=\"https:\/\/www.hydraulic-cylinders.net\/wp-content\/uploads\/2025\/01\/songte-cylinder-head-with-all-kinds-excavator-models.webp\" alt=\"Skovlcylinder til Sumitomo stor gravemaskine SH480HD-5\"><\/p>\n<h2>Applikationer<\/h2>\n<p>Skovlcylindre anvendes i vid udstr\u00e6kning i en r\u00e6kke forskellige industrier, herunder entrepren\u00f8rudstyr, landbrugsmaskiner, gravemaskiner og l\u00e6ssere. Nedenfor er nogle af de mest almindelige anvendelser:<\/p>\n<ul>\n<li>\n<h3>Entrepren\u00f8rudstyr<\/h3>\n<p>I gravemaskiner er de afg\u00f8rende for at grave, l\u00e6sse og flytte jord eller affald. I rendegravere hj\u00e6lper skovlcylindre med b\u00e5de udgravning og l\u00f8ft. I frontl\u00e6ssere hj\u00e6lper de med at l\u00f8fte og tippe last effektivt.<\/p>\n<\/li>\n<li>\n<h3>Landbrugsmaskiner<\/h3>\n<p>De bruges i frontl\u00e6ssere til at udgrave, l\u00f8fte og transportere jord, h\u00f8 og andre materialer.<\/p>\n<\/li>\n<li>\n<h3>Gravemaskiner<\/h3>\n<p>Skovlcylindere muligg\u00f8r gravefunktionen ved at tillade gravemaskinens skovl at tr\u00e6nge ned i jorden.<\/p>\n<\/li>\n<li>\n<h3>L\u00e6ssere<\/h3>\n<p>I frontl\u00e6ssere hj\u00e6lper de med effektivt at l\u00f8fte og losse last.<\/p>\n<\/li>\n<\/ul>\n<h2>Designovervejelser og udv\u00e6lgelseskriterier<\/h2>\n<p>Ved valg af skovlcylindre skal der tages hensyn til flere designhensyn, herunder:<\/p>\n<ul>\n<li>\n<h3>B\u00e6reevne<\/h3>\n<p>Cylinderens b\u00e6reevne skal v\u00e6re tilstr\u00e6kkelig til at h\u00e5ndtere belastningen og sikre en problemfri drift.<\/p>\n<\/li>\n<li>\n<h3>Forsegling<\/h3>\n<p>Forskellige t\u00e6tningskomponenter, s\u00e5som stempelt\u00e6tninger og stangt\u00e6tninger, skal anvendes for at forhindre l\u00e6kager og sikre korrekt funktion af cylinderen.<\/p>\n<\/li>\n<li>\n<h3>Holdbarhed<\/h3>\n<p>Cylinderen skal v\u00e6re konstrueret til at v\u00e6re holdbar under barske milj\u00f8forhold og v\u00e6re modstandsdygtig over for korrosion og slid.<\/p>\n<\/li>\n<li>\n<h3>Sikkerhed<\/h3>\n<p>Skovlcylindre skal v\u00e6re konstrueret med sikkerhedsfunktioner s\u00e5som trykaflastningsventiler for at forhindre overbelastning og sikre sikker drift.<\/p>\n<\/li>\n<li>\n<h3>Vedligeholdelsesevne<\/h3>\n<p>Cylinderen skal v\u00e6re konstrueret til nem vedligeholdelse, herunder enkel adskillelse og genmontering, nem adgang til komponenter og muligheden for hurtigt at udskifte dele.<\/p>\n<\/li>\n<\/ul>\n<p><img decoding=\"async\" src=\"https:\/\/www.hydraulic-cylinders.net\/wp-content\/uploads\/2025\/01\/songte-oil-pipes-and-spare-parts.webp\" alt=\"Skovlcylinder til Sumitomo stor gravemaskine SH480HD-5\"><\/p>\n<h2>T\u00e6tning og sm\u00f8ring<\/h2>\n<p>Forskellige t\u00e6tningskomponenter s\u00e5som stempelt\u00e6tninger og stangt\u00e6tninger skal anvendes for at forhindre l\u00e6kager og sikre korrekt funktion af cylinderen. Cylinderhuset og gevindfladerne er fint bearbejdet for at forbedre slidstyrken. Tils\u00e6t regelm\u00e6ssigt passende hydraulikolie for at sm\u00f8re cylinderen.<\/p>\n<h2>Vedligeholdelse og fejlfinding<\/h2>\n<p>Regelm\u00e6ssig inspektion, passende sm\u00f8ring, udskiftning af pakninger og kalibreringskontrol er almindelige vedligeholdelsesopgaver. Korrekt installation, sm\u00f8ring og justering er afg\u00f8rende for at sikre en lang levetid for skovlcylinderen. Under installationen skal der gives korrekt justeringsvejledning, og der skal anvendes passende monteringsbeslag til at fastg\u00f8re cylinderen.<\/p>\n<p><img decoding=\"async\" src=\"https:\/\/www.hydraulic-cylinders.net\/wp-content\/uploads\/2025\/01\/songte-chushion-collar.webp\" alt=\"Skovlcylinder til Sumitomo stor gravemaskine SH480HD-5\"><\/p>\n<h2>Sikkerhedshensyn og milj\u00f8faktorer<\/h2>\n<p>Sikkerhedsforanstaltninger er afg\u00f8rende ved brug af skovlcylindre. Sikkerhedsfunktioner som f.eks. trykaflastningsventiler b\u00f8r installeres for at forhindre overbelastning og sikre sikker drift. Der skal tr\u00e6ffes passende milj\u00f8beskyttelsesforanstaltninger for at undg\u00e5 oliel\u00e6kage og milj\u00f8skader.<\/p>\n<h2>Virksomhedsintroduktion<\/h2>\n<p>Vi er en f\u00f8rende producent og distribut\u00f8r af hydrauliske cylindre p\u00e5 det indenlandske og internationale marked, med speciale i udskiftningshydrauliske cylindre. Vi overholder principperne om fremragende kvalitet og bygger p\u00e5 den industrialiserede produktionsstyringsstrategi fra sofistikerede produktionsv\u00e6rksteder. Vi forbedrer l\u00f8bende produktionsplatformen p\u00e5 vores v\u00e6rksted ved at udnytte tekniske talenter, digitalt avanceret produktionsudstyr og professionelle testsystemer, perfektionere produktionslinjen af \u200b\u200bproduktkvaliteten og have st\u00e6rke produktionskapaciteter til at im\u00f8dekomme kundernes diversificerede behov med h\u00f8j effektivitet, h\u00f8j pr\u00e6cision og h\u00f8j kvalitet.<\/p>\n<p><img decoding=\"async\" src=\"https:\/\/hzpt.com\/wp-content\/uploads\/2024\/11\/songte-company-1.webp\" alt=\"Skovlcylinder til Sumitomo stor gravemaskine SH480HD-5\"><\/p>\n<h3>Professionalitet<\/h3>\n<p>Vi har et team af eksperter i hydrauliske cylindre, der kan hj\u00e6lpe kunder med at v\u00e6lge den rigtige cylinder til deres specifikke behov.<\/p>\n<h3>International certificering<\/h3>\n<p>Vores produkter har best\u00e5et ISO9001:2008 og CE-certificering.<\/p>\n<h3>Tilpasningstjenester<\/h3>\n<p>Vi tilbyder skr\u00e6ddersyede tjenester, der im\u00f8dekommer forskellige kunders behov, og tilbyder skr\u00e6ddersyede l\u00f8sninger.<\/p>\n<h3>Produktionsudstyr<\/h3>\n<p>Vi er udstyret med avanceret udstyr s\u00e5som CNC-maskiner, automatiske svejsemaskiner og pletteringsmaskiner, der kan im\u00f8dekomme vores kunders varierede behov.<\/p>\n<h3>Eftersalgsservice<\/h3>\n<p>We provide after-sales service, including repair and maintenance, to ensure the smooth operation of our customers&#8217; equipment.<\/p>\n<p>Forfatter: lyl<\/p>","protected":false},"excerpt":{"rendered":"<p>Bucket Cylinder For Sumitomo Large Excavator SH480HD-5 Introduction A bucket cylinder is a specially designed hydraulic cylinder used primarily to control the movement of buckets in heavy machinery such as excavators, backhoes, and front-end loaders. Its main function is to enable the bucket to lift, lower, and tilt, making it ideal for various material handling [&hellip;]<\/p>","protected":false},"featured_media":14788,"comment_status":"open","ping_status":"closed","template":"","meta":{"_et_pb_use_builder":"","_et_pb_old_content":"","_et_gb_content_width":""},"product_brand":[],"product_cat":[1494],"product_tag":[1495,1496],"class_list":{"0":"post-15193","1":"product","2":"type-product","3":"status-publish","4":"has-post-thumbnail","6":"product_cat-bucket-cylinders","7":"product_tag-bucket-cylinders","8":"product_tag-hydraulic-cylinders","10":"first","11":"instock","12":"shipping-taxable","13":"product-type-simple"},"amp_enabled":true,"_links":{"self":[{"href":"https:\/\/www.hydraulic-cylinders.net\/da\/wp-json\/wp\/v2\/product\/15193","targetHints":{"allow":["GET"]}}],"collection":[{"href":"https:\/\/www.hydraulic-cylinders.net\/da\/wp-json\/wp\/v2\/product"}],"about":[{"href":"https:\/\/www.hydraulic-cylinders.net\/da\/wp-json\/wp\/v2\/types\/product"}],"replies":[{"embeddable":true,"href":"https:\/\/www.hydraulic-cylinders.net\/da\/wp-json\/wp\/v2\/comments?post=15193"}],"wp:featuredmedia":[{"embeddable":true,"href":"https:\/\/www.hydraulic-cylinders.net\/da\/wp-json\/wp\/v2\/media\/14788"}],"wp:attachment":[{"href":"https:\/\/www.hydraulic-cylinders.net\/da\/wp-json\/wp\/v2\/media?parent=15193"}],"wp:term":[{"taxonomy":"product_brand","embeddable":true,"href":"https:\/\/www.hydraulic-cylinders.net\/da\/wp-json\/wp\/v2\/product_brand?post=15193"},{"taxonomy":"product_cat","embeddable":true,"href":"https:\/\/www.hydraulic-cylinders.net\/da\/wp-json\/wp\/v2\/product_cat?post=15193"},{"taxonomy":"product_tag","embeddable":true,"href":"https:\/\/www.hydraulic-cylinders.net\/da\/wp-json\/wp\/v2\/product_tag?post=15193"}],"curies":[{"name":"wp","href":"https:\/\/api.w.org\/{rel}","templated":true}]}}