{"id":15200,"date":"2025-01-19T14:13:46","date_gmt":"2025-01-19T14:13:46","guid":{"rendered":"https:\/\/www.hydraulic-cylinders.net\/product\/bucket-cylinder-for-caterpillar-small-excavator-e70-70b\/"},"modified":"2025-01-19T14:13:54","modified_gmt":"2025-01-19T14:13:54","slug":"bucket-cylinder-for-caterpillar-small-excavator-e70-70b","status":"publish","type":"product","link":"https:\/\/www.hydraulic-cylinders.net\/da\/vare\/bucket-cylinder-for-caterpillar-small-excavator-e70-70b\/","title":{"rendered":"Skovlcylinder til Caterpillar lille gravemaskine E70\/70B"},"content":{"rendered":"<h1>Skovlcylinder til Caterpillar lille gravemaskine E70\/70B<\/h1>\n<h2>Indledning<\/h2>\n<p>En skovlcylinder er en specialdesignet hydraulisk cylinder, der prim\u00e6rt bruges til at styre skovlens bev\u00e6gelse i tunge maskiner s\u00e5som gravemaskiner, rendegravere og frontl\u00e6ssere. Dens hovedfunktion er at g\u00f8re det muligt for skovlen at udf\u00f8re l\u00f8fte-, s\u00e6nke- og vippeoperationer, hvilket g\u00f8r den praktisk til forskellige materialeh\u00e5ndteringsopgaver. I det hydrauliske system opn\u00e5r skovlcylinderen pr\u00e6cis kontrol over skovlen gennem \u00e6ndringer i hydraulikolietrykket, hvilket g\u00f8r det muligt for operat\u00f8rer at h\u00e5ndtere tunge l\u00e6s effektivt og tilpasse sig komplekse arbejdsmilj\u00f8er og forskellige driftskrav.<\/p>\n<p><img decoding=\"async\" src=\"https:\/\/www.hydraulic-cylinders.net\/wp-content\/uploads\/2025\/01\/songte-company-2.webp\" alt=\"Spandens cylinder\"><\/p>\n<h2>Funktioner<\/h2>\n<ul>\n<li>H\u00f8j styrke og holdbarhed: Generelt lavet af h\u00f8jstyrkest\u00e5l eller aluminium, kan modst\u00e5 h\u00f8jt tryk og tunge belastninger, egnet til barske arbejdsmilj\u00f8er, designet med slidstyrke og korrosionsbestandighed i tankerne, hvilket forl\u00e6nger levetiden.<\/li>\n<li>Effektiv hydraulisk betjening: J\u00e6vne ud- og tilbagetr\u00e6kningsbev\u00e6gelser opn\u00e5s ved at udnytte trykket fra hydraulikolien, hvilket muligg\u00f8r hurtig reaktion p\u00e5 styrekommandoer, giver kraftige skubbe- og tr\u00e6kkr\u00e6fter og er egnet til h\u00e5ndtering af tunge belastninger og komplekse driftsopgaver.<\/li>\n<li>Forskellige typer: Enkeltvirkende (hydraulisk anvendt i kun \u00e9n retning) eller dobbeltvirkende (hydraulisk anvendt i begge retninger) cylindre kan v\u00e6lges efter behov for at opfylde forskellige driftskrav. Nogle modeller er teleskopiske, hvilket giver mulighed for st\u00f8rre udtr\u00e6k uden at \u00f8ge de udvendige dimensioner, og er velegnede til applikationer med begr\u00e6nset plads.<\/li>\n<li>Nem at installere: Kan nemt installeres i stedet for den originale cylinder, hvilket sparer tid og arbejdsomkostninger. Kan tilpasses efter kundens behov.<\/li>\n<li>Universel kompatibilitet: Kan erstatte forskellige hydrauliske cylindre og giver en omkostningseffektiv l\u00f8sning til vedligeholdelse og reparation af udstyr.<\/li>\n<\/ul>\n<p><img decoding=\"async\" src=\"https:\/\/www.hydraulic-cylinders.net\/wp-content\/uploads\/2025\/01\/songte-cylinder-head-with-all-kinds-excavator-models.webp\" alt=\"Topstykke\"><\/p>\n<h2>Applikationer<\/h2>\n<p>Skovlcylinderen bruges i vid udstr\u00e6kning i forskellige tunge maskiner, herunder:<\/p>\n<ul>\n<li>Entrepren\u00f8rudstyr: I gravemaskiner er de afg\u00f8rende for at grave, l\u00e6sse og flytte jord eller affald. I rendegravere hj\u00e6lper skovlcylindre med at grave og l\u00f8fte. <\/li>\n<li>Landbrugsmaskiner: Bruges i frontl\u00e6ssere til at udgrave, l\u00f8fte og transportere jord, h\u00f8 og andre materialer. <\/li>\n<li>Materialeh\u00e5ndteringsudstyr: Anvendes i gaffeltrucks og andre industrik\u00f8ret\u00f8jer til at l\u00f8fte, transportere og stable varer.<\/li>\n<\/ul>\n<h2>Designovervejelser og udv\u00e6lgelseskriterier<\/h2>\n<p>Designet af skovlcylinderen er afg\u00f8rende for dens ydeevne og holdbarhed. Vigtige overvejelser omfatter:<\/p>\n<ul>\n<li>B\u00e6reevne: Cylinderen skal kunne h\u00e5ndtere den forventede belastning uden at svigte eller beskadige.<\/li>\n<li>Forsegling: Cylinderen skal forsegles for at forhindre l\u00e6kager og kontaminering.<\/li>\n<li>Holdbarhed: Cylinderen skal kunne modst\u00e5 den forventede slitage fra brug i barske milj\u00f8er.<\/li>\n<li>Sikkerhed: Cylinderen skal v\u00e6re konstrueret med sikkerhedsfunktioner for at forhindre ulykker og skader.<\/li>\n<li>Vedligeholdelsesvenlighed: Cylinderen skal v\u00e6re konstrueret til nem vedligeholdelse og reparation.<\/li>\n<\/ul>\n<p><img decoding=\"async\" src=\"https:\/\/www.hydraulic-cylinders.net\/wp-content\/uploads\/2025\/01\/songte-oil-pipes-and-spare-parts.webp\" alt=\"Olier\u00f8r og reservedele\"><\/p>\n<h2>T\u00e6tning og sm\u00f8ring<\/h2>\n<p>Skovlcylinderen bruger forskellige t\u00e6tningskomponenter s\u00e5som stempelt\u00e6tningsringe og stangt\u00e6tningsringe lavet af slidst\u00e6rke materialer som polyurethan og nitrilgummi. Cylinderhuset og gevindfladerne er fint forarbejdet for at forbedre slidstyrken. Regelm\u00e6ssig sm\u00f8ring med den passende hydraulikolie er n\u00f8dvendig for at sikre problemfri drift og forl\u00e6nge cylinderens levetid.<\/p>\n<h2>Vedligeholdelse og reparation<\/h2>\n<p>Regelm\u00e6ssig inspektion, sm\u00f8ring og udskiftning af pakninger er afg\u00f8rende for at opretholde cylinderens ydeevne og forl\u00e6nge dens levetid. Korrekt installation, sm\u00f8ring og justering er afg\u00f8rende for at sikre cylinderens effektive drift og forhindre skader eller svigt. Det anbefales at bruge passende monteringsbeslag til at fastg\u00f8re cylinderen p\u00e5 plads og f\u00f8lge de anbefalede inspektions-, reparations- og udskiftningsprocedurer for at sikre korrekt funktion og sikkerhed.<\/p>\n<p><img decoding=\"async\" src=\"https:\/\/www.hydraulic-cylinders.net\/wp-content\/uploads\/2025\/01\/songte-chushion-collar.webp\" alt=\"Pudekrave\"><\/p>\n<h2>Sikkerheds- og milj\u00f8hensyn<\/h2>\n<p>N\u00e5r du bruger spandcylinderen, er det vigtigt at f\u00f8lge de korrekte sikkerhedsprocedurer for at forhindre ulykker og skader. Regelm\u00e6ssig vedligeholdelse og inspektion kan ogs\u00e5 hj\u00e6lpe med at forhindre milj\u00f8forurening fra v\u00e6skel\u00e6kager eller andre skader p\u00e5 cylinderen.<\/p>\n<h2>Fejlfinding og almindelige problemer<\/h2>\n<p>Almindelige problemer med skovlcylinderen omfatter l\u00e6kage, nedsat ydeevne og forkert betjening. Korrekt diagnose og reparation af disse problemer kr\u00e6ver erfaring og ekspertise og b\u00f8r kun udf\u00f8res af uddannede fagfolk. Regelm\u00e6ssig vedligeholdelse og inspektion kan hj\u00e6lpe med at forhindre disse problemer.<\/p>\n<p><img decoding=\"async\" src=\"https:\/\/www.hydraulic-cylinders.net\/wp-content\/uploads\/2025\/01\/songte-bushings-with-all-kinds-of-excavator-models.webp\" alt=\"B\u00f8sninger\"><\/p>\n<h2>Om vores virksomhed<\/h2>\n<p>Vi er en producent af hydrauliske udskiftningscylindre og en f\u00f8rende producent og grossist af hydrauliske cylindre p\u00e5 det indenlandske og internationale marked. Vi f\u00f8lger princippet om fremragende kvalitet og bruger industrialiserede produktionsstyringsstrategier i fine produktionsv\u00e6rksteder. Vores virksomhed forbedrer konstant v\u00e6rkstedets produktionsplatform ved at anvende tekniske talenter, digitalt avanceret produktionsudstyr og professionelle testsystemer for at forbedre produktets kvalitetsproduktionsrute. Vores virksomhed har en st\u00e6rk kreativ evne og er baseret p\u00e5 principperne om h\u00f8j effektivitet, h\u00f8j n\u00f8jagtighed og h\u00f8j kvalitet for at im\u00f8dekomme kundernes forskellige behov.<\/p>\n<ul>\n<li>Professionalitet: Vores team af eksperter yder professionel service og teknisk support til kunder fra forskellige brancher.<\/li>\n<li>International certificering: Vores produkter har best\u00e5et forskellige internationale certificeringer s\u00e5som ISO og CE.<\/li>\n<li>Tilpasningstjenester: Vi leverer tilpassede hydrauliske cylindre i henhold til kundens krav og specifikationer.<\/li>\n<li>Produktionsudstyr: Vi bruger avanceret produktionsudstyr for at sikre produktkvalitet og pr\u00e6cision.<\/li>\n<li>Eftersalgsservice: Vi tilbyder rettidig og effektiv eftersalgsservice for at sikre kundetilfredshed.<\/li>\n<\/ul>\n<p><img decoding=\"async\" src=\"https:\/\/www.hydraulic-cylinders.net\/wp-content\/uploads\/2025\/01\/songte-company-3.webp\" alt=\"Selskab\"><\/p>\n<p>Forfatter: lyl<\/p>","protected":false},"excerpt":{"rendered":"<p>Bucket Cylinder For Caterpillar Small Excavator E70\/70B Introduction A bucket cylinder is a specially designed hydraulic cylinder primarily used to control the movement of the bucket in heavy machinery such as excavators, backhoes, and front-end loaders. Its main function is to enable the bucket to perform lifting, lowering, and tilting operations, making it convenient for [&hellip;]<\/p>","protected":false},"featured_media":14776,"comment_status":"open","ping_status":"closed","template":"","meta":{"_et_pb_use_builder":"","_et_pb_old_content":"","_et_gb_content_width":""},"product_brand":[],"product_cat":[1494],"product_tag":[1495,1496],"class_list":{"0":"post-15200","1":"product","2":"type-product","3":"status-publish","4":"has-post-thumbnail","6":"product_cat-bucket-cylinders","7":"product_tag-bucket-cylinders","8":"product_tag-hydraulic-cylinders","10":"first","11":"instock","12":"shipping-taxable","13":"product-type-simple"},"amp_enabled":true,"_links":{"self":[{"href":"https:\/\/www.hydraulic-cylinders.net\/da\/wp-json\/wp\/v2\/product\/15200","targetHints":{"allow":["GET"]}}],"collection":[{"href":"https:\/\/www.hydraulic-cylinders.net\/da\/wp-json\/wp\/v2\/product"}],"about":[{"href":"https:\/\/www.hydraulic-cylinders.net\/da\/wp-json\/wp\/v2\/types\/product"}],"replies":[{"embeddable":true,"href":"https:\/\/www.hydraulic-cylinders.net\/da\/wp-json\/wp\/v2\/comments?post=15200"}],"wp:featuredmedia":[{"embeddable":true,"href":"https:\/\/www.hydraulic-cylinders.net\/da\/wp-json\/wp\/v2\/media\/14776"}],"wp:attachment":[{"href":"https:\/\/www.hydraulic-cylinders.net\/da\/wp-json\/wp\/v2\/media?parent=15200"}],"wp:term":[{"taxonomy":"product_brand","embeddable":true,"href":"https:\/\/www.hydraulic-cylinders.net\/da\/wp-json\/wp\/v2\/product_brand?post=15200"},{"taxonomy":"product_cat","embeddable":true,"href":"https:\/\/www.hydraulic-cylinders.net\/da\/wp-json\/wp\/v2\/product_cat?post=15200"},{"taxonomy":"product_tag","embeddable":true,"href":"https:\/\/www.hydraulic-cylinders.net\/da\/wp-json\/wp\/v2\/product_tag?post=15200"}],"curies":[{"name":"wp","href":"https:\/\/api.w.org\/{rel}","templated":true}]}}