{"id":15207,"date":"2025-01-19T14:14:21","date_gmt":"2025-01-19T14:14:21","guid":{"rendered":"https:\/\/www.hydraulic-cylinders.net\/product\/bucket-cylinder-for-caterpillar-small-excavator-e302-7dcr\/"},"modified":"2025-01-19T14:14:23","modified_gmt":"2025-01-19T14:14:23","slug":"bucket-cylinder-for-caterpillar-small-excavator-e302-7dcr","status":"publish","type":"product","link":"https:\/\/www.hydraulic-cylinders.net\/da\/vare\/bucket-cylinder-for-caterpillar-small-excavator-e302-7dcr\/","title":{"rendered":"Skovlcylinder til Caterpillar lille gravemaskine E302.7DCR"},"content":{"rendered":"<h1>Skovlcylinder til Caterpillar lille gravemaskine E302.7DCR<\/h1>\n<h2>Indledning<\/h2>\n<p>En skovlcylinder er en hydraulisk cylinder, der er specielt designet til at styre skovlens bev\u00e6gelse i tunge maskiner s\u00e5som gravemaskiner, rendegravere og frontl\u00e6ssere. Dens hovedfunktion er at g\u00f8re det muligt for skovlen at l\u00f8fte, s\u00e6nke og vippe, hvilket g\u00f8r det lettere at h\u00e5ndtere forskellige materialeh\u00e5ndteringsopgaver. I det hydrauliske system styrer skovlcylinderen skovlens pr\u00e6cise bev\u00e6gelse gennem \u00e6ndringer i hydraulikolietrykket, hvilket g\u00f8r det muligt for operat\u00f8rer effektivt at h\u00e5ndtere tunge l\u00e6s og tilpasse sig komplekse arbejdsmilj\u00f8er og forskellige driftsbehov.<\/p>\n<p><img decoding=\"async\" src=\"https:\/\/www.hydraulic-cylinders.net\/wp-content\/uploads\/2025\/01\/songte-company-2.webp\"><\/p>\n<h2>Funktioner<\/h2>\n<ul>\n<li>H\u00f8j styrke og holdbarhed: Typisk fremstillet af h\u00f8jstyrkest\u00e5l eller aluminium, kan den modst\u00e5 h\u00f8jt tryk og tunge belastninger og tilpasse sig barske arbejdsmilj\u00f8er. Designet med slidstyrke og korrosionsbestandighed i tankerne, kan den forl\u00e6nge levetiden.<\/li>\n<li>Effektiv hydraulisk drift: Udnytter hydraulikolietrykket til at opn\u00e5 j\u00e6vne forl\u00e6ngelses- og sammentr\u00e6kningsbev\u00e6gelser, er i stand til at reagere hurtigt p\u00e5 styrekommandoer, giver st\u00e6rke skubbe- og tr\u00e6kkr\u00e6fter, er velegnet til h\u00e5ndtering af tunge belastninger og komplekse driftsopgaver.<\/li>\n<li>Forskellige typer: Man kan v\u00e6lge enkeltvirkende (hydraulisk anvendt i kun \u00e9n retning) eller dobbeltvirkende (hydraulisk anvendt i begge retninger) cylindre efter behov for at opfylde forskellige driftsbehov. Nogle modeller er teleskopiske, hvilket giver mulighed for st\u00f8rre udtr\u00e6k uden at \u00f8ge de udvendige dimensioner og er velegnede til applikationer med begr\u00e6nset plads.<\/li>\n<li>Udskiftelig: Vores produkter kan perfekt erstatte disse hydrauliske cylindre.<\/li>\n<\/ul>\n<p><img decoding=\"async\" src=\"https:\/\/www.hydraulic-cylinders.net\/wp-content\/uploads\/2025\/01\/songte-cylinder-head-with-all-kinds-excavator-models.webp\"><\/p>\n<h2>Applikationer<\/h2>\n<h3>Entrepren\u00f8rudstyr<\/h3>\n<p>I gravemaskiner er de afg\u00f8rende for udgravning, l\u00e6sning og flytning af jord eller affald. I rendegravere hj\u00e6lper skovlcylindre med b\u00e5de udgravning og l\u00f8ft. I frontl\u00e6ssere hj\u00e6lper de med at l\u00f8fte og vippe for effektivt at t\u00f8mme gods.<\/p>\n<h3>Landbrugsmaskiner<\/h3>\n<p>Bruges i frontl\u00e6ssere til at opgrave, l\u00f8fte og transportere jord, h\u00f8 og andre materialer. I gravemaskiner muligg\u00f8r skovlcylinderen gravning ved at lade skovlen tr\u00e6nge ned i jorden. I l\u00e6ssere hj\u00e6lper de med effektivt at l\u00f8fte og t\u00f8mme gods.<\/p>\n<p><img decoding=\"async\" src=\"https:\/\/www.hydraulic-cylinders.net\/wp-content\/uploads\/2025\/01\/songte-chushion-collar.webp\"><\/p>\n<h2>Designovervejelser og udv\u00e6lgelseskriterier<\/h2>\n<ul>\n<li>B\u00e6reevne: Bestem den maksimale belastning, som den hydrauliske cylinder skal kunne b\u00e6re, og v\u00e6lg den passende st\u00f8rrelse og type cylinder i overensstemmelse hermed.<\/li>\n<li>T\u00e6tning: Brug forskellige t\u00e6tninger s\u00e5som stempelt\u00e6tningsringe og stangt\u00e6tningsringe, og v\u00e6lg slidst\u00e6rke materialer s\u00e5som polyurethan og nitrilgummi til t\u00e6tninger. Fin overfladebehandling af cylinderhuset og gevindenden forbedrer slidstyrken.<\/li>\n<li>Holdbarhed: Overvej arbejdsmilj\u00f8et, og v\u00e6lg materialer, der er modstandsdygtige over for slid og korrosion, for at forl\u00e6nge levetiden.<\/li>\n<li>Sikkerhed: S\u00f8rg for, at den hydrauliske cylinders design opfylder de relevante sikkerhedsstandarder og -forskrifter.<\/li>\n<li>Vedligeholdelsesvenlighed: Overvej nem vedligeholdelse og reparation, s\u00e5som adgang til udskiftelige dele, for at minimere nedetid og reducere vedligeholdelsesomkostninger.<\/li>\n<\/ul>\n<p><img decoding=\"async\" src=\"https:\/\/www.hydraulic-cylinders.net\/wp-content\/uploads\/2025\/01\/songte-oil-pipes-and-spare-parts.webp\"><\/p>\n<h2>T\u00e6tning og sm\u00f8ring<\/h2>\n<p>Forskellige t\u00e6tninger anvendes til skovlcylinderen, s\u00e5som stempelt\u00e6tningsringe og stangt\u00e6tningsringe. T\u00e6tningerne er lavet af slidst\u00e6rke materialer som polyurethan og nitrilgummi for at forbedre cylinderens slidstyrke. Cylinderhuset og gevindenden gennemg\u00e5r en fin overfladebehandling for at \u00f8ge holdbarheden. Regelm\u00e6ssig sm\u00f8ring med passende hydraulikolie er n\u00f8dvendig for at sikre cylinderens problemfri drift.<\/p>\n<h2>Vedligeholdelse og reparation<\/h2>\n<p>Regelm\u00e6ssig vedligeholdelse og inspektion er afg\u00f8rende for at forl\u00e6nge hydraulikcylinderens levetid. Almindelige vedligeholdelsesopgaver omfatter sm\u00f8ring, udskiftning af pakninger og kalibreringskontroller. Korrekt installation, sm\u00f8ring og justering er afg\u00f8rende under installationsprocessen, og det anbefales at bruge den korrekte justeringsmetode og passende installationsbeslag. Vi tilbyder anbefalede inspektions-, reparations- og udskiftningsprocedurer samt reservedele og ombygningstjenester for at forl\u00e6nge skovlcylinderens levetid.<\/p>\n<p><img decoding=\"async\" src=\"https:\/\/www.hydraulic-cylinders.net\/wp-content\/uploads\/2025\/01\/songte-bushings-with-all-kinds-of-excavator-models.webp\"><\/p>\n<h2>Sikkerhedshensyn og milj\u00f8faktorer<\/h2>\n<p>N\u00e5r man bruger spandcylinderen, er det vigtigt at f\u00f8lge de korrekte sikkerhedsprotokoller for at undg\u00e5 personskade eller beskadigelse af udstyr. Det er afg\u00f8rende at sikre, at cylinderens design opfylder sikkerhedsstandarder og -forskrifter. Milj\u00f8faktorer som temperatur og fugtighed kan p\u00e5virke cylinderens drift og b\u00f8r tages i betragtning under design og installation.<\/p>\n<h2>Fejlfinding og almindelige problemer<\/h2>\n<ul>\n<li>L\u00e6kage: Kontroller for beskadigede pakninger eller slidte dele, og udskift dem efter behov.<\/li>\n<li>Langsom drift: Kontroller hydraulikv\u00e6skeniveauer og -tryk, og s\u00f8rg for korrekt sm\u00f8ring.<\/li>\n<li>For meget st\u00f8j: Kontroller for l\u00f8se dele eller slidte komponenter, og udskift dem efter behov.<\/li>\n<\/ul>\n<p>Forebyggende vedligeholdelsesforanstaltninger kan hj\u00e6lpe med at minimere potentielle problemer og sikre, at skovlcylinderen fungerer korrekt.<\/p>\n<h2>Om vores virksomhed<\/h2>\n<p>Vi er en producent af hydrauliske udskiftningscylindre, der tilbyder en bred vifte af produkter og er blevet en af \u200b\u200bde f\u00f8rende producenter og engrosdistribut\u00f8rer af hydrauliske cylindre p\u00e5 det indenlandske og internationale marked. Vi f\u00f8lger en strategi for fremragende kvalitet og er afh\u00e6ngige af et industrialiseret produktionsstyringssystem baseret p\u00e5 sofistikerede produktionsv\u00e6rksteder, der l\u00f8bende forbedrer v\u00e6rkstedets produktionsplatform og forbedrer kvaliteten af \u200b\u200bproduktionsruten. Vi har en st\u00e6rk evne til at skabe h\u00f8jeffektive, h\u00f8jpr\u00e6cisions- og kvalitetsprodukter, der opfylder forskellige kunders behov.<\/p>\n<ul>\n<li>Professionalitet: Vi har et team af erfarne ingeni\u00f8rer og teknikere, der er dedikeret til at levere de bedste produkter og tjenester.<\/li>\n<li>International certificering: Vi har opn\u00e5et ISO9001:2015 og CE-certificering for at sikre, at vores produkter opfylder internationale kvalitetsstandarder.<\/li>\n<li>Tilpasningstjenester: Vi kan tilpasse hydrauliske cylindre til at opfylde specifikke kundekrav.<\/li>\n<li>Produktionsudstyr: Vi bruger avanceret produktionsudstyr og teknologi for at sikre kvaliteten af \u200b\u200bvores produkter.<\/li>\n<li>Eftersalgsservice: Vi tilbyder omfattende eftersalgsservice, herunder vedligeholdelse, reparation og udskiftning.<\/li>\n<\/ul>\n<p><img decoding=\"async\" src=\"https:\/\/hzpt.com\/wp-content\/uploads\/2024\/11\/songte-company-1.webp\"><\/p>\n<p>Forfatter: lyl.<\/p>","protected":false},"excerpt":{"rendered":"<p>Bucket Cylinder For Caterpillar Small Excavator E302.7DCR Introduction A bucket cylinder is a hydraulic cylinder specially designed to control the movement of the bucket in heavy machinery such as excavators, backhoe loaders, and front loaders. Its main function is to enable the bucket to lift, lower, and tilt, making it easier to handle various material [&hellip;]<\/p>","protected":false},"featured_media":14789,"comment_status":"open","ping_status":"closed","template":"","meta":{"_et_pb_use_builder":"","_et_pb_old_content":"","_et_gb_content_width":""},"product_brand":[],"product_cat":[1494],"product_tag":[1495,1496],"class_list":{"0":"post-15207","1":"product","2":"type-product","3":"status-publish","4":"has-post-thumbnail","6":"product_cat-bucket-cylinders","7":"product_tag-bucket-cylinders","8":"product_tag-hydraulic-cylinders","10":"first","11":"instock","12":"shipping-taxable","13":"product-type-simple"},"amp_enabled":true,"_links":{"self":[{"href":"https:\/\/www.hydraulic-cylinders.net\/da\/wp-json\/wp\/v2\/product\/15207","targetHints":{"allow":["GET"]}}],"collection":[{"href":"https:\/\/www.hydraulic-cylinders.net\/da\/wp-json\/wp\/v2\/product"}],"about":[{"href":"https:\/\/www.hydraulic-cylinders.net\/da\/wp-json\/wp\/v2\/types\/product"}],"replies":[{"embeddable":true,"href":"https:\/\/www.hydraulic-cylinders.net\/da\/wp-json\/wp\/v2\/comments?post=15207"}],"wp:featuredmedia":[{"embeddable":true,"href":"https:\/\/www.hydraulic-cylinders.net\/da\/wp-json\/wp\/v2\/media\/14789"}],"wp:attachment":[{"href":"https:\/\/www.hydraulic-cylinders.net\/da\/wp-json\/wp\/v2\/media?parent=15207"}],"wp:term":[{"taxonomy":"product_brand","embeddable":true,"href":"https:\/\/www.hydraulic-cylinders.net\/da\/wp-json\/wp\/v2\/product_brand?post=15207"},{"taxonomy":"product_cat","embeddable":true,"href":"https:\/\/www.hydraulic-cylinders.net\/da\/wp-json\/wp\/v2\/product_cat?post=15207"},{"taxonomy":"product_tag","embeddable":true,"href":"https:\/\/www.hydraulic-cylinders.net\/da\/wp-json\/wp\/v2\/product_tag?post=15207"}],"curies":[{"name":"wp","href":"https:\/\/api.w.org\/{rel}","templated":true}]}}