{"id":15212,"date":"2025-01-19T14:14:40","date_gmt":"2025-01-19T14:14:40","guid":{"rendered":"https:\/\/www.hydraulic-cylinders.net\/product\/bucket-cylinder-for-caterpillar-small-excavator-e120-120b\/"},"modified":"2025-01-19T14:14:42","modified_gmt":"2025-01-19T14:14:42","slug":"bucket-cylinder-for-caterpillar-small-excavator-e120-120b","status":"publish","type":"product","link":"https:\/\/www.hydraulic-cylinders.net\/da\/vare\/bucket-cylinder-for-caterpillar-small-excavator-e120-120b\/","title":{"rendered":"Skovlcylinder til Caterpillar lille gravemaskine E120\/120B"},"content":{"rendered":"<h1>Skovlcylinder til Caterpillar lille gravemaskine E120\/120B<\/h1>\n<h2>Indledning<\/h2>\n<p>En skovlcylinder til Caterpillar lille gravemaskine E120\/120B er en specialiseret hydraulisk cylinder, der prim\u00e6rt er designet til at styre bev\u00e6gelsen af \u200b\u200bskovle i tunge maskiner s\u00e5som gravemaskiner, rendegravere og frontl\u00e6ssere. Dens hovedfunktion er at g\u00f8re det muligt at l\u00f8fte, s\u00e6nke og vippe skovlen, hvilket g\u00f8r det lettere at h\u00e5ndtere forskellige materialeh\u00e5ndteringsopgaver. I det hydrauliske system opn\u00e5r skovlcylinderen pr\u00e6cis kontrol over skovlen gennem \u00e6ndringer i trykket i hydraulikolien, hvilket giver f\u00f8reren mulighed for effektivt at h\u00e5ndtere tunge belastninger, tilpasse sig komplekse arbejdsmilj\u00f8er og forskellige driftskrav.<\/p>\n<p><img decoding=\"async\" src=\"https:\/\/www.hydraulic-cylinders.net\/wp-content\/uploads\/2025\/01\/songte-company-2.webp\" alt=\"Spandens cylinder\" \/><\/p>\n<h2>Funktioner<\/h2>\n<ul>\n<li>\n<h3>H\u00f8j styrke og holdbarhed:<\/h3>\n<p> Skovlcylinderen er generelt lavet af h\u00f8jstyrkest\u00e5l eller aluminium, som kan modst\u00e5 h\u00f8jt tryk og tunge belastninger, tilpasse sig barske arbejdsmilj\u00f8er og er designet til at tage hensyn til slidstyrke og korrosionsbestandighed for at forl\u00e6nge dens levetid.<\/li>\n<li>\n<h3>Effektiv hydraulisk drift:<\/h3>\n<p> Skovlcylinderen bruger trykket fra hydraulikolien til at opn\u00e5 en j\u00e6vn teleskopisk bev\u00e6gelse, kan hurtigt reagere p\u00e5 styrekommandoer, yde kraftige skubbe- og tr\u00e6kkr\u00e6fter og er velegnet til h\u00e5ndtering af tunge belastninger og komplekse driftsopgaver.<\/li>\n<li>\n<h3>Forskellige typer:<\/h3>\n<p> Enkeltvirkende (hydraulisk anvendes kun i \u00e9n retning) eller dobbeltvirkende (hydraulisk anvendes i begge retninger) cylindre kan v\u00e6lges efter behov for at im\u00f8dekomme forskellige driftsbehov. Nogle modeller er teleskopiske, hvilket giver mulighed for st\u00f8rre udtr\u00e6k uden at \u00f8ge de udvendige dimensioner, hvilket g\u00f8r dem ideelle til applikationer, hvor pladsen er begr\u00e6nset.<\/li>\n<li>\n<h3>Produktudskiftning:<\/h3>\n<p> Vi kan producere dette produkt, og vores produkt kan perfekt erstatte disse hydrauliske cylindre.<\/li>\n<\/ul>\n<p><img decoding=\"async\" src=\"https:\/\/www.hydraulic-cylinders.net\/wp-content\/uploads\/2025\/01\/songte-cylinder-head-with-all-kinds-excavator-models.webp\" alt=\"Udskiftning af spandcylinder\" \/><\/p>\n<h2>Applikationer<\/h2>\n<p>Skovlcylinderen finder anvendelse i forskellige brancher, hvoraf nogle er:<\/p>\n<ul>\n<li>\n<h3>Entrepren\u00f8rudstyr:<\/h3>\n<p> I gravemaskiner er de afg\u00f8rende for udgravning, lastning og flytning af jord eller affald. I rendegravere hj\u00e6lper skovlcylinderen med b\u00e5de gravning og l\u00f8ft.<\/li>\n<li>\n<h3>Landbrugsmaskiner:<\/h3>\n<p> Skovlcylinderen, der bruges i frontl\u00e6ssere til at opgrave, l\u00f8fte og transportere jord, h\u00f8 og andre materialer, opn\u00e5r gravefunktion ved at lade skovlen tr\u00e6nge ned i jorden.<\/li>\n<li>\n<h3>L\u00e6sser:<\/h3>\n<p> I frontl\u00e6ssere hj\u00e6lper de med at l\u00f8fte og vippe gods effektivt.<\/li>\n<\/ul>\n<p>Hver applikation kan yderligere udvides efter behov med n\u00f8gleord og beskrivelser.<\/p>\n<h2>Designovervejelser og udv\u00e6lgelseskriterier<\/h2>\n<p>Ud fra et designm\u00e6ssigt synspunkt skal skovlcylinderen v\u00e6re i stand til at b\u00e6re lasten, give tilstr\u00e6kkelig t\u00e6tning, holdbarhed, sikkerhed og vedligeholdelsesvenlighed. F\u00f8lgende punkter skal tages i betragtning:<\/p>\n<ul>\n<li>\n<h3>B\u00e6reevne:<\/h3>\n<p> Skovlcylinderen skal kunne modst\u00e5 det maksimale tryk og den maksimale kraft, den kan blive udsat for under drift. Denne kapacitet bestemmes af cylinderens st\u00f8rrelse og det materiale, der anvendes til dens fremstilling.<\/li>\n<li>\n<h3>Forsegling:<\/h3>\n<p> Brugen af \u200b\u200bforskellige t\u00e6tningselementer, s\u00e5som stempelt\u00e6tninger og stangt\u00e6tninger, fremstillet af slidst\u00e6rke materialer som polyurethan og nitrilgummi, reducerer risikoen for l\u00e6kage og forbedrer cylinderens holdbarhed. Derudover gennemg\u00e5r cylinderboringen og gevindfladerne en fin bearbejdning for at forbedre slidstyrken.<\/li>\n<li>\n<h3>Holdbarhed:<\/h3>\n<p> Designet skal sikre, at cylinderen kan modst\u00e5 den h\u00f8jeste belastning og klare de h\u00e5rdeste arbejdsforhold. Cylindrene skal ogs\u00e5 have fremragende korrosionsbestandighed for at forl\u00e6nge deres levetid.<\/li>\n<li>\n<h3>Sikkerhed:<\/h3>\n<p> Cylindrene skal v\u00e6re konstrueret til at forhindre utilsigtet aktivering eller funktionsfejl under drift. Designet skal ogs\u00e5 tage hensyn til operat\u00f8rens sikkerhed under betjening af maskinen.<\/li>\n<li>\n<h3>Vedligeholdelsesevne:<\/h3>\n<p> Cylinderen skal v\u00e6re designet til at g\u00f8re vedligeholdelse nemmere og kr\u00e6ve minimal nedetid. Designet skal ogs\u00e5 tage h\u00f8jde for, hvor nemt det er at udskifte slidte dele.<\/li>\n<\/ul>\n<p><img decoding=\"async\" src=\"https:\/\/www.hydraulic-cylinders.net\/wp-content\/uploads\/2025\/01\/songte-oil-pipes-and-spare-parts.webp\" alt=\"Skovlcylinder med reservedele\" \/><\/p>\n<h2>T\u00e6tning og sm\u00f8ring<\/h2>\n<p>Skovlcylinderen skal bruge forskellige t\u00e6tningselementer for at forhindre l\u00e6kage. Brugen af \u200b\u200bslidst\u00e6rke materialer som polyurethan og nitrilgummi sikrer cylinderens holdbarhed. Regelm\u00e6ssig tils\u00e6tning af en passende m\u00e6ngde hydraulikolie til sm\u00f8ring af cylinderen kan bidrage til at forl\u00e6nge dens levetid. Cylinderboringen og gevindfladerne gennemg\u00e5r finbearbejdning for at forbedre deres slidstyrke.<\/p>\n<h2>Forebyggende vedligeholdelse og inspektion<\/h2>\n<p>Regelm\u00e6ssig inspektion og forebyggende vedligeholdelse er n\u00f8dvendig for at undg\u00e5 v\u00e6sentlig skade p\u00e5 cylinderen. Nogle vedligeholdelsesopgaver, der kan udf\u00f8res, er:<\/p>\n<ul>\n<li>\n<h3>Regelm\u00e6ssig inspektion:<\/h3>\n<p> Regelm\u00e6ssig inspektion af cylinderen kan hj\u00e6lpe med at identificere eventuelle problemer, f\u00f8r de bliver mere alvorlige. Inspektioner b\u00f8r omfatte kontrol for l\u00e6kage, beskadigelse af pakninger og korrekt justering.<\/li>\n<li>\n<h3>Korrekt sm\u00f8ring:<\/h3>\n<p> Tils\u00e6tning af en passende m\u00e6ngde hydraulikolie kan bidrage til at forbedre cylinderens levetid og sikre j\u00e6vn drift.<\/li>\n<li>\n<h3>Udskiftning af pakning:<\/h3>\n<p> Regelm\u00e6ssig udskiftning af pakningerne kan hj\u00e6lpe med at reducere l\u00e6kager og forbedre cylinderens levetid.<\/li>\n<li>\n<h3>Kalibreringstjek:<\/h3>\n<p> Regelm\u00e6ssige kalibreringer kan sikre, at cylinderen fungerer inden for de kr\u00e6vede tolerancegr\u00e6nser.<\/li>\n<\/ul>\n<p>Korrekt installation, sm\u00f8ring og justering er afg\u00f8rende for l\u00e6ngerevarende brug af skovlcylinderen. Det anbefales at justere cylinderen korrekt og bruge passende monteringsbeslag til at fastg\u00f8re cylinderen sikkert.<\/p>\n<p><img decoding=\"async\" src=\"https:\/\/www.hydraulic-cylinders.net\/wp-content\/uploads\/2025\/01\/songte-chushion-collar.webp\" alt=\"Montering af spandcylinder\" \/><\/p>\n<h2>Sikkerheds- og milj\u00f8hensyn<\/h2>\n<p>N\u00e5r skovlcylinderen bruges, skal der f\u00f8lges passende sikkerhedsforanstaltninger for at sikre operat\u00f8rens og personers sikkerhed. Derudover skal skovlcylinderen bortskaffes korrekt for at forhindre milj\u00f8forurening.<\/p>\n<h2>Fejldiagnose og fejlfinding<\/h2>\n<p>De mest almindelige problemer, der kan opst\u00e5 med skovlcylinderen, er l\u00e6kage, beskadigede pakninger og forkert justering. For at l\u00f8se disse problemer er regelm\u00e6ssige inspektioner og forebyggende vedligeholdelse n\u00f8dvendige. I tilf\u00e6lde af problemer kan korrekt fejlfinding udf\u00f8res for at identificere og l\u00f8se problemet.<\/p>\n<p><img decoding=\"async\" src=\"https:\/\/www.hydraulic-cylinders.net\/wp-content\/uploads\/2025\/01\/songte-bushings-with-all-kinds-of-excavator-models.webp\" alt=\"Skovlcylinderb\u00f8sninger\" \/><\/p>\n<h2>Om vores virksomhed<\/h2>\n<p>Vi er en producent af hydrauliske udskiftningscylindre og har et komplet produktsortiment. Vi er en f\u00f8rende producent og engrosdistribut\u00f8r af hydrauliske cylindre p\u00e5 det indenlandske og udenlandske marked. Vi overholder politikken om fremragende kvalitet, bygger p\u00e5 den industrielle produktionsstyringsstrategi fra fine produktionsv\u00e6rksteder, bruger teknologiske talenter, digitalt high-end produktionsudstyr og professionelle detektionssystemer, forbedrer l\u00f8bende v\u00e6rkstedets produktionsplatform, perfektionerer produktets produktionskvalitet og har st\u00e6rke kreative evner. Vi im\u00f8dekommer forskellige kundebehov med h\u00f8j effektivitet, pr\u00e6cision og kvalitet.<\/p>\n<p><img decoding=\"async\" src=\"https:\/\/hzpt.com\/wp-content\/uploads\/2024\/11\/songte-company-1.webp\" alt=\"Virksomhedens image\" \/><\/p>\n<h3>Professionalitet:<\/h3>\n<p>Vores team af eksperter har mange \u00e5rs erfaring i fremstillingsindustrien, hvilket g\u00f8r os i stand til at producere produkter af h\u00f8j kvalitet. Vi f\u00f8lger strenge kvalitetskontrolprocedurer i hvert trin, fra design til fremstilling.<\/p>\n<h3>International certificering:<\/h3>\n<p>Vi er certificeret af forskellige internationale standarder s\u00e5som ISO 9001 og CE, hvilket er et bevis p\u00e5 vores engagement i kvalitet og ekspertise.<\/p>\n<h3>Tilpasningstjenester:<\/h3>\n<p>Vi tilbyder tilpasningstjenester, hvor kunderne kan v\u00e6lge mellem en r\u00e6kke forskellige muligheder, der passer til deres behov. Vi kan ogs\u00e5 designe og fremstille i henhold til kundens specifikationer.<\/p>\n<h3>Produktionsudstyr:<\/h3>\n<p>Vi bruger avanceret produktionsudstyr til at producere vores produkter. Vi har CNC-maskiner, drejeb\u00e6nke og andet specialudstyr, der g\u00f8r det muligt for os at producere hydrauliske cylindre af h\u00f8j kvalitet.<\/p>\n<h3>Eftersalgsservice:<\/h3>\n<p>Vi tilbyder eftersalgsservice til vores kunder, hvor vi tilbyder support og assistance med eventuelle problemer, de m\u00e5tte have. Vores team af eksperter er altid klar til at hj\u00e6lpe vores kunder.<\/p>\n<h4>Forfatter: lyl<\/h4>","protected":false},"excerpt":{"rendered":"<p>Bucket Cylinder For Caterpillar Small Excavator E120\/120B Introduction A bucket cylinder for Caterpillar small excavator E120\/120B is a specialized hydraulic cylinder designed primarily to control the movement of buckets in heavy machinery such as excavators, backhoes, and front loaders. Its main function is to enable the bucket to be lifted, lowered, and tilted, making it [&hellip;]<\/p>","protected":false},"featured_media":14782,"comment_status":"open","ping_status":"closed","template":"","meta":{"_et_pb_use_builder":"","_et_pb_old_content":"","_et_gb_content_width":""},"product_brand":[],"product_cat":[1494],"product_tag":[1495,1496],"class_list":{"0":"post-15212","1":"product","2":"type-product","3":"status-publish","4":"has-post-thumbnail","6":"product_cat-bucket-cylinders","7":"product_tag-bucket-cylinders","8":"product_tag-hydraulic-cylinders","10":"first","11":"instock","12":"shipping-taxable","13":"product-type-simple"},"amp_enabled":true,"_links":{"self":[{"href":"https:\/\/www.hydraulic-cylinders.net\/da\/wp-json\/wp\/v2\/product\/15212","targetHints":{"allow":["GET"]}}],"collection":[{"href":"https:\/\/www.hydraulic-cylinders.net\/da\/wp-json\/wp\/v2\/product"}],"about":[{"href":"https:\/\/www.hydraulic-cylinders.net\/da\/wp-json\/wp\/v2\/types\/product"}],"replies":[{"embeddable":true,"href":"https:\/\/www.hydraulic-cylinders.net\/da\/wp-json\/wp\/v2\/comments?post=15212"}],"wp:featuredmedia":[{"embeddable":true,"href":"https:\/\/www.hydraulic-cylinders.net\/da\/wp-json\/wp\/v2\/media\/14782"}],"wp:attachment":[{"href":"https:\/\/www.hydraulic-cylinders.net\/da\/wp-json\/wp\/v2\/media?parent=15212"}],"wp:term":[{"taxonomy":"product_brand","embeddable":true,"href":"https:\/\/www.hydraulic-cylinders.net\/da\/wp-json\/wp\/v2\/product_brand?post=15212"},{"taxonomy":"product_cat","embeddable":true,"href":"https:\/\/www.hydraulic-cylinders.net\/da\/wp-json\/wp\/v2\/product_cat?post=15212"},{"taxonomy":"product_tag","embeddable":true,"href":"https:\/\/www.hydraulic-cylinders.net\/da\/wp-json\/wp\/v2\/product_tag?post=15212"}],"curies":[{"name":"wp","href":"https:\/\/api.w.org\/{rel}","templated":true}]}}