{"id":15215,"date":"2025-01-19T14:14:58","date_gmt":"2025-01-19T14:14:58","guid":{"rendered":"https:\/\/www.hydraulic-cylinders.net\/product\/bucket-cylinder-for-caterpillar-small-excavator-e307e\/"},"modified":"2025-01-19T14:14:59","modified_gmt":"2025-01-19T14:14:59","slug":"bucket-cylinder-for-caterpillar-small-excavator-e307e","status":"publish","type":"product","link":"https:\/\/www.hydraulic-cylinders.net\/da\/vare\/bucket-cylinder-for-caterpillar-small-excavator-e307e\/","title":{"rendered":"Skovlcylinder til Caterpillar lille gravemaskine E307E"},"content":{"rendered":"<h2>Skovlcylinder til Caterpillar lille gravemaskine E307E<\/h2>\n<h3>Indledning<\/h3>\n<p>En skovlcylinder er en specialdesignet hydraulisk cylinder, der prim\u00e6rt bruges til at styre bev\u00e6gelsen af \u200b\u200bskovle i tunge maskiner s\u00e5som gravemaskiner, rendegravere og frontl\u00e6ssere. Dens hovedfunktion er at g\u00f8re det muligt for skovlen at l\u00f8fte, s\u00e6nke og vippe, hvilket g\u00f8r det lettere at udf\u00f8re forskellige materialeh\u00e5ndteringsopgaver. I det hydrauliske system opn\u00e5r skovlcylinderen pr\u00e6cis kontrol over skovlen ved hj\u00e6lp af tryk\u00e6ndringer i hydraulikolien, hvilket giver operat\u00f8rerne mulighed for at h\u00e5ndtere tunge genstande effektivt og tilpasse sig komplekse arbejdsmilj\u00f8er og forskellige driftsbehov.<\/p>\n<p><img decoding=\"async\" src=\"https:\/\/www.hydraulic-cylinders.net\/wp-content\/uploads\/2025\/01\/songte-company-2.webp\"><\/p>\n<h3>Produktfunktioner<\/h3>\n<ul>\n<li>H\u00f8j styrke og holdbarhed: Det er normalt lavet af h\u00f8jstyrkest\u00e5l eller aluminium, som kan modst\u00e5 h\u00f8jt tryk og tunge belastninger, tilpasser sig barske arbejdsmilj\u00f8er og er designet med slidstyrke og korrosionsbestandighed i tankerne, hvilket forl\u00e6nger dets levetid.<\/li>\n<li>Effektiv hydraulisk drift: Den bruger trykket fra hydraulikolien til at opn\u00e5 j\u00e6vn forl\u00e6ngelse og sammentr\u00e6kning, reagerer hurtigt p\u00e5 driftskommandoer, giver en st\u00e6rk skubbe- og tr\u00e6kkraft og er velegnet til h\u00e5ndtering af tunge genstande og komplekse driftsopgaver.<\/li>\n<li>Forskellige typer: Enkeltvirkende (hydraulisk anvendt i kun \u00e9n retning) eller dobbeltvirkende (hydraulisk anvendt i begge retninger) cylindre kan v\u00e6lges efter behov for at opfylde forskellige driftskrav. Nogle modeller er teleskopiske, hvilket giver mulighed for st\u00f8rre udtr\u00e6k uden at \u00f8ge de ydre dimensioner, hvilket g\u00f8r dem velegnede til pladsbegr\u00e6nsede applikationer.<\/li>\n<li>Nem udskiftning: Vores produkter kan perfekt erstatte disse hydrauliske cylindre.<\/li>\n<li>Tilpasningsbar: Vores produkter kan tilpasses for at im\u00f8dekomme kundernes specifikke behov.<\/li>\n<\/ul>\n<p><img decoding=\"async\" src=\"https:\/\/www.hydraulic-cylinders.net\/wp-content\/uploads\/2025\/01\/songte-cylinder-head-with-all-kinds-excavator-models.webp\"><\/p>\n<h3>Applikationer<\/h3>\n<p>Skovlcylinderen kan bruges i vid udstr\u00e6kning i forskellige tunge maskiner, herunder:<\/p>\n<ul>\n<li>Entrepren\u00f8rmaskiner: Gravemaskiner, rendegravere og frontl\u00e6ssere er alle afh\u00e6ngige af skovlcylindre til at grave, l\u00e6sse og flytte jord eller affald. I rendegravere hj\u00e6lper skovlcylinderen med b\u00e5de udgravning og l\u00f8ft.<\/li>\n<li>Landbrugsmaskiner: Bruges i frontl\u00e6ssere til at udgrave, l\u00f8fte og transportere jord, h\u00f8 og andre materialer. I gravemaskiner muligg\u00f8r skovlcylinderen gravning ved at lade skovlen tr\u00e6nge ned i jorden. I frontl\u00e6ssere hj\u00e6lper de med effektivt at l\u00f8fte og vippe gods.<\/li>\n<\/ul>\n<h3>Designovervejelser og udv\u00e6lgelseskriterier<\/h3>\n<p>Designet af skovlcylinderen tager h\u00f8jde for f\u00f8lgende faktorer:<\/p>\n<ul>\n<li>B\u00e6reevne: Cylinderen skal kunne modst\u00e5 h\u00f8jt tryk og tunge belastninger.<\/li>\n<li>T\u00e6tning: Forskellige t\u00e6tningsdele, s\u00e5som stempelt\u00e6tninger og stangt\u00e6tninger, b\u00f8r v\u00e6lges baseret p\u00e5 anvendelsen for at sikre effektiv t\u00e6tning.<\/li>\n<li>Holdbarhed: Cylinderen skal designes med slidstyrke og korrosionsbestandighed i tankerne for at forl\u00e6nge dens levetid.<\/li>\n<li>Sikkerhed: Cylinderen skal v\u00e6re konstrueret til at forhindre ulykker og beskytte operat\u00f8rer mod skader.<\/li>\n<li>Vedligeholdelse: Cylinderen skal v\u00e6re nem at vedligeholde og reparere efter behov.<\/li>\n<\/ul>\n<p><img decoding=\"async\" src=\"https:\/\/www.hydraulic-cylinders.net\/wp-content\/uploads\/2025\/01\/songte-oil-pipes-and-spare-parts.webp\"><\/p>\n<h3>T\u00e6tning og sm\u00f8ring<\/h3>\n<p>Skovlcylinderen bruger forskellige t\u00e6tningsdele, s\u00e5som stempelt\u00e6tninger og stangt\u00e6tninger, som b\u00f8r v\u00e6lges ud fra anvendelsen for at sikre effektiv t\u00e6tning. T\u00e6tningsdelene b\u00f8r v\u00e6re lavet af slidst\u00e6rke materialer, s\u00e5som polyurethan og nitrilgummi. Cylinderhuset og gevindenden b\u00f8r v\u00e6re fint forarbejdet for at forbedre slidstyrken. Derudover er regelm\u00e6ssig sm\u00f8ring med hydraulikolie n\u00f8dvendig for at sikre problemfri drift og forl\u00e6nge produktets levetid.<\/p>\n<h3>Vedligeholdelse og reparation<\/h3>\n<p>Regelm\u00e6ssig vedligeholdelse og inspektion af skovlcylinderen er afg\u00f8rende for at forl\u00e6nge dens levetid. F\u00f8lgende er almindelige vedligeholdelsesopgaver:<\/p>\n<ul>\n<li>Regelm\u00e6ssig inspektion<\/li>\n<li>Korrekt sm\u00f8ring<\/li>\n<li>Udskiftning af pakning<\/li>\n<li>Kalibreringskontrol<\/li>\n<\/ul>\n<p>Korrekt installation er ogs\u00e5 afg\u00f8rende for at sikre cylinderens optimale ydeevne. F\u00f8lgende er de anbefalede installationsprocedurer:<\/p>\n<ul>\n<li>Korrekt justering af cylinderen<\/li>\n<li>Brug af passende monteringsbeslag til at fastg\u00f8re cylinderen<\/li>\n<li>Regelm\u00e6ssig inspektion, reparation og udskiftning af dele<\/li>\n<\/ul>\n<p><img decoding=\"async\" src=\"https:\/\/www.hydraulic-cylinders.net\/wp-content\/uploads\/2025\/01\/songte-chushion-collar.webp\"><\/p>\n<h3>Sikkerhedshensyn og milj\u00f8faktorer<\/h3>\n<p>N\u00e5r man bruger skovlcylindre, er det vigtigt at f\u00f8lge sikkerhedsforanstaltninger, s\u00e5som at b\u00e6re beskyttelsesudstyr og f\u00f8lge korrekte driftsprocedurer, for at forhindre ulykker og sikre medarbejdernes sikkerhed. Derudover b\u00f8r milj\u00f8faktorer, s\u00e5som temperatur og fugtighed, ogs\u00e5 tages i betragtning for at sikre optimal ydeevne.<\/p>\n<h3>Fejlfinding og almindelige problemer<\/h3>\n<p>F\u00f8lgende er almindelige problemer, der kan opst\u00e5 ved brug af skovlcylindre:<\/p>\n<ul>\n<li>L\u00e6kage<\/li>\n<li>Kl\u00e6bende<\/li>\n<li>Lav effektivitet<\/li>\n<li>Unormal st\u00f8j<\/li>\n<\/ul>\n<p>For at fejlfinde disse problemer anbefales det at kontrollere t\u00e6tningsdele, sm\u00f8ring og andre faktorer, der kan p\u00e5virke cylinderens ydeevne. Korrekt vedligeholdelse og inspektion kan ogs\u00e5 reducere sandsynligheden for, at disse problemer opst\u00e5r.<\/p>\n<p><img decoding=\"async\" src=\"https:\/\/www.hydraulic-cylinders.net\/wp-content\/uploads\/2025\/01\/songte-bushings-with-all-kinds-of-excavator-models.webp\"><\/p>\n<h3>Om vores virksomhed<\/h3>\n<p>Vores virksomhed er en f\u00f8rende producent og grossist af hydrauliske cylindre p\u00e5 det indenlandske og internationale marked. Vi f\u00f8lger princippet om fremragende kvalitet og s\u00e6tter vores lid til den industrielle produktionsstyringsstrategi fra fine produktionsv\u00e6rksteder. Vi forbedrer konstant v\u00e6rkstedets produktionsplatform, forbedrer produktionskvaliteten og har en st\u00e6rk kreativ evne til at im\u00f8dekomme forskellige kundebehov. Vores produkter kan tilpasses og skr\u00e6ddersys til at opfylde specifikke kundekrav. Vi tilbyder professionelle og skr\u00e6ddersyede tjenester, og vores produkter er internationalt certificeret. Vi bruger avanceret digitalt produktionsudstyr og professionelle testsystemer for at sikre den bedst mulige produktkvalitet. Vi tilbyder ogs\u00e5 vedligeholdelse, reparation og ombygning for at forl\u00e6nge levetiden p\u00e5 vores produkter. Vi er stolte af vores engagement i at levere produkter af h\u00f8j kvalitet og fremragende kundeservice.<\/p>\n<p><img decoding=\"async\" src=\"https:\/\/hzpt.com\/wp-content\/uploads\/2024\/11\/songte-company-1.webp\"><\/p>\n<p>Forfatter: lyl<\/p>","protected":false},"excerpt":{"rendered":"<p>Bucket Cylinder For Caterpillar Small Excavator E307E Introduction A bucket cylinder is a specially designed hydraulic cylinder primarily used to control the movement of buckets in heavy machinery such as excavators, backhoes, and front-end loaders. Its main function is to enable the bucket to lift, lower, and tilt, making it easier to perform various material [&hellip;]<\/p>","protected":false},"featured_media":14776,"comment_status":"open","ping_status":"closed","template":"","meta":{"_et_pb_use_builder":"","_et_pb_old_content":"","_et_gb_content_width":""},"product_brand":[],"product_cat":[1494],"product_tag":[1495,1496],"class_list":{"0":"post-15215","1":"product","2":"type-product","3":"status-publish","4":"has-post-thumbnail","6":"product_cat-bucket-cylinders","7":"product_tag-bucket-cylinders","8":"product_tag-hydraulic-cylinders","10":"first","11":"instock","12":"shipping-taxable","13":"product-type-simple"},"amp_enabled":true,"_links":{"self":[{"href":"https:\/\/www.hydraulic-cylinders.net\/da\/wp-json\/wp\/v2\/product\/15215","targetHints":{"allow":["GET"]}}],"collection":[{"href":"https:\/\/www.hydraulic-cylinders.net\/da\/wp-json\/wp\/v2\/product"}],"about":[{"href":"https:\/\/www.hydraulic-cylinders.net\/da\/wp-json\/wp\/v2\/types\/product"}],"replies":[{"embeddable":true,"href":"https:\/\/www.hydraulic-cylinders.net\/da\/wp-json\/wp\/v2\/comments?post=15215"}],"wp:featuredmedia":[{"embeddable":true,"href":"https:\/\/www.hydraulic-cylinders.net\/da\/wp-json\/wp\/v2\/media\/14776"}],"wp:attachment":[{"href":"https:\/\/www.hydraulic-cylinders.net\/da\/wp-json\/wp\/v2\/media?parent=15215"}],"wp:term":[{"taxonomy":"product_brand","embeddable":true,"href":"https:\/\/www.hydraulic-cylinders.net\/da\/wp-json\/wp\/v2\/product_brand?post=15215"},{"taxonomy":"product_cat","embeddable":true,"href":"https:\/\/www.hydraulic-cylinders.net\/da\/wp-json\/wp\/v2\/product_cat?post=15215"},{"taxonomy":"product_tag","embeddable":true,"href":"https:\/\/www.hydraulic-cylinders.net\/da\/wp-json\/wp\/v2\/product_tag?post=15215"}],"curies":[{"name":"wp","href":"https:\/\/api.w.org\/{rel}","templated":true}]}}