{"id":15217,"date":"2025-01-19T14:15:08","date_gmt":"2025-01-19T14:15:08","guid":{"rendered":"https:\/\/www.hydraulic-cylinders.net\/product\/bucket-cylinder-for-caterpillar-small-excavator-e313bcr\/"},"modified":"2025-01-19T14:15:11","modified_gmt":"2025-01-19T14:15:11","slug":"bucket-cylinder-for-caterpillar-small-excavator-e313bcr","status":"publish","type":"product","link":"https:\/\/www.hydraulic-cylinders.net\/da\/vare\/bucket-cylinder-for-caterpillar-small-excavator-e313bcr\/","title":{"rendered":"Skovlcylinder til Caterpillar lille gravemaskine E313BCR"},"content":{"rendered":"<h1>Skovlcylinder til Caterpillar lille gravemaskine E313BCR<\/h1>\n<h2>Indledning<\/h2>\n<p>The Bucket Cylinder for Caterpillar Small Excavator E313BCR is a specially designed hydraulic cylinder primarily used to control the movement of buckets in heavy machinery such as excavators, backhoe loaders, and front-end loaders. Its main function is to enable the bucket to lift, lower, and tilt, making it easier to handle various materials. In the hydraulic system, the bucket cylinder precisely controls the bucket&#8217;s movements through changes in hydraulic oil pressure, enabling operators to efficiently handle heavy loads and adapt to complex work environments and diverse operational demands.<\/p>\n<p><img decoding=\"async\" src=\"https:\/\/www.hydraulic-cylinders.net\/wp-content\/uploads\/2025\/01\/songte-company-2.webp\" alt=\"Billede af spandcylinder\"><\/p>\n<h2>Funktioner<\/h2>\n<ul>\n<li>H\u00f8j styrke og holdbarhed: Typisk lavet af h\u00f8jstyrkest\u00e5l eller aluminium, kan den modst\u00e5 h\u00f8jt tryk og tunge belastninger og er designet med slidstyrke og korrosionsbestandighed i tankerne, hvilket forl\u00e6nger dens levetid.<\/li>\n<li>Effektiv hydraulisk drift: Den bruger hydraulisk olietryk til at opn\u00e5 j\u00e6vn ud- og indtr\u00e6kning, kan hurtigt reagere p\u00e5 styrekommandoer, yder kraftig skubbe- og tr\u00e6kkraft og er velegnet til h\u00e5ndtering af tunge belastninger og komplekse driftsopgaver.<\/li>\n<li>Forskellige typer: Enkeltvirkende (hydraulisk i kun \u00e9n retning) eller dobbeltvirkende (hydraulisk i to retninger) cylindre kan v\u00e6lges efter behov for at opfylde forskellige driftskrav. Nogle modeller er teleskopiske, hvilket giver mulighed for st\u00f8rre udtr\u00e6k uden at \u00f8ge de ydre dimensioner og er ideelle til pladsbegr\u00e6nsede applikationer.<\/li>\n<li>Let at producere: Vi kan producere dette produkt, og vores produkter kan perfekt erstatte disse hydrauliske cylindre.<\/li>\n<\/ul>\n<p><img decoding=\"async\" src=\"https:\/\/www.hydraulic-cylinders.net\/wp-content\/uploads\/2025\/01\/songte-cylinder-head-with-all-kinds-excavator-models.webp\" alt=\"Billede af spandcylinder\"><\/p>\n<h2>Applikationer<\/h2>\n<h3>Entrepren\u00f8rudstyr<\/h3>\n<p>I gravemaskiner er de afg\u00f8rende for at grave, l\u00e6sse og flytte jord eller affald. I rendegravere hj\u00e6lper skovlcylinderen med at grave og l\u00f8fte. I frontl\u00e6ssere hj\u00e6lper de med at l\u00f8fte og t\u00f8mme last effektivt.<\/p>\n<h3>Landbrugsmaskiner<\/h3>\n<p>Bruges til frontl\u00e6ssere, til opgravning, l\u00f8ft og transport af jord, h\u00f8 og andre materialer. I gravemaskiner muligg\u00f8r skovlcylinderen gravning ved at lade skovlen tr\u00e6nge ned i jorden. <\/p>\n<p><img decoding=\"async\" src=\"https:\/\/www.hydraulic-cylinders.net\/wp-content\/uploads\/2025\/01\/songte-chushion-collar.webp\" alt=\"Billede af spandcylinder\"><\/p>\n<h2>Designovervejelser og udv\u00e6lgelseskriterier<\/h2>\n<ul>\n<li>B\u00e6reevne: Cylinderens b\u00e6reevne skal kunne modst\u00e5 den maksimale forventede belastning.<\/li>\n<li>T\u00e6tning: T\u00e6tninger, s\u00e5som stempelt\u00e6tninger og stangt\u00e6tninger, skal v\u00e6re lavet af slidst\u00e6rke materialer som polyurethan og nitrilgummi, og cylinderhuset og gevindenden skal v\u00e6re fint forarbejdet for at forbedre slidstyrken.<\/li>\n<li>Holdbarhed: Cylinderen skal v\u00e6re konstrueret til at modst\u00e5 barske milj\u00f8forhold og v\u00e6re modstandsdygtig over for korrosion.<\/li>\n<li>Sikkerhed: Der b\u00f8r udformes sikkerhedsforanstaltninger for at sikre sikker drift og forhindre ulykker.<\/li>\n<li>Vedligeholdelse: Cylinderen b\u00f8r v\u00e6re designet med nem vedligeholdelse i tankerne, og regelm\u00e6ssige vedligeholdelseskontroller b\u00f8r udf\u00f8res for at sikre, at den fungerer korrekt.<\/li>\n<\/ul>\n<p><img decoding=\"async\" src=\"https:\/\/www.hydraulic-cylinders.net\/wp-content\/uploads\/2025\/01\/songte-oil-pipes-and-spare-parts.webp\" alt=\"Billede af spandcylinder\"><\/p>\n<h2>T\u00e6tning og sm\u00f8ring<\/h2>\n<p>Forskellige t\u00e6tningsanordninger, s\u00e5som stempelt\u00e6tninger og stangt\u00e6tninger, anvendes for at sikre, at hydraulikolien ikke l\u00e6kker fra cylinderen. Polyurethan- og nitrilgummimaterialer anvendes almindeligvis som slidst\u00e6rke t\u00e6tningsmaterialer. Cylinderhuset og gevindenden er fint forarbejdet for at \u00f8ge slidstyrken. Cylinderen kr\u00e6ver regelm\u00e6ssig sm\u00f8ring med en passende m\u00e6ngde hydraulikolie for at sikre problemfri drift.<\/p>\n<h2>Forebyggende vedligeholdelse og inspektion<\/h2>\n<p>For at minimere potentielle problemer b\u00f8r der udf\u00f8res regelm\u00e6ssig inspektion og forebyggende vedligeholdelse, herunder:<\/p>\n<ul>\n<li>Regelm\u00e6ssig sm\u00f8ring<\/li>\n<li>Regelm\u00e6ssig inspektion af pakninger for l\u00e6kager eller slid<\/li>\n<li>Periodiske kalibreringskontroller<\/li>\n<\/ul>\n<h2>Sikkerhedshensyn og milj\u00f8faktorer<\/h2>\n<p>Der b\u00f8r altid tr\u00e6ffes sikkerhedsforanstaltninger ved betjening af tunge maskiner, herunder korrekt tr\u00e6ning af operat\u00f8rer, regelm\u00e6ssig inspektion af udstyr og overholdelse af anbefalede sikkerhedsprocedurer. Milj\u00f8faktorer, s\u00e5som brug af bionedbrydelig hydraulikolie, b\u00f8r ogs\u00e5 tages i betragtning ved valg af en hydraulisk cylinder.<\/p>\n<h2>Fejlfinding og almindelige problemer<\/h2>\n<p>Almindelige problemer omfatter ut\u00e6tte pakninger, skader p\u00e5 stempelstangen og utilstr\u00e6kkelig sm\u00f8ring. Fejlfindingstips omfatter kontrol for l\u00e6kager, inspektion af stempelstangen og sikring af korrekt sm\u00f8ring.<\/p>\n<p><img decoding=\"async\" src=\"https:\/\/www.hydraulic-cylinders.net\/wp-content\/uploads\/2025\/01\/songte-bushings-with-all-kinds-of-excavator-models.webp\" alt=\"Billede af spandcylinder\"><\/p>\n<h2>Om vores virksomhed<\/h2>\n<p>Vi er en producent af hydrauliske udskiftningscylindre med et komplet produktsortiment og er blevet en af \u200b\u200bde f\u00f8rende producenter og grossister af hydrauliske cylindre p\u00e5 b\u00e5de indenlandske og internationale markeder. Vi f\u00f8lger en politik om fremragende kvalitet og bygger p\u00e5 den industrielle produktionsstyringsstrategi, der anvendes i raffinerede v\u00e6rksteder. Vi forbedrer l\u00f8bende v\u00e6rkstedets produktionsplatform, perfektionerer produktkvaliteten og har en st\u00e6rk kreativitet. Vi im\u00f8dekommer kundernes forskellige behov med principperne om h\u00f8j effektivitet, h\u00f8j pr\u00e6cision og h\u00f8j kvalitet.<\/p>\n<ul>\n<li>Professionalitet<\/li>\n<li>International certificering<\/li>\n<li>Tilpasningstjenester<\/li>\n<li>Avanceret produktionsudstyr<\/li>\n<li>Eftersalgsservice<\/li>\n<\/ul>\n<p><img decoding=\"async\" src=\"https:\/\/hzpt.com\/wp-content\/uploads\/2024\/11\/songte-company-1.webp\" alt=\"Billede af spandcylinder\"><\/p>\n<p>Forfatter: lyl<\/p>","protected":false},"excerpt":{"rendered":"<p>Bucket Cylinder For Caterpillar Small Excavator E313BCR Introduction The Bucket Cylinder for Caterpillar Small Excavator E313BCR is a specially designed hydraulic cylinder primarily used to control the movement of buckets in heavy machinery such as excavators, backhoe loaders, and front-end loaders. Its main function is to enable the bucket to lift, lower, and tilt, making [&hellip;]<\/p>","protected":false},"featured_media":14771,"comment_status":"open","ping_status":"closed","template":"","meta":{"_et_pb_use_builder":"","_et_pb_old_content":"","_et_gb_content_width":""},"product_brand":[],"product_cat":[1494],"product_tag":[1495,1496],"class_list":{"0":"post-15217","1":"product","2":"type-product","3":"status-publish","4":"has-post-thumbnail","6":"product_cat-bucket-cylinders","7":"product_tag-bucket-cylinders","8":"product_tag-hydraulic-cylinders","10":"first","11":"instock","12":"shipping-taxable","13":"product-type-simple"},"amp_enabled":true,"_links":{"self":[{"href":"https:\/\/www.hydraulic-cylinders.net\/da\/wp-json\/wp\/v2\/product\/15217","targetHints":{"allow":["GET"]}}],"collection":[{"href":"https:\/\/www.hydraulic-cylinders.net\/da\/wp-json\/wp\/v2\/product"}],"about":[{"href":"https:\/\/www.hydraulic-cylinders.net\/da\/wp-json\/wp\/v2\/types\/product"}],"replies":[{"embeddable":true,"href":"https:\/\/www.hydraulic-cylinders.net\/da\/wp-json\/wp\/v2\/comments?post=15217"}],"wp:featuredmedia":[{"embeddable":true,"href":"https:\/\/www.hydraulic-cylinders.net\/da\/wp-json\/wp\/v2\/media\/14771"}],"wp:attachment":[{"href":"https:\/\/www.hydraulic-cylinders.net\/da\/wp-json\/wp\/v2\/media?parent=15217"}],"wp:term":[{"taxonomy":"product_brand","embeddable":true,"href":"https:\/\/www.hydraulic-cylinders.net\/da\/wp-json\/wp\/v2\/product_brand?post=15217"},{"taxonomy":"product_cat","embeddable":true,"href":"https:\/\/www.hydraulic-cylinders.net\/da\/wp-json\/wp\/v2\/product_cat?post=15217"},{"taxonomy":"product_tag","embeddable":true,"href":"https:\/\/www.hydraulic-cylinders.net\/da\/wp-json\/wp\/v2\/product_tag?post=15217"}],"curies":[{"name":"wp","href":"https:\/\/api.w.org\/{rel}","templated":true}]}}