{"id":15220,"date":"2025-01-19T14:15:22","date_gmt":"2025-01-19T14:15:22","guid":{"rendered":"https:\/\/www.hydraulic-cylinders.net\/product\/bucket-cylinder-for-caterpillar-small-excavator-e305-5e\/"},"modified":"2025-01-19T14:15:24","modified_gmt":"2025-01-19T14:15:24","slug":"bucket-cylinder-for-caterpillar-small-excavator-e305-5e","status":"publish","type":"product","link":"https:\/\/www.hydraulic-cylinders.net\/da\/vare\/bucket-cylinder-for-caterpillar-small-excavator-e305-5e\/","title":{"rendered":"Skovlcylinder til Caterpillar lille gravemaskine E305.5E"},"content":{"rendered":"<h1>Skovlcylinder til Caterpillar lille gravemaskine E305.5E<\/h1>\n<h2>Indledning<\/h2>\n<h3>Definition af spandcylinder<\/h3>\n<p>En skovlcylinder er en specialdesignet hydraulisk cylinder, der prim\u00e6rt bruges til at styre bev\u00e6gelsen af \u200b\u200bskovle eller skovle i tunge maskiner s\u00e5som gravemaskiner, rendegravere og frontl\u00e6ssere. Dens prim\u00e6re funktion er at g\u00f8re det muligt for skovlen at l\u00f8fte, s\u00e6nke og vippe, hvilket g\u00f8r det lettere at udf\u00f8re forskellige materialeh\u00e5ndteringsopgaver. I det hydrauliske system styrer skovlcylindre pr\u00e6cise bev\u00e6gelser af skovlen gennem \u00e6ndringer i hydraulikolietrykket, hvilket g\u00f8r det muligt for operat\u00f8rer effektivt at h\u00e5ndtere tunge l\u00e6s og tilpasse sig komplekse arbejdsmilj\u00f8er og forskellige driftsbehov.<\/p>\n<p><img decoding=\"async\" src=\"https:\/\/www.hydraulic-cylinders.net\/wp-content\/uploads\/2025\/01\/songte-company-2.webp\"\/><\/p>\n<h3>Funktioner<\/h3>\n<ul>\n<li>H\u00f8j styrke og holdbarhed: Typisk lavet af h\u00f8jstyrkest\u00e5l eller aluminium, kan det modst\u00e5 h\u00f8jt tryk og tunge belastninger, tilpasse sig barske arbejdsmilj\u00f8er og tage h\u00f8jde for slidstyrke og korrosionsbestandighed i designet, hvilket forl\u00e6nger levetiden.<\/li>\n<li>Effektiv hydraulisk betjening: J\u00e6vne ud- og tilbagetr\u00e6kningsbev\u00e6gelser opn\u00e5s gennem hydraulisk tryk, som hurtigt kan reagere p\u00e5 styrekommandoer, give st\u00e6rke skubbe- og tr\u00e6kkr\u00e6fter og er velegnet til h\u00e5ndtering af tunge belastninger og komplekse opgaver.<\/li>\n<li>Forskellige typer: Enkeltvirkende (hydraulisk bruges kun i \u00e9n retning) eller dobbeltvirkende (hydraulisk bruges i begge retninger) cylindre kan v\u00e6lges efter driftsbehov. Nogle modeller er teleskopiske, hvilket giver mulighed for st\u00f8rre udtr\u00e6k uden at \u00f8ge de ydre dimensioner, hvilket g\u00f8r dem ideelle til applikationer med begr\u00e6nset plads.<\/li>\n<li>Nem at producere: Vores produkter kan perfekt erstatte disse hydrauliske cylindre.<\/li>\n<\/ul>\n<p><img decoding=\"async\" src=\"https:\/\/www.hydraulic-cylinders.net\/wp-content\/uploads\/2025\/01\/songte-cylinder-head-with-all-kinds-excavator-models.webp\"\/><\/p>\n<h3>Applikationer<\/h3>\n<p>Skovlcylindre anvendes i vid udstr\u00e6kning i forskellige industrier p\u00e5 grund af deres fremragende ydeevne. Her er nogle af de almindelige anvendelser:<\/p>\n<h4>Entrepren\u00f8rudstyr<\/h4>\n<p>I gravemaskiner er de afg\u00f8rende for at grave, l\u00e6sse og flytte jord eller affald. I rendegravere hj\u00e6lper skovlcylindre med b\u00e5de at grave og l\u00f8fte. <\/p>\n<h4>Landbrugsmaskiner<\/h4>\n<p>Anvendes i frontl\u00e6ssere til at opgrave, l\u00f8fte og transportere jord, h\u00f8 og andre materialer.<\/p>\n<h4>Gravemaskiner<\/h4>\n<p>Skovlcylindere bruges til at lade skovlen tr\u00e6nge ned i jorden.<\/p>\n<h4>L\u00e6ssere<\/h4>\n<p>I frontl\u00e6ssere hj\u00e6lper de med effektivt at l\u00f8fte og t\u00f8mme gods.<\/p>\n<h3>Designovervejelser og udv\u00e6lgelsesstandarder<\/h3>\n<p>Skovlcylindre er essentielle komponenter i hydrauliske systemer, og deres design- og udv\u00e6lgelsesstandarder er afg\u00f8rende. Her er nogle n\u00f8glefaktorer at overveje:<\/p>\n<h4>B\u00e6reevne<\/h4>\n<p>Skovlcylindre skal v\u00e6re konstrueret til at modst\u00e5 de belastninger, der for\u00e5rsages af det udstyr og det materiale, der skal flyttes.<\/p>\n<h4>Forsegling<\/h4>\n<p>Stempel- og stangt\u00e6tningerne skal v\u00e6lges omhyggeligt for at forhindre l\u00e6kage og kontaminering. Polyurethan eller nitrilgummi anvendes ofte som materiale p\u00e5 grund af deres slidstyrke og korrosionsbestandige egenskaber.<\/p>\n<h4>Holdbarhed<\/h4>\n<p>Cylinderen skal v\u00e6re konstrueret til at modst\u00e5 det barske driftsmilj\u00f8 og modst\u00e5 slid og korrosion over en lang periode.<\/p>\n<h4>Sikkerhed<\/h4>\n<p>Designet skal tage h\u00f8jde for sikkerhedshensyn for at minimere risikoen for ulykker.<\/p>\n<h4>Opretholdelse<\/h4>\n<p>Cylinderen skal v\u00e6re konstrueret til at lette inspektioner, vedligeholdelse og reparationer, og den skal v\u00e6re nem at skille ad og samle igen.<\/p>\n<p><img decoding=\"async\" src=\"https:\/\/www.hydraulic-cylinders.net\/wp-content\/uploads\/2025\/01\/songte-oil-pipes-and-spare-parts.webp\"\/><\/p>\n<h3>T\u00e6tning og sm\u00f8ring<\/h3>\n<p>Skovlcylindre kr\u00e6ver korrekt t\u00e6tning og sm\u00f8ring for at sikre optimal ydeevne og forl\u00e6nget levetid. F\u00f8lgende trin er vigtige:<\/p>\n<ul>\n<li>Diverse t\u00e6tningselementer s\u00e5som stempelpakninger, stangpakninger osv. b\u00f8r kontrolleres regelm\u00e6ssigt og udskiftes efter behov.<\/li>\n<li>Cylinderhuset og gevindoverfladen b\u00f8r bearbejdes pr\u00e6cist for at forbedre slidstyrken.<\/li>\n<li>Sm\u00f8r regelm\u00e6ssigt den hydrauliske cylinder med den passende hydraulikolie for at sikre problemfri drift og forl\u00e6nge dens levetid.<\/li>\n<\/ul>\n<p><img decoding=\"async\" src=\"https:\/\/www.hydraulic-cylinders.net\/wp-content\/uploads\/2025\/01\/songte-chushion-collar.webp\"\/><\/p>\n<h3>Regelm\u00e6ssig vedligeholdelse og forebyggende foranstaltninger<\/h3>\n<ul>\n<li>Regular inspections and appropriate lubrication are essential to ensuring the cylinder&#8217;s optimal performance.<\/li>\n<li>Udskift alle slidte eller beskadigede dele hurtigst muligt.<\/li>\n<li>Korrekt justering under installationen er afg\u00f8rende for at sikre optimal ydeevne.<\/li>\n<li>Korrekt justering af cylinderen og brug af passende monteringsbeslag kan forbedre cylinderens holdbarhed og reducere risikoen for skader.<\/li>\n<li>Der gives anbefalinger vedr\u00f8rende inspektions-, reparations- og udskiftningsprocedurer for at \u00f8ge skovlcylinderens levetid.<\/li>\n<\/ul>\n<p><img decoding=\"async\" src=\"https:\/\/www.hydraulic-cylinders.net\/wp-content\/uploads\/2025\/01\/songte-bushings-with-all-kinds-of-excavator-models.webp\"\/><\/p>\n<h3>Sikkerhedshensyn og milj\u00f8faktorer<\/h3>\n<p>Ved brug af skovlcylindre er sikkerhedsforanstaltninger afg\u00f8rende for at minimere risikoen for ulykker. Det er vigtigt at f\u00f8lge sikkerhedsforskrifter og betjeningsvejledninger.<\/p>\n<h3>Fejldiagnose og almindelige problemer<\/h3>\n<p>F\u00f8lgende er nogle almindelige problemer med skovlcylindre:<\/p>\n<ul>\n<li>L\u00e6kage af hydraulikolie.<\/li>\n<li>Drifting eller manglende evne til at holde pres.<\/li>\n<li>Langsom eller uregelm\u00e6ssig drift.<\/li>\n<\/ul>\n<p>N\u00e5r disse problemer opst\u00e5r, kan f\u00f8lgende skridt tages for at l\u00f8se dem:<\/p>\n<ul>\n<li>Kontroller og udskift eventuelle slidte eller beskadigede pakninger eller andre komponenter.<\/li>\n<li>Kontroll\u00e9r for eventuelle forurening af hydraulikolien, og udskift den om n\u00f8dvendigt.<\/li>\n<li>S\u00f8rg for, at alle hydrauliske ledninger og forbindelser er sikre og i god stand.<\/li>\n<\/ul>\n<p><img decoding=\"async\" src=\"https:\/\/hzpt.com\/wp-content\/uploads\/2024\/11\/songte-company-1.webp\"\/><\/p>\n<h2>Om os<\/h2>\n<p>Vi er en producent af udskiftningsdele til hydrauliske cylindre med en bred vifte af produkter, hvilket g\u00f8r os til en af \u200b\u200bde f\u00f8rende producenter og engrosdistribut\u00f8rer af hydrauliske cylindre p\u00e5 b\u00e5de indenlandske og internationale markeder. Vi overholder princippet om fremragende kvalitet og bruger strategier for industriel produktionsstyring, der er baseret p\u00e5 pr\u00e6cisionsproduktionsv\u00e6rksteder, tekniske talenter, avanceret digitalt produktionsudstyr og professionelle inspektionssystemer for l\u00f8bende at forbedre produktionsplatformen p\u00e5 vores v\u00e6rksted, forbedre produktkvaliteten i produktionslinjen og have en st\u00e6rk kreativitet. Vi udvikler og producerer produkter, der opfylder kundernes krav, baseret p\u00e5 principperne om h\u00f8j effektivitet, h\u00f8j pr\u00e6cision og h\u00f8j kvalitet.<\/p>\n<p><img decoding=\"async\" src=\"https:\/\/www.hydraulic-cylinders.net\/wp-content\/uploads\/2025\/01\/songte-company-3.webp\"\/><\/p>\n<h3>Professionalitet<\/h3>\n<p>Vi har et team af tekniske eksperter med stor erfaring inden for produktion, testning og inspektion af hydrauliske cylindre, der sikrer, at vores produkter opfylder internationale kvalitetsstandarder.<\/p>\n<h3>International certificering<\/h3>\n<p>Vores produkter har best\u00e5et forskellige internationale certificeringer, s\u00e5som ISO9001:2015, CE, RoHS, UL og andre certificeringer, hvilket sikrer, at vores kunder har en h\u00f8j grad af tillid til vores produkter.<\/p>\n<h3>Tilpasningstjenester<\/h3>\n<p>Vi kan tilpasse produktet i henhold til vores kunders specifikke krav og sikre, at deres individuelle behov bliver opfyldt.<\/p>\n<h3>Produktionsudstyr<\/h3>\n<p>Vi bruger avanceret produktionsudstyr og inspektionssystemer for at sikre, at vores produkter er af h\u00f8jeste kvalitet og opfylder kundernes krav.<\/p>\n<h3>Eftersalgsservice<\/h3>\n<p>Vi tilbyder fremragende eftersalgsservice og sikrer, at vores kunder er tilfredse med vores produkter og tjenester. Vi tilbyder reservedele og ombygningsservice, giver tips til at forl\u00e6nge levetiden p\u00e5 hydrauliske cylindre og meget mere.<\/p>\n<h4>Forfatter: lyl<\/h4>","protected":false},"excerpt":{"rendered":"<p>Bucket Cylinder For Caterpillar Small Excavator E305.5E Introduction Defining Bucket Cylinder A bucket cylinder is a specially designed hydraulic cylinder mainly used to control the movement of shovels or buckets in heavy machinery such as excavators, backhoe loaders, and front-end loaders. Its primary function is to enable the bucket to lift, lower, and tilt, making [&hellip;]<\/p>","protected":false},"featured_media":14762,"comment_status":"open","ping_status":"closed","template":"","meta":{"_et_pb_use_builder":"","_et_pb_old_content":"","_et_gb_content_width":""},"product_brand":[],"product_cat":[1494],"product_tag":[1495,1496],"class_list":{"0":"post-15220","1":"product","2":"type-product","3":"status-publish","4":"has-post-thumbnail","6":"product_cat-bucket-cylinders","7":"product_tag-bucket-cylinders","8":"product_tag-hydraulic-cylinders","10":"first","11":"instock","12":"shipping-taxable","13":"product-type-simple"},"amp_enabled":true,"_links":{"self":[{"href":"https:\/\/www.hydraulic-cylinders.net\/da\/wp-json\/wp\/v2\/product\/15220","targetHints":{"allow":["GET"]}}],"collection":[{"href":"https:\/\/www.hydraulic-cylinders.net\/da\/wp-json\/wp\/v2\/product"}],"about":[{"href":"https:\/\/www.hydraulic-cylinders.net\/da\/wp-json\/wp\/v2\/types\/product"}],"replies":[{"embeddable":true,"href":"https:\/\/www.hydraulic-cylinders.net\/da\/wp-json\/wp\/v2\/comments?post=15220"}],"wp:featuredmedia":[{"embeddable":true,"href":"https:\/\/www.hydraulic-cylinders.net\/da\/wp-json\/wp\/v2\/media\/14762"}],"wp:attachment":[{"href":"https:\/\/www.hydraulic-cylinders.net\/da\/wp-json\/wp\/v2\/media?parent=15220"}],"wp:term":[{"taxonomy":"product_brand","embeddable":true,"href":"https:\/\/www.hydraulic-cylinders.net\/da\/wp-json\/wp\/v2\/product_brand?post=15220"},{"taxonomy":"product_cat","embeddable":true,"href":"https:\/\/www.hydraulic-cylinders.net\/da\/wp-json\/wp\/v2\/product_cat?post=15220"},{"taxonomy":"product_tag","embeddable":true,"href":"https:\/\/www.hydraulic-cylinders.net\/da\/wp-json\/wp\/v2\/product_tag?post=15220"}],"curies":[{"name":"wp","href":"https:\/\/api.w.org\/{rel}","templated":true}]}}