{"id":15223,"date":"2025-01-19T14:15:33","date_gmt":"2025-01-19T14:15:33","guid":{"rendered":"https:\/\/www.hydraulic-cylinders.net\/product\/bucket-cylinder-for-caterpillar-small-excavator-e313d\/"},"modified":"2025-01-19T14:15:35","modified_gmt":"2025-01-19T14:15:35","slug":"bucket-cylinder-for-caterpillar-small-excavator-e313d","status":"publish","type":"product","link":"https:\/\/www.hydraulic-cylinders.net\/da\/vare\/bucket-cylinder-for-caterpillar-small-excavator-e313d\/","title":{"rendered":"Skovlcylinder til Caterpillar lille gravemaskine E313D"},"content":{"rendered":"<h1>Skovlcylinder til Caterpillar lille gravemaskine E313D<\/h1>\n<p><img decoding=\"async\" src=\"https:\/\/www.hydraulic-cylinders.net\/wp-content\/uploads\/2025\/01\/songte-company-2.webp\"><\/p>\n<h2>Indledning<\/h2>\n<p>Skovlcylinderen til Caterpillar lille gravemaskine E313D er en specialdesignet hydraulisk cylinder, der bruges til at styre skovlens bev\u00e6gelse i tunge maskiner s\u00e5som gravemaskiner, rendegravere og frontl\u00e6ssere. Dens hovedfunktion er at g\u00f8re det muligt for skovlen at l\u00f8fte, s\u00e6nke og vippe, hvilket g\u00f8r den praktisk til forskellige materialeh\u00e5ndteringsopgaver. I et hydraulisk system opn\u00e5r skovlcylinderen pr\u00e6cis kontrol over skovlen ved hj\u00e6lp af trykvariationen i hydraulikolien, hvilket g\u00f8r det muligt for operat\u00f8rer at h\u00e5ndtere tunge l\u00e6s effektivt og tilpasse sig komplekse arbejdsmilj\u00f8er og forskellige driftsbehov.<\/p>\n<h2>Funktioner<\/h2>\n<ul>\n<li>H\u00f8j styrke og holdbarhed: Normalt fremstillet af h\u00f8jstyrkest\u00e5l eller aluminium, kan det modst\u00e5 h\u00f8jt tryk og tunge belastninger og tilpasse sig barske arbejdsmilj\u00f8er. Det er designet med hensyntagen til slidstyrke og korrosionsbestandighed, hvilket forl\u00e6nger dets levetid.<\/li>\n<li>Effektiv hydraulisk drift: Ved at udnytte trykket fra hydraulikolien opn\u00e5r den j\u00e6vne ud- og indtr\u00e6ksbev\u00e6gelser, reagerer hurtigt p\u00e5 styrekommandoer, leverer kraftige skubbe- og tr\u00e6kkr\u00e6fter og er velegnet til h\u00e5ndtering af tunge belastninger og komplekse driftsopgaver.<\/li>\n<li>Forskellige typer: Skovlcylinderen kan v\u00e6lges som enkeltvirkende (hydraulisk kun anvendt i \u00e9n retning) eller dobbeltvirkende (hydraulisk anvendt i begge retninger) cylinder alt efter kravene og opfylde forskellige driftsbehov. Nogle modeller er teleskopiske, hvilket muligg\u00f8r st\u00f8rre udtr\u00e6k uden at \u00f8ge de udvendige dimensioner, hvilket g\u00f8r dem velegnede til applikationer med begr\u00e6nset plads.<\/li>\n<li>Udskiftning af hydrauliske cylindre: Vores produkter kan perfekt erstatte disse hydrauliske cylindre. <img decoding=\"async\" src=\"https:\/\/www.hydraulic-cylinders.net\/wp-content\/uploads\/2025\/01\/songte-cylinder-head-with-all-kinds-excavator-models.webp\"><\/li>\n<\/ul>\n<h2>Applikationer<\/h2>\n<p>Skovlcylinderen til Caterpillar lille gravemaskine E313D finder sin anvendelse i forskellige udstyrstyper:<\/p>\n<ul>\n<li>Entrepren\u00f8rudstyr: I gravemaskiner er de afg\u00f8rende for at grave, l\u00e6sse og flytte jord eller affald. I rendegravere hj\u00e6lper skovlcylinderen med b\u00e5de udgravning og l\u00f8ft.<\/li>\n<li>Landbrugsmaskiner: Bruges i frontl\u00e6ssere til at udgrave, l\u00f8fte og transportere jord, h\u00f8 og andre materialer.<\/li>\n<li>Gravemaskiner: Skovlcylinderen muligg\u00f8r gravefunktionen ved at lade skovlen tr\u00e6nge ned i jorden.<\/li>\n<li>L\u00e6ssere: Frontl\u00e6ssere hj\u00e6lper med at l\u00f8fte og losse gods effektivt.<\/li>\n<\/ul>\n<h2>Designovervejelser og udv\u00e6lgelseskriterier<\/h2>\n<p>Designhensynene og udv\u00e6lgelseskriterierne for skovlcylinderen er som f\u00f8lger:<\/p>\n<ul>\n<li>B\u00e6reevne: Cylinderen skal v\u00e6re konstrueret til at h\u00e5ndtere den n\u00f8dvendige belastning uden at svigte.<\/li>\n<li>T\u00e6tningsevne: Korrekt t\u00e6tning er afg\u00f8rende for at forhindre l\u00e6kage og sikre det hydrauliske systems effektivitet.<\/li>\n<li>Holdbarhed: Cylinderen skal kunne modst\u00e5 de forventede arbejdsforhold og have en lang levetid.<\/li>\n<li>Sikkerhed: Der b\u00f8r indarbejdes sikkerhedsforanstaltninger for at forhindre ulykker og sikre operat\u00f8rens beskyttelse.<\/li>\n<li>Vedligeholdelsesvenlighed: Cylinderdesignet skal muligg\u00f8re nem vedligeholdelse, reparationer og udskiftninger efter behov. <img decoding=\"async\" src=\"https:\/\/www.hydraulic-cylinders.net\/wp-content\/uploads\/2025\/01\/songte-oil-pipes-and-spare-parts.webp\"><\/li>\n<\/ul>\n<h2>T\u00e6tning og sm\u00f8ring<\/h2>\n<p>Skovlcylinderen bruger forskellige t\u00e6tningselementer, s\u00e5som stempelt\u00e6tninger og stangt\u00e6tninger lavet af slidst\u00e6rke materialer som polyurethan og nitrilgummi. Cylinderhuset og gevindenderne gennemg\u00e5r en finbehandling for at forbedre slidstyrken. Regelm\u00e6ssig sm\u00f8ring med den passende m\u00e6ngde hydraulikolie er n\u00f8dvendig for at opretholde en problemfri drift.<\/p>\n<h2>Regelm\u00e6ssig inspektion og forebyggende vedligeholdelse<\/h2>\n<p>For at sikre optimal ydeevne og levetid anbefales regelm\u00e6ssige inspektioner og forebyggende vedligeholdelsesforanstaltninger. Nogle vigtige punkter inkluderer:<\/p>\n<ul>\n<li>Kontrol for l\u00e6kager eller skader<\/li>\n<li>Korrekt sm\u00f8ring<\/li>\n<li>Udskiftning af pakninger og kalibreringskontroller<\/li>\n<\/ul>\n<p>Korrekt installation spiller en afg\u00f8rende rolle for skovlcylinderens levetid. Korrekt justering og brug af passende monteringsbeslag anbefales. Anbefalede inspektions-, reparations- og udskiftningsprocedurer er tilg\u00e6ngelige, sammen med udskiftning og genopbygning af komponenter for at forl\u00e6nge skovlcylinderens levetid. <img decoding=\"async\" src=\"https:\/\/www.hydraulic-cylinders.net\/wp-content\/uploads\/2025\/01\/songte-chushion-collar.webp\"><\/p>\n<h2>Sikkerhedshensyn og milj\u00f8faktorer<\/h2>\n<p>N\u00e5r man bruger skovlcylinderen, er det vigtigt at prioritere sikkerhedsforanstaltninger for at forhindre ulykker og minimere milj\u00f8p\u00e5virkningen.<\/p>\n<h2>Fejlfinding og almindelige problemer<\/h2>\n<p>Almindelige problemer og fejlfindingstips til skovlcylinderen inkluderer:<\/p>\n<ul>\n<li>Identificering og l\u00f8sning af problemer<\/li>\n<li>At yde forebyggende foranstaltninger for at minimere potentielle problemer<\/li>\n<\/ul>\n<p>Effektive diagnose- og probleml\u00f8sningsteknikker gives for at hj\u00e6lpe l\u00e6serne med at h\u00e5ndtere og l\u00f8se problemer. Regelm\u00e6ssig vedligeholdelse og overholdelse af korrekt installation, sm\u00f8ring og justering l\u00e6gges v\u00e6gt p\u00e5 at sikre optimal ydeevne og forl\u00e6nget levetid for skovlcylinderen. <img decoding=\"async\" src=\"https:\/\/www.hydraulic-cylinders.net\/wp-content\/uploads\/2025\/01\/songte-bushings-with-all-kinds-of-excavator-models.webp\"><\/p>\n<p>Husk at organisere artiklen logisk, bruge underoverskrifter for nem navigation, inkorporere relevante billeder eller diagrammer for forbedret forst\u00e5else, og s\u00f8rg for, at indholdet er klart, pr\u00e6cist og egnet til l\u00e6sere med varierende tekniske vidensniveauer.<\/p>\n<h2>Om vores virksomhed<\/h2>\n<p>Vi er en producent af hydrauliske udskiftningscylindre og tilbyder en bred vifte af produkter. Vi er blevet en af \u200b\u200bde f\u00f8rende producenter og engrosdistribut\u00f8rer af hydrauliske cylindre p\u00e5 b\u00e5de indenlandske og internationale markeder. Vores virksomhed f\u00f8lger en strategi med industrialiseret produktionsstyring, der bygger p\u00e5 fremragende kvalitet, fine produktionsv\u00e6rksteder og anvendelse af avanceret produktionsudstyr og professionelle testsystemer. Vi forbedrer l\u00f8bende vores produktionsplatform, optimerer produktionskvaliteten og har en st\u00e6rk innovationskapacitet, der opfylder forskellige kundebehov med h\u00f8j effektivitet, pr\u00e6cision og kvalitetsprincipper. <img decoding=\"async\" src=\"https:\/\/www.hydraulic-cylinders.net\/wp-content\/uploads\/2025\/01\/songte-company-3.webp\"><\/p>\n<p>Derudover l\u00e6gger vi v\u00e6gt p\u00e5 vores professionalisme, internationale certificeringer, skr\u00e6ddersyede tjenester, produktionsudstyr og eftersalgsservice.<\/p>\n<p>Forfatter: lyl<\/p>","protected":false},"excerpt":{"rendered":"<p>Bucket Cylinder For Caterpillar Small Excavator E313D Introduction Bucket cylinder for Caterpillar small excavator E313D is a specially designed hydraulic cylinder used to control the movement of the bucket in heavy machinery such as excavators, backhoe loaders, and front loaders. Its main function is to enable the bucket to lift, lower, and tilt, making it [&hellip;]<\/p>","protected":false},"featured_media":14788,"comment_status":"open","ping_status":"closed","template":"","meta":{"_et_pb_use_builder":"","_et_pb_old_content":"","_et_gb_content_width":""},"product_brand":[],"product_cat":[1494],"product_tag":[1495,1496],"class_list":{"0":"post-15223","1":"product","2":"type-product","3":"status-publish","4":"has-post-thumbnail","6":"product_cat-bucket-cylinders","7":"product_tag-bucket-cylinders","8":"product_tag-hydraulic-cylinders","10":"first","11":"instock","12":"shipping-taxable","13":"product-type-simple"},"amp_enabled":true,"_links":{"self":[{"href":"https:\/\/www.hydraulic-cylinders.net\/da\/wp-json\/wp\/v2\/product\/15223","targetHints":{"allow":["GET"]}}],"collection":[{"href":"https:\/\/www.hydraulic-cylinders.net\/da\/wp-json\/wp\/v2\/product"}],"about":[{"href":"https:\/\/www.hydraulic-cylinders.net\/da\/wp-json\/wp\/v2\/types\/product"}],"replies":[{"embeddable":true,"href":"https:\/\/www.hydraulic-cylinders.net\/da\/wp-json\/wp\/v2\/comments?post=15223"}],"wp:featuredmedia":[{"embeddable":true,"href":"https:\/\/www.hydraulic-cylinders.net\/da\/wp-json\/wp\/v2\/media\/14788"}],"wp:attachment":[{"href":"https:\/\/www.hydraulic-cylinders.net\/da\/wp-json\/wp\/v2\/media?parent=15223"}],"wp:term":[{"taxonomy":"product_brand","embeddable":true,"href":"https:\/\/www.hydraulic-cylinders.net\/da\/wp-json\/wp\/v2\/product_brand?post=15223"},{"taxonomy":"product_cat","embeddable":true,"href":"https:\/\/www.hydraulic-cylinders.net\/da\/wp-json\/wp\/v2\/product_cat?post=15223"},{"taxonomy":"product_tag","embeddable":true,"href":"https:\/\/www.hydraulic-cylinders.net\/da\/wp-json\/wp\/v2\/product_tag?post=15223"}],"curies":[{"name":"wp","href":"https:\/\/api.w.org\/{rel}","templated":true}]}}