{"id":15228,"date":"2025-01-19T14:15:58","date_gmt":"2025-01-19T14:15:58","guid":{"rendered":"https:\/\/www.hydraulic-cylinders.net\/product\/bucket-cylinder-for-caterpillar-middle-excavator-e320dlrr\/"},"modified":"2025-01-19T14:16:00","modified_gmt":"2025-01-19T14:16:00","slug":"bucket-cylinder-for-caterpillar-middle-excavator-e320dlrr","status":"publish","type":"product","link":"https:\/\/www.hydraulic-cylinders.net\/da\/vare\/bucket-cylinder-for-caterpillar-middle-excavator-e320dlrr\/","title":{"rendered":"Skovlcylinder til Caterpillar mellemgraver E320DLRR"},"content":{"rendered":"<h1>Skovlcylinder til Caterpillar mellemgraver E320DLRR<\/h1>\n<h2>Indledning<\/h2>\n<p>Skovlcylinderen til Caterpillar mellemgraver E320DLRR er en specialdesignet hydraulisk cylinder, der bruges til at styre skovlens bev\u00e6gelse i tunge maskiner s\u00e5som gravemaskiner, rendegravere og frontl\u00e6ssere. Dens hovedfunktion er at muligg\u00f8re l\u00f8ft, s\u00e6nkning og vipning af skovlen, hvilket g\u00f8r det lettere at h\u00e5ndtere forskellige materialeh\u00e5ndteringsopgaver. I det hydrauliske system opn\u00e5r skovlcylinderen pr\u00e6cis kontrol over skovlen gennem \u00e6ndringer i hydraulikolietrykket, hvilket giver f\u00f8reren mulighed for effektivt at h\u00e5ndtere tunge l\u00e6s og tilpasse sig komplekse arbejdsmilj\u00f8er og forskellige jobkrav.<\/p>\n<p><img decoding=\"async\" src=\"https:\/\/www.hydraulic-cylinders.net\/wp-content\/uploads\/2025\/01\/songte-company-2.webp\" alt=\"Produktbillede\"><\/p>\n<h2>Funktioner<\/h2>\n<ul>\n<li>H\u00f8j styrke og holdbarhed: Typisk fremstillet af h\u00f8jstyrkest\u00e5l eller aluminium, kan den modst\u00e5 h\u00f8jt tryk og tunge belastninger og tilpasse sig barske arbejdsmilj\u00f8er. Designet tager h\u00f8jde for slidstyrke og korrosionsbestandighed for at forl\u00e6nge levetiden.<\/li>\n<li>Effektiv hydraulisk drift: Ved at udnytte hydraulikolietrykket til at opn\u00e5 j\u00e6vne ud- og indtr\u00e6ksbev\u00e6gelser kan den hurtigt reagere p\u00e5 kontrolkommandoer og levere kraftige skubbe- og tr\u00e6kkr\u00e6fter, der er egnede til h\u00e5ndtering af tunge belastninger og komplekse opgaver.<\/li>\n<li>Forskellige typer: Enkeltvirkende (hydraulisk kun anvendt i \u00e9n retning) eller dobbeltvirkende (hydraulisk anvendt i begge retninger) cylindre kan v\u00e6lges efter behov for at im\u00f8dekomme forskellige driftsbehov. Nogle modeller er teleskopiske, hvilket giver mulighed for st\u00f8rre udtr\u00e6k uden at \u00f8ge de udvendige dimensioner, hvilket g\u00f8r dem velegnede til applikationer med begr\u00e6nset plads.<\/li>\n<li>Perfekt udskiftning: Vores produkt kan perfekt erstatte de eksisterende hydrauliske cylindre. <\/li>\n<\/ul>\n<p><img decoding=\"async\" src=\"https:\/\/www.hydraulic-cylinders.net\/wp-content\/uploads\/2025\/01\/songte-cylinder-head-with-all-kinds-excavator-models.webp\" alt=\"Produktbillede\"><\/p>\n<h2>Applikationer<\/h2>\n<p>Skovlcylinderen finder sin anvendelse i forskellige udstyr:<\/p>\n<ul>\n<li>Entrepren\u00f8rudstyr: De findes i gravemaskiner og er afg\u00f8rende for at grave, l\u00e6sse og flytte jord eller affald. I rendegravere hj\u00e6lper skovlcylinderen med b\u00e5de udgravning og l\u00f8ft.<\/li>\n<li>Landbrugsmaskiner: Bruges i frontl\u00e6ssere til at udgrave, l\u00f8fte og transportere jord, h\u00f8 og andre materialer.<\/li>\n<li>Gravemaskiner: Skovlcylinderen muligg\u00f8r gravehandlinger ved at lade skovlen tr\u00e6nge ned i jorden.<\/li>\n<li>L\u00e6ssere: Frontl\u00e6ssere hj\u00e6lper med at l\u00f8fte og losse gods effektivt.<\/li>\n<\/ul>\n<h2>Designovervejelser og udv\u00e6lgelseskriterier<\/h2>\n<p>N\u00e5r det kommer til designhensyn, spiller n\u00f8glefaktorer som b\u00e6reevne, t\u00e6tning, holdbarhed, sikkerhed og vedligeholdelsesvenlighed en afg\u00f8rende rolle. Her er nogle punkter at overveje:<\/p>\n<p><img decoding=\"async\" src=\"https:\/\/www.hydraulic-cylinders.net\/wp-content\/uploads\/2025\/01\/songte-oil-pipes-and-spare-parts.webp\" alt=\"Produktbillede\"><\/p>\n<h2>T\u00e6tning og sm\u00f8ring<\/h2>\n<p>Skovlcylinderen anvender forskellige t\u00e6tningselementer s\u00e5som stempelt\u00e6tninger og stangt\u00e6tninger lavet af slidst\u00e6rke materialer som polyurethan og nitrilgummi. Cylinderhuset og gevindfladerne er fint behandlet for at forbedre slidstyrken. Regelm\u00e6ssig sm\u00f8ring med en passende m\u00e6ngde hydraulikolie er p\u00e5kr\u00e6vet.<\/p>\n<h2>Regelm\u00e6ssig inspektion og forebyggende vedligeholdelsesforanstaltninger<\/h2>\n<p>For at sikre skovlcylinderens levetid b\u00f8r der udf\u00f8res regelm\u00e6ssige inspektioner og forebyggende vedligeholdelsesforanstaltninger. Her er nogle tips og fremgangsm\u00e5der:<\/p>\n<h2>Produktinstallationsvejledning<\/h2>\n<p>Korrekt installation er afg\u00f8rende for at skovlcylinderen fungerer effektivt. Her er retningslinjerne:<\/p>\n<p><img decoding=\"async\" src=\"https:\/\/www.hydraulic-cylinders.net\/wp-content\/uploads\/2025\/01\/songte-chushion-collar.webp\" alt=\"Produktbillede\"><\/p>\n<h2>Vedligeholdelsesopgaver<\/h2>\n<p>Almindelige vedligeholdelsesopgaver omfatter regelm\u00e6ssige inspektioner, passende sm\u00f8ring, udskiftning af pakninger og kalibreringstjek. Det er vigtigt at understrege vigtigheden af \u200b\u200bkorrekt installation, sm\u00f8ring og justering. Korrekt justering af cylinderen under installationen anbefales, og brug af passende monteringsbeslag til at fastg\u00f8re cylinderen tilr\u00e5des. Anbefalede procedurer for inspektion, reparation og udskiftning gives sammen med tips til at forl\u00e6nge spandcylinderens levetid.<\/p>\n<p><img decoding=\"async\" src=\"https:\/\/www.hydraulic-cylinders.net\/wp-content\/uploads\/2025\/01\/songte-bushings-with-all-kinds-of-excavator-models.webp\" alt=\"Produktbillede\"><\/p>\n<h2>Sikkerhedshensyn og milj\u00f8faktorer<\/h2>\n<p>Det er af st\u00f8rste vigtighed at indarbejde sikkerhedsforanstaltninger under brug af skovlcylinderen. Her er nogle vigtige punkter at overveje:<\/p>\n<h2>Fejldiagnose og almindelige problemer<\/h2>\n<p>N\u00e5r det kommer til fejlfinding og h\u00e5ndtering af almindelige problemer, er det vigtigt at give tips til fejlfinding og l\u00f8sninger for at hj\u00e6lpe l\u00e6serne med effektivt at diagnosticere og l\u00f8se problemer. Forebyggende foranstaltninger b\u00f8r foresl\u00e5s for at minimere potentielle problemer.<\/p>\n<p><img decoding=\"async\" src=\"https:\/\/hzpt.com\/wp-content\/uploads\/2024\/11\/songte-company-1.webp\" alt=\"Produktbillede\"><\/p>\n<h2>Om vores virksomhed<\/h2>\n<p>Vi er producent af hydrauliske udskiftningscylindre og tilbyder en bred vifte af produkter. Vi er blevet en af \u200b\u200bde f\u00f8rende producenter og engrosdistribut\u00f8rer af hydrauliske cylindre p\u00e5 det indenlandske og internationale marked. Vi overholder principperne om ekspertise og bruger strategier for industriel produktionsstyring i vores raffinerede produktionsv\u00e6rksteder. Ved hj\u00e6lp af tekniske talenter, avanceret digitalt produktionsudstyr og professionelle testsystemer forbedrer vi l\u00f8bende vores produktionsplatform og vores produktionsruter for produktkvalitet. Vi har st\u00e6rke kreative evner, og vores principper om h\u00f8j effektivitet, h\u00f8j pr\u00e6cision og h\u00f8j kvalitet g\u00f8r det muligt for os at im\u00f8dekomme vores kunders forskellige behov.<\/p>\n<p><img decoding=\"async\" src=\"https:\/\/www.hydraulic-cylinders.net\/wp-content\/uploads\/2025\/01\/songte-company-3.webp\" alt=\"Virksomhedens image\"><\/p>\n<p>Vi er stolte af vores professionalisme, internationale certificeringer, kundetilpassede tjenester, produktionsudstyr og eftersalgsservice. <\/p>\n<p>Forfatter: lyl<\/p>","protected":false},"excerpt":{"rendered":"<p>Bucket Cylinder For Caterpillar Middle Excavator E320DLRR Introduction The bucket cylinder for Caterpillar middle excavator E320DLRR is a specially designed hydraulic cylinder used to control the movement of the bucket in heavy machinery such as excavators, backhoe loaders, and front-end loaders. Its main function is to enable the lifting, lowering, and tilting of the bucket, [&hellip;]<\/p>","protected":false},"featured_media":14780,"comment_status":"open","ping_status":"closed","template":"","meta":{"_et_pb_use_builder":"","_et_pb_old_content":"","_et_gb_content_width":""},"product_brand":[],"product_cat":[1494],"product_tag":[1495,1496],"class_list":{"0":"post-15228","1":"product","2":"type-product","3":"status-publish","4":"has-post-thumbnail","6":"product_cat-bucket-cylinders","7":"product_tag-bucket-cylinders","8":"product_tag-hydraulic-cylinders","10":"first","11":"instock","12":"shipping-taxable","13":"product-type-simple"},"amp_enabled":true,"_links":{"self":[{"href":"https:\/\/www.hydraulic-cylinders.net\/da\/wp-json\/wp\/v2\/product\/15228","targetHints":{"allow":["GET"]}}],"collection":[{"href":"https:\/\/www.hydraulic-cylinders.net\/da\/wp-json\/wp\/v2\/product"}],"about":[{"href":"https:\/\/www.hydraulic-cylinders.net\/da\/wp-json\/wp\/v2\/types\/product"}],"replies":[{"embeddable":true,"href":"https:\/\/www.hydraulic-cylinders.net\/da\/wp-json\/wp\/v2\/comments?post=15228"}],"wp:featuredmedia":[{"embeddable":true,"href":"https:\/\/www.hydraulic-cylinders.net\/da\/wp-json\/wp\/v2\/media\/14780"}],"wp:attachment":[{"href":"https:\/\/www.hydraulic-cylinders.net\/da\/wp-json\/wp\/v2\/media?parent=15228"}],"wp:term":[{"taxonomy":"product_brand","embeddable":true,"href":"https:\/\/www.hydraulic-cylinders.net\/da\/wp-json\/wp\/v2\/product_brand?post=15228"},{"taxonomy":"product_cat","embeddable":true,"href":"https:\/\/www.hydraulic-cylinders.net\/da\/wp-json\/wp\/v2\/product_cat?post=15228"},{"taxonomy":"product_tag","embeddable":true,"href":"https:\/\/www.hydraulic-cylinders.net\/da\/wp-json\/wp\/v2\/product_tag?post=15228"}],"curies":[{"name":"wp","href":"https:\/\/api.w.org\/{rel}","templated":true}]}}