{"id":15231,"date":"2025-01-19T14:16:14","date_gmt":"2025-01-19T14:16:14","guid":{"rendered":"https:\/\/www.hydraulic-cylinders.net\/product\/bucket-cylinder-for-caterpillar-middle-excavator-e320c-320d\/"},"modified":"2025-01-19T14:16:16","modified_gmt":"2025-01-19T14:16:16","slug":"bucket-cylinder-for-caterpillar-middle-excavator-e320c-320d","status":"publish","type":"product","link":"https:\/\/www.hydraulic-cylinders.net\/da\/vare\/bucket-cylinder-for-caterpillar-middle-excavator-e320c-320d\/","title":{"rendered":"Skovlcylinder til Caterpillar mellemgraver E320C\/320D"},"content":{"rendered":"<h1>Skovlcylinder til Caterpillar mellemgraver E320C\/320D<\/h1>\n<h2>Indledning<\/h2>\n<h3>Definition<\/h3>\n<p>En skovlcylinder er en specialdesignet hydraulisk cylinder, der prim\u00e6rt bruges til at styre skovlens bev\u00e6gelse i tunge maskiner s\u00e5som gravemaskiner, rendegravere og frontl\u00e6ssere. Dens hovedfunktion er at g\u00f8re det muligt for skovlen at l\u00f8fte, s\u00e6nke og vippe, hvilket g\u00f8r det lettere at h\u00e5ndtere forskellige materialeh\u00e5ndteringsopgaver. I det hydrauliske system opn\u00e5r skovlcylinderen pr\u00e6cis kontrol over skovlen gennem \u00e6ndringer i hydraulikolietrykket, hvilket g\u00f8r det muligt for f\u00f8reren effektivt at h\u00e5ndtere tunge l\u00e6s og tilpasse sig komplekse arbejdsmilj\u00f8er og forskellige jobkrav.<\/p>\n<p><img decoding=\"async\" src=\"https:\/\/www.hydraulic-cylinders.net\/wp-content\/uploads\/2025\/01\/songte-company-2.webp\"\/><\/p>\n<h3>Funktioner<\/h3>\n<ul>\n<li><strong>H\u00f8j styrke og holdbarhed:<\/strong> Typisk fremstillet af h\u00f8jstyrkest\u00e5l eller aluminium, der kan modst\u00e5 h\u00f8jt tryk og tunge belastninger og tilpasser sig barske arbejdsmilj\u00f8er. Designet med hensyntagen til slid- og korrosionsbestandighed, hvilket forl\u00e6nger levetiden.<\/li>\n<li><strong>Effektiv hydraulisk drift:<\/strong> Udnytter hydraulisk olietryk til at opn\u00e5 j\u00e6vn ud- og indtr\u00e6kning, kan hurtigt reagere p\u00e5 kontrolkommandoer, hvilket giver kraftig tr\u00e6kkraft og trykkraft, velegnet til h\u00e5ndtering af tunge belastninger og komplekse opgaver.<\/li>\n<li><strong>Flere typer:<\/strong> Enkeltvirkende (hydraulisk kun anvendt i \u00e9n retning) eller dobbeltvirkende (hydraulisk anvendt i to retninger) cylindre kan v\u00e6lges efter behov for at opfylde forskellige driftskrav. Nogle modeller er teleskopiske, hvilket muligg\u00f8r st\u00f8rre udtr\u00e6k uden at \u00f8ge de udvendige dimensioner, og er velegnede til applikationer med begr\u00e6nset plads.<\/li>\n<li><strong>Bred anvendelse:<\/strong> Skovlcylindre bruges i vid udstr\u00e6kning i entrepren\u00f8rmaskiner, landbrugsmaskiner, gravemaskiner og l\u00e6ssere, og de yder vigtig st\u00f8tte til gravning, lastning og transport af jord, h\u00f8 og andre materialer.<\/li>\n<li><strong>Udskiftelig:<\/strong> Vores produkter kan perfekt erstatte disse hydrauliske cylindre og giver et omkostningseffektivt alternativ til udskiftning.<\/li>\n<\/ul>\n<p><img decoding=\"async\" src=\"https:\/\/www.hydraulic-cylinders.net\/wp-content\/uploads\/2025\/01\/songte-cylinder-head-with-all-kinds-excavator-models.webp\"\/><\/p>\n<h2>Applikationer<\/h2>\n<h3>Entrepren\u00f8rudstyr<\/h3>\n<p>I gravemaskiner er skovlcylindre afg\u00f8rende for at grave, l\u00e6sse og flytte jord eller affald. I rendegravere hj\u00e6lper skovlcylindre med b\u00e5de at grave og l\u00f8fte. I frontl\u00e6ssere hj\u00e6lper de med at l\u00f8fte og vippe last effektivt.<\/p>\n<h3>Landbrugsmaskiner<\/h3>\n<p>Anvendes i frontl\u00e6ssere til at opgrave, l\u00f8fte og transportere jord, h\u00f8 og andre materialer. I gravemaskiner muligg\u00f8r skovlcylinderen gravning ved at lade skovlen tr\u00e6nge ned i jorden. Velegnet til forskellige landbrugsm\u00e6ssige applikationer.<\/p>\n<h3>Gravemaskiner<\/h3>\n<p>Skovlcylindre bruges til at grave, l\u00e6sse og transportere jord, grus og andre materialer. Skovlcylinderen g\u00f8r det muligt for skovlen at tr\u00e6nge ned i jorden, hvilket g\u00f8r det muligt at udgrave materialet.<\/p>\n<h3>L\u00e6ssere<\/h3>\n<p>I frontl\u00e6ssere hj\u00e6lper de med at l\u00f8fte og vippe gods effektivt. Velegnet til lastning og losning af materialer i forskellige brancher.<\/p>\n<p><img decoding=\"async\" src=\"https:\/\/www.hydraulic-cylinders.net\/wp-content\/uploads\/2025\/01\/songte-bushings-with-all-kinds-of-excavator-models.webp\"\/><\/p>\n<h2>Designovervejelser og udv\u00e6lgelseskriterier<\/h2>\n<h3>B\u00e6reevne<\/h3>\n<p>Den hydrauliske cylinders b\u00e6reevne refererer til den maksimale belastning, cylinderen kan b\u00e6re. Den bestemmes af cylinderens indvendige diameter, stangdiameter og slagl\u00e6ngde. Den hydrauliske cylinders design skal sikre, at den kan modst\u00e5 den n\u00f8dvendige belastning.<\/p>\n<h3>Forsegling<\/h3>\n<p>Hydraulikcylinderens t\u00e6tningsteknologi bestemmer dens levetid og p\u00e5lidelighed. Brugen af \u200b\u200bt\u00e6tningsmaterialer af h\u00f8j kvalitet, s\u00e5som polyurethan og nitrilgummi, kan effektivt reducere slid og forl\u00e6nge cylinderens levetid.<\/p>\n<h3>Holdbarhed<\/h3>\n<p>Den hydrauliske cylinders holdbarhed er relateret til de materialer og den overfladebehandling, der anvendes i dens konstruktion. Cylinderhuset og stempelstangen er typisk lavet af st\u00e5l af h\u00f8j kvalitet, og overfladebehandling kan forbedre slidstyrken og korrosionsbestandigheden.<\/p>\n<h3>Sikkerhed<\/h3>\n<p>Hydrauliske cylindre skal designes med sikkerhed i tankerne for at forhindre ulykker for\u00e5rsaget af cylinderfejl. Det hydrauliske system skal v\u00e6re designet til at frigive for h\u00f8jt tryk, og den hydrauliske cylinders design skal have en sikkerhedsfaktor til at modst\u00e5 mulig overbelastning.<\/p>\n<h3>Opretholdelse<\/h3>\n<p>Den hydrauliske cylinder kr\u00e6ver regelm\u00e6ssig vedligeholdelse for at sikre korrekt drift. Regelm\u00e6ssig inspektion, korrekt sm\u00f8ring, udskiftning af pakninger og kalibreringskontroller er afg\u00f8rende for at sikre cylinderens levetid.<\/p>\n<p><img decoding=\"async\" src=\"https:\/\/hydraulic-cylinders.net\/wp-content\/uploads\/2024\/11\/songte-oil-pipes-and-spare-parts.webp\"\/><\/p>\n<h2>Installation og vedligeholdelse<\/h2>\n<h3>Installation<\/h3>\n<p>Korrekt installation er afg\u00f8rende for hydrauliske cylindres korrekte funktion. Hydraulikcylinderen skal justeres korrekt, og der skal anvendes passende monteringsbeslag til at fastg\u00f8re cylinderen. Korrekt justering kan opn\u00e5s ved hj\u00e6lp af et vaterpas eller en lodline. <\/p>\n<h3>Opretholdelse<\/h3>\n<p>Regelm\u00e6ssig inspektion, korrekt sm\u00f8ring og udskiftning af pakninger er n\u00f8dvendige for at opretholde den hydrauliske cylinders levetid. Korrekt vedligeholdelse kan hj\u00e6lpe med at forhindre nedbrud og forl\u00e6nge cylinderens levetid.<\/p>\n<h3>Forebyggende vedligeholdelse<\/h3>\n<ul>\n<li><strong>Regelm\u00e6ssig inspektion:<\/strong> For at kontrollere for tegn p\u00e5 slid eller skader p\u00e5 cylinderen og dens komponenter.<\/li>\n<li><strong>Passende sm\u00f8ring:<\/strong> For at sikre korrekt funktion af cylinderen skal de bev\u00e6gelige dele regelm\u00e6ssigt sm\u00f8res med den anbefalede hydraulikolie.<\/li>\n<li><strong>Udskiftning af pakning:<\/strong> For at forhindre l\u00e6kager og sikre p\u00e5lidelighed skal pakningerne udskiftes som anbefalet af producenten.<\/li>\n<\/ul>\n<p><img decoding=\"async\" src=\"https:\/\/www.hydraulic-cylinders.net\/wp-content\/uploads\/2025\/01\/songte-chushion-collar.webp\"\/><\/p>\n<h2>Sikkerheds- og milj\u00f8hensyn<\/h2>\n<p>Der skal f\u00f8lges passende sikkerhedsforanstaltninger, n\u00e5r der arbejdes med hydrauliske cylindre. Det er n\u00f8dvendigt at f\u00f8lge korrekte procedurer for h\u00e5ndtering, installation og vedligeholdelse af cylinderen for at forhindre ulykker. Korrekt h\u00e5ndtering og bortskaffelse af hydraulikolie og andre komponenter til hydrauliske cylindere er ogs\u00e5 afg\u00f8rende af milj\u00f8m\u00e6ssige \u00e5rsager.<\/p>\n<h2>Fejldiagnose og fejlfinding<\/h2>\n<p>N\u00e5r en hydraulisk cylinder svigter, er det vigtigt at diagnosticere problemet korrekt og tr\u00e6ffe passende foranstaltninger. Almindelige problemer omfatter l\u00e6kager, skader p\u00e5 cylinderhuset eller stangen og svigt af styreventilen. Korrekt diagnose kan hj\u00e6lpe med at bestemme \u00e5rsagen til problemet og finde den passende l\u00f8sning.<\/p>\n<h2>Virksomhedsintroduktion<\/h2>\n<p>Vi er en producent af hydrauliske udskiftningscylindre. Med et komplet produktsortiment er vi blevet en af \u200b\u200bde f\u00f8rende producenter og engrosdistribut\u00f8rer af hydrauliske cylindre p\u00e5 det indenlandske og internationale marked. Vi f\u00f8lger princippet om fremragende kvalitet og s\u00e6tter vores v\u00e6rksteders industrialiserede produktionsstyringsstrategi p\u00e5 plads. Vi forbedrer l\u00f8bende v\u00e6rkstedets produktionsplatform, perfektionerer produktionsruten for produktkvalitet og har st\u00e6rke kreative evner inden for h\u00f8j effektivitet, h\u00f8j pr\u00e6cision og h\u00f8j kvalitet for at im\u00f8dekomme vores kunders forskellige behov. <\/p>\n<h3>Professionalitet<\/h3>\n<p>Vores virksomhed har et professionelt R&amp;D-team og avanceret produktionsudstyr for at sikre kvaliteten af \u200b\u200bvores produkter og im\u00f8dekomme vores kunders behov.<\/p>\n<h3>International certificering<\/h3>\n<p>Vores produkter har best\u00e5et internationale kvalitetscertificeringer, s\u00e5som ISO9001, CE og ROHS, hvilket sikrer, at vores produkter opfylder internationale standarder og er af fremragende kvalitet.<\/p>\n<h3>Tilpasningstjenester<\/h3>\n<p>Vi tilbyder skr\u00e6ddersyede hydrauliske cylindre-tjenester for at im\u00f8dekomme vores kunders specifikke behov. Vi kan designe og fremstille hydrauliske cylindre, der opfylder vores kunders specifikke krav.<\/p>\n<h3>Produktionsudstyr<\/h3>\n<p>Vores virksomhed har avanceret produktionsudstyr, s\u00e5som CNC-drejeb\u00e6nke, CNC-slibemaskiner og CNC-fr\u00e6semaskiner, som sikrer n\u00f8jagtigheden og kvaliteten af \u200b\u200bvores produkter.<\/p>\n<h3>Eftersalgsservice<\/h3>\n<p>Vi tilbyder eftersalgsservice, s\u00e5som udskiftning af dele og ombygning, for at hj\u00e6lpe kunder med at vedligeholde og reparere deres hydrauliske cylindre effektivt.<\/p>\n<p><img decoding=\"async\" src=\"https:\/\/www.hydraulic-cylinders.net\/wp-content\/uploads\/2025\/01\/songte-company-3.webp\"\/><\/p>\n<p>Forfatter: lyl<\/p>","protected":false},"excerpt":{"rendered":"<p>Bucket Cylinder For Caterpillar Middle Excavator E320C\/320D Introduction Definition A bucket cylinder is a specially designed hydraulic cylinder primarily used to control the movement of the bucket in heavy machinery such as excavators, backhoes, and front loaders. Its main function is to enable the bucket to lift, lower, and tilt, making it easier to handle [&hellip;]<\/p>","protected":false},"featured_media":14773,"comment_status":"open","ping_status":"closed","template":"","meta":{"_et_pb_use_builder":"","_et_pb_old_content":"","_et_gb_content_width":""},"product_brand":[],"product_cat":[1494],"product_tag":[1495,1496],"class_list":{"0":"post-15231","1":"product","2":"type-product","3":"status-publish","4":"has-post-thumbnail","6":"product_cat-bucket-cylinders","7":"product_tag-bucket-cylinders","8":"product_tag-hydraulic-cylinders","10":"first","11":"instock","12":"shipping-taxable","13":"product-type-simple"},"amp_enabled":true,"_links":{"self":[{"href":"https:\/\/www.hydraulic-cylinders.net\/da\/wp-json\/wp\/v2\/product\/15231","targetHints":{"allow":["GET"]}}],"collection":[{"href":"https:\/\/www.hydraulic-cylinders.net\/da\/wp-json\/wp\/v2\/product"}],"about":[{"href":"https:\/\/www.hydraulic-cylinders.net\/da\/wp-json\/wp\/v2\/types\/product"}],"replies":[{"embeddable":true,"href":"https:\/\/www.hydraulic-cylinders.net\/da\/wp-json\/wp\/v2\/comments?post=15231"}],"wp:featuredmedia":[{"embeddable":true,"href":"https:\/\/www.hydraulic-cylinders.net\/da\/wp-json\/wp\/v2\/media\/14773"}],"wp:attachment":[{"href":"https:\/\/www.hydraulic-cylinders.net\/da\/wp-json\/wp\/v2\/media?parent=15231"}],"wp:term":[{"taxonomy":"product_brand","embeddable":true,"href":"https:\/\/www.hydraulic-cylinders.net\/da\/wp-json\/wp\/v2\/product_brand?post=15231"},{"taxonomy":"product_cat","embeddable":true,"href":"https:\/\/www.hydraulic-cylinders.net\/da\/wp-json\/wp\/v2\/product_cat?post=15231"},{"taxonomy":"product_tag","embeddable":true,"href":"https:\/\/www.hydraulic-cylinders.net\/da\/wp-json\/wp\/v2\/product_tag?post=15231"}],"curies":[{"name":"wp","href":"https:\/\/api.w.org\/{rel}","templated":true}]}}