{"id":15232,"date":"2025-01-19T14:16:19","date_gmt":"2025-01-19T14:16:19","guid":{"rendered":"https:\/\/www.hydraulic-cylinders.net\/product\/bucket-cylinder-for-caterpillar-middle-excavator-e320dzcc\/"},"modified":"2025-01-19T14:16:21","modified_gmt":"2025-01-19T14:16:21","slug":"bucket-cylinder-for-caterpillar-middle-excavator-e320dzcc","status":"publish","type":"product","link":"https:\/\/www.hydraulic-cylinders.net\/da\/vare\/bucket-cylinder-for-caterpillar-middle-excavator-e320dzcc\/","title":{"rendered":"Skovlcylinder til Caterpillar mellemgraver E320DZCC"},"content":{"rendered":"<p><!DOCTYPE html><br \/>\n<html><br \/>\n<head><br \/>\n<title>Skovlcylinder til Caterpillar mellemgraver E320DZCC<\/title><br \/>\n<\/head><br \/>\n<body><\/p>\n<h1>Skovlcylinder til Caterpillar mellemgraver E320DZCC<\/h1>\n<h2>Indledning<\/h2>\n<p>Skovlcylinderen til Caterpillar mellemgraver E320DZCC er en specialdesignet hydraulisk cylinder, der bruges til at styre skovlens bev\u00e6gelse i tunge maskiner s\u00e5som gravemaskiner, rendegravere og hjull\u00e6ssere. Dens hovedfunktion er at lette l\u00f8ft, s\u00e6nkning og vipning af skovlen, hvilket g\u00f8r den velegnet til forskellige materialeh\u00e5ndteringsopgaver. I det hydrauliske system opn\u00e5r skovlcylinderen pr\u00e6cis kontrol over skovlen ved at udnytte tryk\u00e6ndringerne i hydraulikolien, hvilket giver f\u00f8reren mulighed for effektivt at h\u00e5ndtere tunge belastninger og tilpasse sig komplekse arbejdsmilj\u00f8er og forskellige jobkrav.<\/p>\n<p><img decoding=\"async\" src=\"https:\/\/www.hydraulic-cylinders.net\/wp-content\/uploads\/2025\/01\/songte-company-2.webp\" alt=\"Produktbillede\"><\/p>\n<h2>Funktioner<\/h2>\n<ul>\n<li>H\u00f8j styrke og holdbarhed: Typisk fremstillet af h\u00f8jstyrkest\u00e5l eller aluminium, i stand til at modst\u00e5 h\u00f8jt tryk og tunge belastninger, tilpasningsdygtig til barske arbejdsforhold, designet med hensyntagen til slidstyrke og korrosionsbestandighed for at forl\u00e6nge dens levetid.<\/li>\n<li>Effektiv hydraulisk drift: Udnytter trykket fra hydraulikolien til at opn\u00e5 j\u00e6vne ud- og tilbagetr\u00e6kningsbev\u00e6gelser, er i stand til at reagere hurtigt p\u00e5 styrekommandoer, hvilket giver kraftige skubbe- og tr\u00e6kkr\u00e6fter, velegnet til h\u00e5ndtering af tunge belastninger og komplekse arbejdsopgaver.<\/li>\n<li>Forskellige typer: F\u00e5s som enkeltvirkende (hydraulisk kun anvendt i \u00e9n retning) eller dobbeltvirkende (hydraulisk anvendt i begge retninger) cylindre for at opfylde forskellige driftskrav. Nogle modeller er teleskopiske, hvilket muligg\u00f8r st\u00f8rre udtr\u00e6k uden at \u00f8ge de udvendige dimensioner og er velegnede til applikationer med begr\u00e6nset plads.<\/li>\n<li>Perfekt udskiftning: Vores produkt kan perfekt erstatte disse hydrauliske cylindre.<\/li>\n<\/ul>\n<p><img decoding=\"async\" src=\"https:\/\/www.hydraulic-cylinders.net\/wp-content\/uploads\/2025\/01\/songte-cylinder-head-with-all-kinds-excavator-models.webp\" alt=\"Produktudskiftning\"><\/p>\n<h2>Applikationer<\/h2>\n<ul>\n<li>Entrepren\u00f8rudstyr: De findes i gravemaskiner og er afg\u00f8rende for at grave, l\u00e6sse og flytte jord eller affald. I rendegravere hj\u00e6lper skovlcylinderen med b\u00e5de at grave og l\u00f8fte.<\/li>\n<li>Landbrugsmaskiner: Bruges i frontl\u00e6ssere til at udgrave, l\u00f8fte og transportere jord, h\u00f8 og andre materialer.<\/li>\n<li>Gravemaskiner: Skovlcylinderen muligg\u00f8r gravehandlinger ved at lade skovlen tr\u00e6nge ned i jorden.<\/li>\n<li>Hjull\u00e6ssere: Frontl\u00e6ssere hj\u00e6lper med effektiv l\u00f8ft og t\u00f8mning af gods.<\/li>\n<\/ul>\n<h2>Designovervejelser og udv\u00e6lgelseskriterier<\/h2>\n<ul>\n<li>B\u00e6reevne: Diskuter cylinderens evne til at modst\u00e5 tunge belastninger.<\/li>\n<li>T\u00e6tning: Diskuter vigtigheden af \u200b\u200bat bruge forskellige t\u00e6tninger, s\u00e5som stempelt\u00e6tninger og stangt\u00e6tninger, lavet af slidst\u00e6rke materialer som polyurethan og nitrilgummi. N\u00e6vn den fine overfladebehandling af cylinderhuset og gevindenden for at forbedre slidstyrken. Fremh\u00e6v behovet for regelm\u00e6ssig sm\u00f8ring med passende hydraulikolie.<\/li>\n<\/ul>\n<p><img decoding=\"async\" src=\"https:\/\/www.hydraulic-cylinders.net\/wp-content\/uploads\/2025\/01\/songte-oil-pipes-and-spare-parts.webp\" alt=\"T\u00e6tninger og sm\u00f8ring\"><\/p>\n<h2>Vedligeholdelse og fejlfinding<\/h2>\n<ul>\n<li>Regelm\u00e6ssig inspektion og forebyggende vedligeholdelse: Diskuter vigtigheden af \u200b\u200bregelm\u00e6ssige inspektioner og korrekt sm\u00f8ring for at sikre cylinderens levetid. Giv tips og l\u00f8sninger til almindelige vedligeholdelsesopgaver s\u00e5som udskiftning af pakninger og kalibreringskontroller.<\/li>\n<\/ul>\n<p><img decoding=\"async\" src=\"https:\/\/www.hydraulic-cylinders.net\/wp-content\/uploads\/2025\/01\/songte-chushion-collar.webp\" alt=\"Vedligeholdelsesopgaver\"><\/p>\n<h2>Sikkerhedshensyn og milj\u00f8faktorer<\/h2>\n<p>Diskuter vigtigheden af \u200b\u200bsikkerhedsforanstaltninger ved brug af cylinderen, og fremh\u00e6v eventuelle milj\u00f8faktorer, der skal tages i betragtning.<\/p>\n<p><img decoding=\"async\" src=\"https:\/\/www.hydraulic-cylinders.net\/wp-content\/uploads\/2025\/01\/songte-bushings-with-all-kinds-of-excavator-models.webp\" alt=\"Sikkerheds- og milj\u00f8faktorer\"><\/p>\n<h2>Fejldiagnose og fejlfinding<\/h2>\n<p>Identificer almindelige fejl og giv tips og l\u00f8sninger til fejlfinding, der kan hj\u00e6lpe l\u00e6serne med effektivt at diagnosticere og l\u00f8se problemer. Tilbyd forebyggende foranstaltninger for at minimere potentielle problemer.<\/p>\n<h2>Installationsvejledning<\/h2>\n<p>Giv en detaljeret vejledning i korrekt installation af produktet, med v\u00e6gt p\u00e5 vigtigheden af \u200b\u200bkorrekt justering og brug af passende installationsbeslag til at fastg\u00f8re cylinderen.<\/p>\n<h2>Vedligeholdelsesopgaver<\/h2>\n<ul>\n<li>Regelm\u00e6ssig inspektion: Fremh\u00e6v vigtigheden af \u200b\u200bperiodiske inspektioner for at identificere eventuelle problemer eller problemer.<\/li>\n<li>Korrekt sm\u00f8ring: Fremh\u00e6v vigtigheden af \u200b\u200bregelm\u00e6ssig sm\u00f8ring for at sikre problemfri drift og forl\u00e6nge cylinderens levetid.<\/li>\n<li>Udskiftning af pakninger og kalibreringskontroller: Diskuter vigtigheden af \u200b\u200bat udskifte slidte pakninger og udf\u00f8re kalibreringskontroller for at opretholde optimal ydeevne.<\/li>\n<\/ul>\n<p><img decoding=\"async\" src=\"https:\/\/hzpt.com\/wp-content\/uploads\/2024\/11\/songte-company-1.webp\" alt=\"Produktvedligeholdelse\"><\/p>\n<h2>Om vores virksomhed<\/h2>\n<p>Vi er en producent, der specialiserer sig i produktion af hydrauliske udskiftningscylindre. Med en bred vifte af produkttilbud er vi blevet en af \u200b\u200bde f\u00f8rende producenter og engrosdistribut\u00f8rer af hydrauliske cylindre p\u00e5 b\u00e5de indenlandske og internationale markeder. Vi overholder principperne om fremragende kvalitet og bruger industrialiserede produktionsstyringsstrategier i vores sofistikerede produktionsv\u00e6rksteder. Ved at udnytte teknologiske talenter, avanceret produktionsudstyr og professionelle testsystemer forbedrer vi l\u00f8bende vores produktionsplatform, optimerer produktionsprocessen for overlegen produktkvalitet og besidder st\u00e6rke innovationsevner. Med h\u00f8j effektivitet, pr\u00e6cision og kvalitet som vores ledende principper str\u00e6ber vi efter at im\u00f8dekomme vores kunders forskellige behov.<\/p>\n<p><img decoding=\"async\" src=\"https:\/\/www.hydraulic-cylinders.net\/wp-content\/uploads\/2025\/01\/songte-company-3.webp\" alt=\"Virksomhedsoversigt\"><\/p>\n<p>Fra professionalisme, internationale certificeringer, kundeservice, produktionsudstyr til eftersalgsservice udvider vi vores introduktion af virksomheden.<\/p>\n<p>Forfatter: lyl<\/p>\n<p><\/body><br \/>\n<\/html><\/p>","protected":false},"excerpt":{"rendered":"<p>Bucket Cylinder For Caterpillar Middle Excavator E320DZCC Bucket Cylinder For Caterpillar Middle Excavator E320DZCC Introduction The bucket cylinder for Caterpillar middle excavator E320DZCC is a specially designed hydraulic cylinder used to control the movement of the bucket in heavy machinery such as excavators, backhoe loaders, and wheel loaders. Its main function is to facilitate the [&hellip;]<\/p>","protected":false},"featured_media":14771,"comment_status":"open","ping_status":"closed","template":"","meta":{"_et_pb_use_builder":"","_et_pb_old_content":"","_et_gb_content_width":""},"product_brand":[],"product_cat":[1494],"product_tag":[1495,1496],"class_list":{"0":"post-15232","1":"product","2":"type-product","3":"status-publish","4":"has-post-thumbnail","6":"product_cat-bucket-cylinders","7":"product_tag-bucket-cylinders","8":"product_tag-hydraulic-cylinders","10":"first","11":"instock","12":"shipping-taxable","13":"product-type-simple"},"amp_enabled":true,"_links":{"self":[{"href":"https:\/\/www.hydraulic-cylinders.net\/da\/wp-json\/wp\/v2\/product\/15232","targetHints":{"allow":["GET"]}}],"collection":[{"href":"https:\/\/www.hydraulic-cylinders.net\/da\/wp-json\/wp\/v2\/product"}],"about":[{"href":"https:\/\/www.hydraulic-cylinders.net\/da\/wp-json\/wp\/v2\/types\/product"}],"replies":[{"embeddable":true,"href":"https:\/\/www.hydraulic-cylinders.net\/da\/wp-json\/wp\/v2\/comments?post=15232"}],"wp:featuredmedia":[{"embeddable":true,"href":"https:\/\/www.hydraulic-cylinders.net\/da\/wp-json\/wp\/v2\/media\/14771"}],"wp:attachment":[{"href":"https:\/\/www.hydraulic-cylinders.net\/da\/wp-json\/wp\/v2\/media?parent=15232"}],"wp:term":[{"taxonomy":"product_brand","embeddable":true,"href":"https:\/\/www.hydraulic-cylinders.net\/da\/wp-json\/wp\/v2\/product_brand?post=15232"},{"taxonomy":"product_cat","embeddable":true,"href":"https:\/\/www.hydraulic-cylinders.net\/da\/wp-json\/wp\/v2\/product_cat?post=15232"},{"taxonomy":"product_tag","embeddable":true,"href":"https:\/\/www.hydraulic-cylinders.net\/da\/wp-json\/wp\/v2\/product_tag?post=15232"}],"curies":[{"name":"wp","href":"https:\/\/api.w.org\/{rel}","templated":true}]}}