{"id":15233,"date":"2025-01-19T14:16:23","date_gmt":"2025-01-19T14:16:23","guid":{"rendered":"https:\/\/www.hydraulic-cylinders.net\/product\/bucket-cylinder-for-caterpillar-middle-excavator-e33202\/"},"modified":"2025-01-19T14:16:25","modified_gmt":"2025-01-19T14:16:25","slug":"bucket-cylinder-for-caterpillar-middle-excavator-e33202","status":"publish","type":"product","link":"https:\/\/www.hydraulic-cylinders.net\/da\/vare\/bucket-cylinder-for-caterpillar-middle-excavator-e33202\/","title":{"rendered":"Skovlcylinder til Caterpillar mellemgraver E33202"},"content":{"rendered":"<h1>Skovlcylinder til Caterpillar mellemgraver E33202<\/h1>\n<h2>Indledning<\/h2>\n<h3>Definition og forklaring<\/h3>\n<p>En skovlcylinder til Caterpillar Middle Excavator E33202 er en specialiseret hydraulisk cylinder, der prim\u00e6rt bruges til at styre bev\u00e6gelsen af \u200b\u200bskovle i tunge maskiner, s\u00e5som gravemaskiner, rendegravere og frontl\u00e6ssere. Dens hovedfunktion er at g\u00f8re det muligt for skovlen at l\u00f8fte, s\u00e6nke og vippe, hvilket letter forskellige materialeh\u00e5ndteringsopgaver. I det hydrauliske system opn\u00e5r skovlcylinderen pr\u00e6cis kontrol over skovlen gennem \u00e6ndringer i hydraulikolietrykket, hvilket g\u00f8r det muligt for operat\u00f8rer at h\u00e5ndtere tunge l\u00e6s effektivt, tilpasse sig komplekse arbejdsmilj\u00f8er og forskellige driftskrav.<\/p>\n<div>\n    <img decoding=\"async\" src=\"https:\/\/www.hydraulic-cylinders.net\/wp-content\/uploads\/2025\/01\/songte-company-2.webp\" alt=\"Skovlcylinder til Caterpillar mellemgraver E33202\">\n<\/div>\n<h2>Produktfunktioner<\/h2>\n<h3>H\u00f8j styrke og holdbarhed<\/h3>\n<p>Skovlcylindre er normalt lavet af h\u00f8jstyrkest\u00e5l eller aluminium, i stand til at modst\u00e5 h\u00f8jt tryk og tunge belastninger, tilpasse sig barske arbejdsmilj\u00f8er og er designet med slidstyrke og korrosionsbestandighed i tankerne, hvilket forl\u00e6nger deres levetid.<\/p>\n<h3>Effektiv hydraulisk drift<\/h3>\n<p>Skovlcylindre udnytter trykket fra hydraulikolien til at opn\u00e5 j\u00e6vne forl\u00e6ngelses- og sammentr\u00e6kningsbev\u00e6gelser, er i stand til at reagere hurtigt p\u00e5 styrekommandoer, yde kraftige skubbe- og tr\u00e6kkr\u00e6fter og er velegnede til h\u00e5ndtering af tunge belastninger og komplekse driftsopgaver.<\/p>\n<h3>Flere typer<\/h3>\n<p>Skovlcylindre kan v\u00e6re enkeltvirkende (kun hydrauliske i \u00e9n retning) eller dobbeltvirkende (hydrauliske i begge retninger) afh\u00e6ngigt af driftsbehovet. Nogle modeller er teleskopiske, hvilket giver mulighed for st\u00f8rre udtr\u00e6k uden at \u00f8ge de udvendige dimensioner, hvilket g\u00f8r dem velegnede til brug i begr\u00e6nsede rum.<\/p>\n<h3>Produktproduktion<\/h3>\n<p>Vi kan producere dette produkt, og vores produkt kan perfekt erstatte disse hydrauliske cylindre.<\/p>\n<div>\n    <img decoding=\"async\" src=\"https:\/\/www.hydraulic-cylinders.net\/wp-content\/uploads\/2025\/01\/songte-cylinder-head-with-all-kinds-excavator-models.webp\" alt=\"Skovlcylinder til Caterpillar Middle Excavator E33202 Produktion\">\n<\/div>\n<h2>Applikationsscenarier<\/h2>\n<h3>Entrepren\u00f8rudstyr<\/h3>\n<p>I gravemaskiner er de afg\u00f8rende for at grave, l\u00e6sse og flytte jord eller affald. I rendegravere hj\u00e6lper skovlcylindre med b\u00e5de udgravning og l\u00f8ft. I frontl\u00e6ssere hj\u00e6lper de med effektiv t\u00f8mning og h\u00e6ldning af gods.<\/p>\n<h3>Landbrugsmaskiner<\/h3>\n<p>Anvendes til frontl\u00e6ssere til l\u00f8ft og transport af jord, h\u00f8 og andre materialer.<\/p>\n<h3>Gravemaskiner<\/h3>\n<p>Skovlcylindere muligg\u00f8r gravefunktioner ved at lade skovlen tr\u00e6nge ned i jorden.<\/p>\n<h3>L\u00e6ssere<\/h3>\n<p>I frontl\u00e6ssere hj\u00e6lper de med at l\u00f8fte og h\u00e6lde gods effektivt.<\/p>\n<div>\n    <img decoding=\"async\" src=\"https:\/\/www.hydraulic-cylinders.net\/wp-content\/uploads\/2025\/01\/songte-bushings-with-all-kinds-of-excavator-models.webp\" alt=\"Skovlcylinder til Caterpillar Middle Excavator E33202 applikationsscenarier\">\n<\/div>\n<h2>Designovervejelser og udv\u00e6lgelseskriterier<\/h2>\n<h3>Lastkapacitet<\/h3>\n<p>Skovlcylinderen skal v\u00e6re konstrueret til at modst\u00e5 den maksimale kraft, der ud\u00f8ves p\u00e5 den under drift.<\/p>\n<h3>Forsegling<\/h3>\n<p>Brugen af \u200b\u200bforskellige t\u00e6tningskomponenter, s\u00e5som stempelt\u00e6tninger og stangt\u00e6tninger, lavet af slidst\u00e6rke materialer som polyurethan og nitrilgummi, sikrer en l\u00e6ngere levetid. Overfladen p\u00e5 cylinderhuset og gevindenden gennemg\u00e5r en omhyggelig behandling for at forbedre slidstyrken. Regelm\u00e6ssig p\u00e5fyldning med en passende m\u00e6ngde hydraulikolie sikrer problemfri drift.<\/p>\n<h3>Holdbarhed<\/h3>\n<p>Skovlcylinderen skal v\u00e6re lavet af h\u00f8jstyrkematerialer, der er modstandsdygtige over for korrosion, slid og barske milj\u00f8er for at sikre langvarig holdbarhed og p\u00e5lidelighed.<\/p>\n<h3>Sikkerhed<\/h3>\n<p>Skovlcylindre skal konstrueres og installeres p\u00e5 en m\u00e5de, der sikrer operat\u00f8rens sikkerhed, og manglende betjening m\u00e5 ikke resultere i skade p\u00e5 personale eller maskiner.<\/p>\n<h3>Opretholdelse<\/h3>\n<p>Regelm\u00e6ssig vedligeholdelse og inspektion, herunder sm\u00f8ring, udskiftning af pakninger og kalibreringstjek, sikrer skovlcylinderens levetid og optimale ydeevne.<\/p>\n<div>\n    <img decoding=\"async\" src=\"https:\/\/www.hydraulic-cylinders.net\/wp-content\/uploads\/2025\/01\/songte-oil-pipes-and-spare-parts.webp\" alt=\"Skovlcylinder til Caterpillar mellemgraver E33202 Designovervejelser og udv\u00e6lgelseskriterier\">\n<\/div>\n<h2>T\u00e6tning og sm\u00f8ring<\/h2>\n<p>Skovlcylindre bruger forskellige t\u00e6tningskomponenter for at sikre p\u00e5lidelighed, hvor stempel- og stangt\u00e6tninger typisk er lavet af slidst\u00e6rke materialer som polyurethan og nitrilgummi. Cylinderhuset og gevindenden gennemg\u00e5r en omhyggelig behandling for at \u00f8ge slidstyrken. Regelm\u00e6ssig p\u00e5fyldning med en passende m\u00e6ngde hydraulikolie sikrer problemfri drift.<\/p>\n<div>\n    <img decoding=\"async\" src=\"https:\/\/www.hydraulic-cylinders.net\/wp-content\/uploads\/2025\/01\/songte-chushion-collar.webp\" alt=\"Skovlcylinder til Caterpillar Middle Excavator E33202 Forsegling og sm\u00f8ring\">\n<\/div>\n<h2>Forebyggende vedligeholdelses- og reparationsforanstaltninger<\/h2>\n<h3>Regelm\u00e6ssig inspektion<\/h3>\n<p>Regelm\u00e6ssig inspektion af skovlcylinderen sikrer, at eventuelle problemer opdages og l\u00f8ses rettidigt.<\/p>\n<h3>Passende sm\u00f8ring<\/h3>\n<p>Korrekt sm\u00f8ring af skovlcylinderen sikrer j\u00e6vn drift og forl\u00e6nger cylinderens levetid.<\/p>\n<h3>Udskiftning af pakning og kalibreringskontrol<\/h3>\n<p>Udskiftning af slidte t\u00e6tningskomponenter og kalibrering af cylinderen sikrer optimal ydeevne og levetid.<\/p>\n<p>Det er vigtigt at justere cylinderen korrekt under installationen og at bruge passende installationsbeslag til at fastg\u00f8re cylinderen. Anbefalede inspektions-, reparations- og udskiftningsprocedurer samt ombygningsservice giver tips til at forl\u00e6nge spandcylinderens levetid.<\/p>\n<div>\n    <img decoding=\"async\" src=\"https:\/\/hzpt.com\/wp-content\/uploads\/2024\/11\/songte-company-1.webp\" alt=\"Skovlcylinder til Caterpillar Middle Excavator E33202 Forebyggende vedligeholdelses- og reparationsforanstaltninger\">\n<\/div>\n<h2>Sikkerhedshensyn og milj\u00f8faktorer<\/h2>\n<p>Ved brug af skovlcylindre skal der tr\u00e6ffes sikkerhedsforanstaltninger for at forhindre skade p\u00e5 personale eller maskiner. Vigtigheden af \u200b\u200bat anvende sikkerhedsforanstaltninger ved brug af produktet b\u00f8r understreges.<\/p>\n<h2>Fejldiagnose og almindelige problemer<\/h2>\n<p>Skovlcylindre kan opleve forskellige problemer under drift, herunder oliel\u00e6kager, utilstr\u00e6kkeligt tryk og mekaniske skader. Korrekt diagnose og fejlfinding er n\u00f8dvendig for at identificere og l\u00f8se s\u00e5danne problemer. Regelm\u00e6ssig vedligeholdelse og inspektion minimerer forekomsten af \u200b\u200bpotentielle problemer.<\/p>\n<div>\n    <img decoding=\"async\" src=\"https:\/\/www.hydraulic-cylinders.net\/wp-content\/uploads\/2025\/01\/songte-company-3.webp\" alt=\"Skovlcylinder til Caterpillar Middle Excavator E33202 Virksomhedsintroduktion\">\n<\/div>\n<h2>Virksomhedsintroduktion<\/h2>\n<p>Vi er en producent af hydrauliske udskiftningscylindre, og vores produkter har et komplet sortiment, hvilket g\u00f8r os til en af \u200b\u200bde f\u00f8rende producenter og engrosdistribut\u00f8rer af hydrauliske cylindre p\u00e5 b\u00e5de indenlandske og internationale markeder. Vi overholder princippet om fremragende kvalitet, bruger industrialiserede produktionsstyringsstrategier i fint udformede produktionsv\u00e6rksteder og forbedrer konstant vores produktionsplatform, perfektionerer vores produktionslinje med produktkvalitet og har en st\u00e6rk kreativ evne til at im\u00f8dekomme vores kunders forskellige behov med principper for h\u00f8j effektivitet, h\u00f8j pr\u00e6cision og h\u00f8j kvalitet.<\/p>\n<p>Vi tilbyder skr\u00e6ddersyede tjenester og har opn\u00e5et internationale certificeringer. Vi bruger avanceret produktionsudstyr og et professionelt eftersalgsserviceteam for at levere produkter og tjenester af h\u00f8j kvalitet til vores kunder.<\/p>\n<div>\n    <img decoding=\"async\" src=\"https:\/\/www.hydraulic-cylinders.net\/wp-content\/uploads\/2025\/01\/songte-company-3.webp\" alt=\"Skovlcylinder til Caterpillar Middle Excavator E33202 Virksomhedsintroduktion\">\n<\/div>\n<p>Forfatter: lyl.<\/p>","protected":false},"excerpt":{"rendered":"<p>Bucket Cylinder For Caterpillar Middle Excavator E33202 Introduction Definition and Explanation A Bucket Cylinder for Caterpillar Middle Excavator E33202 is a specialized hydraulic cylinder primarily used to control the movement of buckets in heavy machinery, such as excavators, backhoe excavators, and front-end loaders. Its main function is to enable the bucket to lift, lower, and [&hellip;]<\/p>","protected":false},"featured_media":14769,"comment_status":"open","ping_status":"closed","template":"","meta":{"_et_pb_use_builder":"","_et_pb_old_content":"","_et_gb_content_width":""},"product_brand":[],"product_cat":[1494],"product_tag":[1495,1496],"class_list":{"0":"post-15233","1":"product","2":"type-product","3":"status-publish","4":"has-post-thumbnail","6":"product_cat-bucket-cylinders","7":"product_tag-bucket-cylinders","8":"product_tag-hydraulic-cylinders","10":"first","11":"instock","12":"shipping-taxable","13":"product-type-simple"},"amp_enabled":true,"_links":{"self":[{"href":"https:\/\/www.hydraulic-cylinders.net\/da\/wp-json\/wp\/v2\/product\/15233","targetHints":{"allow":["GET"]}}],"collection":[{"href":"https:\/\/www.hydraulic-cylinders.net\/da\/wp-json\/wp\/v2\/product"}],"about":[{"href":"https:\/\/www.hydraulic-cylinders.net\/da\/wp-json\/wp\/v2\/types\/product"}],"replies":[{"embeddable":true,"href":"https:\/\/www.hydraulic-cylinders.net\/da\/wp-json\/wp\/v2\/comments?post=15233"}],"wp:featuredmedia":[{"embeddable":true,"href":"https:\/\/www.hydraulic-cylinders.net\/da\/wp-json\/wp\/v2\/media\/14769"}],"wp:attachment":[{"href":"https:\/\/www.hydraulic-cylinders.net\/da\/wp-json\/wp\/v2\/media?parent=15233"}],"wp:term":[{"taxonomy":"product_brand","embeddable":true,"href":"https:\/\/www.hydraulic-cylinders.net\/da\/wp-json\/wp\/v2\/product_brand?post=15233"},{"taxonomy":"product_cat","embeddable":true,"href":"https:\/\/www.hydraulic-cylinders.net\/da\/wp-json\/wp\/v2\/product_cat?post=15233"},{"taxonomy":"product_tag","embeddable":true,"href":"https:\/\/www.hydraulic-cylinders.net\/da\/wp-json\/wp\/v2\/product_tag?post=15233"}],"curies":[{"name":"wp","href":"https:\/\/api.w.org\/{rel}","templated":true}]}}