{"id":15235,"date":"2025-01-19T14:16:31","date_gmt":"2025-01-19T14:16:31","guid":{"rendered":"https:\/\/www.hydraulic-cylinders.net\/product\/bucket-cylinder-for-caterpillar-middle-excavator-e300-300b\/"},"modified":"2025-01-19T14:16:33","modified_gmt":"2025-01-19T14:16:33","slug":"bucket-cylinder-for-caterpillar-middle-excavator-e300-300b","status":"publish","type":"product","link":"https:\/\/www.hydraulic-cylinders.net\/da\/vare\/bucket-cylinder-for-caterpillar-middle-excavator-e300-300b\/","title":{"rendered":"Skovlcylinder til Caterpillar mellemgraver E300\/300B"},"content":{"rendered":"<h1>Skovlcylinder til Caterpillar mellemgraver E300\/300B<\/h1>\n<h2>Indledning<\/h2>\n<p>Skovlcylinderen til Caterpillar mellemgraver E300\/300B er en specialdesignet hydraulisk cylinder, der prim\u00e6rt bruges til at styre skovlens bev\u00e6gelse i tunge maskiner s\u00e5som gravemaskiner, rendegravere og frontl\u00e6ssere. Dens hovedfunktion er at give skovlen mulighed for at l\u00f8fte, s\u00e6nke og vippe, hvilket g\u00f8r det lettere at h\u00e5ndtere forskellige materialeh\u00e5ndteringsopgaver. I det hydrauliske system opn\u00e5r skovlcylinderen pr\u00e6cis kontrol over skovlen ved at variere trykket i hydraulikolien, hvilket g\u00f8r det muligt for operat\u00f8rer effektivt at h\u00e5ndtere tunge l\u00e6s og tilpasse sig komplekse arbejdsmilj\u00f8er og forskellige driftskrav.<\/p>\n<p><img decoding=\"async\" src=\"https:\/\/www.hydraulic-cylinders.net\/wp-content\/uploads\/2025\/01\/songte-company-2.webp\" alt=\"Billede af spandcylinder\"><\/p>\n<h2>Funktioner<\/h2>\n<ul>\n<li>H\u00f8j styrke og holdbarhed: Skovlcylinderen er typisk fremstillet af h\u00f8jstyrkest\u00e5l eller aluminium og kan modst\u00e5 h\u00f8jt tryk og tunge belastninger og tilpasse sig barske arbejdsmilj\u00f8er. Dens design tager h\u00f8jde for slidstyrke og korrosionsbestandighed, hvilket forl\u00e6nger dens levetid.<\/li>\n<li>Effektiv hydraulisk drift: Ved at udnytte trykket fra hydraulikolien opn\u00e5r skovlcylinderen j\u00e6vne ud- og indtr\u00e6ksbev\u00e6gelser, hvilket muligg\u00f8r hurtig reaktion p\u00e5 styrekommandoer og giver kraftige skubbe- og tr\u00e6kkr\u00e6fter, hvilket g\u00f8r den velegnet til h\u00e5ndtering af tunge belastninger og komplekse driftsopgaver.<\/li>\n<li>Forskellige typer: Skovlcylinderen kan v\u00e6re enkeltvirkende (kun hydraulisk i \u00e9n retning) eller dobbeltvirkende (hydraulisk i begge retninger) for at opfylde forskellige driftskrav. Nogle modeller er teleskopiske, hvilket giver mulighed for st\u00f8rre udtr\u00e6k uden at \u00f8ge de udvendige dimensioner, hvilket g\u00f8r dem velegnede til applikationer med begr\u00e6nset plads.<\/li>\n<li>Perfekt udskiftning: Vores produkter kan perfekt erstatte disse hydrauliske cylindre.<\/li>\n<\/ul>\n<p><img decoding=\"async\" src=\"https:\/\/www.hydraulic-cylinders.net\/wp-content\/uploads\/2025\/01\/songte-cylinder-head-with-all-kinds-excavator-models.webp\" alt=\"Produktbillede\"><\/p>\n<h2>Applikationer<\/h2>\n<ul>\n<li>Entrepren\u00f8rudstyr: De findes i gravemaskiner og er afg\u00f8rende for udgravning, l\u00e6sning og flytning af jord eller affald. I rendegravere hj\u00e6lper skovlcylinderen med b\u00e5de gravning og l\u00f8ft.<\/li>\n<li>Landbrugsmaskiner: De bruges i frontl\u00e6ssere og hj\u00e6lper med at udgrave, l\u00f8fte og transportere jord, h\u00f8 og andre materialer.<\/li>\n<li>Gravemaskiner: Skovlcylinderen muligg\u00f8r gravehandlinger ved at lade skovlen tr\u00e6nge ned i jorden.<\/li>\n<li>L\u00e6ssere: Frontl\u00e6ssere hj\u00e6lper med at l\u00f8fte og losse gods effektivt.<\/li>\n<\/ul>\n<h2>Designovervejelser og udv\u00e6lgelseskriterier<\/h2>\n<ul>\n<li>B\u00e6reevne: Skovlcylinderen er konstrueret til at modst\u00e5 de specificerede belastningskrav.<\/li>\n<li>T\u00e6tning: Forskellige t\u00e6tningselementer s\u00e5som stempelt\u00e6tninger og stangt\u00e6tninger anvendes til at sikre korrekt t\u00e6tning og forhindre l\u00e6kage.<\/li>\n<li>Holdbarhed: Skovlcylinderen er bygget til at modst\u00e5 de barske driftsforhold og give langvarig ydeevne.<\/li>\n<li>Sikkerhed: Sikkerhedsfunktioner som f.eks. trykaflastningsventiler er indbygget for at forhindre overbelastning og sikre sikker drift.<\/li>\n<li>Vedligeholdelsesvenlighed: Designet muligg\u00f8r nem vedligeholdelse og reparation, hvilket minimerer nedetid.<\/li>\n<\/ul>\n<p><img decoding=\"async\" src=\"https:\/\/www.hydraulic-cylinders.net\/wp-content\/uploads\/2025\/01\/songte-oil-pipes-and-spare-parts.webp\" alt=\"Produktbillede\"><\/p>\n<h2>T\u00e6tning og sm\u00f8ring<\/h2>\n<p>Skovlcylinderen anvender forskellige t\u00e6tningselementer s\u00e5som stempelt\u00e6tninger og stangt\u00e6tninger lavet af slidst\u00e6rke materialer som polyurethan og nitrilgummi. Cylinderhuset og gevindenderne er fint behandlet for at forbedre slidstyrken. Regelm\u00e6ssig sm\u00f8ring med passende hydraulikolie er n\u00f8dvendig for at sikre problemfri drift.<\/p>\n<h2>Inspektion og forebyggende vedligeholdelse<\/h2>\n<ul>\n<li>Inspicer regelm\u00e6ssigt skovlcylinderen for tegn p\u00e5 skader, l\u00e6kage eller slid.<\/li>\n<li>S\u00f8rg for korrekt sm\u00f8ring af cylinderen og dens komponenter.<\/li>\n<li>Udskift pakninger og andre slidte dele for at opretholde optimal ydeevne.<\/li>\n<\/ul>\n<h2>Installationsvejledning<\/h2>\n<p>Korrekt installation af skovlcylinderen er afg\u00f8rende for dens ydeevne og levetid. F\u00f8lg disse retningslinjer:<\/p>\n<ul>\n<li>Just\u00e9r cylinderen korrekt under installationen.<\/li>\n<li>Brug passende monteringsbeslag til at fastg\u00f8re cylinderen.<\/li>\n<\/ul>\n<p><img decoding=\"async\" src=\"https:\/\/www.hydraulic-cylinders.net\/wp-content\/uploads\/2025\/01\/songte-chushion-collar.webp\" alt=\"Produktbillede\"><\/p>\n<h2>Vedligeholdelsesopgaver<\/h2>\n<p>Almindelige vedligeholdelsesopgaver for skovlcylinderen omfatter:<\/p>\n<ul>\n<li>Regelm\u00e6ssige inspektioner<\/li>\n<li>Korrekt sm\u00f8ring<\/li>\n<li>Udskiftning af pakninger<\/li>\n<li>Kalibreringstjek<\/li>\n<\/ul>\n<p>Det er vigtigt at understrege vigtigheden af \u200b\u200bkorrekt installation, sm\u00f8ring og justering. Det er afg\u00f8rende at give korrekt vejledning i justering af cylinderen under installationen. Anbefalede inspektions-, reparations- og udskiftningsprocedurer b\u00f8r gives for at forl\u00e6nge spandcylinderens levetid. Tips til udskiftning af komponenter og genopbygning b\u00f8r ogs\u00e5 gives for at forbedre produktets levetid.<\/p>\n<p><img decoding=\"async\" src=\"https:\/\/www.hydraulic-cylinders.net\/wp-content\/uploads\/2025\/01\/songte-bushings-with-all-kinds-of-excavator-models.webp\" alt=\"Produktbillede\"><\/p>\n<h2>Sikkerhedshensyn og milj\u00f8faktorer<\/h2>\n<p>N\u00e5r du bruger skovlcylinderen, er det vigtigt at f\u00f8lge sikkerhedsforanstaltninger for at forhindre ulykker og sikre sikker drift.<\/p>\n<h2>Fejlfinding og almindelige problemer<\/h2>\n<p>Identificer og beskriv almindelige problemer, der kan opst\u00e5 med skovlcylinderen. Giv tips til fejlfinding og l\u00f8sninger, der kan hj\u00e6lpe l\u00e6serne med at diagnosticere og l\u00f8se problemer. Tilbyd forebyggende foranstaltninger for at minimere potentielle problemer.<\/p>\n<p><img decoding=\"async\" src=\"https:\/\/hzpt.com\/wp-content\/uploads\/2024\/11\/songte-company-1.webp\" alt=\"Produktbillede\"><\/p>\n<h2>Om vores virksomhed<\/h2>\n<p>We are a leading manufacturer and wholesale distributor of hydraulic cylinders in the domestic and international markets. Our extensive product range and commitment to excellence have made us one of the industry&#8217;s top hydraulic cylinder manufacturers and wholesalers. We follow a strategy of industrialized production management, relying on a refined manufacturing workshop, advanced digital manufacturing equipment, and professional testing systems to continuously improve our manufacturing platform and product quality production lines. With a strong ability to innovate, we aim to meet diverse customer needs with high efficiency, precision, and quality.<\/p>\n<p><img decoding=\"async\" src=\"https:\/\/www.hydraulic-cylinders.net\/wp-content\/uploads\/2025\/01\/songte-company-3.webp\" alt=\"Virksomhedens image\"><\/p>\n<h3>Professionalitet<\/h3>\n<p>Vi har et team af dygtige fagfolk, der sikrer de h\u00f8jeste kvalitetsstandarder gennem hele vores produktionsproces.<\/p>\n<h3>Internationale certificeringer<\/h3>\n<p>Vores produkter opfylder internationale kvalitets- og sikkerhedsstandarder, hvilket sikrer p\u00e5lidelighed og kundetilfredshed.<\/p>\n<h3>Tilpasningstjenester<\/h3>\n<p>Vi tilbyder tilpasningstjenester for at im\u00f8dekomme specifikke kundekrav og leverer skr\u00e6ddersyede l\u00f8sninger.<\/p>\n<h3>Produktionsudstyr<\/h3>\n<p>Vi anvender avanceret produktionsudstyr for at sikre pr\u00e6cision og effektivitet i alle produktionsfaser.<\/p>\n<h3>Eftersalgsservice<\/h3>\n<p>Vi tilbyder omfattende eftersalgsservice og support for at hj\u00e6lpe kunder med eventuelle foresp\u00f8rgsler eller bekymringer.<\/p>\n<p>Forfatter: lyl<\/p>","protected":false},"excerpt":{"rendered":"<p>Bucket Cylinder For Caterpillar Middle Excavator E300\/300B Introduction The bucket cylinder for Caterpillar middle excavator E300\/300B is a specially designed hydraulic cylinder that is primarily used to control the movement of the bucket in heavy machinery such as excavators, backhoe loaders, and front-end loaders. Its main function is to allow the bucket to lift, lower, [&hellip;]<\/p>","protected":false},"featured_media":14762,"comment_status":"open","ping_status":"closed","template":"","meta":{"_et_pb_use_builder":"","_et_pb_old_content":"","_et_gb_content_width":""},"product_brand":[],"product_cat":[1494],"product_tag":[1495,1496],"class_list":{"0":"post-15235","1":"product","2":"type-product","3":"status-publish","4":"has-post-thumbnail","6":"product_cat-bucket-cylinders","7":"product_tag-bucket-cylinders","8":"product_tag-hydraulic-cylinders","10":"first","11":"instock","12":"shipping-taxable","13":"product-type-simple"},"amp_enabled":true,"_links":{"self":[{"href":"https:\/\/www.hydraulic-cylinders.net\/da\/wp-json\/wp\/v2\/product\/15235","targetHints":{"allow":["GET"]}}],"collection":[{"href":"https:\/\/www.hydraulic-cylinders.net\/da\/wp-json\/wp\/v2\/product"}],"about":[{"href":"https:\/\/www.hydraulic-cylinders.net\/da\/wp-json\/wp\/v2\/types\/product"}],"replies":[{"embeddable":true,"href":"https:\/\/www.hydraulic-cylinders.net\/da\/wp-json\/wp\/v2\/comments?post=15235"}],"wp:featuredmedia":[{"embeddable":true,"href":"https:\/\/www.hydraulic-cylinders.net\/da\/wp-json\/wp\/v2\/media\/14762"}],"wp:attachment":[{"href":"https:\/\/www.hydraulic-cylinders.net\/da\/wp-json\/wp\/v2\/media?parent=15235"}],"wp:term":[{"taxonomy":"product_brand","embeddable":true,"href":"https:\/\/www.hydraulic-cylinders.net\/da\/wp-json\/wp\/v2\/product_brand?post=15235"},{"taxonomy":"product_cat","embeddable":true,"href":"https:\/\/www.hydraulic-cylinders.net\/da\/wp-json\/wp\/v2\/product_cat?post=15235"},{"taxonomy":"product_tag","embeddable":true,"href":"https:\/\/www.hydraulic-cylinders.net\/da\/wp-json\/wp\/v2\/product_tag?post=15235"}],"curies":[{"name":"wp","href":"https:\/\/api.w.org\/{rel}","templated":true}]}}