{"id":15240,"date":"2025-01-19T14:16:50","date_gmt":"2025-01-19T14:16:50","guid":{"rendered":"https:\/\/www.hydraulic-cylinders.net\/product\/bucket-cylinder-for-caterpillar-large-excavator-e326dl\/"},"modified":"2025-01-19T14:16:58","modified_gmt":"2025-01-19T14:16:58","slug":"bucket-cylinder-for-caterpillar-large-excavator-e326dl","status":"publish","type":"product","link":"https:\/\/www.hydraulic-cylinders.net\/da\/vare\/bucket-cylinder-for-caterpillar-large-excavator-e326dl\/","title":{"rendered":"Skovlcylinder til Caterpillar stor gravemaskine E326DL"},"content":{"rendered":"<h1>Skovlcylinder til Caterpillar stor gravemaskine E326DL<\/h1>\n<h2>Indledning<\/h2>\n<p>En skovlcylinder til en stor Caterpillar gravemaskine E326DL er en specialdesignet hydraulisk cylinder, der prim\u00e6rt bruges til at styre skovlens bev\u00e6gelse i tunge maskiner s\u00e5som gravemaskiner, rendegravere og frontl\u00e6ssere. Dens hovedfunktion er at give skovlen mulighed for at l\u00f8fte, s\u00e6nke og vippe, hvilket g\u00f8r det lettere at h\u00e5ndtere forskellige materialeh\u00e5ndteringsopgaver. I et hydraulisk system opn\u00e5r skovlcylinderen pr\u00e6cis kontrol over skovlens bev\u00e6gelse ved at \u00e6ndre trykket i hydraulikolien, hvilket g\u00f8r det muligt for operat\u00f8rer at h\u00e5ndtere tunge genstande effektivt, tilpasse sig komplekse arbejdsmilj\u00f8er og forskellige driftskrav.<\/p>\n<p><img decoding=\"async\" src=\"https:\/\/www.hydraulic-cylinders.net\/wp-content\/uploads\/2025\/01\/songte-company-2.webp\" alt=\"billede af spandcylinder\"><\/p>\n<h2>Produktfunktioner<\/h2>\n<ul>\n<li>\n<h3>H\u00f8j styrke og holdbarhed<\/h3>\n<p>Skovlcylindre er typisk lavet af h\u00f8jstyrkest\u00e5l eller aluminium, der er i stand til at modst\u00e5 h\u00f8jt tryk og tunge belastninger, tilpasser sig barske arbejdsmilj\u00f8er og er designet med slidstyrke og korrosionsbestandighed for at forl\u00e6nge deres levetid.<\/p>\n<\/li>\n<li>\n<h3>Effektiv hydraulisk drift<\/h3>\n<p>Skovlcylindre bruger trykket fra hydraulikolien til at opn\u00e5 j\u00e6vne teleskopbev\u00e6gelser, reagere hurtigt p\u00e5 styrekommandoer, yde kraftige skubbe- og tr\u00e6kkr\u00e6fter og er velegnede til h\u00e5ndtering af tunge genstande og komplekse arbejdsopgaver.<\/p>\n<\/li>\n<li>\n<h3>Forskellige typer<\/h3>\n<p>Skovlcylindre f\u00e5s i enkeltvirkende (hydraulisk fungerer kun i \u00e9n retning) eller dobbeltvirkende (hydraulisk fungerer i to retninger) for at im\u00f8dekomme forskellige driftsbehov. Nogle modeller er teleskopiske, hvilket giver mulighed for st\u00f8rre udtr\u00e6k uden at \u00f8ge de udvendige dimensioner, hvilket er velegnet til applikationer med begr\u00e6nset plads.<\/p>\n<\/li>\n<li>\n<h3>Produktudskiftning<\/h3>\n<p>Vores produkter kan perfekt erstatte disse hydrauliske cylindre. <\/p>\n<\/li>\n<\/ul>\n<p><img decoding=\"async\" src=\"https:\/\/www.hydraulic-cylinders.net\/wp-content\/uploads\/2025\/01\/songte-cylinder-head-with-all-kinds-excavator-models.webp\" alt=\"billede af udskiftning af skovlcylinder\"><\/p>\n<h2>Applikationer<\/h2>\n<p>Skovlcylindre anvendes i vid udstr\u00e6kning i forskellige tunge maskiner, herunder:<\/p>\n<ul>\n<li>\n<h3>Entrepren\u00f8rudstyr<\/h3>\n<p>I gravemaskiner er de afg\u00f8rende for at grave, l\u00e6sse og flytte jord eller affald. I rendegravere hj\u00e6lper skovlcylindre med b\u00e5de gravning og l\u00f8ft. <\/p>\n<\/li>\n<li>\n<h3>Landbrugsmaskiner<\/h3>\n<p>Anvendes i frontl\u00e6ssere til at opgrave, l\u00f8fte og transportere jord, h\u00f8 og andre materialer.<\/p>\n<\/li>\n<li>\n<h3>Gravemaskiner<\/h3>\n<p>Skovlcylindere muligg\u00f8r gravefunktioner ved at lade skovlen tr\u00e6nge ned i jorden.<\/p>\n<\/li>\n<li>\n<h3>L\u00e6ssere<\/h3>\n<p>I frontl\u00e6ssere hj\u00e6lper de med effektivt at l\u00f8fte og t\u00f8mme gods.<\/p>\n<\/li>\n<\/ul>\n<h2>Designovervejelser og udv\u00e6lgelseskriterier<\/h2>\n<ul>\n<li>\n<h3>B\u00e6reevne<\/h3>\n<p>Skovlcylinderens b\u00e6reevne b\u00f8r tages i betragtning ved design. Den skal kunne modst\u00e5 den maksimalt forventede belastning uden at svigte eller deformeres.<\/p>\n<\/li>\n<li>\n<h3>Forsegling, holdbarhed og sikkerhed<\/h3>\n<p>Skovlcylindre skal v\u00e6re konstrueret med holdbare pakninger og materialer, der kan modst\u00e5 slid og korrosion. Sikkerhedsfunktioner, herunder n\u00f8dstopkontakter, sikkerhedsventiler og sikkerhedsl\u00e5se, skal ogs\u00e5 v\u00e6re indbygget.<\/p>\n<\/li>\n<li>\n<h3>Opretholdelse<\/h3>\n<p>Skovlcylinderen skal v\u00e6re designet til nem vedligeholdelse og reparation. Den skal v\u00e6re nem at skille ad og samle igen, og reservedele skal v\u00e6re let tilg\u00e6ngelige.<\/p>\n<\/li>\n<\/ul>\n<p><img decoding=\"async\" src=\"https:\/\/www.hydraulic-cylinders.net\/wp-content\/uploads\/2025\/01\/songte-oil-pipes-and-spare-parts.webp\" alt=\"billede af reservedele til skovlcylinder\"><\/p>\n<h2>Forsegling og sm\u00f8ring af produktet<\/h2>\n<p>Skovlcylinderen b\u00f8r bruge forskellige t\u00e6tninger, herunder stempelt\u00e6tninger og stangt\u00e6tninger, lavet af slidst\u00e6rke materialer som polyurethan og nitrilgummi. Cylinderhuset og gevindenden b\u00f8r gennemg\u00e5 en finbehandling for at forbedre slidstyrken. Korrekt sm\u00f8ring med hydraulikolie er ogs\u00e5 n\u00f8dvendig for at sikre optimal drift.<\/p>\n<h2>Vedligeholdelse og reparation<\/h2>\n<p>Regelm\u00e6ssig vedligeholdelse og forebyggende foranstaltninger b\u00f8r tr\u00e6ffes for at holde skovlcylinderen i god stand. Disse foranstaltninger omfatter:<\/p>\n<ul>\n<li>\n<h3>Regelm\u00e6ssig inspektion<\/h3>\n<p>Det er vigtigt at inspicere cylinderen for skader, l\u00e6kager eller korrosion for at forhindre fejl og forl\u00e6nge dens levetid.<\/p>\n<\/li>\n<li>\n<h3>Sm\u00f8ring<\/h3>\n<p>Cylinderen skal sm\u00f8res regelm\u00e6ssigt for at sikre problemfri drift.<\/p>\n<\/li>\n<li>\n<h3>Udskiftning af pakning<\/h3>\n<p>Regelm\u00e6ssig udskiftning af pakningerne hj\u00e6lper med at opretholde cylinderens effektive drift og forhindre l\u00e6kager.<\/p>\n<\/li>\n<\/ul>\n<p><img decoding=\"async\" src=\"https:\/\/www.hydraulic-cylinders.net\/wp-content\/uploads\/2025\/01\/songte-chushion-collar.webp\" alt=\"billede af spandcylinderpude\"><\/p>\n<h2>Sikkerheds- og milj\u00f8hensyn<\/h2>\n<p>Der b\u00f8r tr\u00e6ffes sikkerhedsforanstaltninger ved brug af spandcylindre for at forhindre ulykker og skader. Milj\u00f8hensyn b\u00f8r ogs\u00e5 tages i betragtning ved bortskaffelse eller genbrug af brugte cylindre eller deres komponenter.<\/p>\n<h2>Fejldiagnose og almindelige problemer<\/h2>\n<p>Almindelige problemer med skovlcylindre omfatter l\u00e6kager, beskadigelse af pakninger og tab af effekt. Fejlfinding kr\u00e6ver en grundig inspektion af cylinderen og dens komponenter. Korrekt vedligeholdelse og reparation kan l\u00f8se disse problemer.<\/p>\n<p><img decoding=\"async\" src=\"https:\/\/www.hydraulic-cylinders.net\/wp-content\/uploads\/2025\/01\/songte-bushings-with-all-kinds-of-excavator-models.webp\" alt=\"billede af skovlcylinderb\u00f8sninger\"><\/p>\n<h2>Om vores virksomhed<\/h2>\n<p>Vi er en producent af hydrauliske udskiftningscylindre med et komplet produktsortiment. Vi er en af \u200b\u200bde f\u00f8rende producenter og engrosdistribut\u00f8rer af hydrauliske cylindre p\u00e5 det indenlandske og internationale marked. Vi f\u00f8lger princippet om fremragende kvalitet og bruger strategier for industriel produktionsstyring i raffinerede produktionsv\u00e6rksteder. Vi forbedrer l\u00f8bende v\u00e6rkstedets produktionsplatform, forbedrer produktkvaliteten i produktionslinjen og har en st\u00e6rk kreativitet. Med principperne om h\u00f8j effektivitet, h\u00f8j pr\u00e6cision og h\u00f8j kvalitet im\u00f8dekommer vi kundernes forskellige behov.<\/p>\n<p><img decoding=\"async\" src=\"https:\/\/hzpt.com\/wp-content\/uploads\/2024\/11\/songte-company-1.webp\" alt=\"billede af virksomhedens spandcylinder\"><\/p>\n<h2>Vores specialiteter<\/h2>\n<ul>\n<li>\n<h3>Professionalitet<\/h3>\n<p>Vi har et team af professionelle ingeni\u00f8rer og designere med omfattende erfaring inden for hydrauliske cylinderindustrien.<\/p>\n<\/li>\n<li>\n<h3>International certificering<\/h3>\n<p>Vores produkter er certificeret efter internationale standarder som ISO og CE.<\/p>\n<\/li>\n<li>\n<h3>Tilpasningstjenester<\/h3>\n<p>Vi tilbyder skr\u00e6ddersyede hydrauliske cylinderl\u00f8sninger, der opfylder specifikke kundekrav.<\/p>\n<\/li>\n<li>\n<h3>Produktionsudstyr<\/h3>\n<p>Vi bruger avanceret produktionsudstyr og testsystemer for at sikre produktkvalitet.<\/p>\n<\/li>\n<li>\n<h3>Eftersalgsservice<\/h3>\n<p>Vi tilbyder fremragende eftersalgsservice for at sikre kundetilfredshed.<\/p>\n<\/li>\n<\/ul>\n<h3>Forfatter: lyl<\/h3>","protected":false},"excerpt":{"rendered":"<p>Bucket Cylinder For Caterpillar Large Excavator E326DL Introduction A bucket cylinder for a Caterpillar large excavator E326DL is a specially designed hydraulic cylinder mainly used to control the movement of the bucket in heavy machinery such as excavators, backhoe loaders, and front-end loaders. Its main function is to allow the bucket to lift, lower, and [&hellip;]<\/p>","protected":false},"featured_media":14785,"comment_status":"open","ping_status":"closed","template":"","meta":{"_et_pb_use_builder":"","_et_pb_old_content":"","_et_gb_content_width":""},"product_brand":[],"product_cat":[1494],"product_tag":[1495,1496],"class_list":{"0":"post-15240","1":"product","2":"type-product","3":"status-publish","4":"has-post-thumbnail","6":"product_cat-bucket-cylinders","7":"product_tag-bucket-cylinders","8":"product_tag-hydraulic-cylinders","10":"first","11":"instock","12":"shipping-taxable","13":"product-type-simple"},"amp_enabled":true,"_links":{"self":[{"href":"https:\/\/www.hydraulic-cylinders.net\/da\/wp-json\/wp\/v2\/product\/15240","targetHints":{"allow":["GET"]}}],"collection":[{"href":"https:\/\/www.hydraulic-cylinders.net\/da\/wp-json\/wp\/v2\/product"}],"about":[{"href":"https:\/\/www.hydraulic-cylinders.net\/da\/wp-json\/wp\/v2\/types\/product"}],"replies":[{"embeddable":true,"href":"https:\/\/www.hydraulic-cylinders.net\/da\/wp-json\/wp\/v2\/comments?post=15240"}],"wp:featuredmedia":[{"embeddable":true,"href":"https:\/\/www.hydraulic-cylinders.net\/da\/wp-json\/wp\/v2\/media\/14785"}],"wp:attachment":[{"href":"https:\/\/www.hydraulic-cylinders.net\/da\/wp-json\/wp\/v2\/media?parent=15240"}],"wp:term":[{"taxonomy":"product_brand","embeddable":true,"href":"https:\/\/www.hydraulic-cylinders.net\/da\/wp-json\/wp\/v2\/product_brand?post=15240"},{"taxonomy":"product_cat","embeddable":true,"href":"https:\/\/www.hydraulic-cylinders.net\/da\/wp-json\/wp\/v2\/product_cat?post=15240"},{"taxonomy":"product_tag","embeddable":true,"href":"https:\/\/www.hydraulic-cylinders.net\/da\/wp-json\/wp\/v2\/product_tag?post=15240"}],"curies":[{"name":"wp","href":"https:\/\/api.w.org\/{rel}","templated":true}]}}