{"id":15242,"date":"2025-01-19T14:17:04","date_gmt":"2025-01-19T14:17:04","guid":{"rendered":"https:\/\/www.hydraulic-cylinders.net\/product\/bucket-cylinder-for-caterpillar-large-excavator-e336d\/"},"modified":"2025-01-19T14:17:06","modified_gmt":"2025-01-19T14:17:06","slug":"bucket-cylinder-for-caterpillar-large-excavator-e336d","status":"publish","type":"product","link":"https:\/\/www.hydraulic-cylinders.net\/da\/vare\/bucket-cylinder-for-caterpillar-large-excavator-e336d\/","title":{"rendered":"Skovlcylinder til Caterpillar stor gravemaskine E336D"},"content":{"rendered":"<h1>Skovlcylinder til Caterpillar stor gravemaskine E336D<\/h1>\n<h2>Indledning<\/h2>\n<p>Skovlcylinderen til Caterpillar store gravemaskine E336D er en specialdesignet hydraulisk cylinder, der bruges til at styre skovlens bev\u00e6gelse i tunge maskiner s\u00e5som gravemaskiner, rendegravere og frontl\u00e6ssere. Dens hovedfunktion er at g\u00f8re det muligt for skovlen at l\u00f8fte, s\u00e6nke og vippe, hvilket g\u00f8r den praktisk til forskellige materialeh\u00e5ndteringsopgaver. I det hydrauliske system opn\u00e5r skovlcylinderen pr\u00e6cis kontrol over skovlen ved at udnytte tryk\u00e6ndringerne i hydraulikolien, hvilket giver f\u00f8reren mulighed for effektivt at h\u00e5ndtere tunge l\u00e6s og tilpasse sig komplekse arbejdsmilj\u00f8er og forskellige jobkrav.<\/p>\n<p><img decoding=\"async\" src=\"https:\/\/www.hydraulic-cylinders.net\/wp-content\/uploads\/2025\/01\/songte-company-2.webp\"><\/p>\n<h2>Funktioner<\/h2>\n<ul>\n<li>H\u00f8j styrke og holdbarhed: Skovlcylinderen, der typisk er fremstillet af h\u00f8jstyrkest\u00e5l eller aluminium, kan modst\u00e5 h\u00f8jt tryk og tunge belastninger og tilpasser sig barske arbejdsmilj\u00f8er. Dens design tager h\u00f8jde for slidstyrke og korrosionsbestandighed, hvilket forl\u00e6nger dens levetid.<\/li>\n<li>Effektiv hydraulisk drift: Ved at udnytte trykket fra hydraulikolien muligg\u00f8r skovlcylinderen j\u00e6vne ud- og indtr\u00e6ksbev\u00e6gelser, hvilket giver kraftige skubbe- og tr\u00e6kkr\u00e6fter, hvilket g\u00f8r den velegnet til h\u00e5ndtering af tunge belastninger og komplekse arbejdsopgaver.<\/li>\n<li>Forskellige typer: Skovlcylinderen kan v\u00e6lges som enkeltvirkende (hydraulik bruges kun i \u00e9n retning) eller dobbeltvirkende (hydraulik bruges i begge retninger) cylinder, afh\u00e6ngigt af driftsbehovet. Nogle modeller er teleskopiske, hvilket muligg\u00f8r st\u00f8rre udtr\u00e6k uden at \u00f8ge de udvendige dimensioner, hvilket g\u00f8r dem velegnede til applikationer med begr\u00e6nset plads.<\/li>\n<li>Perfekt udskiftning: Vores produkter kan perfekt erstatte disse hydrauliske cylindre.<\/li>\n<\/ul>\n<p><img decoding=\"async\" src=\"https:\/\/www.hydraulic-cylinders.net\/wp-content\/uploads\/2025\/01\/songte-cylinder-head-with-all-kinds-excavator-models.webp\"><\/p>\n<h2>Applikationer<\/h2>\n<p>Skovlcylinderen findes i forskellige entrepren\u00f8rmaskiner, s\u00e5som:<\/p>\n<ul>\n<li>Gravemaskiner: Den hj\u00e6lper med at grave ved at lade skovlen tr\u00e6nge ned i jorden.<\/li>\n<li>Rendegraver: Den hj\u00e6lper med b\u00e5de at grave og l\u00f8fte.<\/li>\n<li>Landbrugsmaskiner: Bruges i frontl\u00e6ssere til at udgrave, l\u00f8fte og transportere jord, h\u00f8 og andre materialer.<\/li>\n<li>Frontl\u00e6ssere: Hj\u00e6lper med effektiv l\u00f8ft og t\u00f8mning af gods.<\/li>\n<\/ul>\n<h2>Designovervejelser og udv\u00e6lgelseskriterier<\/h2>\n<ul>\n<li>B\u00e6reevne: Skovlcylinderen er konstrueret til at modst\u00e5 tunge belastninger og h\u00f8jt tryk.<\/li>\n<li>T\u00e6tning: Forskellige t\u00e6tningskomponenter, s\u00e5som stempelt\u00e6tninger og stangt\u00e6tninger, anvendes til at sikre effektiv t\u00e6tning og forhindre l\u00e6kage.<\/li>\n<li>Holdbarhed: Cylinderens hus og gevindender gennemg\u00e5r en pr\u00e6cis behandling for at forbedre slidstyrken.<\/li>\n<li>Sikkerhed: Skovlcylinderen er designet med sikkerhedsfunktioner for at sikre sikker drift.<\/li>\n<li>Vedligeholdelse: Cylinderen kr\u00e6ver regelm\u00e6ssig inspektion og forebyggende vedligeholdelse for at sikre dens optimale ydeevne og levetid.<\/li>\n<\/ul>\n<p><img decoding=\"async\" src=\"https:\/\/www.hydraulic-cylinders.net\/wp-content\/uploads\/2025\/01\/songte-oil-pipes-and-spare-parts.webp\"><\/p>\n<h2>T\u00e6tning og sm\u00f8ring<\/h2>\n<p>Skovlcylinderen anvender forskellige t\u00e6tninger, s\u00e5som stempelt\u00e6tninger og stangt\u00e6tninger, der er fremstillet af slidst\u00e6rke materialer som polyurethan og nitrilgummi. Cylinderhuset og gevindenderne gennemg\u00e5r en finbehandling for at forbedre slidstyrken. Regelm\u00e6ssig sm\u00f8ring med passende m\u00e6ngder hydraulikolie er n\u00f8dvendig for at sikre problemfri drift.<\/p>\n<h2>Regelm\u00e6ssig inspektion og forebyggende vedligeholdelse<\/h2>\n<p>For at forl\u00e6nge skovlcylinderens levetid er det vigtigt at udf\u00f8re regelm\u00e6ssige inspektioner og implementere forebyggende vedligeholdelsesforanstaltninger. Disse omfatter:<\/p>\n<ul>\n<li>Periodiske kontroller for at identificere tegn p\u00e5 slid eller skader<\/li>\n<li>Korrekt sm\u00f8ring for at sikre optimal ydeevne<\/li>\n<li>Udskiftning af pakning n\u00e5r det er n\u00f8dvendigt<\/li>\n<li>Kalibreringstjek for at opretholde n\u00f8jagtighed<\/li>\n<\/ul>\n<p><img decoding=\"async\" src=\"https:\/\/www.hydraulic-cylinders.net\/wp-content\/uploads\/2025\/01\/songte-chushion-collar.webp\"><\/p>\n<h2>Sikkerhedshensyn og milj\u00f8faktorer<\/h2>\n<p>N\u00e5r man bruger skovlcylinderen, er det afg\u00f8rende at prioritere sikkerhedsforanstaltninger for at undg\u00e5 ulykker og sikre et sikkert arbejdsmilj\u00f8. Sikkerhedsforanstaltninger b\u00f8r tages i betragtning ved h\u00e5ndtering af tunge l\u00e6s og betjening af maskiner.<\/p>\n<h2>Fejlfinding og almindelige problemer<\/h2>\n<p>Almindelige problemer, der kan opst\u00e5 med skovlcylinderen, omfatter l\u00e6kage, utilstr\u00e6kkeligt tryk og uregelm\u00e6ssige bev\u00e6gelser. For at l\u00f8se disse problemer kan du overveje f\u00f8lgende fejlfindingstips og l\u00f8sninger:<\/p>\n<ul>\n<li>Kontroller for beskadigede eller slidte komponenter<\/li>\n<li>S\u00f8rg for korrekt sm\u00f8ring og hydraulikv\u00e6skeniveauer<\/li>\n<li>Inspicer pakninger og udskift dem om n\u00f8dvendigt<\/li>\n<li>Implementer forebyggende foranstaltninger for at minimere potentielle problemer<\/li>\n<\/ul>\n<p><img decoding=\"async\" src=\"https:\/\/www.hydraulic-cylinders.net\/wp-content\/uploads\/2025\/01\/songte-bushings-with-all-kinds-of-excavator-models.webp\"><\/p>\n<h2>Om vores virksomhed<\/h2>\n<p>Vi er en producent af hydrauliske udskiftningscylindre og tilbyder en bred vifte af produkter. Vi er en af \u200b\u200bde f\u00f8rende producenter og engrosdistribut\u00f8rer af hydrauliske cylindre p\u00e5 det indenlandske og internationale marked. Med fokus p\u00e5 fremragende kvalitet bruger vi industrialiserede produktionsstyringsstrategier i vores topmoderne produktionsv\u00e6rksted. Vi forbedrer l\u00f8bende vores produktionsplatform, forbedrer produktionskvaliteten og har st\u00e6rke kreative evner. Vores principper om h\u00f8j effektivitet, h\u00f8j pr\u00e6cision og h\u00f8j kvalitet g\u00f8r det muligt for os at im\u00f8dekomme vores kunders forskellige behov.<\/p>\n<p><img decoding=\"async\" src=\"https:\/\/www.hydraulic-cylinders.net\/wp-content\/uploads\/2025\/01\/songte-company-3.webp\"><\/p>\n<p>Fra professionalisme og internationale certificeringer til skr\u00e6ddersyede tjenester, produktionsudstyr og eftersalgsservice, udm\u00e6rker vi os i alle aspekter af vores virksomhed.<\/p>\n<p>Forfatter: lyl<\/p>","protected":false},"excerpt":{"rendered":"<p>Bucket Cylinder For Caterpillar Large Excavator E336D Introduction The bucket cylinder for Caterpillar large excavator E336D is a specially designed hydraulic cylinder used to control the movement of the bucket in heavy machinery such as excavators, backhoe loaders, and front-end loaders. Its main function is to enable the bucket to lift, lower, and tilt, making [&hellip;]<\/p>","protected":false},"featured_media":14782,"comment_status":"open","ping_status":"closed","template":"","meta":{"_et_pb_use_builder":"","_et_pb_old_content":"","_et_gb_content_width":""},"product_brand":[],"product_cat":[1494],"product_tag":[1495,1496],"class_list":{"0":"post-15242","1":"product","2":"type-product","3":"status-publish","4":"has-post-thumbnail","6":"product_cat-bucket-cylinders","7":"product_tag-bucket-cylinders","8":"product_tag-hydraulic-cylinders","10":"first","11":"instock","12":"shipping-taxable","13":"product-type-simple"},"amp_enabled":true,"_links":{"self":[{"href":"https:\/\/www.hydraulic-cylinders.net\/da\/wp-json\/wp\/v2\/product\/15242","targetHints":{"allow":["GET"]}}],"collection":[{"href":"https:\/\/www.hydraulic-cylinders.net\/da\/wp-json\/wp\/v2\/product"}],"about":[{"href":"https:\/\/www.hydraulic-cylinders.net\/da\/wp-json\/wp\/v2\/types\/product"}],"replies":[{"embeddable":true,"href":"https:\/\/www.hydraulic-cylinders.net\/da\/wp-json\/wp\/v2\/comments?post=15242"}],"wp:featuredmedia":[{"embeddable":true,"href":"https:\/\/www.hydraulic-cylinders.net\/da\/wp-json\/wp\/v2\/media\/14782"}],"wp:attachment":[{"href":"https:\/\/www.hydraulic-cylinders.net\/da\/wp-json\/wp\/v2\/media?parent=15242"}],"wp:term":[{"taxonomy":"product_brand","embeddable":true,"href":"https:\/\/www.hydraulic-cylinders.net\/da\/wp-json\/wp\/v2\/product_brand?post=15242"},{"taxonomy":"product_cat","embeddable":true,"href":"https:\/\/www.hydraulic-cylinders.net\/da\/wp-json\/wp\/v2\/product_cat?post=15242"},{"taxonomy":"product_tag","embeddable":true,"href":"https:\/\/www.hydraulic-cylinders.net\/da\/wp-json\/wp\/v2\/product_tag?post=15242"}],"curies":[{"name":"wp","href":"https:\/\/api.w.org\/{rel}","templated":true}]}}