{"id":15244,"date":"2025-01-19T14:17:12","date_gmt":"2025-01-19T14:17:12","guid":{"rendered":"https:\/\/www.hydraulic-cylinders.net\/product\/bucket-cylinder-for-caterpillar-large-excavator-e349dz\/"},"modified":"2025-01-19T14:17:14","modified_gmt":"2025-01-19T14:17:14","slug":"bucket-cylinder-for-caterpillar-large-excavator-e349dz","status":"publish","type":"product","link":"https:\/\/www.hydraulic-cylinders.net\/da\/vare\/bucket-cylinder-for-caterpillar-large-excavator-e349dz\/","title":{"rendered":"Skovlcylinder til Caterpillar stor gravemaskine E349DZ"},"content":{"rendered":"<h1>Skovlcylinder til Caterpillar stor gravemaskine E349DZ<\/h1>\n<h2>Indledning<\/h2>\n<p>En skovlcylinder er en specialdesignet hydraulisk cylinder, der styrer bev\u00e6gelsen af \u200b\u200bskovle i tunge maskiner s\u00e5som gravemaskiner, rendegravere og frontl\u00e6ssere. Dens hovedfunktion er at give skovlen mulighed for at l\u00f8fte, s\u00e6nke og vippe, hvilket g\u00f8r det lettere at h\u00e5ndtere forskellige materialer. I det hydrauliske system opn\u00e5r skovlcylinderen pr\u00e6cis kontrol over skovlens bev\u00e6gelse gennem \u00e6ndringer i hydraulikolietrykket, hvilket g\u00f8r det muligt for operat\u00f8rer effektivt at h\u00e5ndtere tunge l\u00e6s og tilpasse sig komplekse arbejdsmilj\u00f8er og forskellige driftsbehov.<\/p>\n<p><img decoding=\"async\" src=\"https:\/\/www.hydraulic-cylinders.net\/wp-content\/uploads\/2025\/01\/songte-company-2.webp\"><\/p>\n<h2>Funktioner<\/h2>\n<ul>\n<li>\n<h3>H\u00f8j styrke og holdbarhed<\/h3>\n<\/li>\n<p>Skovlcylindre er normalt lavet af h\u00f8jstyrkest\u00e5l eller aluminium, som kan modst\u00e5 h\u00f8jt tryk og tunge belastninger, tilpasse sig barske arbejdsmilj\u00f8er og er designet til at tage hensyn til slidstyrke og korrosionsbestandighed for at forl\u00e6nge deres levetid.<\/p>\n<li>\n<h3>Effektiv hydraulisk drift<\/h3>\n<\/li>\n<p>Skovlcylindre bruger hydraulisk olietryk til at opn\u00e5 j\u00e6vne forl\u00e6ngelses- og sammentr\u00e6kningsbev\u00e6gelser og kan hurtigt reagere p\u00e5 styrekommandoer for at give st\u00e6rke skubbe- og tr\u00e6kkr\u00e6fter, hvilket g\u00f8r dem velegnede til h\u00e5ndtering af tunge belastninger og komplekse driftsopgaver.<\/p>\n<li>\n<h3>Forskellige typer<\/h3>\n<\/li>\n<p>Skovlcylindre kan v\u00e6lges efter de operationelle behov, s\u00e5som enkeltvirkende (kun hydraulisk i \u00e9n retning) eller dobbeltvirkende (hydraulisk i begge retninger) cylindre. Nogle modeller er teleskopiske, hvilket giver mulighed for st\u00f8rre udtr\u00e6k uden at \u00f8ge de udvendige dimensioner, hvilket g\u00f8r dem velegnede til pladsbegr\u00e6nsede applikationer.<\/p>\n<li>\n<h3>Kompatibel udskiftning<\/h3>\n<\/li>\n<p>Vores produkter kan perfekt erstatte disse hydrauliske cylindre.<\/p>\n<\/ul>\n<p><img decoding=\"async\" src=\"https:\/\/www.hydraulic-cylinders.net\/wp-content\/uploads\/2025\/01\/songte-cylinder-head-with-all-kinds-excavator-models.webp\"><\/p>\n<h2>Applikationer<\/h2>\n<p>Skovlcylindre anvendes i vid udstr\u00e6kning i forskellige industrier s\u00e5som entrepren\u00f8rmaskiner, landbrugsmaskiner, gravemaskiner og l\u00e6ssere. Her er nogle eksempler:<\/p>\n<ul>\n<li>\n<h3>Entrepren\u00f8rudstyr<\/h3>\n<\/li>\n<p>Skovlcylindre er afg\u00f8rende for gravning, lastning og flytning af jord eller affald i gravemaskiner og rendegravere. I frontl\u00e6ssere hj\u00e6lper de med at l\u00f8fte og vippe gods effektivt.<\/p>\n<li>\n<h3>Landbrugsmaskiner<\/h3>\n<\/li>\n<p>Skovlcylindere bruges til frontl\u00e6ssere til at opsamle, l\u00f8fte og transportere jord, h\u00f8 og andre materialer.<\/p>\n<li>\n<h3>Gravemaskiner<\/h3>\n<\/li>\n<p>Skovlcylindere muligg\u00f8r udgravning ved at lade skovlen tr\u00e6nge ned i jorden.<\/p>\n<li>\n<h3>L\u00e6ssere<\/h3>\n<\/li>\n<p>Skovlcylindere hj\u00e6lper med at l\u00f8fte og vippe gods effektivt i frontl\u00e6ssere.<\/p>\n<\/ul>\n<h2>Designovervejelser og udv\u00e6lgelseskriterier<\/h2>\n<p>Ved valg af skovlcylindre b\u00f8r forskellige faktorer s\u00e5som lasteevne, t\u00e6tning, holdbarhed, sikkerhed og vedligeholdelsesvenlighed tages i betragtning. Her er nogle designovervejelser og udv\u00e6lgelseskriterier:<\/p>\n<ul>\n<li>\n<h3>Lastkapacitet<\/h3>\n<\/li>\n<p>Skovlcylinderen skal kunne modst\u00e5 den maksimale belastning, der kan forekomme under drift.<\/p>\n<li>\n<h3>Forsegling<\/h3>\n<\/li>\n<p>Skovlcylinderen skal have god t\u00e6tning for at forhindre oliel\u00e6kage og sikre problemfri drift.<\/p>\n<li>\n<h3>Holdbarhed<\/h3>\n<\/li>\n<p>Skovlcylinderen skal v\u00e6re lavet af materialer af h\u00f8j kvalitet og holdbarhed for at modst\u00e5 det barske arbejdsmilj\u00f8 og sikre en lang levetid.<\/p>\n<li>\n<h3>Sikkerhed<\/h3>\n<\/li>\n<p>Skovlcylinderen skal have sikkerhedsfunktioner s\u00e5som overbelastningsventiler og trykm\u00e5lere for at forhindre overbelastning og sikre sikker drift.<\/p>\n<li>\n<h3>Vedligeholdelsesevne<\/h3>\n<\/li>\n<p>Skovlcylinderen skal v\u00e6re nem at vedligeholde og reparere, og reservedele skal v\u00e6re let tilg\u00e6ngelige.<\/p>\n<\/ul>\n<p><img decoding=\"async\" src=\"https:\/\/www.hydraulic-cylinders.net\/wp-content\/uploads\/2025\/01\/songte-oil-pipes-and-spare-parts.webp\"><\/p>\n<h2>T\u00e6tning og sm\u00f8ring<\/h2>\n<p>Forskellige t\u00e6tningskomponenter s\u00e5som stempelt\u00e6tninger og stangt\u00e6tninger b\u00f8r anvendes i skovlcylindre for at forhindre oliel\u00e6kage og sikre j\u00e6vn drift. T\u00e6tningerne b\u00f8r v\u00e6re lavet af slidst\u00e6rke materialer s\u00e5som polyurethan og nitrilgummi. Cylinderhuset og gevindendefladerne b\u00f8r v\u00e6re fint bearbejdet for at forbedre slidstyrken. Skovlcylinderen kr\u00e6ver regelm\u00e6ssig sm\u00f8ring med hydraulikolie for at sikre j\u00e6vn drift. <\/p>\n<h2>Vedligeholdelse og reparation<\/h2>\n<p>Regelm\u00e6ssig inspektion og forebyggende vedligeholdelse kan hj\u00e6lpe med at forhindre potentielle problemer og forl\u00e6nge skovlcylinderens levetid. Her er tre almindelige vedligeholdelsesopgaver:<\/p>\n<ul>\n<li>Regelm\u00e6ssig inspektion<\/li>\n<p>Kontroller regelm\u00e6ssigt for oliel\u00e6kager, slitage og andre problemer.<\/p>\n<li>Passende sm\u00f8ring<\/li>\n<p>S\u00f8rg for, at skovlcylinderen er korrekt smurt med hydraulikolie.<\/p>\n<li>Udskiftning af pakning og kalibreringskontrol<\/li>\n<p>Udskift slidte pakninger og kontroller kalibreringen regelm\u00e6ssigt for at sikre optimal ydeevne.<\/p>\n<\/ul>\n<p><img decoding=\"async\" src=\"https:\/\/www.hydraulic-cylinders.net\/wp-content\/uploads\/2025\/01\/songte-chushion-collar.webp\"><\/p>\n<h2>Sikkerheds- og milj\u00f8hensyn<\/h2>\n<p>Der b\u00f8r tr\u00e6ffes sikkerhedsforanstaltninger ved brug af skovlcylindre for at forhindre ulykker. Det er vigtigt at f\u00f8lge sikkerhedsretningslinjerne og bruge passende personlige v\u00e6rnemidler. Milj\u00f8hensyn b\u00f8r ogs\u00e5 tages i betragtning, s\u00e5som korrekt bortskaffelse af hydraulikolie og andet affald.<\/p>\n<h2>Fejlfinding og almindelige problemer<\/h2>\n<p>Her er nogle almindelige problemer, der kan opst\u00e5 ved brug af skovlcylindre, og nogle forslag til fejlfinding og probleml\u00f8sning:<\/p>\n<ul>\n<li>\n<h3>Oliel\u00e6kage<\/h3>\n<\/li>\n<p>Kontroller for beskadigede pakninger, og udskift dem om n\u00f8dvendigt.<\/p>\n<li>\n<h3>Langsom drift<\/h3>\n<\/li>\n<p>Kontroll\u00e9r for utilstr\u00e6kkelig hydraulikolie, og fyld op om n\u00f8dvendigt.<\/p>\n<li>\n<h3>Overdreven st\u00f8j<\/h3>\n<\/li>\n<p>Kontroller for beskadigede eller slidte komponenter, og udskift dem om n\u00f8dvendigt.<\/p>\n<\/ul>\n<p><img decoding=\"async\" src=\"https:\/\/www.hydraulic-cylinders.net\/wp-content\/uploads\/2025\/01\/songte-bushings-with-all-kinds-of-excavator-models.webp\"><\/p>\n<h2>Om vores virksomhed<\/h2>\n<p>Vi er en producent af hydrauliske udskiftningscylindre med et komplet produktsortiment og er blevet en af \u200b\u200bde f\u00f8rende producenter og engrosdistribut\u00f8rer af hydrauliske cylindre p\u00e5 det indenlandske og internationale marked. Vi overholder princippet om fremragende kvalitet og bruger strategier for industriel produktionsstyring i fine produktionsv\u00e6rksteder. Vores virksomhed forbedrer l\u00f8bende v\u00e6rkstedets produktionsplatform, perfektionerer produktionslinjens produktkvalitet og har en st\u00e6rk kreativ kapacitet. Vi im\u00f8dekommer vores kunders forskellige behov med h\u00f8j effektivitet, h\u00f8j pr\u00e6cision og h\u00f8je kvalitetsstandarder.<\/p>\n<p><img decoding=\"async\" src=\"https:\/\/hzpt.com\/wp-content\/uploads\/2024\/11\/songte-company-1.webp\"><\/p>\n<h2>Vores tjenester<\/h2>\n<ul>\n<li>\n<h3>Professionalitet<\/h3>\n<\/li>\n<p>Vi har et team af professionelle ingeni\u00f8rer og teknikere, der kan tilbyde skr\u00e6ddersyede l\u00f8sninger til dine behov inden for hydrauliske cylindere.<\/p>\n<li>\n<h3>International certificering<\/h3>\n<\/li>\n<p>Vi har opn\u00e5et internationale certificeringer som ISO9001, CE og SGS, hvilket sikrer, at kvaliteten af \u200b\u200bvores produkter lever op til internationale standarder.<\/p>\n<li>\n<h3>Tilpasningstjenester<\/h3>\n<\/li>\n<p>Vi tilbyder tilpasningstjenester for at im\u00f8dekomme vores kunders specifikke behov.<\/p>\n<li>\n<h3>Avanceret produktionsudstyr<\/h3>\n<\/li>\n<p>Vi bruger avanceret produktionsudstyr og testsystemer for at sikre kvaliteten af \u200b\u200bvores produkter.<\/p>\n<li>\n<h3>Eftersalgsservice<\/h3>\n<\/li>\n<p>Vi tilbyder eftersalgsservice og teknisk support for at sikre vores produkters langsigtede ydeevne.<\/p>\n<\/ul>\n<p>Forfatter: lyl<\/p>","protected":false},"excerpt":{"rendered":"<p>Bucket Cylinder For Caterpillar Large Excavator E349DZ Introduction A bucket cylinder is a specially designed hydraulic cylinder that controls the movement of buckets in heavy machinery such as excavators, backhoe loaders, and front-end loaders. Its main function is to allow the bucket to lift, lower, and tilt, making it easier to handle various materials. In [&hellip;]<\/p>","protected":false},"featured_media":14778,"comment_status":"open","ping_status":"closed","template":"","meta":{"_et_pb_use_builder":"","_et_pb_old_content":"","_et_gb_content_width":""},"product_brand":[],"product_cat":[1494],"product_tag":[1495,1496],"class_list":{"0":"post-15244","1":"product","2":"type-product","3":"status-publish","4":"has-post-thumbnail","6":"product_cat-bucket-cylinders","7":"product_tag-bucket-cylinders","8":"product_tag-hydraulic-cylinders","10":"first","11":"instock","12":"shipping-taxable","13":"product-type-simple"},"amp_enabled":true,"_links":{"self":[{"href":"https:\/\/www.hydraulic-cylinders.net\/da\/wp-json\/wp\/v2\/product\/15244","targetHints":{"allow":["GET"]}}],"collection":[{"href":"https:\/\/www.hydraulic-cylinders.net\/da\/wp-json\/wp\/v2\/product"}],"about":[{"href":"https:\/\/www.hydraulic-cylinders.net\/da\/wp-json\/wp\/v2\/types\/product"}],"replies":[{"embeddable":true,"href":"https:\/\/www.hydraulic-cylinders.net\/da\/wp-json\/wp\/v2\/comments?post=15244"}],"wp:featuredmedia":[{"embeddable":true,"href":"https:\/\/www.hydraulic-cylinders.net\/da\/wp-json\/wp\/v2\/media\/14778"}],"wp:attachment":[{"href":"https:\/\/www.hydraulic-cylinders.net\/da\/wp-json\/wp\/v2\/media?parent=15244"}],"wp:term":[{"taxonomy":"product_brand","embeddable":true,"href":"https:\/\/www.hydraulic-cylinders.net\/da\/wp-json\/wp\/v2\/product_brand?post=15244"},{"taxonomy":"product_cat","embeddable":true,"href":"https:\/\/www.hydraulic-cylinders.net\/da\/wp-json\/wp\/v2\/product_cat?post=15244"},{"taxonomy":"product_tag","embeddable":true,"href":"https:\/\/www.hydraulic-cylinders.net\/da\/wp-json\/wp\/v2\/product_tag?post=15244"}],"curies":[{"name":"wp","href":"https:\/\/api.w.org\/{rel}","templated":true}]}}