{"id":15249,"date":"2025-01-19T14:17:33","date_gmt":"2025-01-19T14:17:33","guid":{"rendered":"https:\/\/www.hydraulic-cylinders.net\/product\/bucket-cylinder-for-caterpillar-large-excavator-e336dl\/"},"modified":"2025-01-19T14:17:35","modified_gmt":"2025-01-19T14:17:35","slug":"bucket-cylinder-for-caterpillar-large-excavator-e336dl","status":"publish","type":"product","link":"https:\/\/www.hydraulic-cylinders.net\/da\/vare\/bucket-cylinder-for-caterpillar-large-excavator-e336dl\/","title":{"rendered":"Skovlcylinder til Caterpillar stor gravemaskine E336DL"},"content":{"rendered":"<h1>Skovlcylinder til Caterpillar stor gravemaskine E336DL<\/h1>\n<h2>Indledning<\/h2>\n<p>Skovlcylinderen til Caterpillar Large Excavator E336DL er en specialiseret hydraulisk cylinder, der prim\u00e6rt bruges til at styre bev\u00e6gelsen af \u200b\u200bskovle i tunge maskiner s\u00e5som gravemaskiner, rendegravere og frontl\u00e6ssere. Dens hovedfunktion er at g\u00f8re det muligt for skovlen at l\u00f8fte, s\u00e6nke og vippe, hvilket g\u00f8r det lettere at h\u00e5ndtere forskellige materialeh\u00e5ndteringsopgaver. I det hydrauliske system bruger skovlcylinderen tryk\u00e6ndringen i hydraulikolien til at opn\u00e5 pr\u00e6cis kontrol over skovlen, hvilket g\u00f8r det muligt for operat\u00f8rer effektivt at h\u00e5ndtere tunge l\u00e6s og tilpasse sig komplekse arbejdsmilj\u00f8er og forskellige driftsbehov.<\/p>\n<p><img decoding=\"async\" src=\"https:\/\/www.hydraulic-cylinders.net\/wp-content\/uploads\/2025\/01\/songte-company-2.webp\" \/><\/p>\n<h2>Funktioner<\/h2>\n<ul>\n<li>H\u00f8j styrke og holdbarhed: Typisk fremstillet af h\u00f8jstyrkest\u00e5l eller aluminium, i stand til at modst\u00e5 h\u00f8jt tryk og tunge belastninger, egnet til barske arbejdsmilj\u00f8er, designet med hensyntagen til slidstyrke og korrosionsbestandighed, hvilket forl\u00e6nger dens levetid.<\/li>\n<li>Effektiv hydraulisk drift: Bruger trykket fra hydraulikolien til at opn\u00e5 j\u00e6vn forl\u00e6ngelse og sammentr\u00e6kning, reagerer hurtigt p\u00e5 styrekommandoer og giver kraftig skubbe- og tr\u00e6kkraft, er velegnet til h\u00e5ndtering af tunge belastninger og komplekse driftsopgaver.<\/li>\n<li>Forskellige typer: enkeltvirkende (hydraulisk kun i \u00e9n retning) eller dobbeltvirkende (hydraulisk i begge retninger) cylindre kan v\u00e6lges efter behov for at im\u00f8dekomme forskellige driftsbehov. Nogle modeller er teleskopiske, hvilket giver mulighed for st\u00f8rre udtr\u00e6k uden at \u00f8ge de udvendige dimensioner og er velegnede til applikationer med begr\u00e6nset plads.<\/li>\n<li>Nem at installere: designet med enkle monteringspunkter, hvilket g\u00f8r den nem at installere og udskifte.<\/li>\n<li>Lav vedligeholdelse: kr\u00e6ver minimal vedligeholdelse, hvilket reducerer nedetid og vedligeholdelsesomkostninger.<\/li>\n<\/ul>\n<p><img decoding=\"async\" src=\"https:\/\/www.hydraulic-cylinders.net\/wp-content\/uploads\/2025\/01\/songte-cylinder-head-with-all-kinds-excavator-models.webp\" \/><\/p>\n<h2>Applikationer<\/h2>\n<p>Skovlcylinderen til Caterpillar Large Excavator E336DL bruges i vid udstr\u00e6kning i forskellige brancher, herunder:<\/p>\n<h3>Entrepren\u00f8rudstyr<\/h3>\n<p>I gravemaskiner er de afg\u00f8rende for at grave, l\u00e6sse og flytte jord eller affald. I rendegravere hj\u00e6lper skovlcylindre med b\u00e5de gravning og l\u00f8ft. <\/p>\n<h3>Landbrugsmaskiner<\/h3>\n<p>Bruges i frontl\u00e6ssere til at opgrave, l\u00f8fte og transportere jord, h\u00f8 og andre materialer. I gravemaskiner muligg\u00f8r skovlcylindre udgravning ved at lade skovlen tr\u00e6nge ned i jorden. I frontl\u00e6ssere hj\u00e6lper de med effektiv t\u00f8mning og vipning af gods.<\/p>\n<p><img decoding=\"async\" src=\"https:\/\/www.hydraulic-cylinders.net\/wp-content\/uploads\/2025\/01\/songte-bushings-with-all-kinds-of-excavator-models.webp\" \/><\/p>\n<h2>Designovervejelser og udv\u00e6lgelseskriterier<\/h2>\n<p>Skovlcylinderen til Caterpillar stor gravemaskine E336DL er designet med flere vigtige overvejelser i tankerne:<\/p>\n<h3>B\u00e6reevne<\/h3>\n<p>Cylinderen skal kunne modst\u00e5 h\u00f8je belastninger og tryk samt barske arbejdsforhold.<\/p>\n<h3>Forsegling og holdbarhed<\/h3>\n<p>Cylinderen bruger forskellige pakninger, s\u00e5som stempelpakninger, stangpakninger osv., der er lavet af slidst\u00e6rke materialer som polyurethan og nitrilgummi for at forbedre holdbarheden. Cylinderhuset og gevindoverfladen er fint forarbejdet for at forbedre slidstyrken. Regelm\u00e6ssig sm\u00f8ring er n\u00f8dvendig for korrekt sm\u00f8ring.<\/p>\n<h3>Sikkerhed og vedligeholdelse<\/h3>\n<p>Cylinderen er designet til at v\u00e6re nem at installere, udskifte og vedligeholde, hvilket reducerer nedetid og vedligeholdelsesomkostninger. Regelm\u00e6ssig inspektion og forebyggende vedligeholdelse anbefales for at sikre korrekt drift og sikker brug.<\/p>\n<p><img decoding=\"async\" src=\"https:\/\/www.hydraulic-cylinders.net\/wp-content\/uploads\/2025\/01\/songte-oil-pipes-and-spare-parts.webp\" \/><\/p>\n<h2>Installationsvejledning<\/h2>\n<p>Korrekt installation er afg\u00f8rende for optimal ydeevne og levetid for skovlcylinderen til Caterpillar stor gravemaskine E336DL. F\u00f8lg disse trin for korrekt installation:<\/p>\n<ol>\n<li>S\u00f8rg for, at cylinderen er korrekt justeret, og brug passende monteringsbeslag til at fastg\u00f8re cylinderen.<\/li>\n<li>Brug korrekt sm\u00f8ring under installationen, og p\u00e5f\u00f8r regelm\u00e6ssigt vedligeholdelsesolie efter behov.<\/li>\n<li>Inspicer og udskift t\u00e6tninger regelm\u00e6ssigt, og udf\u00f8r kalibreringskontroller efter behov.<\/li>\n<\/ol>\n<h2>Sikkerheds- og milj\u00f8hensyn<\/h2>\n<p>N\u00e5r skovlcylinderen til Caterpillar Large Excavator E336DL anvendes, skal der tr\u00e6ffes sikkerhedsforanstaltninger for at forhindre ulykker. Korrekt tr\u00e6ning og beskyttelsesudstyr er obligatorisk for operat\u00f8rer.<\/p>\n<h2>Fejlfinding og almindelige problemer<\/h2>\n<p>Almindelige problemer med skovlcylinderen til Caterpillar Large Excavator E336DL inkluderer v\u00e6skel\u00e6kager, reduceret ydeevne og mekaniske problemer. For at diagnosticere og l\u00f8se problemer anbefales regelm\u00e6ssig vedligeholdelse, og brug af passende reservedele er n\u00f8dvendig.<\/p>\n<h2>Om os<\/h2>\n<p>Vi er en f\u00f8rende producent og engrosdistribut\u00f8r af hydrauliske cylindre, specialiseret i udskiftning af hydrauliske cylindre. Vores produktsortiment er komplet, og vi er blevet en af \u200b\u200bde f\u00f8rende producenter og engrosdistribut\u00f8rer af hydrauliske cylindre p\u00e5 det indenlandske og internationale marked. Vi overholder princippet om fremragende kvalitet og s\u00e6tter vores kernev\u00e6rdier i industriel produktionsstyring, hvor vi bruger tekniske talenter, digitalt avanceret produktionsudstyr og professionelle testsystemer. Vi forts\u00e6tter med at forbedre v\u00e6rkstedets produktionsplatform, forbedre produktkvaliteten og produktionsruten og har en st\u00e6rk kreativ evne til at im\u00f8dekomme kundernes forskellige behov med h\u00f8j effektivitet, h\u00f8j pr\u00e6cision og h\u00f8j kvalitet.<\/p>\n<p><img decoding=\"async\" src=\"https:\/\/hzpt.com\/wp-content\/uploads\/2024\/11\/songte-company-1.webp\" \/><\/p>\n<h3>Professionalitet<\/h3>\n<p>Vores team af erfarne fagfolk sikrer kvaliteten af \u200b\u200bhvert produkt, vi producerer, og yder enest\u00e5ende kundeservice.<\/p>\n<h3>International certificering<\/h3>\n<p>Vores produkter har best\u00e5et ISO9001-, CE- og andre internationale certificeringer, hvilket sikrer, at vores produkter opfylder eller overg\u00e5r branchestandarder.<\/p>\n<h3>Tilpasningstjenester<\/h3>\n<p>Vi tilbyder skr\u00e6ddersyede hydrauliske cylinderl\u00f8sninger, der opfylder specifikke kundebehov.<\/p>\n<h3>Produktionsudstyr<\/h3>\n<p>Vi bruger digitalt, avanceret produktionsudstyr til at producere hydrauliske cylindre af h\u00f8j kvalitet.<\/p>\n<h3>Eftersalgsservice<\/h3>\n<p>Vi tilbyder fremragende eftersalgsservice, herunder vedligeholdelse, reparation og udskiftning.<\/p>\n<p><img decoding=\"async\" src=\"https:\/\/www.hydraulic-cylinders.net\/wp-content\/uploads\/2025\/01\/songte-chushion-collar.webp\" \/><\/p>\n<p>Forfatter: lyl.<\/p>","protected":false},"excerpt":{"rendered":"<p>Bucket Cylinder For Caterpillar Large Excavator E336DL Introduction The Bucket Cylinder for Caterpillar Large Excavator E336DL is a specialized hydraulic cylinder primarily used to control the movement of buckets in heavy machinery such as excavators, backhoe excavators, and front-end loaders. Its main function is to enable the bucket to lift, lower, and tilt, making it [&hellip;]<\/p>","protected":false},"featured_media":14765,"comment_status":"open","ping_status":"closed","template":"","meta":{"_et_pb_use_builder":"","_et_pb_old_content":"","_et_gb_content_width":""},"product_brand":[],"product_cat":[1494],"product_tag":[1495,1496],"class_list":{"0":"post-15249","1":"product","2":"type-product","3":"status-publish","4":"has-post-thumbnail","6":"product_cat-bucket-cylinders","7":"product_tag-bucket-cylinders","8":"product_tag-hydraulic-cylinders","10":"first","11":"instock","12":"shipping-taxable","13":"product-type-simple"},"amp_enabled":true,"_links":{"self":[{"href":"https:\/\/www.hydraulic-cylinders.net\/da\/wp-json\/wp\/v2\/product\/15249","targetHints":{"allow":["GET"]}}],"collection":[{"href":"https:\/\/www.hydraulic-cylinders.net\/da\/wp-json\/wp\/v2\/product"}],"about":[{"href":"https:\/\/www.hydraulic-cylinders.net\/da\/wp-json\/wp\/v2\/types\/product"}],"replies":[{"embeddable":true,"href":"https:\/\/www.hydraulic-cylinders.net\/da\/wp-json\/wp\/v2\/comments?post=15249"}],"wp:featuredmedia":[{"embeddable":true,"href":"https:\/\/www.hydraulic-cylinders.net\/da\/wp-json\/wp\/v2\/media\/14765"}],"wp:attachment":[{"href":"https:\/\/www.hydraulic-cylinders.net\/da\/wp-json\/wp\/v2\/media?parent=15249"}],"wp:term":[{"taxonomy":"product_brand","embeddable":true,"href":"https:\/\/www.hydraulic-cylinders.net\/da\/wp-json\/wp\/v2\/product_brand?post=15249"},{"taxonomy":"product_cat","embeddable":true,"href":"https:\/\/www.hydraulic-cylinders.net\/da\/wp-json\/wp\/v2\/product_cat?post=15249"},{"taxonomy":"product_tag","embeddable":true,"href":"https:\/\/www.hydraulic-cylinders.net\/da\/wp-json\/wp\/v2\/product_tag?post=15249"}],"curies":[{"name":"wp","href":"https:\/\/api.w.org\/{rel}","templated":true}]}}