{"id":15252,"date":"2025-01-19T14:17:45","date_gmt":"2025-01-19T14:17:45","guid":{"rendered":"https:\/\/www.hydraulic-cylinders.net\/product\/bucket-cylinder-for-caterpillar-large-excavator-e336dz-d2l\/"},"modified":"2025-01-19T14:17:46","modified_gmt":"2025-01-19T14:17:46","slug":"bucket-cylinder-for-caterpillar-large-excavator-e336dz-d2l","status":"publish","type":"product","link":"https:\/\/www.hydraulic-cylinders.net\/da\/vare\/bucket-cylinder-for-caterpillar-large-excavator-e336dz-d2l\/","title":{"rendered":"Skovlcylinder til Caterpillar stor gravemaskine E336DZ\/D2L"},"content":{"rendered":"<p><!DOCTYPE html><br \/>\n<html><br \/>\n<head><br \/>\n<title>Skovlcylinder til Caterpillar stor gravemaskine E336DZ\/D2L<\/title><br \/>\n<\/head><br \/>\n<body><\/p>\n<h1>Skovlcylinder til Caterpillar stor gravemaskine E336DZ\/D2L<\/h1>\n<h2>Indledning<\/h2>\n<p>Skovlcylinderen til Caterpillar store gravemaskine E336DZ\/D2L er en specialdesignet hydraulisk cylinder, der bruges til at styre skovlens bev\u00e6gelse i tunge maskiner s\u00e5som gravemaskiner, rendegravere og hjull\u00e6ssere. Dens hovedfunktion er at muligg\u00f8re l\u00f8ft, s\u00e6nkning og vipning af skovlen til forskellige materialeh\u00e5ndteringsopgaver. I det hydrauliske system opn\u00e5r skovlcylinderen pr\u00e6cis kontrol over skovlen ved at udnytte tryk\u00e6ndringerne i hydraulikolien, hvilket giver f\u00f8reren mulighed for effektivt at h\u00e5ndtere tunge belastninger og tilpasse sig komplekse arbejdsmilj\u00f8er og forskellige jobkrav.<\/p>\n<p><img decoding=\"async\" src=\"https:\/\/www.hydraulic-cylinders.net\/wp-content\/uploads\/2025\/01\/songte-company-2.webp\" alt=\"Billede af spandcylinder\"><\/p>\n<h2>Funktioner<\/h2>\n<ul>\n<li><strong>H\u00f8j styrke og holdbarhed:<\/strong> Skovlcylinderen er fremstillet af h\u00f8jstyrkest\u00e5l eller aluminium og kan modst\u00e5 h\u00f8je tryk og tunge belastninger og tilpasse sig barske arbejdsmilj\u00f8er. Dens design tager h\u00f8jde for slidstyrke og korrosionsbestandighed, hvilket forl\u00e6nger dens levetid.<\/li>\n<li><strong>Effektiv hydraulisk drift:<\/strong> Ved at udnytte trykket fra hydraulikolien opn\u00e5r skovlcylinderen j\u00e6vne ud- og indtr\u00e6ksbev\u00e6gelser, hvilket giver hurtig respons p\u00e5 styrekommandoer og leverer kraftige skubbe- og tr\u00e6kkr\u00e6fter, hvilket g\u00f8r den velegnet til h\u00e5ndtering af tunge l\u00e6s og komplekse opgaver.<\/li>\n<li><strong>Forskellige typer:<\/strong> Skovlcylinderen kan v\u00e6lges som enkeltvirkende (hydraulisk bruges kun i \u00e9n retning) eller dobbeltvirkende (hydraulisk bruges i begge retninger) cylindre i henhold til specifikke driftsbehov. Nogle modeller er teleskopiske, hvilket muligg\u00f8r st\u00f8rre udtr\u00e6k uden at \u00f8ge de udvendige dimensioner, hvilket g\u00f8r dem velegnede til applikationer med begr\u00e6nset plads.<\/li>\n<li><strong>Perfekt erstatning:<\/strong> Vores produkter kan perfekt erstatte disse hydrauliske cylindre og giver fremragende ydeevne og kompatibilitet.<\/li>\n<\/ul>\n<p><img decoding=\"async\" src=\"https:\/\/www.hydraulic-cylinders.net\/wp-content\/uploads\/2025\/01\/songte-cylinder-head-with-all-kinds-excavator-models.webp\" alt=\"Produktudskiftning\"><\/p>\n<h2>Applikationer<\/h2>\n<ul>\n<li><strong>Entrepren\u00f8rudstyr:<\/strong> De findes i gravemaskiner og er afg\u00f8rende for at grave, l\u00e6sse og flytte jord eller affald. I rendegravere hj\u00e6lper skovlcylinderen med b\u00e5de udgravning og l\u00f8ft.<\/li>\n<li><strong>Landbrugsmaskiner:<\/strong> De bruges i frontl\u00e6ssere til at udgrave, l\u00f8fte og transportere jord, h\u00f8 og andre materialer.<\/li>\n<li><strong>Gravemaskiner:<\/strong> Skovlcylinderen muligg\u00f8r gravehandlinger ved at lade skovlen tr\u00e6nge ned i jorden.<\/li>\n<li><strong>Hjull\u00e6ssere:<\/strong> I frontl\u00e6ssere hj\u00e6lper de med effektivt at l\u00f8fte og t\u00f8mme gods.<\/li>\n<\/ul>\n<h2>Designovervejelser og udv\u00e6lgelseskriterier<\/h2>\n<ul>\n<li><strong>B\u00e6reevne:<\/strong> Diskuter cylinderens b\u00e6reevne, og hvordan den p\u00e5virker udv\u00e6lgelsesprocessen.<\/li>\n<li><strong>Forsegling:<\/strong> Fremh\u00e6v vigtigheden af \u200b\u200bat bruge forskellige t\u00e6tningselementer, s\u00e5som stempelt\u00e6tninger og stangt\u00e6tninger lavet af slidst\u00e6rke materialer som polyurethan og nitrilgummi.<\/li>\n<li><strong>Holdbarhed:<\/strong> Diskuter cylinderens holdbarhed, og hvordan cylinderhuset og gevindenderne er fint behandlet for at forbedre slidstyrken.<\/li>\n<li><strong>Sikkerhed:<\/strong> Diskuter sikkerhedshensyn i designet, s\u00e5som at forhindre cylindersvigt og s\u00f8rge for sikkerhedsfunktioner for operat\u00f8rerne.<\/li>\n<li><strong>Vedligeholdelsesevne:<\/strong> Diskuter hvor let vedligeholdelse er, herunder rutinem\u00e6ssige kontroller, sm\u00f8ring og udskiftning af pakninger.<\/li>\n<\/ul>\n<p><img decoding=\"async\" src=\"https:\/\/www.hydraulic-cylinders.net\/wp-content\/uploads\/2025\/01\/songte-oil-pipes-and-spare-parts.webp\" alt=\"T\u00e6tning og sm\u00f8ring\"><\/p>\n<h2>Vedligeholdelse og fejlfinding<\/h2>\n<ul>\n<li><strong>Regelm\u00e6ssige inspektioner:<\/strong> Understreg vigtigheden af \u200b\u200bregelm\u00e6ssige inspektioner for at identificere eventuelle problemer eller problemer.<\/li>\n<li><strong>Korrekt sm\u00f8ring:<\/strong> Forklar vigtigheden af \u200b\u200btilstr\u00e6kkelig sm\u00f8ring for at sikre problemfri drift og forhindre for tidlig slitage.<\/li>\n<li><strong>Udskiftning af pakning:<\/strong> Beskriv processen med at udskifte slidte pakninger for at opretholde cylinderens effektivitet og forhindre l\u00e6kage.<\/li>\n<li><strong>Kalibreringstjek:<\/strong> Fremh\u00e6v behovet for periodiske kalibreringskontroller for at sikre n\u00f8jagtig ydeevne.<\/li>\n<\/ul>\n<p><img decoding=\"async\" src=\"https:\/\/www.hydraulic-cylinders.net\/wp-content\/uploads\/2025\/01\/songte-chushion-collar.webp\" alt=\"Vedligeholdelsesopgaver\"><\/p>\n<h2>Sikkerhedshensyn og milj\u00f8faktorer<\/h2>\n<p>Diskuter vigtigheden af \u200b\u200bsikkerhedsforanstaltninger ved brug af skovlcylinderen, og hvordan den bidrager til et sikkert arbejdsmilj\u00f8. Afklar eventuelle milj\u00f8m\u00e6ssige faktorer, der kan p\u00e5virke cylinderens ydeevne eller vedligeholdelse.<\/p>\n<p><img decoding=\"async\" src=\"https:\/\/www.hydraulic-cylinders.net\/wp-content\/uploads\/2025\/01\/songte-bushings-with-all-kinds-of-excavator-models.webp\" alt=\"Sikkerhedsforanstaltninger\"><\/p>\n<h2>Fejldiagnose og fejlfinding<\/h2>\n<p>Giv en omfattende liste over almindelige fejl og problemer, der kan opst\u00e5 ved brug af skovlcylinderen. Giv tips og l\u00f8sninger til diagnosticering og l\u00f8sning af disse problemer, samt forebyggende foranstaltninger for at minimere potentielle problemer.<\/p>\n<h2>Om vores virksomhed<\/h2>\n<p>Vi er en producent af hydrauliske udskiftningscylindre og tilbyder en bred vifte af produkter. Vi er blevet en af \u200b\u200bde f\u00f8rende producenter og engrosdistribut\u00f8rer af hydrauliske cylindre p\u00e5 b\u00e5de indenlandske og internationale markeder. Med fokus p\u00e5 fremragende kvalitet bruger vi industrialiserede produktionsstyringsstrategier i vores raffinerede produktionsv\u00e6rksteder. Vi forbedrer l\u00f8bende vores produktionsplatform, produktkvalitet og produktionsruter og har st\u00e6rke kreative evner. Vores principper om h\u00f8j effektivitet, h\u00f8j pr\u00e6cision og h\u00f8j kvalitet g\u00f8r det muligt for os at im\u00f8dekomme forskellige kundebehov.<\/p>\n<p><img decoding=\"async\" src=\"https:\/\/www.hydraulic-cylinders.net\/wp-content\/uploads\/2025\/01\/songte-company-3.webp\" alt=\"Virksomhedens image\"><\/p>\n<h3>Professionalitet:<\/h3>\n<p>Diskuter vores virksomheds professionalisme, ekspertise og erfaring i branchen.<\/p>\n<h3>Internationale certificeringer:<\/h3>\n<p>Fremh\u00e6v de internationale certificeringer, som vores virksomhed har opn\u00e5et for at sikre produktkvalitet og overholdelse af branchestandarder.<\/p>\n<h3>Tilpasningstjenester:<\/h3>\n<p>Forklar vores virksomheds evne til at tilbyde tilpasningstjenester for at im\u00f8dekomme individuelle kundekrav.<\/p>\n<h3>Produktionsudstyr:<\/h3>\n<p>Diskuter det avancerede produktionsudstyr, vi besidder, som g\u00f8r os i stand til at fremstille hydrauliske cylindre af h\u00f8j kvalitet.<\/p>\n<h3>Eftersalgsservice:<\/h3>\n<p>Fremh\u00e6v vores engagement i at levere fremragende eftersalgsservice, herunder reparations- og udskiftningsservice, for at sikre kundetilfredshed.<\/p>\n<h4>Forfatter: lyl<\/h4>\n<p><\/body><br \/>\n<\/html><\/p>","protected":false},"excerpt":{"rendered":"<p>Bucket Cylinder For Caterpillar Large Excavator E336DZ\/D2L Bucket Cylinder For Caterpillar Large Excavator E336DZ\/D2L Introduction The bucket cylinder for Caterpillar large excavator E336DZ\/D2L is a specially designed hydraulic cylinder used to control the movement of the bucket in heavy machinery such as excavators, backhoe loaders, and wheel loaders. Its main function is to enable the [&hellip;]<\/p>","protected":false},"featured_media":14789,"comment_status":"open","ping_status":"closed","template":"","meta":{"_et_pb_use_builder":"","_et_pb_old_content":"","_et_gb_content_width":""},"product_brand":[],"product_cat":[1494],"product_tag":[1495,1496],"class_list":{"0":"post-15252","1":"product","2":"type-product","3":"status-publish","4":"has-post-thumbnail","6":"product_cat-bucket-cylinders","7":"product_tag-bucket-cylinders","8":"product_tag-hydraulic-cylinders","10":"first","11":"instock","12":"shipping-taxable","13":"product-type-simple"},"amp_enabled":true,"_links":{"self":[{"href":"https:\/\/www.hydraulic-cylinders.net\/da\/wp-json\/wp\/v2\/product\/15252","targetHints":{"allow":["GET"]}}],"collection":[{"href":"https:\/\/www.hydraulic-cylinders.net\/da\/wp-json\/wp\/v2\/product"}],"about":[{"href":"https:\/\/www.hydraulic-cylinders.net\/da\/wp-json\/wp\/v2\/types\/product"}],"replies":[{"embeddable":true,"href":"https:\/\/www.hydraulic-cylinders.net\/da\/wp-json\/wp\/v2\/comments?post=15252"}],"wp:featuredmedia":[{"embeddable":true,"href":"https:\/\/www.hydraulic-cylinders.net\/da\/wp-json\/wp\/v2\/media\/14789"}],"wp:attachment":[{"href":"https:\/\/www.hydraulic-cylinders.net\/da\/wp-json\/wp\/v2\/media?parent=15252"}],"wp:term":[{"taxonomy":"product_brand","embeddable":true,"href":"https:\/\/www.hydraulic-cylinders.net\/da\/wp-json\/wp\/v2\/product_brand?post=15252"},{"taxonomy":"product_cat","embeddable":true,"href":"https:\/\/www.hydraulic-cylinders.net\/da\/wp-json\/wp\/v2\/product_cat?post=15252"},{"taxonomy":"product_tag","embeddable":true,"href":"https:\/\/www.hydraulic-cylinders.net\/da\/wp-json\/wp\/v2\/product_tag?post=15252"}],"curies":[{"name":"wp","href":"https:\/\/api.w.org\/{rel}","templated":true}]}}