{"id":15255,"date":"2025-01-19T14:18:02","date_gmt":"2025-01-19T14:18:02","guid":{"rendered":"https:\/\/www.hydraulic-cylinders.net\/product\/bucket-cylinder-for-caterpillar-large-excavator-e330d-330l\/"},"modified":"2025-01-19T14:18:04","modified_gmt":"2025-01-19T14:18:04","slug":"bucket-cylinder-for-caterpillar-large-excavator-e330d-330l","status":"publish","type":"product","link":"https:\/\/www.hydraulic-cylinders.net\/da\/vare\/bucket-cylinder-for-caterpillar-large-excavator-e330d-330l\/","title":{"rendered":"Skovlcylinder til Caterpillar stor gravemaskine E330D\/330L"},"content":{"rendered":"<h1>Skovlcylinder til Caterpillar stor gravemaskine E330D\/330L<\/h1>\n<h2>Indledning<\/h2>\n<p>Skovlcylinderen til Caterpillar store gravemaskine E330D\/330L er en specialdesignet hydraulisk cylinder, der prim\u00e6rt bruges til at styre skovlens bev\u00e6gelse i tunge maskiner s\u00e5som gravemaskiner, rendegravere og frontl\u00e6ssere. Dens hovedfunktion er at give skovlen mulighed for at l\u00f8fte, s\u00e6nke og vippe, hvilket g\u00f8r det lettere at h\u00e5ndtere forskellige materialeh\u00e5ndteringsopgaver. I det hydrauliske system styrer skovlcylinderen skovlens pr\u00e6cise bev\u00e6gelse gennem \u00e6ndringer i hydraulikolietrykket, hvilket g\u00f8r det muligt for f\u00f8rere effektivt at h\u00e5ndtere tunge l\u00e6s og tilpasse sig komplekse arbejdsmilj\u00f8er og forskellige driftskrav.<\/p>\n<p><img decoding=\"async\" src=\"https:\/\/www.hydraulic-cylinders.net\/wp-content\/uploads\/2025\/01\/songte-company-2.webp\" \/><\/p>\n<h2>Funktioner<\/h2>\n<ul>\n<li>\n<h3>H\u00f8j styrke og holdbarhed<\/h3>\n<p>Skovlcylinderen er normalt lavet af h\u00f8jstyrkest\u00e5l eller aluminium, som kan modst\u00e5 h\u00f8jt tryk og tunge belastninger, tilpasse sig barske arbejdsmilj\u00f8er og er designet til slidstyrke og korrosionsbestandighed, hvilket forl\u00e6nger dens levetid.<\/p>\n<\/li>\n<li>\n<h3>Effektiv hydraulisk drift<\/h3>\n<p>Skovlcylinderen bruger trykket fra hydraulikolien til at opn\u00e5 j\u00e6vne forl\u00e6ngelses- og sammentr\u00e6kningsbev\u00e6gelser, kan hurtigt reagere p\u00e5 styrekommandoer, yde kraftige skubbe- og tr\u00e6kkr\u00e6fter og er velegnet til h\u00e5ndtering af tunge belastninger og komplekse driftsopgaver.<\/p>\n<\/li>\n<li>\n<h3>Forskellige typer<\/h3>\n<p>Skovlcylinderen kan v\u00e6lges som enkeltvirkende (hydraulisk anvendes kun i \u00e9n retning) eller dobbeltvirkende (hydraulisk anvendes i begge retninger) cylinder i henhold til behovet for at opfylde forskellige driftskrav. Nogle modeller er teleskopiske, hvilket giver mulighed for st\u00f8rre udtr\u00e6k uden at \u00f8ge de udvendige dimensioner og er velegnede til applikationer med begr\u00e6nset plads.<\/p>\n<\/li>\n<li>\n<h3>Perfekt erstatning<\/h3>\n<p>Vores produkter kan perfekt erstatte disse hydrauliske cylindre. Vi tilbyder forskellige typer og modeller af skovlcylindre og kan tilpasses efter kundernes behov.<\/p>\n<\/li>\n<li>\n<h3>Bred anvendelse<\/h3>\n<p>Skovlcylinderen bruges i vid udstr\u00e6kning i forskellige entrepren\u00f8rmaskiner, s\u00e5som gravemaskiner, rendegravere, frontl\u00e6ssere og landbrugsmaskiner, s\u00e5som l\u00e6ssere, gravemaskiner osv. Den bruges ogs\u00e5 i andet materialeh\u00e5ndteringsudstyr, s\u00e5som gaffeltrucks.<\/p>\n<\/li>\n<\/ul>\n<h2>Designovervejelser og udv\u00e6lgelseskriterier<\/h2>\n<ul>\n<li>\n<h3>B\u00e6reevne<\/h3>\n<p>Skovlcylinderen skal kunne modst\u00e5 belastningen og trykket fra det materiale, der h\u00e5ndteres, og cylinderens b\u00e6reevne b\u00f8r bestemmes i henhold til de specifikke driftskrav.<\/p>\n<\/li>\n<li>\n<h3>Forseglingsevne<\/h3>\n<p>Skovlcylinderen bruger forskellige t\u00e6tningselementer, s\u00e5som stempelt\u00e6tninger og stangt\u00e6tninger, lavet af slidst\u00e6rke materialer som polyurethan og nitrilgummi, for at sikre god t\u00e6tningsevne og forhindre oliel\u00e6kage. Cylinderhuset og gevindenden er fint forarbejdet for at forbedre slidstyrken.<\/p>\n<\/li>\n<li>\n<h3>Holdbarhed<\/h3>\n<p>Skovlcylinderen b\u00f8r v\u00e6re lavet af materialer af h\u00f8j kvalitet, og valget af materialer og fremstillingsprocesser b\u00f8r sikre god holdbarhed og forl\u00e6nge cylinderens levetid.<\/p>\n<\/li>\n<li>\n<h3>Sikkerhed<\/h3>\n<p>Skovlcylinderen skal designes og fremstilles under hensyntagen til sikkerheden, og dens sikkerhedspr\u00e6station skal opfylde relevante nationale og internationale standarder.<\/p>\n<\/li>\n<li>\n<h3>Opretholdelse<\/h3>\n<p>Skovlcylinderen skal v\u00e6re nem at vedligeholde og reparere, og dens komponenter skal v\u00e6re nemme at adskille og udskifte. Regelm\u00e6ssig inspektion og vedligeholdelse b\u00f8r udf\u00f8res for at sikre, at cylinderen er i god stand.<\/p>\n<\/li>\n<\/ul>\n<p><img decoding=\"async\" src=\"https:\/\/www.hydraulic-cylinders.net\/wp-content\/uploads\/2025\/01\/songte-oil-pipes-and-spare-parts.webp\" \/><\/p>\n<h2>Installation og vedligeholdelse<\/h2>\n<p>Korrekt installation og vedligeholdelse af skovlcylinderen kan bidrage til at sikre dens langsigtede og p\u00e5lidelige drift. F\u00f8lgende er almindelige vedligeholdelsesopgaver:<\/p>\n<h3>Regelm\u00e6ssig inspektion<\/h3>\n<p>Regelm\u00e6ssig inspektion af skovlcylinderen kan hj\u00e6lpe med at opdage potentielle problemer og forhindre funktionsfejl. Det omfatter kontrol af hydraulikoliestanden, kontrol af t\u00e6tninger og pakninger for slid og skader samt kontrol af cylinderen for revner og andre skader.<\/p>\n<h3>Sm\u00f8ring<\/h3>\n<p>Skovlcylinderen kr\u00e6ver regelm\u00e6ssig sm\u00f8ring for at sikre j\u00e6vn og effektiv drift. Den passende hydraulikolie skal v\u00e6lges og p\u00e5fyldes i henhold til producentens anbefalinger.<\/p>\n<h3>Udskiftning af pakning og kalibreringskontrol<\/h3>\n<p>Pakningerne p\u00e5 skovlcylinderen b\u00f8r udskiftes regelm\u00e6ssigt for at forhindre oliel\u00e6kage. Derudover b\u00f8r der udf\u00f8res kalibreringskontroller for at sikre, at cylinderen fungerer korrekt.<\/p>\n<h2>Sikkerhedshensyn og milj\u00f8faktorer<\/h2>\n<p>N\u00e5r du bruger skovlcylinderen, er det vigtigt at f\u00f8lge sikkerhedsforanstaltninger for at forhindre ulykker. Almindelige sikkerhedsforanstaltninger omfatter at b\u00e6re beskyttelsest\u00f8j og -udstyr, f\u00f8lge drifts- og vedligeholdelsesprocedurer og bruge passende tilbeh\u00f8r og redskaber.<\/p>\n<p><img decoding=\"async\" src=\"https:\/\/www.hydraulic-cylinders.net\/wp-content\/uploads\/2025\/01\/songte-bushings-with-all-kinds-of-excavator-models.webp\" \/><\/p>\n<h2>Fejlfinding og almindelige problemer<\/h2>\n<p>Skovlcylinderen kan st\u00f8de p\u00e5 forskellige problemer under drift, s\u00e5som oliel\u00e6kage, utilstr\u00e6kkelig kraft og unormal st\u00f8j. For at diagnosticere og l\u00f8se disse problemer er det n\u00f8dvendigt at identificere \u00e5rsagen og tr\u00e6ffe passende foranstaltninger. Almindelige l\u00f8sninger omfatter justering af hydrauliktrykket, udskiftning af pakninger og reparation eller udskiftning af beskadigede dele.<\/p>\n<h2>Om vores virksomhed<\/h2>\n<p>Vi er en producent af hydrauliske cylindre og en f\u00f8rende producent og grossist af hydrauliske cylindre p\u00e5 det indenlandske og internationale marked. Vi overholder princippet om fremragende kvalitet og er afh\u00e6ngige af den industrialiserede produktionsstyringsstrategi fra fine produktionsv\u00e6rksteder. Vores virksomhed forbedrer l\u00f8bende v\u00e6rkstedets produktionsplatform, forbedrer produktets kvalitetsproduktionslinje og har st\u00e6rk kreativitet, h\u00f8j effektivitet, h\u00f8j pr\u00e6cision og produkter af h\u00f8j kvalitet for at im\u00f8dekomme kundernes forskellige behov.<\/p>\n<ul>\n<li>\n<h3>Professionalitet<\/h3>\n<p>Vores virksomhed har et professionelt team af ingeni\u00f8rer og teknikere med stor erfaring inden for design og fremstilling af hydrauliske cylindre. De kan tilbyde kunderne skr\u00e6ddersyede l\u00f8sninger og teknisk support.<\/p>\n<\/li>\n<li>\n<h3>International certificering<\/h3>\n<p>Vores virksomheds produkter har opn\u00e5et forskellige internationale certificeringer, s\u00e5som CE, ISO og SGS, hvilket kan sikre, at vores produkter opfylder internationale standarder og kundekrav.<\/p>\n<\/li>\n<li>\n<h3>Tilpasningstjeneste<\/h3>\n<p>Vores virksomhed kan tilpasse hydrauliske cylindre efter kundernes krav, s\u00e5som st\u00f8rrelse, tryk og materiale.<\/p>\n<\/li>\n<li>\n<h3>Produktionsudstyr<\/h3>\n<p>Vores virksomhed har avanceret produktionsudstyr, s\u00e5som CNC-bearbejdningscentre, svejserobotter og testudstyr, som kan sikre den h\u00f8je kvalitet og pr\u00e6cision af vores produkter.<\/p>\n<\/li>\n<li>\n<h3>Eftersalgsservice<\/h3>\n<p>Vores virksomhed tilbyder kunderne omfattende eftersalgsservice, s\u00e5som teknisk support, produktvedligeholdelse og reparationstjenester, for at sikre, at kunderne kan bruge vores produkter med tillid.<\/p>\n<\/li>\n<\/ul>\n<p><img decoding=\"async\" src=\"https:\/\/hzpt.com\/wp-content\/uploads\/2024\/11\/songte-company-1.webp\" \/><\/p>\n<p>Forfatter: lyl<\/p>","protected":false},"excerpt":{"rendered":"<p>Bucket Cylinder For Caterpillar Large Excavator E330D\/330L Introduction The bucket cylinder for Caterpillar large excavator E330D\/330L is a specially designed hydraulic cylinder that is mainly used to control the movement of the bucket in heavy machinery such as excavators, backhoes, and front-end loaders. Its main function is to allow the bucket to lift, lower, and [&hellip;]<\/p>","protected":false},"featured_media":14785,"comment_status":"open","ping_status":"closed","template":"","meta":{"_et_pb_use_builder":"","_et_pb_old_content":"","_et_gb_content_width":""},"product_brand":[],"product_cat":[1494],"product_tag":[1495,1496],"class_list":{"0":"post-15255","1":"product","2":"type-product","3":"status-publish","4":"has-post-thumbnail","6":"product_cat-bucket-cylinders","7":"product_tag-bucket-cylinders","8":"product_tag-hydraulic-cylinders","10":"first","11":"instock","12":"shipping-taxable","13":"product-type-simple"},"amp_enabled":true,"_links":{"self":[{"href":"https:\/\/www.hydraulic-cylinders.net\/da\/wp-json\/wp\/v2\/product\/15255","targetHints":{"allow":["GET"]}}],"collection":[{"href":"https:\/\/www.hydraulic-cylinders.net\/da\/wp-json\/wp\/v2\/product"}],"about":[{"href":"https:\/\/www.hydraulic-cylinders.net\/da\/wp-json\/wp\/v2\/types\/product"}],"replies":[{"embeddable":true,"href":"https:\/\/www.hydraulic-cylinders.net\/da\/wp-json\/wp\/v2\/comments?post=15255"}],"wp:featuredmedia":[{"embeddable":true,"href":"https:\/\/www.hydraulic-cylinders.net\/da\/wp-json\/wp\/v2\/media\/14785"}],"wp:attachment":[{"href":"https:\/\/www.hydraulic-cylinders.net\/da\/wp-json\/wp\/v2\/media?parent=15255"}],"wp:term":[{"taxonomy":"product_brand","embeddable":true,"href":"https:\/\/www.hydraulic-cylinders.net\/da\/wp-json\/wp\/v2\/product_brand?post=15255"},{"taxonomy":"product_cat","embeddable":true,"href":"https:\/\/www.hydraulic-cylinders.net\/da\/wp-json\/wp\/v2\/product_cat?post=15255"},{"taxonomy":"product_tag","embeddable":true,"href":"https:\/\/www.hydraulic-cylinders.net\/da\/wp-json\/wp\/v2\/product_tag?post=15255"}],"curies":[{"name":"wp","href":"https:\/\/api.w.org\/{rel}","templated":true}]}}