{"id":15259,"date":"2025-01-19T14:18:18","date_gmt":"2025-01-19T14:18:18","guid":{"rendered":"https:\/\/www.hydraulic-cylinders.net\/product\/bucket-cylinder-for-caterpillar-large-excavator-e390d\/"},"modified":"2025-01-19T14:18:20","modified_gmt":"2025-01-19T14:18:20","slug":"bucket-cylinder-for-caterpillar-large-excavator-e390d","status":"publish","type":"product","link":"https:\/\/www.hydraulic-cylinders.net\/da\/vare\/bucket-cylinder-for-caterpillar-large-excavator-e390d\/","title":{"rendered":"Skovlcylinder til Caterpillar stor gravemaskine E390D"},"content":{"rendered":"<h1>Skovlcylinder til Caterpillar stor gravemaskine E390D<\/h1>\n<h2>Indledning<\/h2>\n<p>En skovlcylinder er en specialdesignet hydraulisk cylinder, der bruges til at styre skovlens bev\u00e6gelse i tunge maskiner, s\u00e5som gravemaskiner, rendegravere og frontl\u00e6ssere. Dens prim\u00e6re funktion er at tillade skovlen at l\u00f8fte, s\u00e6nke og vippe, hvilket g\u00f8r den velegnet til forskellige materialeh\u00e5ndteringsopgaver. I det hydrauliske system styrer skovlcylinderen pr\u00e6cist skovlens bev\u00e6gelser gennem \u00e6ndringer i hydraulikolietrykket, hvilket g\u00f8r det muligt for operat\u00f8rer effektivt at h\u00e5ndtere tunge l\u00e6s og tilpasse sig komplekse arbejdsmilj\u00f8er og forskellige jobkrav. <\/p>\n<p><img decoding=\"async\" src=\"https:\/\/www.hydraulic-cylinders.net\/wp-content\/uploads\/2025\/01\/songte-company-2.webp\"><\/p>\n<h2>Funktioner<\/h2>\n<ul>\n<li>\n<h3>H\u00f8j styrke og holdbarhed<\/h3>\n<p>Skovlcylindre er typisk lavet af h\u00f8jstyrkest\u00e5l eller aluminium og kan modst\u00e5 h\u00f8jt tryk og tunge belastninger, hvilket g\u00f8r dem velegnede til barske arbejdsmilj\u00f8er. De er designet med slidstyrke og korrosionsbestandighed i tankerne, hvilket forl\u00e6nger deres levetid.<\/p>\n<\/li>\n<li>\n<h3>Effektiv hydraulisk drift<\/h3>\n<p>Skovlcylindre bruger hydraulisk olietryk til at opn\u00e5 j\u00e6vne ud- og tilbagetr\u00e6kningsbev\u00e6gelser. De kan reagere hurtigt p\u00e5 styrekommandoer og levere kraftige skubbe- og tr\u00e6kkr\u00e6fter, der er egnede til h\u00e5ndtering af tunge belastninger og komplekse arbejdsopgaver.<\/p>\n<\/li>\n<li>\n<h3>Forskellige typer<\/h3>\n<p>Skovlcylindre kan v\u00e6re enkeltvirkende (kun ved brug af hydraulisk tryk i \u00e9n retning) eller dobbeltvirkende (ved brug af hydraulisk tryk i begge retninger), afh\u00e6ngigt af de operationelle behov. Nogle modeller er teleskopiske, hvilket giver mulighed for st\u00f8rre udtr\u00e6k uden at \u00f8ge de udvendige dimensioner, hvilket g\u00f8r dem velegnede til applikationer med begr\u00e6nset plads.<\/p>\n<\/li>\n<li>\n<h3>Kompatibel med forskellige gravemaskinemodeller<\/h3>\n<p>Vores produkt kan perfekt erstatte disse hydrauliske cylindre. <\/p>\n<\/li>\n<\/ul>\n<p><img decoding=\"async\" src=\"https:\/\/www.hydraulic-cylinders.net\/wp-content\/uploads\/2025\/01\/songte-cylinder-head-with-all-kinds-excavator-models.webp\"><\/p>\n<h2>Applikationer<\/h2>\n<p>Skovlcylindre er essentielle komponenter i forskellige tunge maskiner, herunder, men ikke begr\u00e6nset til:<\/p>\n<ul>\n<li>\n<h3>Entrepren\u00f8rudstyr<\/h3>\n<p>I gravemaskiner er de afg\u00f8rende for udgravning, lastning og flytning af jord eller affald. I rendegravere hj\u00e6lper skovlcylinderen med b\u00e5de gravning og l\u00f8ft. <\/p>\n<\/li>\n<li>\n<h3>Landbrugsmaskiner<\/h3>\n<p>Anvendes i frontl\u00e6ssere til at opgrave, l\u00f8fte og transportere jord, h\u00f8 og andre materialer. <\/p>\n<\/li>\n<li>\n<h3>Gravemaskiner<\/h3>\n<p>Skovlcylinderen g\u00f8r det muligt for skovlen at tr\u00e6nge ned i jorden og udf\u00f8re gravehandlinger. <\/p>\n<\/li>\n<li>\n<h3>Frontl\u00e6ssere<\/h3>\n<p>I frontl\u00e6ssere hj\u00e6lper de med at l\u00f8fte og losse gods effektivt. <\/p>\n<\/li>\n<\/ul>\n<h2>Designovervejelser og udv\u00e6lgelseskriterier<\/h2>\n<p>Skovlcylindre er designet med flere overvejelser i tankerne:<\/p>\n<ul>\n<li>\n<h3>B\u00e6reevne<\/h3>\n<p>Skovlcylinderen skal v\u00e6re robust nok til at h\u00e5ndtere tunge belastninger og modst\u00e5 h\u00f8jt tryk.<\/p>\n<\/li>\n<li>\n<h3>Forsegling<\/h3>\n<p>Cylinderen skal v\u00e6re tilstr\u00e6kkeligt t\u00e6tnet for at forhindre oliel\u00e6kage og opretholde korrekt tryk. Den skal v\u00e6re udstyret med t\u00e6tningsmaterialer af h\u00f8j kvalitet, s\u00e5som stempelpakninger og stangpakninger lavet af slidst\u00e6rke materialer som polyurethan og nitrilgummi.<\/p>\n<\/li>\n<li>\n<h3>Holdbarhed<\/h3>\n<p>Cylinderen skal v\u00e6re holdbar nok til at modst\u00e5 slid i barske milj\u00f8er, og cylinderhuset og gevindenderne skal v\u00e6re fint forarbejdet for at forbedre slidstyrken.<\/p>\n<\/li>\n<li>\n<h3>Sikkerhed<\/h3>\n<p>Cylinderen b\u00f8r v\u00e6re konstrueret med sikkerhedsfunktioner s\u00e5som overbelastningsbeskyttelse og trykaflastningsventiler for at forhindre ulykker.<\/p>\n<\/li>\n<li>\n<h3>Vedligeholdelsesevne<\/h3>\n<p>Cylinderen skal v\u00e6re nem at vedligeholde og reparere, og det anbefales at bruge passende reservedele og reparationstjenester for at forl\u00e6nge levetiden.<\/p>\n<\/li>\n<\/ul>\n<p><img decoding=\"async\" src=\"https:\/\/www.hydraulic-cylinders.net\/wp-content\/uploads\/2025\/01\/songte-oil-pipes-and-spare-parts.webp\"><\/p>\n<h2>T\u00e6tning og sm\u00f8ring<\/h2>\n<p>Skovlcylindre kr\u00e6ver korrekt t\u00e6tning og sm\u00f8ring for at sikre optimal ydeevne. Dette inkluderer brug af forskellige t\u00e6tningskomponenter s\u00e5som stempelt\u00e6tninger, stangt\u00e6tninger og viskert\u00e6tninger lavet af slidst\u00e6rke materialer. Cylinderhuset og gevindenderne b\u00f8r bearbejdes for at forbedre slidstyrken. Det anbefales at regelm\u00e6ssigt sm\u00f8re med hydraulikolie for at sikre problemfri drift.<\/p>\n<h2>Vedligeholdelse og reparation<\/h2>\n<p>Regelm\u00e6ssig vedligeholdelse og reparation er afg\u00f8rende for at opretholde cylinderens optimale ydeevne. Almindelige vedligeholdelsesopgaver omfatter regelm\u00e6ssig inspektion, korrekt sm\u00f8ring, udskiftning af pakninger og kalibreringskontrol. Det er ogs\u00e5 vigtigt at sikre korrekt installation, sm\u00f8ring og justering for at \u00f8ge cylinderens levetid. <\/p>\n<p><img decoding=\"async\" src=\"https:\/\/www.hydraulic-cylinders.net\/wp-content\/uploads\/2025\/01\/songte-chushion-collar.webp\"><\/p>\n<h2>Sikkerhedshensyn<\/h2>\n<p>Skovlcylindre skal betjenes under passende sikkerhedsforanstaltninger, og de anbefalede sikkerhedsretningslinjer skal f\u00f8lges. Cylinderen skal installeres og betjenes af kvalificeret personale for at forhindre ulykker.<\/p>\n<h2>Fejldiagnose og fejlfinding<\/h2>\n<p>Almindelige fejl i skovlcylindre omfatter oliel\u00e6kage, utilstr\u00e6kkelig effekt og langsom drift. Effektive fejlfindingsmetoder omfatter kontrol af hydraulikolieniveauet, inspektion af cylinderen for skader eller slid og udskiftning af slidte eller beskadigede pakninger. Det er vigtigt at f\u00f8lge de anbefalede vedligeholdelsesprocedurer for at forhindre disse fejl.<\/p>\n<p><img decoding=\"async\" src=\"https:\/\/www.hydraulic-cylinders.net\/wp-content\/uploads\/2025\/01\/songte-bushings-with-all-kinds-of-excavator-models.webp\"><\/p>\n<h2>Om os<\/h2>\n<p>Vi er en producent af hydrauliske udskiftningscylindre med et komplet produktsortiment. Vi er blevet en af \u200b\u200bde f\u00f8rende producenter og engrosdistribut\u00f8rer af hydrauliske cylindre p\u00e5 det indenlandske og internationale marked. Vi f\u00f8lger fremragende kvalitet, stoler p\u00e5 omhyggeligt udformede produktionsv\u00e6rksteders industrielle produktionsstyringsstrategier og forbedrer konstant produktionsplatformen, forbedrer produktkvaliteten i produktionslinjerne og har en st\u00e6rk kreativ evne til at im\u00f8dekomme kundernes forskellige behov med h\u00f8j effektivitet, h\u00f8j pr\u00e6cision og principper for h\u00f8j kvalitet. <\/p>\n<p><img decoding=\"async\" src=\"https:\/\/hzpt.com\/wp-content\/uploads\/2024\/11\/songte-company-1.webp\"><\/p>\n<h3>Professionalitet<\/h3>\n<p>Vi har et team af h\u00f8jt kvalificerede ingeni\u00f8rer og teknikere, der designer og fremstiller hydrauliske cylindre, der opfylder de h\u00f8jeste kvalitetsstandarder. <\/p>\n<h3>Internationale certificeringer<\/h3>\n<p>Vores produkter er certificeret med forskellige internationale standarder, herunder ISO, CE og SGS. <\/p>\n<h3>Tilpasningstjenester<\/h3>\n<p>Vi leverer skr\u00e6ddersyede hydrauliske cylindre, der opfylder specifikke kundekrav, herunder design, fremstilling og testning. <\/p>\n<h3>Produktionsudstyr<\/h3>\n<p>Vi bruger avanceret udstyr, herunder CNC-bearbejdningscentre, pr\u00e6cisionsslibemaskiner og testudstyr. <\/p>\n<h3>Eftersalgsservice<\/h3>\n<p>Vi tilbyder omfattende eftersalgsservice, herunder vedligeholdelse, reparation og ombygning, for at sikre optimal ydeevne og holdbarhed. <\/p>\n<p>Forfatter: lyl.<\/p>","protected":false},"excerpt":{"rendered":"<p>Bucket Cylinder For Caterpillar Large Excavator E390D Introduction A bucket cylinder is a specially designed hydraulic cylinder used to control the movement of the bucket in heavy machinery, such as excavators, backhoe loaders, and front-end loaders. Its primary function is to allow the bucket to lift, lower and tilt, making it suitable for various material [&hellip;]<\/p>","protected":false},"featured_media":14778,"comment_status":"open","ping_status":"closed","template":"","meta":{"_et_pb_use_builder":"","_et_pb_old_content":"","_et_gb_content_width":""},"product_brand":[],"product_cat":[1494],"product_tag":[1495,1496],"class_list":{"0":"post-15259","1":"product","2":"type-product","3":"status-publish","4":"has-post-thumbnail","6":"product_cat-bucket-cylinders","7":"product_tag-bucket-cylinders","8":"product_tag-hydraulic-cylinders","10":"first","11":"instock","12":"shipping-taxable","13":"product-type-simple"},"amp_enabled":true,"_links":{"self":[{"href":"https:\/\/www.hydraulic-cylinders.net\/da\/wp-json\/wp\/v2\/product\/15259","targetHints":{"allow":["GET"]}}],"collection":[{"href":"https:\/\/www.hydraulic-cylinders.net\/da\/wp-json\/wp\/v2\/product"}],"about":[{"href":"https:\/\/www.hydraulic-cylinders.net\/da\/wp-json\/wp\/v2\/types\/product"}],"replies":[{"embeddable":true,"href":"https:\/\/www.hydraulic-cylinders.net\/da\/wp-json\/wp\/v2\/comments?post=15259"}],"wp:featuredmedia":[{"embeddable":true,"href":"https:\/\/www.hydraulic-cylinders.net\/da\/wp-json\/wp\/v2\/media\/14778"}],"wp:attachment":[{"href":"https:\/\/www.hydraulic-cylinders.net\/da\/wp-json\/wp\/v2\/media?parent=15259"}],"wp:term":[{"taxonomy":"product_brand","embeddable":true,"href":"https:\/\/www.hydraulic-cylinders.net\/da\/wp-json\/wp\/v2\/product_brand?post=15259"},{"taxonomy":"product_cat","embeddable":true,"href":"https:\/\/www.hydraulic-cylinders.net\/da\/wp-json\/wp\/v2\/product_cat?post=15259"},{"taxonomy":"product_tag","embeddable":true,"href":"https:\/\/www.hydraulic-cylinders.net\/da\/wp-json\/wp\/v2\/product_tag?post=15259"}],"curies":[{"name":"wp","href":"https:\/\/api.w.org\/{rel}","templated":true}]}}