{"id":15265,"date":"2025-01-19T14:18:42","date_gmt":"2025-01-19T14:18:42","guid":{"rendered":"https:\/\/www.hydraulic-cylinders.net\/product\/bucket-cylinder-for-caterpillar-wheel-excavator-m217dz\/"},"modified":"2025-01-19T14:18:44","modified_gmt":"2025-01-19T14:18:44","slug":"bucket-cylinder-for-caterpillar-wheel-excavator-m217dz","status":"publish","type":"product","link":"https:\/\/www.hydraulic-cylinders.net\/da\/vare\/bucket-cylinder-for-caterpillar-wheel-excavator-m217dz\/","title":{"rendered":"Skovlcylinder til Caterpillar hjulgraver M217DZ"},"content":{"rendered":"<h1>Skovlcylinder til Caterpillar hjulgraver M217DZ<\/h1>\n<h2>Indledning<\/h2>\n<p>En skovlcylinder er en specialiseret hydraulisk cylinder, der prim\u00e6rt bruges til at styre skovlens bev\u00e6gelse i tunge maskiner s\u00e5som gravemaskiner, rendegravere og frontl\u00e6ssere. Dens prim\u00e6re funktion er at g\u00f8re det muligt for skovlen at l\u00f8fte, s\u00e6nke og vippe, hvilket g\u00f8r det lettere at h\u00e5ndtere forskellige materialeh\u00e5ndteringsopgaver. I det hydrauliske system opn\u00e5r skovlcylinderen pr\u00e6cis kontrol over skovlen gennem \u00e6ndringer i hydraulikolietrykket, hvilket g\u00f8r det muligt for f\u00f8reren effektivt at h\u00e5ndtere tunge belastninger og tilpasse sig komplekse arbejdsmilj\u00f8er og forskellige driftskrav.<\/p>\n<p><img decoding=\"async\" src=\"https:\/\/www.hydraulic-cylinders.net\/wp-content\/uploads\/2025\/01\/songte-company-2.webp\"><\/p>\n<h2>Funktioner<\/h2>\n<ul>\n<li><strong>H\u00f8j styrke og holdbarhed:<\/strong> Den er typisk fremstillet af h\u00f8jstyrkest\u00e5l eller aluminium og kan modst\u00e5 h\u00f8jt tryk og tunge belastninger, og den tilpasser sig dermed barske arbejdsmilj\u00f8er. Designet tager h\u00f8jde for slidstyrke og korrosionsbestandighed for at forl\u00e6nge levetiden.<\/li>\n<li><strong>Effektiv hydraulisk drift:<\/strong> Bruger hydraulisk olietryk til at opn\u00e5 j\u00e6vne forl\u00e6ngelses- og sammentr\u00e6kningsbev\u00e6gelser, hvilket muligg\u00f8r hurtig reaktion p\u00e5 kontrolkommandoer og giver kraftige skubbe- og tr\u00e6kkr\u00e6fter, der er velegnede til h\u00e5ndtering af tunge belastninger og komplekse arbejdsopgaver.<\/li>\n<li><strong>Forskellige typer:<\/strong> Enkeltvirkende (hydraulisk anvendt i \u00e9n retning) eller dobbeltvirkende (hydraulisk anvendt i to retninger) cylindre kan v\u00e6lges efter behov for at opfylde forskellige driftskrav. Nogle modeller er teleskopiske, hvilket giver mulighed for st\u00f8rre udtr\u00e6k uden at \u00f8ge de udvendige dimensioner, og er velegnede til applikationer med begr\u00e6nset plads.<\/li>\n<li><strong>Perfekt erstatning:<\/strong> Vores produkt kan v\u00e6re en perfekt erstatning for disse hydrauliske cylindre.<\/li>\n<\/ul>\n<p><img decoding=\"async\" src=\"https:\/\/www.hydraulic-cylinders.net\/wp-content\/uploads\/2025\/01\/songte-cylinder-head-with-all-kinds-excavator-models.webp\"><\/p>\n<h2>Applikationer<\/h2>\n<p>Skovlcylindre anvendes i vid udstr\u00e6kning i en r\u00e6kke forskellige udstyr, herunder:<\/p>\n<ul>\n<li><strong>Entrepren\u00f8rudstyr:<\/strong> I gravemaskiner er de afg\u00f8rende for at grave, l\u00e6sse og flytte jord eller affald. I rendegravere hj\u00e6lper skovlcylindre med b\u00e5de gravning og l\u00f8ft. <\/li>\n<li><strong>Landbrugsmaskiner:<\/strong> Anvendes i frontl\u00e6ssere til at opgrave, l\u00f8fte og transportere jord, h\u00f8 og andre materialer. <\/li>\n<li><strong>Gravemaskiner:<\/strong> Skovlcylindere muligg\u00f8r gravefunktioner ved at lade skovlen tr\u00e6nge ned i jorden. <\/li>\n<li><strong>L\u00e6ssere:<\/strong> I frontl\u00e6ssere hj\u00e6lper de med effektivt at l\u00f8fte og losse last. <\/li>\n<\/ul>\n<h2>Designovervejelser og udv\u00e6lgelseskriterier<\/h2>\n<ul>\n<li><strong>B\u00e6reevne:<\/strong> Cylinderen skal kunne modst\u00e5 den belastning og det tryk, som udstyret ud\u00f8ver. <\/li>\n<li><strong>Forsegling:<\/strong> Forskellige t\u00e6tningskomponenter s\u00e5som stempelt\u00e6tninger og stangt\u00e6tninger b\u00f8r v\u00e6re lavet af slidst\u00e6rke materialer s\u00e5som polyurethan og nitrilgummi for at give fremragende t\u00e6tningsevne og forl\u00e6nge levetiden. <\/li>\n<li><strong>Holdbarhed:<\/strong> Cylinderhuset og den gevindsk\u00e5rne endeflade b\u00f8r bearbejdes pr\u00e6cist for at forbedre slidstyrken. <\/li>\n<li><strong>Sikkerhed:<\/strong> Cylinderen skal v\u00e6re konstrueret og fremstillet i henhold til sikkerhedsstandarder for at undg\u00e5 ulykker og sikre personalets og udstyrets sikkerhed. <\/li>\n<li><strong>Vedligeholdelsesevne:<\/strong> Cylinderen skal v\u00e6re nem at vedligeholde og reparere, og reservedele skal v\u00e6re let tilg\u00e6ngelige. <\/li>\n<\/ul>\n<p><img decoding=\"async\" src=\"https:\/\/www.hydraulic-cylinders.net\/wp-content\/uploads\/2025\/01\/songte-oil-pipes-and-spare-parts.webp\"><\/p>\n<h2>T\u00e6tning og sm\u00f8ring<\/h2>\n<p>Cylinderen bruger forskellige t\u00e6tningskomponenter for at give fremragende t\u00e6tningsevne og forl\u00e6nge levetiden. Stempelt\u00e6tningen og stangt\u00e6tningen er lavet af slidst\u00e6rke materialer som polyurethan og nitrilgummi. Cylinderhuset og gevindenden er pr\u00e6cist forarbejdet for at forbedre slidstyrken. Tilstr\u00e6kkelig hydraulikolie er n\u00f8dvendig for at sm\u00f8re og opretholde cylinderens problemfri drift. Derfor er regelm\u00e6ssig vedligeholdelse og p\u00e5fyldning af hydraulikolie p\u00e5kr\u00e6vet.<\/p>\n<h2>Vedligeholdelse og reparation<\/h2>\n<p>Regelm\u00e6ssig inspektion, korrekt sm\u00f8ring, udskiftning af pakninger og kalibreringskontrol er almindelige vedligeholdelsesopgaver for skovlcylindre. Korrekt installation, sm\u00f8ring og justering er afg\u00f8rende for at forl\u00e6nge cylinderens levetid. Under installationen er korrekt justering af cylinderen n\u00f8dvendig, og det anbefales at bruge passende monteringsbeslag til at fastg\u00f8re cylinderen. Det anbefales at f\u00f8lge de anbefalede inspektions-, reparations- og udskiftningsprocedurer og tilbyde udskiftning og reparation af dele for at forl\u00e6nge cylinderens levetid.<\/p>\n<p><img decoding=\"async\" src=\"https:\/\/www.hydraulic-cylinders.net\/wp-content\/uploads\/2025\/01\/songte-chushion-collar.webp\"><\/p>\n<h2>Sikkerhedshensyn og milj\u00f8faktorer<\/h2>\n<p>N\u00e5r man bruger en spandcylinder, er det vigtigt at f\u00f8lge sikkerhedsforanstaltninger for at forhindre ulykker og beskytte personale og udstyr. Milj\u00f8faktorer som temperatur, fugtighed og luftkvalitet skal tages i betragtning for at sikre cylinderens optimale ydeevne og forl\u00e6nge dens levetid.<\/p>\n<h2>Fejldiagnose og almindelige problemer<\/h2>\n<p>Almindelige problemer med skovlcylindre omfatter oliel\u00e6kage, slid p\u00e5 pakninger, skader p\u00e5 stempel og stang samt unormal st\u00f8j. For at diagnosticere og l\u00f8se disse problemer effektivt er regelm\u00e6ssig inspektion og vedligeholdelse afg\u00f8rende. Det er bedst at f\u00f8lge de anbefalede vedligeholdelsesprocedurer og tr\u00e6ffe effektive forebyggende foranstaltninger for at minimere potentielle problemer.<\/p>\n<p><img decoding=\"async\" src=\"https:\/\/www.hydraulic-cylinders.net\/wp-content\/uploads\/2025\/01\/songte-bushings-with-all-kinds-of-excavator-models.webp\"><\/p>\n<h2>Om vores virksomhed<\/h2>\n<p>Vi er en producent af hydrauliske udskiftningscylindre og har et komplet produktsortiment. Vi er blevet en af \u200b\u200bde f\u00f8rende producenter og engrosdistribut\u00f8rer af hydrauliske cylindre p\u00e5 det indenlandske og internationale marked. Vi f\u00f8lger den fremragende kvalitet og er afh\u00e6ngige af den industrialiserede produktionsstyringsstrategi fra sofistikerede produktionsv\u00e6rksteder. Virksomheden forbedrer l\u00f8bende v\u00e6rkstedets produktionsplatform ved hj\u00e6lp af tekniske talenter, digitalt avanceret produktionsudstyr og professionelle testsystemer for at forbedre produktionslinjens produktkvalitet og har en st\u00e6rk kreativ evne til at im\u00f8dekomme kundernes diversificerede behov med h\u00f8j effektivitet, h\u00f8j n\u00f8jagtighed og h\u00f8je kvalitetsprincipper. <\/p>\n<p><img decoding=\"async\" src=\"https:\/\/hzpt.com\/wp-content\/uploads\/2024\/11\/songte-company-1.webp\"><\/p>\n<p>Vi tilbyder professionelle tjenester, international certificering, tilpassede tjenester, produktionsudstyr og eftersalgsservice osv.<\/p>\n<p>Forfatter: lyl.<\/p>","protected":false},"excerpt":{"rendered":"<p>Bucket Cylinder For Caterpillar Wheel Excavator M217DZ Introduction A bucket cylinder is a specialized hydraulic cylinder mainly used to control the movement of the bucket in heavy machinery such as excavators, backhoe loaders, and front-end loaders. Its primary function is to enable the bucket to perform lifting, lowering, and tilting, making it easier to handle [&hellip;]<\/p>","protected":false},"featured_media":14762,"comment_status":"open","ping_status":"closed","template":"","meta":{"_et_pb_use_builder":"","_et_pb_old_content":"","_et_gb_content_width":""},"product_brand":[],"product_cat":[1494],"product_tag":[1495,1496],"class_list":{"0":"post-15265","1":"product","2":"type-product","3":"status-publish","4":"has-post-thumbnail","6":"product_cat-bucket-cylinders","7":"product_tag-bucket-cylinders","8":"product_tag-hydraulic-cylinders","10":"first","11":"instock","12":"shipping-taxable","13":"product-type-simple"},"amp_enabled":true,"_links":{"self":[{"href":"https:\/\/www.hydraulic-cylinders.net\/da\/wp-json\/wp\/v2\/product\/15265","targetHints":{"allow":["GET"]}}],"collection":[{"href":"https:\/\/www.hydraulic-cylinders.net\/da\/wp-json\/wp\/v2\/product"}],"about":[{"href":"https:\/\/www.hydraulic-cylinders.net\/da\/wp-json\/wp\/v2\/types\/product"}],"replies":[{"embeddable":true,"href":"https:\/\/www.hydraulic-cylinders.net\/da\/wp-json\/wp\/v2\/comments?post=15265"}],"wp:featuredmedia":[{"embeddable":true,"href":"https:\/\/www.hydraulic-cylinders.net\/da\/wp-json\/wp\/v2\/media\/14762"}],"wp:attachment":[{"href":"https:\/\/www.hydraulic-cylinders.net\/da\/wp-json\/wp\/v2\/media?parent=15265"}],"wp:term":[{"taxonomy":"product_brand","embeddable":true,"href":"https:\/\/www.hydraulic-cylinders.net\/da\/wp-json\/wp\/v2\/product_brand?post=15265"},{"taxonomy":"product_cat","embeddable":true,"href":"https:\/\/www.hydraulic-cylinders.net\/da\/wp-json\/wp\/v2\/product_cat?post=15265"},{"taxonomy":"product_tag","embeddable":true,"href":"https:\/\/www.hydraulic-cylinders.net\/da\/wp-json\/wp\/v2\/product_tag?post=15265"}],"curies":[{"name":"wp","href":"https:\/\/api.w.org\/{rel}","templated":true}]}}