{"id":15268,"date":"2025-01-19T14:18:54","date_gmt":"2025-01-19T14:18:54","guid":{"rendered":"https:\/\/www.hydraulic-cylinders.net\/product\/bucket-cylinder-for-doosan-small-excavator-dh80-7\/"},"modified":"2025-01-19T14:19:03","modified_gmt":"2025-01-19T14:19:03","slug":"bucket-cylinder-for-doosan-small-excavator-dh80-7","status":"publish","type":"product","link":"https:\/\/www.hydraulic-cylinders.net\/da\/vare\/bucket-cylinder-for-doosan-small-excavator-dh80-7\/","title":{"rendered":"Skovlcylinder til Doosan lille gravemaskine DH80-7"},"content":{"rendered":"<p><!DOCTYPE html><br \/>\n<html><br \/>\n<head><br \/>\n\t<title>Skovlcylinder til Doosan lille gravemaskine DH80-7<\/title><br \/>\n<\/head><br \/>\n<body><\/p>\n<h1>Skovlcylinder til Doosan lille gravemaskine DH80-7<\/h1>\n<h2>Indledning<\/h2>\n<p>Skovlcylinderen er en specialdesignet hydraulisk cylinder, der bruges til at styre skovlens bev\u00e6gelse i tunge maskiner s\u00e5som gravemaskiner, rendegravere og frontl\u00e6ssere. Dens hovedfunktion er at g\u00f8re det muligt for skovlen at l\u00f8fte, s\u00e6nke og vippe, hvilket g\u00f8r den velegnet til forskellige materialeh\u00e5ndteringsopgaver. I det hydrauliske system opn\u00e5r skovlcylinderen pr\u00e6cis kontrol over skovlen ved hj\u00e6lp af tryk\u00e6ndringer i hydraulikolien, hvilket g\u00f8r det muligt for operat\u00f8rer effektivt at h\u00e5ndtere tunge belastninger og tilpasse sig komplekse arbejdsmilj\u00f8er og forskellige jobkrav.<\/p>\n<p>\t<img decoding=\"async\" src=\"https:\/\/www.hydraulic-cylinders.net\/wp-content\/uploads\/2025\/01\/songte-company-2.webp\"><\/p>\n<h2>Funktioner<\/h2>\n<ul>\n<li>H\u00f8j styrke og holdbarhed: Typisk fremstillet af h\u00f8jstyrkest\u00e5l eller aluminium, kan den modst\u00e5 h\u00f8jt tryk og tunge belastninger og tilpasse sig barske arbejdsmilj\u00f8er. Designet tager h\u00f8jde for slidstyrke og korrosionsbestandighed, hvilket forl\u00e6nger dens levetid.<\/li>\n<li>Effektiv hydraulisk drift: Ved at udnytte trykket fra hydraulikolien opn\u00e5r den en j\u00e6vn teleskopisk bev\u00e6gelse, reagerer hurtigt p\u00e5 styrekommandoer, leverer kraftige skubbe- og tr\u00e6kkr\u00e6fter og er velegnet til h\u00e5ndtering af tunge belastninger og komplekse arbejdsopgaver.<\/li>\n<li>Forskellige typer: Den kan v\u00e6lges som enkeltvirkende (hydraulisk bruges kun i \u00e9n retning) eller dobbeltvirkende (hydraulisk bruges i to retninger) cylindre alt efter behov og opfylder forskellige driftskrav. Nogle modeller er teleskopiske, hvilket giver mulighed for st\u00f8rre udtr\u00e6k uden at \u00f8ge de udvendige dimensioner og er velegnede til applikationer med begr\u00e6nset plads.<\/li>\n<p>\t\t<img decoding=\"async\" src=\"https:\/\/www.hydraulic-cylinders.net\/wp-content\/uploads\/2025\/01\/songte-cylinder-head-with-all-kinds-excavator-models.webp\"><\/p>\n<li>Applikationsscenarier<\/li>\n<ul>\n<li>Entrepren\u00f8rudstyr: De findes i gravemaskiner og er afg\u00f8rende for at grave, l\u00e6sse og flytte jord eller affald. I rendegravere hj\u00e6lper skovlcylinderen med b\u00e5de udgravning og l\u00f8ft.<\/li>\n<li>Landbrugsmaskiner: Bruges i frontl\u00e6ssere til at udgrave, l\u00f8fte og transportere jord, h\u00f8 og andre materialer.<\/li>\n<li>Gravemaskiner: Skovlcylinderen muligg\u00f8r gravefunktion ved at lade skovlen tr\u00e6nge ned i jorden.<\/li>\n<li>L\u00e6ssere: Frontl\u00e6ssere hj\u00e6lper med at l\u00f8fte og losse gods effektivt.<\/li>\n<\/ul>\n<p>\t\t<img decoding=\"async\" src=\"https:\/\/www.hydraulic-cylinders.net\/wp-content\/uploads\/2025\/01\/songte-bushings-with-all-kinds-of-excavator-models.webp\"><\/p>\n<h2>Designovervejelser og udv\u00e6lgelseskriterier<\/h2>\n<ul>\n<li>B\u00e6reevne: Cylinderens evne til at modst\u00e5 belastninger og tryk under forskellige arbejdsforhold.<\/li>\n<li>T\u00e6tning: Brug af forskellige t\u00e6tninger, s\u00e5som stempelt\u00e6tninger og stangt\u00e6tninger, lavet af slidst\u00e6rke materialer som polyurethan og nitrilgummi. Cylinderhuset og gevindenderne gennemg\u00e5r en finbehandling for at forbedre slidstyrken. Regelm\u00e6ssig sm\u00f8ring med den passende m\u00e6ngde hydraulikolie er n\u00f8dvendig.<\/li>\n<p>\t\t\t<img decoding=\"async\" src=\"https:\/\/www.hydraulic-cylinders.net\/wp-content\/uploads\/2025\/01\/songte-oil-pipes-and-spare-parts.webp\">\n\t\t<\/ul>\n<h2>Vedligeholdelses- og forebyggende foranstaltninger<\/h2>\n<ul>\n<li>Regelm\u00e6ssig inspektion og forebyggende vedligeholdelse er afg\u00f8rende for at sikre cylinderens levetid.<\/li>\n<li>Korrekt installation, sm\u00f8ring og justering spiller en afg\u00f8rende rolle for dens ydeevne. Det anbefales at justere cylinderen korrekt under installationen, og det anbefales at bruge passende monteringsbeslag til at fastg\u00f8re cylinderen.<\/li>\n<li>Almindelige vedligeholdelsesopgaver omfatter regelm\u00e6ssige kontroller, korrekt sm\u00f8ring, udskiftning af pakninger og kalibreringsinspektioner. Anbefalede inspektions-, reparations- og udskiftningsprocedurer leveres, og der tilbydes ombygningstjenester for at forl\u00e6nge cylinderens levetid.<\/li>\n<p>\t\t\t<img decoding=\"async\" src=\"https:\/\/www.hydraulic-cylinders.net\/wp-content\/uploads\/2025\/01\/songte-chushion-collar.webp\">\n\t\t<\/ul>\n<h2>Sikkerhedshensyn og milj\u00f8faktorer<\/h2>\n<p>Vigtigheden af \u200b\u200bat f\u00f8lge sikkerhedsforanstaltninger ved brug af hydrauliske cylindre med n\u00f8gleord.<\/p>\n<p>\t\t<img decoding=\"async\" src=\"https:\/\/hzpt.com\/wp-content\/uploads\/2024\/11\/songte-company-1.webp\"><\/p>\n<h2>Fejlfinding og almindelige problemer<\/h2>\n<p>Diskussion af fejlfinding og almindelige problemer med s\u00f8geord.<\/p>\n<p>\t\t<img decoding=\"async\" src=\"https:\/\/www.hydraulic-cylinders.net\/wp-content\/uploads\/2025\/01\/songte-company-3.webp\"><\/p>\n<h2>Konklusion<\/h2>\n<p>I vores virksomhed producerer vi hydrauliske udskiftningscylindre. Vi tilbyder en bred vifte af produkter og er en af \u200b\u200bde f\u00f8rende producenter og grossister p\u00e5 det indenlandske og internationale marked. Vi prioriterer fremragende kvalitet og bruger strategier for industriel produktionsstyring i vores raffinerede produktionsv\u00e6rksteder. Med vores tekniske talenter, avanceret digitalt produktionsudstyr og professionelle testsystemer forbedrer vi l\u00f8bende vores produktionsplatform og produktionsprocesser for produktkvalitet. Vi har en st\u00e6rk kreativ evne og str\u00e6ber efter at im\u00f8dekomme kundernes forskellige behov med h\u00f8j effektivitet, h\u00f8j pr\u00e6cision og h\u00f8je kvalitetsprincipper.<\/p>\n<p>Fra vores professionalisme, internationale certificeringer, kundeservice, produktionsudstyr til eftersalgsservice, tilbyder vi en udvidet introduktion til vores virksomhed.<\/p>\n<p>Forfatter: lyl<\/p>\n<\/ul>\n<p><\/body><br \/>\n<\/html><\/p>","protected":false},"excerpt":{"rendered":"<p>Bucket Cylinder For Doosan Small Excavator DH80-7 Bucket Cylinder For Doosan Small Excavator DH80-7 Introduction The bucket cylinder is a specially designed hydraulic cylinder used to control the movement of the bucket in heavy machinery such as excavators, backhoe loaders, and front-end loaders. Its main function is to enable the bucket to lift, lower, and [&hellip;]<\/p>","protected":false},"featured_media":14788,"comment_status":"open","ping_status":"closed","template":"","meta":{"_et_pb_use_builder":"","_et_pb_old_content":"","_et_gb_content_width":""},"product_brand":[],"product_cat":[1494],"product_tag":[1495,1496],"class_list":{"0":"post-15268","1":"product","2":"type-product","3":"status-publish","4":"has-post-thumbnail","6":"product_cat-bucket-cylinders","7":"product_tag-bucket-cylinders","8":"product_tag-hydraulic-cylinders","10":"first","11":"instock","12":"shipping-taxable","13":"product-type-simple"},"amp_enabled":true,"_links":{"self":[{"href":"https:\/\/www.hydraulic-cylinders.net\/da\/wp-json\/wp\/v2\/product\/15268","targetHints":{"allow":["GET"]}}],"collection":[{"href":"https:\/\/www.hydraulic-cylinders.net\/da\/wp-json\/wp\/v2\/product"}],"about":[{"href":"https:\/\/www.hydraulic-cylinders.net\/da\/wp-json\/wp\/v2\/types\/product"}],"replies":[{"embeddable":true,"href":"https:\/\/www.hydraulic-cylinders.net\/da\/wp-json\/wp\/v2\/comments?post=15268"}],"wp:featuredmedia":[{"embeddable":true,"href":"https:\/\/www.hydraulic-cylinders.net\/da\/wp-json\/wp\/v2\/media\/14788"}],"wp:attachment":[{"href":"https:\/\/www.hydraulic-cylinders.net\/da\/wp-json\/wp\/v2\/media?parent=15268"}],"wp:term":[{"taxonomy":"product_brand","embeddable":true,"href":"https:\/\/www.hydraulic-cylinders.net\/da\/wp-json\/wp\/v2\/product_brand?post=15268"},{"taxonomy":"product_cat","embeddable":true,"href":"https:\/\/www.hydraulic-cylinders.net\/da\/wp-json\/wp\/v2\/product_cat?post=15268"},{"taxonomy":"product_tag","embeddable":true,"href":"https:\/\/www.hydraulic-cylinders.net\/da\/wp-json\/wp\/v2\/product_tag?post=15268"}],"curies":[{"name":"wp","href":"https:\/\/api.w.org\/{rel}","templated":true}]}}