{"id":15269,"date":"2025-01-19T14:19:04","date_gmt":"2025-01-19T14:19:04","guid":{"rendered":"https:\/\/www.hydraulic-cylinders.net\/product\/bucket-cylinder-for-doosan-small-excavator-dh150-7\/"},"modified":"2025-01-19T14:19:06","modified_gmt":"2025-01-19T14:19:06","slug":"bucket-cylinder-for-doosan-small-excavator-dh150-7","status":"publish","type":"product","link":"https:\/\/www.hydraulic-cylinders.net\/da\/vare\/bucket-cylinder-for-doosan-small-excavator-dh150-7\/","title":{"rendered":"Skovlcylinder til Doosan lille gravemaskine DH150-7"},"content":{"rendered":"<h1>Skovlcylinder til Doosan lille gravemaskine DH150-7<\/h1>\n<h2>Indledning<\/h2>\n<p>En skovlcylinder er en specialdesignet hydraulisk cylinder, der prim\u00e6rt bruges til at styre bev\u00e6gelsen af \u200b\u200bskovle i tunge maskiner s\u00e5som gravemaskiner, rendegravere og frontl\u00e6ssere. Dens hovedfunktion er at g\u00f8re det muligt for skovlen at l\u00f8fte, s\u00e6nke og vippe, hvilket g\u00f8r det lettere at h\u00e5ndtere forskellige materialeh\u00e5ndteringsopgaver. I det hydrauliske system styrer skovlcylinderen den pr\u00e6cise bev\u00e6gelse af skovlen gennem \u00e6ndringer i hydraulikolietrykket, hvilket giver operat\u00f8rer mulighed for effektivt at h\u00e5ndtere tunge l\u00e6s og tilpasse sig komplekse arbejdsmilj\u00f8er og forskellige jobkrav.<\/p>\n<p><img decoding=\"async\" src=\"https:\/\/www.hydraulic-cylinders.net\/wp-content\/uploads\/2025\/01\/songte-company-2.webp\"><\/p>\n<h2>Funktioner<\/h2>\n<ul>\n<li>H\u00f8j styrke og holdbarhed: Typisk fremstillet af h\u00f8jstyrkest\u00e5l eller aluminium, er den i stand til at modst\u00e5 h\u00f8jt tryk og tunge belastninger og tilpasser sig barske arbejdsmilj\u00f8er. Dens design tager h\u00f8jde for slidstyrke og korrosionsbestandighed, hvilket forl\u00e6nger dens levetid.<\/li>\n<li>Effektiv hydraulisk drift: Den bruger hydraulisk olietryk til at opn\u00e5 en j\u00e6vn teleskopisk bev\u00e6gelse, kan reagere hurtigt p\u00e5 styrekommandoer, yde kraftig tr\u00e6kkraft og er velegnet til h\u00e5ndtering af tunge genstande og komplekse opgaver.<\/li>\n<li>Forskellige typer: Enkeltvirkende (hydraulisk anvendt i kun \u00e9n retning) eller dobbeltvirkende (hydraulisk anvendt i begge retninger) cylindre kan v\u00e6lges efter behov for at opfylde forskellige driftsbehov. Nogle modeller er teleskopiske, hvilket giver mulighed for st\u00f8rre udtr\u00e6k uden at \u00f8ge de udvendige dimensioner, og er velegnede til applikationer med begr\u00e6nset plads.<\/li>\n<li>Nem at installere: Kan nemt installeres og er velegnet til forskellige typer maskiner.<\/li>\n<li>Tilpasningsbar: Kan tilpasses til at im\u00f8dekomme individuelle kundebehov og levere skr\u00e6ddersyede l\u00f8sninger til forskellige applikationer.<\/li>\n<\/ul>\n<p><img decoding=\"async\" src=\"https:\/\/www.hydraulic-cylinders.net\/wp-content\/uploads\/2025\/01\/songte-cylinder-head-with-all-kinds-excavator-models.webp\"><\/p>\n<h2>Applikationer<\/h2>\n<p>Skovlcylindre anvendes i vid udstr\u00e6kning i forskellige industrier s\u00e5som byggeri, landbrug og minedrift.<\/p>\n<h3>Entrepren\u00f8rudstyr<\/h3>\n<ul>\n<li>I gravemaskiner er de afg\u00f8rende for at grave, l\u00e6sse og flytte jord eller affald. <\/li>\n<li>I gravemaskiner med rendegravering hj\u00e6lper skovlcylindre med b\u00e5de gravning og l\u00f8ft.<\/li>\n<li>I frontl\u00e6ssere hj\u00e6lper de med at l\u00f8fte og t\u00f8mme last effektivt.<\/li>\n<\/ul>\n<h3>Landbrugsmaskiner<\/h3>\n<ul>\n<li>Anvendes i frontl\u00e6ssere til at opgrave, l\u00f8fte og transportere jord, h\u00f8 og andre materialer.<\/li>\n<\/ul>\n<h3>Minedriftsmaskiner<\/h3>\n<ul>\n<li>I gravemaskiner tillader skovlcylindre udgravning ved at lade skovlen tr\u00e6nge ned i jorden.<\/li>\n<\/ul>\n<h2>Designovervejelser og udv\u00e6lgelseskriterier<\/h2>\n<ul>\n<li>B\u00e6reevne: Cylinderens evne til at b\u00e6re lasten uden deformation eller brud.<\/li>\n<li>T\u00e6tning: Brug forskellige t\u00e6tningselementer s\u00e5som stempelt\u00e6tninger, stangt\u00e6tninger osv. for at sikre l\u00e6kagefri drift.<\/li>\n<li>Holdbarhed: Cylinderen skal kunne modst\u00e5 barske milj\u00f8er og tunge belastninger over en l\u00e6ngere periode.<\/li>\n<li>Sikkerhed: Sikkerhedsfunktioner s\u00e5som gr\u00e6nseafbrydere og overtryksventiler b\u00f8r installeres for at forhindre overbelastning og sikre sikker drift.<\/li>\n<li>Vedligeholdelse: Cylinderen skal v\u00e6re konstrueret til nem vedligeholdelse og reparation.<\/li>\n<\/ul>\n<p><img decoding=\"async\" src=\"https:\/\/www.hydraulic-cylinders.net\/wp-content\/uploads\/2025\/01\/songte-oil-pipes-and-spare-parts.webp\"><\/p>\n<h2>T\u00e6tning og sm\u00f8ring<\/h2>\n<p>Forskellige t\u00e6tningselementer s\u00e5som stempelt\u00e6tninger, stangt\u00e6tninger osv. anvendes for at sikre l\u00e6kagefri drift. T\u00e6tningerne er lavet af slidst\u00e6rke materialer s\u00e5som polyurethan og nitrilgummi. Cylinderhuset og gevindenden er fint forarbejdet for at forbedre slidstyrken. Hydraulikolie b\u00f8r p\u00e5fyldes regelm\u00e6ssigt for at sm\u00f8re cylinderen og sikre dens problemfri drift.<\/p>\n<h2>Regelm\u00e6ssig inspektion og forebyggende vedligeholdelsesforanstaltninger<\/h2>\n<ul>\n<li>Regelm\u00e6ssig inspektion: Kontroller regelm\u00e6ssigt cylinderen for tegn p\u00e5 slid og skader s\u00e5som ridser, buler og revner.<\/li>\n<li>Sm\u00f8ring: Korrekt sm\u00f8ring er n\u00f8dvendig for at forhindre skader p\u00e5 cylinderen p\u00e5 grund af utilstr\u00e6kkelig sm\u00f8ring.<\/li>\n<li>Udskiftning af pakning: Hvis pakningen er beskadiget eller slidt, skal den udskiftes rettidigt for at undg\u00e5 oliel\u00e6kage og beskadigelse af cylinderen.<\/li>\n<li>Kalibreringskontrol: Kalibreringen b\u00f8r kontrolleres regelm\u00e6ssigt for at sikre, at cylinderen fungerer inden for de angivne parametre.<\/li>\n<\/ul>\n<p>Korrekt installation, sm\u00f8ring og justering er vigtige for korrekt drift og lang levetid af cylinderen. Under installationsprocessen er det vigtigt at justere cylinderen korrekt og bruge passende monteringsbeslag til at fastg\u00f8re den. Anbefalede inspektions-, reparations- og udskiftningsprocedurer er angivet for at forbedre cylinderens levetid.<\/p>\n<p><img decoding=\"async\" src=\"https:\/\/www.hydraulic-cylinders.net\/wp-content\/uploads\/2025\/01\/songte-chushion-collar.webp\"><\/p>\n<h2>Sikkerhedshensyn og milj\u00f8faktorer<\/h2>\n<p>N\u00e5r man bruger skovlcylindre, er det vigtigt at f\u00f8lge sikkerhedsforanstaltninger for at undg\u00e5 ulykker og skader. Korrekt installation, regelm\u00e6ssig vedligeholdelse og inspektion kan minimere risikoen for cylinderfejl og sikre sikker drift. Milj\u00f8faktorer som temperatur, fugtighed og eksponering for kemikalier b\u00f8r ogs\u00e5 tages i betragtning ved valg og brug af skovlcylindre.<\/p>\n<p><img decoding=\"async\" src=\"https:\/\/hzpt.com\/wp-content\/uploads\/2024\/11\/songte-company-1.webp\"><\/p>\n<h2>Almindelige problemer og fejlfinding<\/h2>\n<p>Almindelige problemer, der kan opst\u00e5 med skovlcylindre, omfatter oliel\u00e6kage, beskadigede pakninger og slidte stempler og st\u00e6nger. Fejlfinding kan hj\u00e6lpe med at identificere \u00e5rsagen til problemet og finde effektive l\u00f8sninger. Regelm\u00e6ssig inspektion, vedligeholdelse og reparation kan forhindre potentielle problemer.<\/p>\n<p><img decoding=\"async\" src=\"https:\/\/www.hydraulic-cylinders.net\/wp-content\/uploads\/2025\/01\/songte-bushings-with-all-kinds-of-excavator-models.webp\"><\/p>\n<h2>Om vores virksomhed<\/h2>\n<p>Vi er en f\u00f8rende producent og engrosdistribut\u00f8r af hydrauliske cylindre p\u00e5 hjemme- og internationale markeder og tilbyder et komplet udvalg af produkttyper. Vi f\u00f8lger princippet om fremragende kvalitet, bygger p\u00e5 den industrielle produktionsstyringsstrategi fra fine produktionsv\u00e6rksteder, forbedrer konstant v\u00e6rkstedernes produktionsplatforme, forbedrer produktkvaliteten og har en st\u00e6rk kreativ evne til at im\u00f8dekomme vores kunders forskellige behov med h\u00f8j effektivitet, pr\u00e6cision og kvalitet. Vi leverer professionelle, internationalt certificerede, tilpassede tjenester med avanceret produktionsudstyr og professionelle testsystemer samt reservedele og ombygningstjenester for at forbedre cylindrenes levetid.<\/p>\n<p>Forfatter: lyl<\/p>","protected":false},"excerpt":{"rendered":"<p>Bucket Cylinder For Doosan Small Excavator DH150-7 Introduction A bucket cylinder is a specially designed hydraulic cylinder that is primarily used to control the movement of buckets in heavy machinery such as excavators, backhoes, and front loaders. Its main function is to enable the bucket to lift, lower, and tilt, making it easier to handle [&hellip;]<\/p>","protected":false},"featured_media":14787,"comment_status":"open","ping_status":"closed","template":"","meta":{"_et_pb_use_builder":"","_et_pb_old_content":"","_et_gb_content_width":""},"product_brand":[],"product_cat":[1494],"product_tag":[1495,1496],"class_list":{"0":"post-15269","1":"product","2":"type-product","3":"status-publish","4":"has-post-thumbnail","6":"product_cat-bucket-cylinders","7":"product_tag-bucket-cylinders","8":"product_tag-hydraulic-cylinders","10":"first","11":"instock","12":"shipping-taxable","13":"product-type-simple"},"amp_enabled":true,"_links":{"self":[{"href":"https:\/\/www.hydraulic-cylinders.net\/da\/wp-json\/wp\/v2\/product\/15269","targetHints":{"allow":["GET"]}}],"collection":[{"href":"https:\/\/www.hydraulic-cylinders.net\/da\/wp-json\/wp\/v2\/product"}],"about":[{"href":"https:\/\/www.hydraulic-cylinders.net\/da\/wp-json\/wp\/v2\/types\/product"}],"replies":[{"embeddable":true,"href":"https:\/\/www.hydraulic-cylinders.net\/da\/wp-json\/wp\/v2\/comments?post=15269"}],"wp:featuredmedia":[{"embeddable":true,"href":"https:\/\/www.hydraulic-cylinders.net\/da\/wp-json\/wp\/v2\/media\/14787"}],"wp:attachment":[{"href":"https:\/\/www.hydraulic-cylinders.net\/da\/wp-json\/wp\/v2\/media?parent=15269"}],"wp:term":[{"taxonomy":"product_brand","embeddable":true,"href":"https:\/\/www.hydraulic-cylinders.net\/da\/wp-json\/wp\/v2\/product_brand?post=15269"},{"taxonomy":"product_cat","embeddable":true,"href":"https:\/\/www.hydraulic-cylinders.net\/da\/wp-json\/wp\/v2\/product_cat?post=15269"},{"taxonomy":"product_tag","embeddable":true,"href":"https:\/\/www.hydraulic-cylinders.net\/da\/wp-json\/wp\/v2\/product_tag?post=15269"}],"curies":[{"name":"wp","href":"https:\/\/api.w.org\/{rel}","templated":true}]}}