{"id":15270,"date":"2025-01-19T14:19:09","date_gmt":"2025-01-19T14:19:09","guid":{"rendered":"https:\/\/www.hydraulic-cylinders.net\/product\/bucket-cylinder-for-doosan-small-excavator-dx150lc-7\/"},"modified":"2025-01-19T14:19:11","modified_gmt":"2025-01-19T14:19:11","slug":"bucket-cylinder-for-doosan-small-excavator-dx150lc-7","status":"publish","type":"product","link":"https:\/\/www.hydraulic-cylinders.net\/da\/vare\/bucket-cylinder-for-doosan-small-excavator-dx150lc-7\/","title":{"rendered":"Skovlcylinder til Doosan lille gravemaskine DX150LC-7"},"content":{"rendered":"<p><!DOCTYPE html><br \/>\n<html><br \/>\n<head><br \/>\n<title>Skovlcylinder til Doosan lille gravemaskine DX150LC-7<\/title><br \/>\n<\/head><br \/>\n<body><\/p>\n<h1>Skovlcylinder til Doosan lille gravemaskine DX150LC-7<\/h1>\n<h2>Indledning<\/h2>\n<p>Skovlcylinderen til Doosan lille gravemaskine DX150LC-7 er en specialdesignet hydraulisk cylinder, der bruges til at styre skovlens bev\u00e6gelse i tunge maskiner s\u00e5som gravemaskiner, rendegravere og hjull\u00e6ssere. Dens hovedfunktion er at muligg\u00f8re l\u00f8ft, s\u00e6nkning og vipning af skovlen, hvilket letter forskellige materialeh\u00e5ndteringsopgaver. I det hydrauliske system opn\u00e5r skovlcylinderen pr\u00e6cis kontrol over skovlen ved at udnytte tryk\u00e6ndringerne i hydraulikolien, hvilket giver f\u00f8reren mulighed for effektivt at h\u00e5ndtere tunge belastninger og tilpasse sig komplekse arbejdsmilj\u00f8er og forskellige driftskrav.<\/p>\n<p><img decoding=\"async\" src=\"https:\/\/www.hydraulic-cylinders.net\/wp-content\/uploads\/2025\/01\/songte-company-2.webp\" alt=\"Billede af spandcylinder\"><\/p>\n<h2>Funktioner<\/h2>\n<ul>\n<li>H\u00f8j styrke og holdbarhed: Den er normalt lavet af h\u00f8jstyrkest\u00e5l eller aluminium, og kan modst\u00e5 h\u00f8jt tryk og tunge belastninger, hvilket g\u00f8r den tilpasningsdygtig til barske arbejdsmilj\u00f8er. Designet tager h\u00f8jde for slidstyrke og korrosionsbestandighed for at forl\u00e6nge levetiden.<\/li>\n<li>Effektiv hydraulisk drift: Ved at udnytte trykket fra hydraulikolien til at opn\u00e5 j\u00e6vne ud- og indtr\u00e6ksbev\u00e6gelser kan den hurtigt reagere p\u00e5 kontrolkommandoer og levere kraftige skubbe- og tr\u00e6kkr\u00e6fter, der er egnede til h\u00e5ndtering af tunge belastninger og komplekse driftsopgaver.<\/li>\n<li>Forskellige typer: F\u00e5s som enkeltvirkende (hydraulik kun i \u00e9n retning) eller dobbeltvirkende (hydraulik i begge retninger) cylindre, hvilket giver mulighed for forskellige driftskrav. Nogle modeller er teleskopiske, hvilket muligg\u00f8r st\u00f8rre udtr\u00e6k uden at \u00f8ge de udvendige dimensioner, hvilket g\u00f8r dem velegnede til applikationer med begr\u00e6nset plads.<\/li>\n<li>Perfekt udskiftning: Vores produkt kan perfekt erstatte disse hydrauliske cylindre.<\/li>\n<\/ul>\n<p><img decoding=\"async\" src=\"https:\/\/www.hydraulic-cylinders.net\/wp-content\/uploads\/2025\/01\/songte-cylinder-head-with-all-kinds-excavator-models.webp\" alt=\"Produktbillede\"><\/p>\n<h2>Applikationer<\/h2>\n<ul>\n<li>Entrepren\u00f8rudstyr: De findes i gravemaskiner og er afg\u00f8rende for at grave, l\u00e6sse og flytte jord eller affald. I rendegravere hj\u00e6lper skovlcylinderen med b\u00e5de at grave og l\u00f8fte.<\/li>\n<li>Landbrugsmaskiner: Bruges i frontl\u00e6ssere til at udgrave, l\u00f8fte og transportere jord, h\u00f8 og andre materialer.<\/li>\n<li>Gravemaskiner: Skovlcylinderen muligg\u00f8r gravefunktion ved at lade skovlen tr\u00e6nge ned i jorden.<\/li>\n<li>Hjull\u00e6ssere: I hjull\u00e6ssere hj\u00e6lper de med effektiv l\u00f8ft og t\u00f8mning af gods.<\/li>\n<\/ul>\n<h2>Designovervejelser og udv\u00e6lgelseskriterier<\/h2>\n<ul>\n<li>B\u00e6reevne: Diskuter cylinderens evne til at modst\u00e5 belastninger.<\/li>\n<li>T\u00e6tning: Diskuter vigtigheden af \u200b\u200bkorrekt t\u00e6tning for at forhindre l\u00e6kage.<\/li>\n<li>Holdbarhed: Diskuter cylinderens evne til at modst\u00e5 slid.<\/li>\n<li>Sikkerhed: Diskuter sikkerhedsfunktioner og overvejelser i designet.<\/li>\n<li>Vedligeholdelsesvenlighed: Diskuter, hvor nemt det er at vedligeholde og reparere.<\/li>\n<\/ul>\n<p><img decoding=\"async\" src=\"https:\/\/www.hydraulic-cylinders.net\/wp-content\/uploads\/2025\/01\/songte-oil-pipes-and-spare-parts.webp\" alt=\"Hydrauliske cylinderdele\"><\/p>\n<h2>T\u00e6tning og sm\u00f8ring<\/h2>\n<p>Skovlcylinderen bruger forskellige t\u00e6tninger, s\u00e5som stempelt\u00e6tninger og stangt\u00e6tninger, lavet af slidst\u00e6rke materialer som polyurethan og nitrilgummi. Cylinderhuset og gevindfladerne gennemg\u00e5r en finbehandling for at forbedre slidstyrken. Regelm\u00e6ssig sm\u00f8ring med hydraulikolie er n\u00f8dvendig for at sikre problemfri drift.<\/p>\n<h2>Regelm\u00e6ssig inspektion og forebyggende vedligeholdelse<\/h2>\n<ul>\n<li>Unders\u00f8g cylinderen regelm\u00e6ssigt for tegn p\u00e5 slid eller skader.<\/li>\n<li>S\u00f8rg for korrekt sm\u00f8ring af alle bev\u00e6gelige dele.<\/li>\n<li>Udskift pakningerne med j\u00e6vne mellemrum for at opretholde optimal ydeevne.<\/li>\n<li>Udf\u00f8r kalibreringskontroller for at sikre n\u00f8jagtig drift.<\/li>\n<\/ul>\n<h2>Produktinstallationsvejledning<\/h2>\n<p>F\u00f8lg disse trin for korrekt montering af skovlcylinderen:<\/p>\n<ol>\n<li>Just\u00e9r cylinderen korrekt i henhold til den medf\u00f8lgende vejledning.<\/li>\n<li>Brug passende monteringsbeslag til at fastg\u00f8re cylinderen.<\/li>\n<li>Se de anbefalede procedurer for inspektion, reparation og udskiftning.<\/li>\n<li>Giv tips til at forl\u00e6nge cylinderens levetid.<\/li>\n<\/ol>\n<p><img decoding=\"async\" src=\"https:\/\/www.hydraulic-cylinders.net\/wp-content\/uploads\/2025\/01\/songte-chushion-collar.webp\" alt=\"Cylinderinstallation\"><\/p>\n<h2>Sikkerhedshensyn og milj\u00f8faktorer<\/h2>\n<p>Diskuter vigtigheden af \u200b\u200bsikkerhedsforanstaltninger ved brug af skovlcylinderen, og hvordan det bidrager til et mere sikkert arbejdsmilj\u00f8.<\/p>\n<h2>Fejlfinding og almindelige problemer<\/h2>\n<p>Diskuter almindelige problemer, der kan opst\u00e5, og giv tips og l\u00f8sninger til fejlfinding, der kan hj\u00e6lpe l\u00e6serne med effektivt at diagnosticere og l\u00f8se problemer. Inkluder forebyggende foranstaltninger for at minimere potentielle problemer.<\/p>\n<p><img decoding=\"async\" src=\"https:\/\/www.hydraulic-cylinders.net\/wp-content\/uploads\/2025\/01\/songte-bushings-with-all-kinds-of-excavator-models.webp\" alt=\"Almindelige problemer\"><\/p>\n<h2>Vores virksomhed<\/h2>\n<p>Vi er en f\u00f8rende producent og engrosdistribut\u00f8r af hydrauliske udskiftningscylindre p\u00e5 det indenlandske og internationale marked. Vores virksomhed tilbyder en bred vifte af produkter og f\u00f8lger en produktionsstyringsstrategi baseret p\u00e5 fremragende kvalitet. Med vores tekniske ekspertise, avancerede produktionsudstyr og professionelle testsystemer forbedrer vi l\u00f8bende vores produktionsplatform og sikrer produktion af h\u00f8jeffektive, h\u00f8jpr\u00e6cisions- og kvalitetsprodukter, der opfylder forskellige kunders behov.<\/p>\n<p><img decoding=\"async\" src=\"https:\/\/www.hydraulic-cylinders.net\/wp-content\/uploads\/2025\/01\/songte-company-3.webp\" alt=\"Virksomhedens image\"><\/p>\n<h3>Professionalitet:<\/h3>\n<p>Forklar virksomhedens professionalisme i at levere kvalitetsprodukter og -tjenester.<\/p>\n<h3>Internationale certificeringer:<\/h3>\n<p>Fremh\u00e6v alle relevante internationale certificeringer, som virksomheden har opn\u00e5et.<\/p>\n<h3>Tilpasningstjenester:<\/h3>\n<p>Diskuter virksomhedens evne til at levere skr\u00e6ddersyede tjenester.<\/p>\n<h3>Produktionsudstyr:<\/h3>\n<p>Beskriv det avancerede produktionsudstyr, som virksomheden anvender.<\/p>\n<h3>Eftersalgsservice:<\/h3>\n<p>Fremh\u00e6v virksomhedens engagement i fremragende eftersalgsservice.<\/p>\n<p><img decoding=\"async\" src=\"https:\/\/hzpt.com\/wp-content\/uploads\/2024\/11\/songte-company-1.webp\" alt=\"Virksomhedens image\"><\/p>\n<p>Forfatter: lyl<\/p>\n<p><\/body><br \/>\n<\/html><\/p>","protected":false},"excerpt":{"rendered":"<p>Bucket Cylinder For Doosan Small Excavator DX150LC-7 Bucket Cylinder For Doosan Small Excavator DX150LC-7 Introduction The bucket cylinder for Doosan small excavator DX150LC-7 is a specially designed hydraulic cylinder used to control the movement of the bucket in heavy machinery such as excavators, backhoe loaders, and wheel loaders. Its main function is to enable the [&hellip;]<\/p>","protected":false},"featured_media":14785,"comment_status":"open","ping_status":"closed","template":"","meta":{"_et_pb_use_builder":"","_et_pb_old_content":"","_et_gb_content_width":""},"product_brand":[],"product_cat":[1494],"product_tag":[1495,1496],"class_list":{"0":"post-15270","1":"product","2":"type-product","3":"status-publish","4":"has-post-thumbnail","6":"product_cat-bucket-cylinders","7":"product_tag-bucket-cylinders","8":"product_tag-hydraulic-cylinders","10":"first","11":"instock","12":"shipping-taxable","13":"product-type-simple"},"amp_enabled":true,"_links":{"self":[{"href":"https:\/\/www.hydraulic-cylinders.net\/da\/wp-json\/wp\/v2\/product\/15270","targetHints":{"allow":["GET"]}}],"collection":[{"href":"https:\/\/www.hydraulic-cylinders.net\/da\/wp-json\/wp\/v2\/product"}],"about":[{"href":"https:\/\/www.hydraulic-cylinders.net\/da\/wp-json\/wp\/v2\/types\/product"}],"replies":[{"embeddable":true,"href":"https:\/\/www.hydraulic-cylinders.net\/da\/wp-json\/wp\/v2\/comments?post=15270"}],"wp:featuredmedia":[{"embeddable":true,"href":"https:\/\/www.hydraulic-cylinders.net\/da\/wp-json\/wp\/v2\/media\/14785"}],"wp:attachment":[{"href":"https:\/\/www.hydraulic-cylinders.net\/da\/wp-json\/wp\/v2\/media?parent=15270"}],"wp:term":[{"taxonomy":"product_brand","embeddable":true,"href":"https:\/\/www.hydraulic-cylinders.net\/da\/wp-json\/wp\/v2\/product_brand?post=15270"},{"taxonomy":"product_cat","embeddable":true,"href":"https:\/\/www.hydraulic-cylinders.net\/da\/wp-json\/wp\/v2\/product_cat?post=15270"},{"taxonomy":"product_tag","embeddable":true,"href":"https:\/\/www.hydraulic-cylinders.net\/da\/wp-json\/wp\/v2\/product_tag?post=15270"}],"curies":[{"name":"wp","href":"https:\/\/api.w.org\/{rel}","templated":true}]}}