{"id":15271,"date":"2025-01-19T14:19:13","date_gmt":"2025-01-19T14:19:13","guid":{"rendered":"https:\/\/www.hydraulic-cylinders.net\/product\/bucket-cylinder-for-doosan-small-excavator-dh55-5\/"},"modified":"2025-01-19T14:19:15","modified_gmt":"2025-01-19T14:19:15","slug":"bucket-cylinder-for-doosan-small-excavator-dh55-5","status":"publish","type":"product","link":"https:\/\/www.hydraulic-cylinders.net\/da\/vare\/bucket-cylinder-for-doosan-small-excavator-dh55-5\/","title":{"rendered":"Skovlcylinder til Doosan lille gravemaskine DH55-5"},"content":{"rendered":"<h1>Skovlcylinder til Doosan lille gravemaskine DH55-5<\/h1>\n<h2>Indledning<\/h2>\n<h3>Definerende skovlcylinder til Doosan lille gravemaskine DH55-5<\/h3>\n<p>En skovlcylinder er en specialdesignet hydraulisk cylinder, der prim\u00e6rt bruges til at styre skovlens bev\u00e6gelse i tunge maskiner s\u00e5som gravemaskiner, rendegravere og frontl\u00e6ssere. Dens hovedfunktion er at g\u00f8re det muligt for skovlen at l\u00f8fte, s\u00e6nke og vippe, hvilket letter forskellige materialeh\u00e5ndteringsopgaver. I det hydrauliske system opn\u00e5r skovlcylinderen pr\u00e6cis kontrol over skovlen ved at \u00e6ndre trykket i hydraulikolien, hvilket g\u00f8r det muligt for operat\u00f8rer at h\u00e5ndtere tunge l\u00e6s effektivt og tilpasse sig komplekse arbejdsmilj\u00f8er og forskellige driftskrav.<\/p>\n<p><img decoding=\"async\" src=\"https:\/\/www.hydraulic-cylinders.net\/wp-content\/uploads\/2025\/01\/songte-company-2.webp\" alt=\"Spandens cylinder\" \/><\/p>\n<h3>Funktioner ved skovlcylinder til Doosan lille gravemaskine DH55-5<\/h3>\n<ul>\n<li>H\u00f8j styrke og holdbarhed: Typisk lavet af h\u00f8jstyrkest\u00e5l eller aluminium, kan den modst\u00e5 h\u00f8jt tryk og tunge belastninger, tilpasse sig barske arbejdsmilj\u00f8er og er designet med slidstyrke og korrosionsbestandighed i tankerne, hvilket forl\u00e6nger dens levetid.<\/li>\n<li>Effektiv hydraulisk drift: Ved at udnytte trykket fra hydraulikolien til at opn\u00e5 j\u00e6vne teleskopbev\u00e6gelser, kan den reagere hurtigt p\u00e5 styrekommandoer, yde kraftige skubbe- og tr\u00e6kkr\u00e6fter og er velegnet til h\u00e5ndtering af tunge belastninger og komplekse driftsopgaver.<\/li>\n<li>Flere typer: Enkeltvirkende (hydraulisk kun i \u00e9n retning) eller dobbeltvirkende (hydraulisk i begge retninger) cylindre kan v\u00e6lges efter driftskrav. Nogle modeller er teleskopiske, hvilket giver mulighed for st\u00f8rre udtr\u00e6k uden at \u00f8ge de ydre dimensioner, hvilket g\u00f8r dem velegnede til applikationer med begr\u00e6nset plads.<\/li>\n<li>Udskiftelig: Vores produkt kan perfekt erstatte disse hydrauliske cylindre.<\/li>\n<\/ul>\n<p><img decoding=\"async\" src=\"https:\/\/www.hydraulic-cylinders.net\/wp-content\/uploads\/2025\/01\/songte-cylinder-head-with-all-kinds-excavator-models.webp\" alt=\"Skovlcylindermodeller\" \/><\/p>\n<h3>Anvendelse af skovlcylinder til Doosan lille gravemaskine DH55-5<\/h3>\n<p>Skovlcylinderen bruges i vid udstr\u00e6kning i forskellige tunge maskiner, s\u00e5som:<\/p>\n<ul>\n<li>Entrepren\u00f8rudstyr: I gravemaskiner er de afg\u00f8rende for udgravning, lastning og flytning af jord eller affald. I rendegravere hj\u00e6lper skovlcylindre med b\u00e5de udgravning og l\u00f8ft. <\/li>\n<li>Landbrugsmaskiner: Bruges i frontl\u00e6ssere til at udgrave, l\u00f8fte og transportere jord, h\u00f8 og andre materialer. <\/li>\n<li>Gravemaskiner: Skovlcylinderen udf\u00f8rer udgravning ved at lade skovlen tr\u00e6nge ned i jorden. <\/li>\n<li>L\u00e6ssere: I frontl\u00e6ssere hj\u00e6lper de med at l\u00f8fte og vippe gods effektivt. <\/li>\n<\/ul>\n<p>Hver anvendelse af skovlcylinderen uddybes yderligere nedenfor.<\/p>\n<h3>Designovervejelser og udv\u00e6lgelseskriterier<\/h3>\n<p>Skovlcylinderen er designet med f\u00f8lgende overvejelser:<\/p>\n<ul>\n<li>B\u00e6reevne: Cylinderen skal kunne modst\u00e5 h\u00f8je belastninger og opretholde stabilitet under drift.<\/li>\n<li>T\u00e6tning: Cylinderen skal v\u00e6re t\u00e6tnet for at forhindre v\u00e6skel\u00e6kage og opretholde korrekt tryk.<\/li>\n<li>Holdbarhed: Cylinderen skal v\u00e6re konstrueret til at modst\u00e5 barske driftsforhold og modst\u00e5 slid og korrosion.<\/li>\n<li>Sikkerhed: Cylinderen skal v\u00e6re konstrueret til at forhindre ulykker og minimere risikoen for skader p\u00e5 operat\u00f8rer.<\/li>\n<li>Vedligeholdelsesvenlighed: Cylinderen skal v\u00e6re nem at vedligeholde og reparere.<\/li>\n<\/ul>\n<p><img decoding=\"async\" src=\"https:\/\/www.hydraulic-cylinders.net\/wp-content\/uploads\/2025\/01\/songte-oil-pipes-and-spare-parts.webp\" alt=\"Dele af spandcylinder\" \/><\/p>\n<h3>T\u00e6tning og sm\u00f8ring af skovlcylinder til Doosan lille gravemaskine DH55-5<\/h3>\n<ul>\n<li>Forskellige t\u00e6tningselementer: I cylinderen anvendes s\u00e5som stempelt\u00e6tninger, stangt\u00e6tninger osv. T\u00e6tningselementerne er lavet af slidst\u00e6rke materialer s\u00e5som polyurethan og nitrilgummi.<\/li>\n<li>Fint bearbejdet cylinderhus: Cylinderhuset og gevindenden er fint bearbejdet for at forbedre slidstyrken.<\/li>\n<li>Sm\u00f8ring: Cylinderen skal sm\u00f8res regelm\u00e6ssigt med en passende m\u00e6ngde hydraulikolie.<\/li>\n<\/ul>\n<h3>Regelm\u00e6ssig inspektion og forebyggende vedligeholdelsesforanstaltninger<\/h3>\n<p>Det anbefales at udf\u00f8re f\u00f8lgende vedligeholdelsesopgaver regelm\u00e6ssigt:<\/p>\n<ul>\n<li>Regelm\u00e6ssig inspektion: Inspicer regelm\u00e6ssigt cylinderen for tegn p\u00e5 skader, l\u00e6kage og slid.<\/li>\n<li>Korrekt sm\u00f8ring: S\u00f8rg for, at cylinderen er korrekt smurt.<\/li>\n<li>Udskiftning af pakning: Udskift pakningerne efter behov.<\/li>\n<li>Calibration Check: Check the cylinder&#8217;s calibration periodically.<\/li>\n<\/ul>\n<p>Korrekt installation, sm\u00f8ring og justering er afg\u00f8rende for at sikre sikker og effektiv drift af skovlcylinderen. Det anbefales at justere cylinderen korrekt under installationen og bruge passende monteringsbeslag til at fastg\u00f8re cylinderen. Vores virksomhed tilbyder reservedele og reparationstjenester for at forl\u00e6nge levetiden p\u00e5 din skovlcylinder.<\/p>\n<p><img decoding=\"async\" src=\"https:\/\/www.hydraulic-cylinders.net\/wp-content\/uploads\/2025\/01\/songte-chushion-collar.webp\" alt=\"Montering af spandcylinder\" \/><\/p>\n<h3>Sikkerhedshensyn og milj\u00f8faktorer<\/h3>\n<p>N\u00e5r man bruger skovlcylinderen, er det vigtigt at f\u00f8lge sikkerhedsforanstaltninger for at forhindre ulykker og skader. Det er ogs\u00e5 vigtigt at overveje milj\u00f8m\u00e6ssige faktorer, s\u00e5som virkningen af \u200b\u200b\u200b\u200bhydraulisk v\u00e6skel\u00e6kage p\u00e5 milj\u00f8et og hvordan man bortskaffer affald korrekt.<\/p>\n<h3>Fejlfinding og almindelige problemer med skovlcylinder til Doosan lille gravemaskine DH55-5<\/h3>\n<p>Almindelige problemer, der kan opst\u00e5 med skovlcylinderen, omfatter oliel\u00e6kage, cylinderdrift og utilstr\u00e6kkelig kraft. Vores fejlfindingstips og l\u00f8sninger hj\u00e6lper med at diagnosticere og l\u00f8se disse problemer effektivt. Det anbefales ogs\u00e5 at tr\u00e6ffe forebyggende foranstaltninger for at minimere potentielle problemer.<\/p>\n<p><img decoding=\"async\" src=\"https:\/\/www.hydraulic-cylinders.net\/wp-content\/uploads\/2025\/01\/songte-bushings-with-all-kinds-of-excavator-models.webp\" alt=\"Skovlcylinderb\u00f8sninger\" \/><\/p>\n<h2>Om vores virksomhed<\/h2>\n<p>We are a manufacturer of hydraulic cylinders that can replace conventional hydraulic cylinders. Our company offers a complete range of hydraulic cylinders and has become one of the leading manufacturers and wholesale distributors in the domestic and international markets. We adhere to the principles of excellent quality, rely on industrialized production management strategies, and have continuously improved our manufacturing platforms by using technological talents, digitalized high-end manufacturing equipment, and professional testing systems, and we have a strong ability to create high-efficiency, high-precision, and high-quality products to meet our customers&#8217; diverse needs.<\/p>\n<p><img decoding=\"async\" src=\"https:\/\/hzpt.com\/wp-content\/uploads\/2024\/11\/songte-company-1.webp\" alt=\"Virksomhedsoversigt\" \/><\/p>\n<h3>Vores ekspertise<\/h3>\n<p>Vores virksomhed har ekspertise inden for f\u00f8lgende omr\u00e5der:<\/p>\n<ul>\n<li>International certificering: Vores produkter har best\u00e5et forskellige internationale certificeringer, herunder ISO9001, CE, SGS og TUV. <\/li>\n<li>Customized Services: Our company can provide customized services according to customers&#8217; needs, such as tailored product design, customized packaging, etc.<\/li>\n<li>Produktionsudstyr: Vi bruger avanceret CNC-bearbejdningsudstyr, avanceret svejseudstyr og forskelligt testudstyr for at sikre produktkvalitet.<\/li>\n<li>Eftersalgsservice: Vi tilbyder omfattende eftersalgssupport, herunder installation, vedligeholdelse og reparation.<\/li>\n<\/ul>\n<p>Tak fordi du overvejer vores produkter. For mere information, bes\u00f8g venligst vores hjemmeside eller kontakt os direkte.<\/p>\n<footer>Forfatter: lyl<\/footer>","protected":false},"excerpt":{"rendered":"<p>Bucket Cylinder For Doosan Small Excavator DH55-5 Introduction Defining Bucket Cylinder for Doosan Small Excavator DH55-5 A bucket cylinder is a specially designed hydraulic cylinder that is primarily used to control the movement of the bucket in heavy machinery such as excavators, backhoe loaders, and front-end loaders. Its main function is to enable the bucket [&hellip;]<\/p>","protected":false},"featured_media":14784,"comment_status":"open","ping_status":"closed","template":"","meta":{"_et_pb_use_builder":"","_et_pb_old_content":"","_et_gb_content_width":""},"product_brand":[],"product_cat":[1494],"product_tag":[1495,1496],"class_list":{"0":"post-15271","1":"product","2":"type-product","3":"status-publish","4":"has-post-thumbnail","6":"product_cat-bucket-cylinders","7":"product_tag-bucket-cylinders","8":"product_tag-hydraulic-cylinders","10":"first","11":"instock","12":"shipping-taxable","13":"product-type-simple"},"amp_enabled":true,"_links":{"self":[{"href":"https:\/\/www.hydraulic-cylinders.net\/da\/wp-json\/wp\/v2\/product\/15271","targetHints":{"allow":["GET"]}}],"collection":[{"href":"https:\/\/www.hydraulic-cylinders.net\/da\/wp-json\/wp\/v2\/product"}],"about":[{"href":"https:\/\/www.hydraulic-cylinders.net\/da\/wp-json\/wp\/v2\/types\/product"}],"replies":[{"embeddable":true,"href":"https:\/\/www.hydraulic-cylinders.net\/da\/wp-json\/wp\/v2\/comments?post=15271"}],"wp:featuredmedia":[{"embeddable":true,"href":"https:\/\/www.hydraulic-cylinders.net\/da\/wp-json\/wp\/v2\/media\/14784"}],"wp:attachment":[{"href":"https:\/\/www.hydraulic-cylinders.net\/da\/wp-json\/wp\/v2\/media?parent=15271"}],"wp:term":[{"taxonomy":"product_brand","embeddable":true,"href":"https:\/\/www.hydraulic-cylinders.net\/da\/wp-json\/wp\/v2\/product_brand?post=15271"},{"taxonomy":"product_cat","embeddable":true,"href":"https:\/\/www.hydraulic-cylinders.net\/da\/wp-json\/wp\/v2\/product_cat?post=15271"},{"taxonomy":"product_tag","embeddable":true,"href":"https:\/\/www.hydraulic-cylinders.net\/da\/wp-json\/wp\/v2\/product_tag?post=15271"}],"curies":[{"name":"wp","href":"https:\/\/api.w.org\/{rel}","templated":true}]}}