{"id":15275,"date":"2025-01-19T14:19:32","date_gmt":"2025-01-19T14:19:32","guid":{"rendered":"https:\/\/www.hydraulic-cylinders.net\/product\/bucket-cylinder-for-doosan-middle-excavator-dh200-5-7\/"},"modified":"2025-01-19T14:19:34","modified_gmt":"2025-01-19T14:19:34","slug":"bucket-cylinder-for-doosan-middle-excavator-dh200-5-7","status":"publish","type":"product","link":"https:\/\/www.hydraulic-cylinders.net\/da\/vare\/bucket-cylinder-for-doosan-middle-excavator-dh200-5-7\/","title":{"rendered":"Skovlcylinder til Doosan mellemgraver DH200-5-7"},"content":{"rendered":"<h1>Skovlcylinder til Doosan mellemgraver DH200-5-7<\/h1>\n<h2>Indledning<\/h2>\n<p>En skovlcylinder er en specialdesignet hydraulisk cylinder, der prim\u00e6rt bruges til at styre skovlens bev\u00e6gelse i tunge maskiner s\u00e5som gravemaskiner, rendegravere og frontl\u00e6ssere. Dens hovedfunktion er at g\u00f8re det muligt for skovlen at l\u00f8fte, s\u00e6nke og vippe, hvilket g\u00f8r det lettere at h\u00e5ndtere forskellige materialeh\u00e5ndteringsopgaver. I det hydrauliske system styrer skovlcylinderen den pr\u00e6cise bev\u00e6gelse af skovlen gennem \u00e6ndringer i hydraulikolietrykket, hvilket g\u00f8r det muligt for operat\u00f8rer at h\u00e5ndtere tunge l\u00e6s effektivt og tilpasse sig komplekse arbejdsmilj\u00f8er og forskellige jobkrav.<\/p>\n<p><img decoding=\"async\" src=\"https:\/\/www.hydraulic-cylinders.net\/wp-content\/uploads\/2025\/01\/songte-company-2.webp\" alt=\"Billede af spandcylinder\"><\/p>\n<h2>Funktioner<\/h2>\n<ul>\n<li>\n<h3>H\u00f8j styrke og holdbarhed<\/h3>\n<p>Skovlcylindrene er typisk lavet af h\u00f8jstyrkest\u00e5l eller aluminium, som kan modst\u00e5 h\u00f8jt tryk og tunge belastninger og tilpasse sig barske arbejdsforhold. Designet tager h\u00f8jde for slidstyrke og korrosionsbestandighed, hvilket forl\u00e6nger levetiden.<\/p>\n<\/li>\n<li>\n<h3>Effektiv hydraulisk drift<\/h3>\n<p>Det hydrauliske tryk bruges til at opn\u00e5 j\u00e6vne forl\u00e6ngelses- og sammentr\u00e6kningsbev\u00e6gelser, hvilket muligg\u00f8r hurtig reaktion p\u00e5 styrekommandoer, giver kraftige tr\u00e6k- og skubkr\u00e6fter og er egnet til h\u00e5ndtering af tunge belastninger og komplekse arbejdsopgaver.<\/p>\n<\/li>\n<li>\n<h3>Forskellige typer<\/h3>\n<p>Skovlcylindrene kan v\u00e6re enkeltvirkende (ved hj\u00e6lp af hydraulik i kun \u00e9n retning) eller dobbeltvirkende (ved hj\u00e6lp af hydraulik i begge retninger) afh\u00e6ngigt af driftskravene. Nogle modeller er teleskopiske, hvilket giver mulighed for st\u00f8rre udtr\u00e6k uden at \u00f8ge de udvendige dimensioner, hvilket g\u00f8r dem velegnede til applikationer med begr\u00e6nset plads.<\/p>\n<\/li>\n<li>\n<h3>Perfekt erstatning<\/h3>\n<p>Vores produkter kan perfekt erstatte disse hydrauliske cylindre.<\/p>\n<\/li>\n<\/ul>\n<p><img decoding=\"async\" src=\"https:\/\/www.hydraulic-cylinders.net\/wp-content\/uploads\/2025\/01\/songte-cylinder-head-with-all-kinds-excavator-models.webp\" alt=\"Billede af udskiftning af spandcylinder\"><\/p>\n<h2>Applikationer<\/h2>\n<p>Skovlcylindrene anvendes i vid udstr\u00e6kning i forskellige maskiner, s\u00e5som:<\/p>\n<ul>\n<li>\n<h3>Entrepren\u00f8rudstyr<\/h3>\n<p>I gravemaskiner er de afg\u00f8rende for at grave, l\u00e6sse og flytte jord eller affald. I rendegravere hj\u00e6lper skovlcylinderen med b\u00e5de gravning og l\u00f8ft. <\/p>\n<\/li>\n<li>\n<h3>Landbrugsmaskiner<\/h3>\n<p>Anvendes i frontl\u00e6ssere til at opgrave, l\u00f8fte og transportere jord, h\u00f8 og andre materialer.<\/p>\n<\/li>\n<li>\n<h3>Gravemaskiner<\/h3>\n<p>Skovlcylinderen muligg\u00f8r indtr\u00e6ngning af jorden for at udf\u00f8re udgravning.<\/p>\n<\/li>\n<li>\n<h3>L\u00e6ssere<\/h3>\n<p>I frontl\u00e6ssere hj\u00e6lper de med effektivt at l\u00f8fte og t\u00f8mme gods.<\/p>\n<\/li>\n<\/ul>\n<h2>Designovervejelser og udv\u00e6lgelseskriterier<\/h2>\n<ul>\n<li>\n<h3>B\u00e6reevne<\/h3>\n<p>Cylinderen skal have tilstr\u00e6kkelig b\u00e6reevne for at sikre sikker drift og forhindre overbelastning. <\/p>\n<\/li>\n<li>\n<h3>Forsegling<\/h3>\n<p>Stempelt\u00e6tningen, stangt\u00e6tningen og andre t\u00e6tninger skal v\u00e6re lavet af slidst\u00e6rke materialer som polyurethan og nitrilgummi for at forl\u00e6nge levetiden. <\/p>\n<\/li>\n<li>\n<h3>Holdbarhed<\/h3>\n<p>Cylinderhuset og gevindenden skal gennemg\u00e5 en fin bearbejdning for at forbedre slidstyrken. <\/p>\n<\/li>\n<li>\n<h3>Sikkerhed<\/h3>\n<p>Cylinderen skal v\u00e6re udstyret med sikkerhedsanordninger for at forhindre ulykker for\u00e5rsaget af pludselige trykfald eller for store belastninger. <\/p>\n<\/li>\n<li>\n<h3>Vedligeholdelsesevne<\/h3>\n<p>Cylinderen skal v\u00e6re nem at skille ad og samle, udskifte beskadigede dele og vedligeholde.<\/p>\n<\/li>\n<\/ul>\n<p><img decoding=\"async\" src=\"https:\/\/www.hydraulic-cylinders.net\/wp-content\/uploads\/2025\/01\/songte-oil-pipes-and-spare-parts.webp\" alt=\"Reservedele billede\"><\/p>\n<h2>T\u00e6tning og sm\u00f8ring<\/h2>\n<p>Forskellige t\u00e6tningskomponenter s\u00e5som stempelt\u00e6tninger og stangt\u00e6tninger anvendes til at forhindre oliel\u00e6kage og sikre sm\u00f8ring af bev\u00e6gelige komponenter. T\u00e6tningerne er lavet af slidst\u00e6rke materialer s\u00e5som polyurethan og nitrilgummi, og cylinderhuset og gevindenden er fint bearbejdet for at forbedre slidstyrken. Cylinderen skal ogs\u00e5 regelm\u00e6ssigt fyldes med en passende m\u00e6ngde hydraulikolie til sm\u00f8ring.<\/p>\n<h2>Inspektion og forebyggende vedligeholdelsesforanstaltninger<\/h2>\n<p>Regelm\u00e6ssige inspektioner, passende sm\u00f8ring, udskiftning af pakninger og kalibreringskontroller er almindelige vedligeholdelsesopgaver. Korrekt installation, sm\u00f8ring og justering er afg\u00f8rende, og korrekt justering af cylinderen b\u00f8r s\u00f8rges for under installationen. Det anbefales at bruge passende monteringsbeslag til at fastg\u00f8re cylinderen. De anbefalede inspektions-, reparations- og udskiftningsprocedurer gives sammen med tips til at forl\u00e6nge cylinderens levetid.<\/p>\n<p><img decoding=\"async\" src=\"https:\/\/www.hydraulic-cylinders.net\/wp-content\/uploads\/2025\/01\/songte-chushion-collar.webp\" alt=\"Installationsbillede\"><\/p>\n<h2>Sikkerhedshensyn og milj\u00f8faktorer<\/h2>\n<p>Sikkerhedsforanstaltninger er afg\u00f8rende ved brug af cylinderen. Det er n\u00f8dvendigt at sikre, at cylinderen installeres og bruges korrekt for at forhindre ulykker. Milj\u00f8faktorer som temperatur, tryk og fugtighed skal ogs\u00e5 tages i betragtning for at forhindre potentielle sikkerhedsfarer.<\/p>\n<h2>Almindelig fejldiagnose og l\u00f8sninger<\/h2>\n<p>Almindelige fejl s\u00e5som oliel\u00e6kage, utilstr\u00e6kkeligt tryk og ustabil drift kan opst\u00e5 under brug af cylinderen. Cylindermanualen indeholder tips til fejlfinding og l\u00f8sninger, der hj\u00e6lper l\u00e6serne med at diagnosticere og l\u00f8se problemer effektivt, samt forebyggende foranstaltninger for at reducere potentielle problemer.<\/p>\n<p><img decoding=\"async\" src=\"https:\/\/www.hydraulic-cylinders.net\/wp-content\/uploads\/2025\/01\/songte-bushings-with-all-kinds-of-excavator-models.webp\" alt=\"Fejldiagnosebillede\"><\/p>\n<h2>Om vores virksomhed<\/h2>\n<p>Vi er en producent af hydrauliske cylindreerstatninger med et komplet produktsortiment og er blevet en af \u200b\u200bde f\u00f8rende producenter og grossister af hydrauliske cylindre p\u00e5 det indenlandske og internationale marked. Vi overholder principperne om fremragende kvalitet og bygger p\u00e5 en strategi for industriel produktionsstyring med fine produktionsv\u00e6rksteder, teknisk talent, digitalt high-end produktionsudstyr og professionelle testsystemer. Vores virksomhed forbedrer l\u00f8bende v\u00e6rkstedets produktionsplatform, perfektionerer produktkvaliteten og har en st\u00e6rk produktionsevne til at im\u00f8dekomme kundernes forskellige behov med principperne om h\u00f8j effektivitet, h\u00f8j pr\u00e6cision og h\u00f8j kvalitet.<\/p>\n<p><img decoding=\"async\" src=\"https:\/\/hzpt.com\/wp-content\/uploads\/2024\/11\/songte-company-1.webp\" alt=\"Virksomhedens image\"><\/p>\n<h3>Professionalitet<\/h3>\n<p>Vi har et professionelt design- og produktionsteam, der kan tilbyde kunderne skr\u00e6ddersyede tjenester, der opfylder deres specifikke behov.<\/p>\n<h3>International certificering<\/h3>\n<p>Vores virksomheds produkter har opn\u00e5et ISO9001-, CE- og andre internationale certificeringer, hvilket fuldt ud demonstrerer vores fremragende produktkvalitet og serviceniveau.<\/p>\n<h3>Tilpasset service<\/h3>\n<p>Vi kan tilbyde skr\u00e6ddersyede tjenester i henhold til kundernes forskellige behov, og vores professionelle designteam kan give kunderne personlige l\u00f8sninger.<\/p>\n<h3>Produktionsudstyr<\/h3>\n<p>Vi har avanceret produktionsudstyr s\u00e5som CNC-maskiner og testudstyr, som kan sikre vores produkters h\u00f8je kvalitet og pr\u00e6cision.<\/p>\n<h3>Eftersalgsservice<\/h3>\n<p>Vi tilbyder kunderne omfattende eftersalgsservice, herunder installationsvejledning, teknisk support og vedligeholdelsesservice, for at sikre, at kunderne kan bruge vores produkter med ro i sindet.<\/p>\n<p>Forfatter: lyl<\/p>","protected":false},"excerpt":{"rendered":"<p>Bucket Cylinder for Doosan Middle Excavator DH200-5-7 Introduction A bucket cylinder is a specially designed hydraulic cylinder that is primarily used to control the movement of the bucket in heavy machinery such as excavators, backhoe loaders, and front-end loaders. Its main function is to enable the bucket to lift, lower, and tilt, making it easier [&hellip;]<\/p>","protected":false},"featured_media":14776,"comment_status":"open","ping_status":"closed","template":"","meta":{"_et_pb_use_builder":"","_et_pb_old_content":"","_et_gb_content_width":""},"product_brand":[],"product_cat":[1494],"product_tag":[1495,1496],"class_list":{"0":"post-15275","1":"product","2":"type-product","3":"status-publish","4":"has-post-thumbnail","6":"product_cat-bucket-cylinders","7":"product_tag-bucket-cylinders","8":"product_tag-hydraulic-cylinders","10":"first","11":"instock","12":"shipping-taxable","13":"product-type-simple"},"amp_enabled":true,"_links":{"self":[{"href":"https:\/\/www.hydraulic-cylinders.net\/da\/wp-json\/wp\/v2\/product\/15275","targetHints":{"allow":["GET"]}}],"collection":[{"href":"https:\/\/www.hydraulic-cylinders.net\/da\/wp-json\/wp\/v2\/product"}],"about":[{"href":"https:\/\/www.hydraulic-cylinders.net\/da\/wp-json\/wp\/v2\/types\/product"}],"replies":[{"embeddable":true,"href":"https:\/\/www.hydraulic-cylinders.net\/da\/wp-json\/wp\/v2\/comments?post=15275"}],"wp:featuredmedia":[{"embeddable":true,"href":"https:\/\/www.hydraulic-cylinders.net\/da\/wp-json\/wp\/v2\/media\/14776"}],"wp:attachment":[{"href":"https:\/\/www.hydraulic-cylinders.net\/da\/wp-json\/wp\/v2\/media?parent=15275"}],"wp:term":[{"taxonomy":"product_brand","embeddable":true,"href":"https:\/\/www.hydraulic-cylinders.net\/da\/wp-json\/wp\/v2\/product_brand?post=15275"},{"taxonomy":"product_cat","embeddable":true,"href":"https:\/\/www.hydraulic-cylinders.net\/da\/wp-json\/wp\/v2\/product_cat?post=15275"},{"taxonomy":"product_tag","embeddable":true,"href":"https:\/\/www.hydraulic-cylinders.net\/da\/wp-json\/wp\/v2\/product_tag?post=15275"}],"curies":[{"name":"wp","href":"https:\/\/api.w.org\/{rel}","templated":true}]}}