{"id":15282,"date":"2025-01-19T14:20:06","date_gmt":"2025-01-19T14:20:06","guid":{"rendered":"https:\/\/www.hydraulic-cylinders.net\/product\/bucket-cylinder-for-doosan-middle-excavator-dh225lc-9\/"},"modified":"2025-01-19T14:20:09","modified_gmt":"2025-01-19T14:20:09","slug":"bucket-cylinder-for-doosan-middle-excavator-dh225lc-9","status":"publish","type":"product","link":"https:\/\/www.hydraulic-cylinders.net\/da\/vare\/bucket-cylinder-for-doosan-middle-excavator-dh225lc-9\/","title":{"rendered":"Skovlcylinder til Doosan mellemgraver DH225LC-9"},"content":{"rendered":"<h1>Skovlcylinder til Doosan mellemgraver DH225LC-9<\/h1>\n<h2>Indledning<\/h2>\n<p>Skovlcylinderen til Doosan Middle Excavator DH225LC-9 er en specialiseret hydraulisk cylinder, der prim\u00e6rt er designet til at styre skovlens bev\u00e6gelser i tunge maskiner, s\u00e5som gravemaskiner, rendegravere og frontl\u00e6ssere. Dens hovedfunktion er at muligg\u00f8re l\u00f8ft, s\u00e6nkning og vipning af skovlen, hvilket g\u00f8r det lettere at udf\u00f8re forskellige materialeh\u00e5ndteringsopgaver. I det hydrauliske system bruger skovlcylinderen tryk\u00e6ndringerne i hydraulikolien til pr\u00e6cist at styre skovlen, hvilket giver operat\u00f8rerne mulighed for effektivt at h\u00e5ndtere tunge l\u00e6s og tilpasse sig komplekse arbejdsmilj\u00f8er og forskellige driftskrav.<\/p>\n<p><img decoding=\"async\" src=\"https:\/\/www.hydraulic-cylinders.net\/wp-content\/uploads\/2025\/01\/songte-company-2.webp\"\/><\/p>\n<h2>Funktioner<\/h2>\n<ul>\n<li>H\u00f8j styrke og holdbarhed: Normalt lavet af h\u00f8jstyrkest\u00e5l eller aluminium, kan det modst\u00e5 h\u00f8jt tryk og tunge belastninger, tilpasse sig barske arbejdsmilj\u00f8er og er designet til at tage hensyn til slidstyrke og korrosionsbestandighed for at forl\u00e6nge levetiden. <\/li>\n<li>Effektiv hydraulisk drift: J\u00e6vn ekspansion og sammentr\u00e6kning opn\u00e5s ved at udnytte trykket fra hydraulikolien, som hurtigt kan reagere p\u00e5 styrekommandoer, give kraftige skubbe- og tr\u00e6kkr\u00e6fter og er velegnet til h\u00e5ndtering af tunge belastninger og komplekse driftsopgaver. <\/li>\n<li>Forskellige typer: Enkeltvirkende (hydraulik kun brugt i \u00e9n retning) eller dobbeltvirkende (hydraulik i to retninger) cylindre kan v\u00e6lges efter de operationelle behov. Nogle modeller er teleskopiske, hvilket muligg\u00f8r st\u00f8rre udtr\u00e6k uden at \u00f8ge de udvendige dimensioner, hvilket er velegnet til applikationer med begr\u00e6nset plads. <\/li>\n<li>Kan produceres af vores virksomhed: Vores produkter kan perfekt erstatte disse hydrauliske cylindre.<\/li>\n<\/ul>\n<p><img decoding=\"async\" src=\"https:\/\/www.hydraulic-cylinders.net\/wp-content\/uploads\/2025\/01\/songte-cylinder-head-with-all-kinds-excavator-models.webp\"\/><\/p>\n<h2>Applikationer<\/h2>\n<p>Skovlcylinderen til Doosan mellemgraver DH225LC-9 bruges i vid udstr\u00e6kning inden for forskellige omr\u00e5der, herunder:<\/p>\n<ul>\n<li>Entrepren\u00f8rudstyr: Det er vigtigt for gravemaskiner, n\u00e5r de graver, l\u00e6sser og flytter jord eller affald. I rendegravere hj\u00e6lper skovlcylinderen med gravning og l\u00f8ft. <\/li>\n<li>Landbrugsmaskiner: Bruges til frontl\u00e6ssere til at udgrave, l\u00f8fte og transportere jord, h\u00f8 og andre materialer. <\/li>\n<li>Gravemaskiner: Skovlcylinderen g\u00f8r det muligt for skovlen at tr\u00e6nge ned i jorden for at opn\u00e5 gravefunktion. <\/li>\n<li>L\u00e6ssere: I frontl\u00e6ssere hj\u00e6lper det med at l\u00f8fte og vippe varer effektivt. <\/li>\n<\/ul>\n<p>Hver applikation er uddybet nedenfor:<\/p>\n<h3>Entrepren\u00f8rudstyr<\/h3>\n<p>Skovlcylinderen spiller en vigtig rolle i gravemaskiner til gravning, lastning og flytning af jord eller affald. Den hj\u00e6lper ogs\u00e5 rendegravere med gravning og l\u00f8ft.<\/p>\n<h3>Landbrugsmaskiner<\/h3>\n<p>Skovlcylinderen bruges i frontl\u00e6ssere til at udgrave, l\u00f8fte og transportere jord, h\u00f8 og andre materialer.<\/p>\n<h3>Gravemaskiner<\/h3>\n<p>Skovlcylinderen bruges til at g\u00f8re det muligt for skovlen at tr\u00e6nge ned i jorden for at opn\u00e5 gravefunktion.<\/p>\n<h3>L\u00e6ssere<\/h3>\n<p>I frontl\u00e6ssere hj\u00e6lper skovlcylinderen med at l\u00f8fte og vippe gods effektivt.<\/p>\n<h2>Designovervejelser og udv\u00e6lgelseskriterier<\/h2>\n<p>Forskellige designhensyn og udv\u00e6lgelseskriterier b\u00f8r tages i betragtning ved valg af skovlcylinder til Doosan mellemgraver DH225LC-9. Disse omfatter:<\/p>\n<ul>\n<li>B\u00e6reevne<\/li>\n<li>Forsegling<\/li>\n<li>Holdbarhed<\/li>\n<li>Sikkerhed<\/li>\n<li>Vedligeholdelsesevne<\/li>\n<\/ul>\n<p><img decoding=\"async\" src=\"https:\/\/www.hydraulic-cylinders.net\/wp-content\/uploads\/2025\/01\/songte-oil-pipes-and-spare-parts.webp\"\/><\/p>\n<h2>T\u00e6tning og sm\u00f8ring<\/h2>\n<p>Skovlcylinderen til Doosan mellemgraver DH225LC-9 bruger forskellige t\u00e6tningskomponenter, s\u00e5som stempelt\u00e6tninger og stangt\u00e6tninger, som er lavet af slidst\u00e6rke materialer, s\u00e5som polyurethan og nitrilgummi. Cylinderens hus og gevindendeflade er fint forarbejdet for at forbedre slidstyrken. Regelm\u00e6ssig tils\u00e6tning af passende hydraulikolie er n\u00f8dvendig til sm\u00f8ring.<\/p>\n<h2>Vedligeholdelses- og forholdsregler<\/h2>\n<p>Regelm\u00e6ssig kontrol og forebyggende vedligeholdelse er afg\u00f8rende for, at skovlcylinderen fungerer korrekt. Disse foranstaltninger omfatter:<\/p>\n<ul>\n<li>Regelm\u00e6ssige kontroller<\/li>\n<li>Korrekt sm\u00f8ring<\/li>\n<li>Udskiftning af pakning og kalibreringsinspektion<\/li>\n<\/ul>\n<p>Det er vigtigt at give korrekt justeringsvejledning under installationen og at bruge passende installationsbeslag til at fastg\u00f8re cylinderen p\u00e5 plads. Vi anbefaler at bruge de anbefalede inspektions-, reparations- og udskiftningsprocedurer for at forl\u00e6nge levetiden for skovlcylinderen til Doosan mellemgraver DH225LC-9.<\/p>\n<p><img decoding=\"async\" src=\"https:\/\/www.hydraulic-cylinders.net\/wp-content\/uploads\/2025\/01\/songte-chushion-collar.webp\"\/><\/p>\n<h2>Sikkerhedshensyn og milj\u00f8faktorer<\/h2>\n<p>N\u00e5r du bruger skovlcylinderen til Doosan mellemgraver DH225LC-9, er det vigtigt at f\u00f8lge sikkerhedsforanstaltninger for at undg\u00e5 ulykker og at tage hensyn til de milj\u00f8faktorer, der kan p\u00e5virke cylinderens drift.<\/p>\n<h2>Fejlfinding og almindelige problemer<\/h2>\n<p>Forskellige fejlfindings- og almindelige problemer kan opst\u00e5 ved brug af skovlcylinderen til Doosan mellemgraver DH225LC-9. Her er nogle af l\u00f8sningerne:<\/p>\n<ul>\n<li>Udskiftning af pakninger<\/li>\n<li>Kontrol for l\u00e6kager<\/li>\n<li>Kontrol for deformationer og skader <\/li>\n<\/ul>\n<p>Forebyggende foranstaltninger anbefales for at minimere potentielle problemer.<\/p>\n<p><img decoding=\"async\" src=\"https:\/\/www.hydraulic-cylinders.net\/wp-content\/uploads\/2025\/01\/songte-bushings-with-all-kinds-of-excavator-models.webp\"\/><\/p>\n<h2>Om vores virksomhed<\/h2>\n<p>Vi er en f\u00f8rende producent og grossist af hydrauliske cylindre p\u00e5 det indenlandske og internationale marked og tilbyder et komplet udvalg af produkter til erstatning af hydrauliske cylindre. Vi overholder princippet om fremragende kvalitet, bygger p\u00e5 den industrialiserede produktionsstyringsstrategi fra finproduktionsv\u00e6rksteder og forbedrer l\u00f8bende v\u00e6rkstedets produktionsplatform, perfektionerer produktkvaliteten og har en st\u00e6rk produktionsevne. <\/p>\n<p>Ud over teknologisk talent, digitalt avanceret produktionsudstyr og professionelle inspektionssystemer tilbyder vi skr\u00e6ddersyede tjenester, produktionsudstyr og eftersalgsservice for at im\u00f8dekomme kundernes forskellige behov med h\u00f8j effektivitet, h\u00f8j pr\u00e6cision og h\u00f8j kvalitet som principper.<\/p>\n<p>Vores virksomhed tilbyder ogs\u00e5 en r\u00e6kke tjenester s\u00e5som specialiserede tilpasninger, ombygningstjenester og reservedele for at hj\u00e6lpe kunder med at forl\u00e6nge levetiden p\u00e5 deres udstyr.<\/p>\n<p><img decoding=\"async\" src=\"https:\/\/hzpt.com\/wp-content\/uploads\/2024\/11\/songte-company-1.webp\"\/><\/p>\n<h2>Forfatter<\/h2>\n<p>lyl<\/p>","protected":false},"excerpt":{"rendered":"<p>Bucket Cylinder For Doosan Middle Excavator DH225LC-9 Introduction The Bucket Cylinder for Doosan Middle Excavator DH225LC-9 is a specialized hydraulic cylinder designed primarily for controlling the movements of the bucket in heavy machinery, such as excavators, backhoe loaders, and front loaders. Its main function is to enable lifting, lowering, and tilting of the bucket, making [&hellip;]<\/p>","protected":false},"featured_media":14789,"comment_status":"open","ping_status":"closed","template":"","meta":{"_et_pb_use_builder":"","_et_pb_old_content":"","_et_gb_content_width":""},"product_brand":[],"product_cat":[1494],"product_tag":[1495,1496],"class_list":{"0":"post-15282","1":"product","2":"type-product","3":"status-publish","4":"has-post-thumbnail","6":"product_cat-bucket-cylinders","7":"product_tag-bucket-cylinders","8":"product_tag-hydraulic-cylinders","10":"first","11":"instock","12":"shipping-taxable","13":"product-type-simple"},"amp_enabled":true,"_links":{"self":[{"href":"https:\/\/www.hydraulic-cylinders.net\/da\/wp-json\/wp\/v2\/product\/15282","targetHints":{"allow":["GET"]}}],"collection":[{"href":"https:\/\/www.hydraulic-cylinders.net\/da\/wp-json\/wp\/v2\/product"}],"about":[{"href":"https:\/\/www.hydraulic-cylinders.net\/da\/wp-json\/wp\/v2\/types\/product"}],"replies":[{"embeddable":true,"href":"https:\/\/www.hydraulic-cylinders.net\/da\/wp-json\/wp\/v2\/comments?post=15282"}],"wp:featuredmedia":[{"embeddable":true,"href":"https:\/\/www.hydraulic-cylinders.net\/da\/wp-json\/wp\/v2\/media\/14789"}],"wp:attachment":[{"href":"https:\/\/www.hydraulic-cylinders.net\/da\/wp-json\/wp\/v2\/media?parent=15282"}],"wp:term":[{"taxonomy":"product_brand","embeddable":true,"href":"https:\/\/www.hydraulic-cylinders.net\/da\/wp-json\/wp\/v2\/product_brand?post=15282"},{"taxonomy":"product_cat","embeddable":true,"href":"https:\/\/www.hydraulic-cylinders.net\/da\/wp-json\/wp\/v2\/product_cat?post=15282"},{"taxonomy":"product_tag","embeddable":true,"href":"https:\/\/www.hydraulic-cylinders.net\/da\/wp-json\/wp\/v2\/product_tag?post=15282"}],"curies":[{"name":"wp","href":"https:\/\/api.w.org\/{rel}","templated":true}]}}