{"id":15283,"date":"2025-01-19T14:20:12","date_gmt":"2025-01-19T14:20:12","guid":{"rendered":"https:\/\/www.hydraulic-cylinders.net\/product\/bucket-cylinder-for-doosan-middle-excavator-dh260lc\/"},"modified":"2025-01-19T14:20:14","modified_gmt":"2025-01-19T14:20:14","slug":"bucket-cylinder-for-doosan-middle-excavator-dh260lc","status":"publish","type":"product","link":"https:\/\/www.hydraulic-cylinders.net\/da\/vare\/bucket-cylinder-for-doosan-middle-excavator-dh260lc\/","title":{"rendered":"Skovlcylinder til Doosan mellemgraver DH260LC"},"content":{"rendered":"<h1>Skovlcylinder til Doosan mellemgraver DH260LC<\/h1>\n<h2>Indledning<\/h2>\n<p>Skovlcylinderen til Doosan Middle Excavator DH260LC er en specialdesignet hydraulisk cylinder, der prim\u00e6rt bruges til at styre skovlens bev\u00e6gelse i tunge maskiner s\u00e5som gravemaskiner, rendegravere og frontl\u00e6ssere. Dens hovedfunktion er at tillade, at skovlen kan l\u00f8ftes, s\u00e6nkes og vippes, hvilket letter forskellige materialeh\u00e5ndteringsopgaver. I det hydrauliske system muligg\u00f8r skovlcylinderen pr\u00e6cis styring af skovlen ved at \u00e6ndre trykket i hydraulikolien, hvilket giver operat\u00f8rerne mulighed for effektivt at h\u00e5ndtere tunge l\u00e6s og tilpasse sig komplekse arbejdsmilj\u00f8er og forskellige driftskrav.<\/p>\n<p><img decoding=\"async\" src=\"https:\/\/www.hydraulic-cylinders.net\/wp-content\/uploads\/2025\/01\/songte-company-2.webp\" alt=\"Billede af spandcylinder\"><\/p>\n<h2>Produktfunktioner<\/h2>\n<ul>\n<li>H\u00f8j styrke og holdbarhed: Normalt lavet af h\u00f8jstyrkest\u00e5l eller aluminium, kan det modst\u00e5 h\u00f8jt tryk og tunge belastninger og tilpasse sig barske arbejdsmilj\u00f8er. Designet tager h\u00f8jde for slidstyrke og korrosionsbestandighed, hvilket forl\u00e6nger levetiden.<\/li>\n<li>Effektiv hydraulisk drift: J\u00e6vne ekspansions- og sammentr\u00e6kningsbev\u00e6gelser opn\u00e5s ved hj\u00e6lp af hydraulisk olietryk, hvilket giver hurtig respons p\u00e5 styrekommandoer og leverer kraftige skubbe- og tr\u00e6kkr\u00e6fter, der er egnede til h\u00e5ndtering af tunge belastninger og komplekse driftsopgaver.<\/li>\n<li>Forskellige typer: Cylindertyper kan v\u00e6lges efter driftskrav, herunder enkeltvirkende (hydraulisk anvendes kun i \u00e9n retning) eller dobbeltvirkende (hydraulisk anvendes i begge retninger). Nogle modeller er teleskopiske, hvilket giver mulighed for st\u00f8rre udtr\u00e6k uden at \u00f8ge de udvendige dimensioner, hvilket g\u00f8r dem velegnede til applikationer med begr\u00e6nset plads.<\/li>\n<li>Kompatibel udskiftning: Vores produkter kan perfekt erstatte lignende hydrauliske cylindre og give kunderne en omkostningseffektiv l\u00f8sning til udskiftning af cylindre.<\/li>\n<\/ul>\n<p><img decoding=\"async\" src=\"https:\/\/www.hydraulic-cylinders.net\/wp-content\/uploads\/2025\/01\/songte-cylinder-head-with-all-kinds-excavator-models.webp\" alt=\"Billede af udskiftning af spandcylinder\"><\/p>\n<h2>Applikationer<\/h2>\n<p>Skovlcylinderen til Doosan mellemgraver DH260LC kan bruges i forskellige tunge maskiner:<\/p>\n<h3>Entrepren\u00f8rudstyr<\/h3>\n<p>I gravemaskiner er det vigtigt for at grave, l\u00e6sse og flytte jord eller affald. I rendegravere hj\u00e6lper skovlcylinderen med b\u00e5de at grave og l\u00f8fte. For frontl\u00e6ssere hj\u00e6lper de med at l\u00f8fte og vippe laster effektivt.<\/p>\n<h3>Landbrugsmaskiner<\/h3>\n<p>Bruges i frontl\u00e6ssere til lastning, l\u00f8ft og transport af jord, h\u00f8 og andre materialer. I gravemaskiner muligg\u00f8r skovlcylinderen gravearbejdet ved at lade skovlen tr\u00e6nge ned i jorden. <\/p>\n<h3>Andre<\/h3>\n<p>I forskellige industrielle milj\u00f8er kan skovlcylinderen lette flytningen af \u200b\u200btunge genstande, hvilket g\u00f8r den til et v\u00e6rdifuldt v\u00e6rkt\u00f8j i materialeh\u00e5ndteringsoperationer.<\/p>\n<h2>Designovervejelser og udv\u00e6lgelseskriterier<\/h2>\n<p>Skovlcylindre skal designes og v\u00e6lges ud fra flere n\u00f8glefaktorer:<\/p>\n<h3>B\u00e6reevne<\/h3>\n<p>Cylinderens b\u00e6reevne skal v\u00e6re s\u00e5dan, at den kan modst\u00e5 h\u00f8jt tryk og tunge belastninger under drift.<\/p>\n<h3>Forsegling<\/h3>\n<p>Forskellige t\u00e6tningselementer, s\u00e5som stempelt\u00e6tninger og stangt\u00e6tninger, b\u00f8r anvendes for at forhindre oliel\u00e6kage og forbedre cylinderens t\u00e6tningsevne. T\u00e6tningselementerne b\u00f8r v\u00e6re lavet af slidst\u00e6rke materialer s\u00e5som polyurethan og nitrilgummi. Cylinderhuset og gevindoverfladen b\u00f8r behandles fint for at forbedre slidstyrken.<\/p>\n<h3>Holdbarhed<\/h3>\n<p>Cylinderen skal v\u00e6re lavet af h\u00f8jstyrkematerialer, der kan modst\u00e5 barske arbejdsforhold og modst\u00e5 slid og korrosion for at forl\u00e6nge dens levetid.<\/p>\n<h3>Sikkerhed<\/h3>\n<p>Cylinderen skal v\u00e6re konstrueret med sikkerhed i tankerne for at forhindre ulykker under drift.<\/p>\n<h3>Opretholdelse<\/h3>\n<p>Cylinderen skal v\u00e6re designet til at v\u00e6re nem at vedligeholde og reparere, med udskiftelige dele let tilg\u00e6ngelige. Regelm\u00e6ssig vedligeholdelse og inspektion b\u00f8r udf\u00f8res for at sikre optimal ydeevne.<\/p>\n<p><img decoding=\"async\" src=\"https:\/\/www.hydraulic-cylinders.net\/wp-content\/uploads\/2025\/01\/songte-oil-pipes-and-spare-parts.webp\" alt=\"Billede af dele af skovlcylinder\"><\/p>\n<h2>T\u00e6tning og sm\u00f8ring<\/h2>\n<p>Skovlcylindre kr\u00e6ver forskellige t\u00e6tningselementer for at forhindre oliel\u00e6kage og forbedre t\u00e6tningsydelsen. Disse elementer omfatter stempelt\u00e6tninger, stangt\u00e6tninger og andre t\u00e6tninger lavet af slidst\u00e6rke materialer s\u00e5som polyurethan og nitrilgummi. Cylinderhuset og gevindenden b\u00f8r behandles fint for at forbedre slidstyrken. Regelm\u00e6ssig sm\u00f8ring med passende hydraulikolie er n\u00f8dvendig for at opretholde cylinderens ydeevne.<\/p>\n<h2>Vedligeholdelses- og forebyggende foranstaltninger<\/h2>\n<p>Regelm\u00e6ssig vedligeholdelse og inspektion er afg\u00f8rende for at sikre optimal ydeevne af skovlcylindre. Nogle forebyggende foranstaltninger, der kan tr\u00e6ffes, omfatter:<\/p>\n<ul>\n<li>Regelm\u00e6ssige inspektioner for at opdage og forebygge slitage og skader.<\/li>\n<li>Regelm\u00e6ssig sm\u00f8ring med den korrekte hydraulikolie for at forhindre skader fra olieforurening.<\/li>\n<li>Regelm\u00e6ssig udskiftning af slidte eller beskadigede pakninger for at forhindre oliel\u00e6kage.<\/li>\n<\/ul>\n<p>Korrekt installation, sm\u00f8ring og justering er afg\u00f8rende for optimal ydeevne og levetid for skovlcylindre. Der b\u00f8r gives korrekt vejledning i justering under installationen, og der b\u00f8r anvendes passende monteringsbeslag til at fastg\u00f8re cylinderen. Anbefalede inspektions-, reparations- og udskiftningsprocedurer b\u00f8r f\u00f8lges for at forl\u00e6nge cylinderens levetid.<\/p>\n<p><img decoding=\"async\" src=\"https:\/\/www.hydraulic-cylinders.net\/wp-content\/uploads\/2025\/01\/songte-chushion-collar.webp\" alt=\"Billede af installation af spandcylinder\"><\/p>\n<h2>Sikkerheds- og milj\u00f8hensyn<\/h2>\n<p>Skovlcylindre b\u00f8r anvendes med sikkerhedsforanstaltninger p\u00e5 plads for at forhindre ulykker under drift. Milj\u00f8hensyn b\u00f8r ogs\u00e5 tages i betragtning for at minimere hydrauliske v\u00e6skers p\u00e5virkning af milj\u00f8et.<\/p>\n<h2>Diagnose og fejlfinding<\/h2>\n<p>Nogle almindelige problemer, der kan opst\u00e5 med skovlcylindre, omfatter oliel\u00e6kage, utilstr\u00e6kkelig kraft og langsom reaktionstid. Disse problemer kan l\u00f8ses ved at udskifte slidte eller beskadigede pakninger, justere det hydrauliske systems tryk eller udskifte dele.<\/p>\n<h2>Om vores virksomhed<\/h2>\n<p>Vi er velrenommerede producenter af hydrauliske cylindre, der tilbyder en bred vifte af produkter, der har gjort os til en f\u00f8rende producent og grossist af hydrauliske cylindre p\u00e5 det indenlandske og internationale marked. Vi str\u00e6ber efter at opn\u00e5 fremragende kvalitet ved at bruge industrialiserede produktionsstyringsstrategier med sofistikerede produktionsv\u00e6rksteder, avanceret digitalt produktionsudstyr og professionelle testsystemer. Vi forbedrer l\u00f8bende vores produktionsplatform, forfiner vores produktionslinje for produktkvalitet og har st\u00e6rke innovationsevner. Vi overholder principperne om h\u00f8j effektivitet, h\u00f8j pr\u00e6cision og h\u00f8j kvalitet for at im\u00f8dekomme vores kunders forskellige behov.<\/p>\n<p><img decoding=\"async\" src=\"https:\/\/hzpt.com\/wp-content\/uploads\/2024\/11\/songte-company-1.webp\" alt=\"Virksomhedens image\"><\/p>\n<h3>Professionalitet<\/h3>\n<p>Vores virksomhed har et team af eksperter med omfattende erfaring inden for udvikling, produktion og test af hydrauliske cylindre. Vores professionelle team sikrer, at vores produkter opfylder de h\u00f8jeste kvalitetsstandarder.<\/p>\n<h3>International certificering<\/h3>\n<p>Vores produkter er certificeret efter internationale standarder som ISO9001, CE og ROHS, hvilket sikrer kvaliteten og sikkerheden af \u200b\u200bvores produkter.<\/p>\n<h3>Tilpasningstjenester<\/h3>\n<p>Vi tilbyder specialdesignede hydrauliske cylindre, der opfylder vores kunders specifikke behov.<\/p>\n<h3>Produktionsudstyr<\/h3>\n<p>Vi har avanceret produktionsudstyr s\u00e5som CNC-bearbejdningscentre og automatiske svejsemaskiner for at sikre pr\u00e6cisionen af \u200b\u200bvores produkter.<\/p>\n<h3>Eftersalgsservice<\/h3>\n<p>Vi tilbyder fremragende eftersalgsservice og teknisk support til vores kunder, herunder reparation og udskiftning.<\/p>\n<p>Forfatter lyl.<\/p>\n<p><img decoding=\"async\" src=\"https:\/\/www.hydraulic-cylinders.net\/wp-content\/uploads\/2025\/01\/songte-bushings-with-all-kinds-of-excavator-models.webp\" alt=\"Billede af skovlcylinderb\u00f8sninger\"><\/p>","protected":false},"excerpt":{"rendered":"<p>Bucket Cylinder For Doosan Middle Excavator DH260LC Introduction The Bucket Cylinder for Doosan Middle Excavator DH260LC is a specially designed hydraulic cylinder that is primarily used to control the movement of the bucket in heavy machinery such as excavators, backhoe loaders, and front-end loaders. Its main function is to allow the bucket to be lifted, [&hellip;]<\/p>","protected":false},"featured_media":14788,"comment_status":"open","ping_status":"closed","template":"","meta":{"_et_pb_use_builder":"","_et_pb_old_content":"","_et_gb_content_width":""},"product_brand":[],"product_cat":[1494],"product_tag":[1495,1496],"class_list":{"0":"post-15283","1":"product","2":"type-product","3":"status-publish","4":"has-post-thumbnail","6":"product_cat-bucket-cylinders","7":"product_tag-bucket-cylinders","8":"product_tag-hydraulic-cylinders","10":"first","11":"instock","12":"shipping-taxable","13":"product-type-simple"},"amp_enabled":true,"_links":{"self":[{"href":"https:\/\/www.hydraulic-cylinders.net\/da\/wp-json\/wp\/v2\/product\/15283","targetHints":{"allow":["GET"]}}],"collection":[{"href":"https:\/\/www.hydraulic-cylinders.net\/da\/wp-json\/wp\/v2\/product"}],"about":[{"href":"https:\/\/www.hydraulic-cylinders.net\/da\/wp-json\/wp\/v2\/types\/product"}],"replies":[{"embeddable":true,"href":"https:\/\/www.hydraulic-cylinders.net\/da\/wp-json\/wp\/v2\/comments?post=15283"}],"wp:featuredmedia":[{"embeddable":true,"href":"https:\/\/www.hydraulic-cylinders.net\/da\/wp-json\/wp\/v2\/media\/14788"}],"wp:attachment":[{"href":"https:\/\/www.hydraulic-cylinders.net\/da\/wp-json\/wp\/v2\/media?parent=15283"}],"wp:term":[{"taxonomy":"product_brand","embeddable":true,"href":"https:\/\/www.hydraulic-cylinders.net\/da\/wp-json\/wp\/v2\/product_brand?post=15283"},{"taxonomy":"product_cat","embeddable":true,"href":"https:\/\/www.hydraulic-cylinders.net\/da\/wp-json\/wp\/v2\/product_cat?post=15283"},{"taxonomy":"product_tag","embeddable":true,"href":"https:\/\/www.hydraulic-cylinders.net\/da\/wp-json\/wp\/v2\/product_tag?post=15283"}],"curies":[{"name":"wp","href":"https:\/\/api.w.org\/{rel}","templated":true}]}}