{"id":15284,"date":"2025-01-19T14:20:16","date_gmt":"2025-01-19T14:20:16","guid":{"rendered":"https:\/\/www.hydraulic-cylinders.net\/product\/bucket-cylinder-for-doosan-middle-excavator-dx260lc\/"},"modified":"2025-01-19T14:20:18","modified_gmt":"2025-01-19T14:20:18","slug":"bucket-cylinder-for-doosan-middle-excavator-dx260lc","status":"publish","type":"product","link":"https:\/\/www.hydraulic-cylinders.net\/da\/vare\/bucket-cylinder-for-doosan-middle-excavator-dx260lc\/","title":{"rendered":"Skovlcylinder til Doosan mellemgraver DX260LC"},"content":{"rendered":"<div>\n<h1>Skovlcylinder til Doosan mellemgraver DX260LC<\/h1>\n<p>    <img decoding=\"async\" src=\"https:\/\/www.hydraulic-cylinders.net\/wp-content\/uploads\/2025\/01\/songte-company-2.webp\" alt=\"Produktbillede\"><\/p>\n<h2>Indledning<\/h2>\n<p>Skovlcylinderen er en specialdesignet hydraulisk cylinder, der bruges til at styre skovlens bev\u00e6gelse i tunge maskiner s\u00e5som gravemaskiner, rendegravere og frontl\u00e6ssere. Dens hovedfunktion er at muligg\u00f8re l\u00f8ft, s\u00e6nkning og vipning af skovlen, hvilket g\u00f8r det lettere at udf\u00f8re forskellige materialeh\u00e5ndteringsopgaver. I det hydrauliske system opn\u00e5r skovlcylinderen pr\u00e6cis kontrol over skovlen ved at bruge tryk\u00e6ndringer i hydraulikolien, hvilket giver operat\u00f8rer mulighed for effektivt at h\u00e5ndtere tunge belastninger og tilpasse sig komplekse arbejdsmilj\u00f8er og forskellige driftskrav.<\/p>\n<p>    <img decoding=\"async\" src=\"https:\/\/www.hydraulic-cylinders.net\/wp-content\/uploads\/2025\/01\/songte-cylinder-head-with-all-kinds-excavator-models.webp\" alt=\"Produktbillede\"><\/p>\n<h2>Funktioner<\/h2>\n<ul>\n<li>H\u00f8j styrke og holdbarhed: Typisk fremstillet af h\u00f8jstyrkest\u00e5l eller aluminium, i stand til at modst\u00e5 h\u00f8jt tryk og tunge belastninger, tilpasse sig barske arbejdsmilj\u00f8er og designet med hensyntagen til slidstyrke og korrosionsbestandighed for at forl\u00e6nge levetiden.<\/li>\n<li>Effektiv hydraulisk drift: Udnyttelse af hydraulikoliens tryk til at opn\u00e5 j\u00e6vne ud- og tilbagetr\u00e6kningsbev\u00e6gelser, i stand til hurtigt at reagere p\u00e5 kontrolkommandoer, levere kraftige skubbe- og tr\u00e6kkr\u00e6fter, egnet til h\u00e5ndtering af tunge belastninger og komplekse driftsopgaver.<\/li>\n<li>Forskellige typer: Skovlcylinderen kan v\u00e6lges som enkeltvirkende (hydraulisk kun anvendt i \u00e9n retning) eller dobbeltvirkende (hydraulisk anvendt i begge retninger) cylinder baseret p\u00e5 behovet, hvilket giver mulighed for forskellige driftskrav. Nogle modeller er teleskopiske, hvilket giver mulighed for st\u00f8rre udtr\u00e6k uden at \u00f8ge de udvendige dimensioner og er velegnede til applikationer med begr\u00e6nset plads.<\/li>\n<li>Perfekt udskiftning: Vores produkter kan perfekt erstatte disse hydrauliske cylindre.<\/li>\n<\/ul>\n<h2>Applikationer<\/h2>\n<ul>\n<li>Entrepren\u00f8rudstyr: Findes i gravemaskiner og er afg\u00f8rende for at grave, l\u00e6sse og flytte jord eller affald. I rendegravere hj\u00e6lper skovlcylinderen med b\u00e5de at grave og l\u00f8fte.<\/li>\n<li>Landbrugsmaskiner: Bruges i frontl\u00e6ssere til at udgrave, l\u00f8fte og transportere jord, h\u00f8 og andre materialer.<\/li>\n<li>Gravemaskiner: Skovlcylinderen muligg\u00f8r gravehandlinger ved at lade skovlen tr\u00e6nge ned i jorden.<\/li>\n<li>L\u00e6ssere: Frontl\u00e6ssere hj\u00e6lper med at l\u00f8fte og vippe gods effektivt.<\/li>\n<\/ul>\n<p>    <img decoding=\"async\" src=\"https:\/\/www.hydraulic-cylinders.net\/wp-content\/uploads\/2025\/01\/songte-oil-pipes-and-spare-parts.webp\" alt=\"Produktbillede\"><\/p>\n<h2>Designovervejelser og udv\u00e6lgelseskriterier<\/h2>\n<ul>\n<li>B\u00e6reevne: Diskuter evnen til at modst\u00e5 tunge belastninger og vigtigheden af \u200b\u200bat overveje designfaktorer s\u00e5som materialer og strukturel integritet.<\/li>\n<li>T\u00e6tning: Diskuter brugen af \u200b\u200bforskellige t\u00e6tninger, s\u00e5som stempelt\u00e6tninger og stangt\u00e6tninger, som er lavet af slidst\u00e6rke materialer som polyurethan og nitrilgummi. Fremh\u00e6v vigtigheden af \u200b\u200bfin overfladebehandling af cylinderhuse og gevindsk\u00e5rne ender for at forbedre slidstyrken.<\/li>\n<li>Holdbarhed: Fremh\u00e6v behovet for regelm\u00e6ssig sm\u00f8ring med passende hydraulikolie for at sikre problemfri drift og forl\u00e6nge skovlcylinderens levetid.<\/li>\n<li>Sikkerhed: Diskuter sikkerhedsforanstaltninger i forbindelse med brugen af \u200b\u200b\u200b\u200bskovlcylinderen, med v\u00e6gt p\u00e5 vigtigheden af \u200b\u200b\u200b\u200bkorrekt installation, regelm\u00e6ssige inspektioner og overholdelse af vedligeholdelsesprocedurer.<\/li>\n<li>Vedligeholdelse: Giv tips til regelm\u00e6ssige inspektioner, passende sm\u00f8ring, udskiftning af pakninger og kalibreringskontroller. Fremh\u00e6v vigtigheden af \u200b\u200bkorrekt installation, justeringsvejledning og brug af passende monteringsbeslag til at fastg\u00f8re cylinderen.<\/li>\n<\/ul>\n<p>    <img decoding=\"async\" src=\"https:\/\/www.hydraulic-cylinders.net\/wp-content\/uploads\/2025\/01\/songte-chushion-collar.webp\" alt=\"Produktbillede\"><\/p>\n<h2>Sikkerhedshensyn og milj\u00f8faktorer<\/h2>\n<p>Diskuter vigtigheden af \u200b\u200bsikkerhedsforanstaltninger ved brug af skovlcylinderen og behovet for at tage hensyn til milj\u00f8faktorer ved valg og betjening af produktet.<\/p>\n<p>    <img decoding=\"async\" src=\"https:\/\/www.hydraulic-cylinders.net\/wp-content\/uploads\/2025\/01\/songte-bushings-with-all-kinds-of-excavator-models.webp\" alt=\"Produktbillede\"><\/p>\n<h2>Fejlfinding og almindelige problemer<\/h2>\n<p>Giv tips til fejlfinding og l\u00f8sninger p\u00e5 almindelige problemer relateret til skovlcylinderen. Tilbyd forebyggende foranstaltninger for at minimere potentielle problemer.<\/p>\n<p>    <img decoding=\"async\" src=\"https:\/\/hzpt.com\/wp-content\/uploads\/2024\/11\/songte-company-1.webp\" alt=\"Produktbillede\"><\/p>\n<h2>Virksomhedsoversigt<\/h2>\n<p>Vi er en producent af hydrauliske udskiftningscylindre og en f\u00f8rende producent og grossistdistribut\u00f8r p\u00e5 det indenlandske og internationale marked. Vores virksomhed f\u00f8lger en strategi for industriel produktionsstyring baseret p\u00e5 fremragende kvalitet, afh\u00e6ngighed af raffinerede produktionsv\u00e6rksteder og l\u00f8bende forbedring af produktionsplatformen ved at udnytte teknologiske talenter, digitalt avanceret produktionsudstyr og professionelle testsystemer. Vi har en st\u00e6rk kreativ evne og sigter mod at im\u00f8dekomme kundernes forskellige krav med h\u00f8j effektivitet, h\u00f8j pr\u00e6cision og h\u00f8j kvalitet.<\/p>\n<p>    <img decoding=\"async\" src=\"https:\/\/www.hydraulic-cylinders.net\/wp-content\/uploads\/2025\/01\/songte-company-3.webp\" alt=\"Produktbillede\"><\/p>\n<h2>Virksomhedsoplysninger<\/h2>\n<ul>\n<li>Professionalisme: Diskuter virksomhedens engagement i professionalisme og ekspertise inden for produktion af hydrauliske cylindre.<\/li>\n<li>Internationale certificeringer: Fremh\u00e6v alle internationale certificeringer, som virksomheden har opn\u00e5et, som demonstrerer deres engagement i kvalitet og branchestandarder.<\/li>\n<li>Tilpasningstjenester: Fremh\u00e6v virksomhedens evne til at levere skr\u00e6ddersyede l\u00f8sninger, der opfylder specifikke kundekrav.<\/li>\n<li>Produktionsudstyr: Diskuter det avancerede produktionsudstyr, som virksomheden bruger til at sikre produkter af h\u00f8j kvalitet.<\/li>\n<li>Eftersalgsservice: Fremh\u00e6v virksomhedens dedikation til at levere fremragende eftersalgsservice, herunder reparations- og udskiftningsservice.<\/li>\n<\/ul>\n<p>Forfatter: lyl<\/p>\n<\/div>","protected":false},"excerpt":{"rendered":"<p>Bucket Cylinder For Doosan Middle Excavator DX260LC Introduction The bucket cylinder is a specially designed hydraulic cylinder used to control the movement of the bucket in heavy machinery such as excavators, backhoe loaders, and front loaders. Its main function is to enable the lifting, lowering, and tilting of the bucket, making it easier for various [&hellip;]<\/p>","protected":false},"featured_media":14787,"comment_status":"open","ping_status":"closed","template":"","meta":{"_et_pb_use_builder":"","_et_pb_old_content":"","_et_gb_content_width":""},"product_brand":[],"product_cat":[1494],"product_tag":[1495,1496],"class_list":{"0":"post-15284","1":"product","2":"type-product","3":"status-publish","4":"has-post-thumbnail","6":"product_cat-bucket-cylinders","7":"product_tag-bucket-cylinders","8":"product_tag-hydraulic-cylinders","10":"first","11":"instock","12":"shipping-taxable","13":"product-type-simple"},"amp_enabled":true,"_links":{"self":[{"href":"https:\/\/www.hydraulic-cylinders.net\/da\/wp-json\/wp\/v2\/product\/15284","targetHints":{"allow":["GET"]}}],"collection":[{"href":"https:\/\/www.hydraulic-cylinders.net\/da\/wp-json\/wp\/v2\/product"}],"about":[{"href":"https:\/\/www.hydraulic-cylinders.net\/da\/wp-json\/wp\/v2\/types\/product"}],"replies":[{"embeddable":true,"href":"https:\/\/www.hydraulic-cylinders.net\/da\/wp-json\/wp\/v2\/comments?post=15284"}],"wp:featuredmedia":[{"embeddable":true,"href":"https:\/\/www.hydraulic-cylinders.net\/da\/wp-json\/wp\/v2\/media\/14787"}],"wp:attachment":[{"href":"https:\/\/www.hydraulic-cylinders.net\/da\/wp-json\/wp\/v2\/media?parent=15284"}],"wp:term":[{"taxonomy":"product_brand","embeddable":true,"href":"https:\/\/www.hydraulic-cylinders.net\/da\/wp-json\/wp\/v2\/product_brand?post=15284"},{"taxonomy":"product_cat","embeddable":true,"href":"https:\/\/www.hydraulic-cylinders.net\/da\/wp-json\/wp\/v2\/product_cat?post=15284"},{"taxonomy":"product_tag","embeddable":true,"href":"https:\/\/www.hydraulic-cylinders.net\/da\/wp-json\/wp\/v2\/product_tag?post=15284"}],"curies":[{"name":"wp","href":"https:\/\/api.w.org\/{rel}","templated":true}]}}