{"id":15286,"date":"2025-01-19T14:20:24","date_gmt":"2025-01-19T14:20:24","guid":{"rendered":"https:\/\/www.hydraulic-cylinders.net\/product\/bucket-cylinder-for-doosan-large-excavator-dh320\/"},"modified":"2025-01-19T14:20:26","modified_gmt":"2025-01-19T14:20:26","slug":"bucket-cylinder-for-doosan-large-excavator-dh320","status":"publish","type":"product","link":"https:\/\/www.hydraulic-cylinders.net\/da\/vare\/bucket-cylinder-for-doosan-large-excavator-dh320\/","title":{"rendered":"Skovlcylinder til Doosan stor gravemaskine DH320"},"content":{"rendered":"<h1>Skovlcylinder til Doosan stor gravemaskine DH320<\/h1>\n<h2>Indledning<\/h2>\n<p>En skovlcylinder til Doosan storgravemaskine DH320 er en specialiseret type hydraulisk cylinder, der bruges til at styre skovlens bev\u00e6gelse i tunge maskiner s\u00e5som gravemaskiner, rendegravere og frontl\u00e6ssere. Dens hovedfunktion er at l\u00f8fte, s\u00e6nke og vippe skovlen for nem materialeh\u00e5ndtering. I det hydrauliske system bruger skovlcylinderen trykket fra hydraulikolien til at opn\u00e5 pr\u00e6cis kontrol over skovlen, hvilket giver f\u00f8reren mulighed for effektivt at h\u00e5ndtere tunge genstande og tilpasse sig komplekse arbejdsmilj\u00f8er og forskellige jobkrav.<\/p>\n<p><img decoding=\"async\" src=\"https:\/\/www.hydraulic-cylinders.net\/wp-content\/uploads\/2025\/01\/songte-company-2.webp\"><\/p>\n<h2>Funktioner<\/h2>\n<ul>\n<li>\n<h3>H\u00f8j styrke og holdbarhed<\/h3>\n<p>Skovlcylindre er normalt lavet af h\u00f8jstyrkest\u00e5l eller aluminium, der kan modst\u00e5 h\u00f8jt tryk og tunge belastninger. De er designet til at v\u00e6re slidst\u00e6rke og korrosionsbestandige, hvilket forl\u00e6nger deres levetid.<\/p>\n<\/li>\n<li>\n<h3>Effektiv hydraulisk drift<\/h3>\n<p>Skovlcylindre bruger trykket fra hydraulikolien til at opn\u00e5 j\u00e6vne ekspansions- og sammentr\u00e6kningsbev\u00e6gelser, reagere hurtigt p\u00e5 styrekommandoer og yde kraftige skubbe- og tr\u00e6kkr\u00e6fter, hvilket g\u00f8r dem velegnede til h\u00e5ndtering af tunge genstande og komplekse arbejdsopgaver.<\/p>\n<\/li>\n<li>\n<h3>Forskellige typer<\/h3>\n<p>Skovlcylindre kan v\u00e6re enkeltvirkende (brug kun hydraulisk tryk i \u00e9n retning) eller dobbeltvirkende (brug hydraulisk tryk i begge retninger) afh\u00e6ngigt af driftskravene. Nogle modeller er teleskopiske, hvilket giver mulighed for st\u00f8rre udtr\u00e6k uden at \u00f8ge den udvendige st\u00f8rrelse, hvilket g\u00f8r dem velegnede til applikationer med begr\u00e6nset plads.<\/p>\n<\/li>\n<li>\n<h3>Perfekt erstatning for hydrauliske cylindre<\/h3>\n<p>Vores produkter kan perfekt erstatte disse hydrauliske cylindre, og vi kan producere dette produkt.<\/p>\n<\/li>\n<\/ul>\n<p><img decoding=\"async\" src=\"https:\/\/www.hydraulic-cylinders.net\/wp-content\/uploads\/2025\/01\/songte-cylinder-head-with-all-kinds-excavator-models.webp\"><\/p>\n<h2>Applikationer<\/h2>\n<p>Skovlcylindre har forskellige anvendelser i forskellige brancher, herunder entrepren\u00f8rmaskiner, landbrugsmaskiner, gravemaskiner og l\u00e6ssere:<\/p>\n<ul>\n<li>\n<h3>Entrepren\u00f8rudstyr<\/h3>\n<p>I gravemaskiner er skovlcylindre afg\u00f8rende for at grave, l\u00e6sse og flytte jord eller affald. I rendegravere hj\u00e6lper skovlcylindre med b\u00e5de at grave og l\u00f8fte. I l\u00e6ssemaskiner hj\u00e6lper de med at l\u00f8fte og vippe gods effektivt.<\/p>\n<\/li>\n<li>\n<h3>Landbrugsmaskiner<\/h3>\n<p>Skovlcylindre bruges til frontl\u00e6ssere, til at opsamle, l\u00f8fte og transportere jord, h\u00f8 og andre materialer.<\/p>\n<\/li>\n<li>\n<h3>Gravemaskiner<\/h3>\n<p>Skovlcylinderen g\u00f8r det muligt for skovlen at tr\u00e6nge ned i jorden for at opn\u00e5 gravefunktion.<\/p>\n<\/li>\n<li>\n<h3>L\u00e6ssere<\/h3>\n<p>Skovlcylindere hj\u00e6lper med effektivt at l\u00f8fte og t\u00f8mme gods i frontl\u00e6ssere.<\/p>\n<\/li>\n<\/ul>\n<h2>Designovervejelser og udv\u00e6lgelseskriterier<\/h2>\n<p>N\u00e5r man overvejer design og valg af skovlcylindre, b\u00f8r f\u00f8lgende faktorer tages i betragtning:<\/p>\n<ul>\n<li>\n<h3>B\u00e6reevne<\/h3>\n<p>Cylinderen skal v\u00e6re konstrueret til at modst\u00e5 den forventede belastning og det forventede tryk.<\/p>\n<\/li>\n<li>\n<h3>Forsegling og holdbarhed<\/h3>\n<p>Cylinderen skal v\u00e6re konstrueret med tilstr\u00e6kkelige t\u00e6tnings- og holdbarhedsfunktioner for at sikre en lang levetid.<\/p>\n<\/li>\n<li>\n<h3>Sikkerhed og vedligeholdelse<\/h3>\n<p>Cylinderen skal v\u00e6re konstrueret til at sikre sikkerhed under drift og nem vedligeholdelse.<\/p>\n<\/li>\n<\/ul>\n<p><img decoding=\"async\" src=\"https:\/\/www.hydraulic-cylinders.net\/wp-content\/uploads\/2025\/01\/songte-oil-pipes-and-spare-parts.webp\"><\/p>\n<h2>T\u00e6tning og sm\u00f8ring<\/h2>\n<p>Skovlcylindre bruger forskellige t\u00e6tningselementer s\u00e5som stempelt\u00e6tninger og stangt\u00e6tninger lavet af slidst\u00e6rke materialer som polyurethan og nitrilgummi. Cylinderhovedet og gevindfladerne er pr\u00e6cist bearbejdet for at forbedre slidstyrken. Regelm\u00e6ssig sm\u00f8ring med passende hydraulikolie er n\u00f8dvendig for at sikre problemfri drift og lang levetid.<\/p>\n<h2>Vedligeholdelse og installation<\/h2>\n<p>Regelm\u00e6ssig vedligeholdelse og installation er afg\u00f8rende for at sikre skovlcylinderens korrekte funktion og lange levetid. F\u00f8lgende vedligeholdelsesopgaver anbefales:<\/p>\n<ul>\n<li>\n<h3>Regelm\u00e6ssig inspektion<\/h3>\n<p>Regelm\u00e6ssig inspektion af cylinderens pakninger, fittings og andre komponenter er n\u00f8dvendig for at sikre, at de er i god stand og fungerer korrekt.<\/p>\n<\/li>\n<li>\n<h3>Sm\u00f8ring<\/h3>\n<p>Regelm\u00e6ssig sm\u00f8ring af cylinderen med den passende hydraulikolie er n\u00f8dvendig for at sikre problemfri drift og lang levetid.<\/p>\n<\/li>\n<li>\n<h3>Udskiftning af pakning og kalibreringskontrol<\/h3>\n<p>Pakninger skal muligvis udskiftes med j\u00e6vne mellemrum, og en kalibreringskontrol kan v\u00e6re n\u00f8dvendig for at sikre, at cylinderen fungerer korrekt.<\/p>\n<\/li>\n<\/ul>\n<p><img decoding=\"async\" src=\"https:\/\/www.hydraulic-cylinders.net\/wp-content\/uploads\/2025\/01\/songte-chushion-collar.webp\"><\/p>\n<h2>Sikkerheds- og milj\u00f8hensyn<\/h2>\n<p>Skovlcylindre skal installeres og betjenes i henhold til de anbefalede sikkerhedsprocedurer for at sikre operat\u00f8rens og milj\u00f8ets sikkerhed. Der skal tr\u00e6ffes tilstr\u00e6kkelige sikkerhedsforanstaltninger for at forhindre utilsigtet skade og undg\u00e5 oliel\u00e6kage eller -spild.<\/p>\n<h2>Diagnose og fejlfinding<\/h2>\n<p>Hvis cylinderen ikke fungerer korrekt, kan f\u00f8lgende problemer diagnosticeres:<\/p>\n<ul>\n<li>\n<h3>Ut\u00e6tte pakninger<\/h3>\n<p>Hvis cylinderen l\u00e6kker olie, kan det skyldes slidte pakninger, der skal udskiftes.<\/p>\n<\/li>\n<li>\n<h3>St\u00f8jende drift<\/h3>\n<p>Hvis cylinderen k\u00f8rer st\u00f8jende, kan det v\u00e6re tegn p\u00e5 luftlommer i det hydrauliske system eller utilstr\u00e6kkelig sm\u00f8ring.<\/p>\n<\/li>\n<li>\n<h3>Langsom drift<\/h3>\n<p>Hvis cylinderen k\u00f8rer langsomt, kan det v\u00e6re tegn p\u00e5 utilstr\u00e6kkeligt hydraulisk tryk eller en blokeret olieforsyning.<\/p>\n<\/li>\n<\/ul>\n<p>F\u00f8lgende tips til fejlfinding og l\u00f8sninger kan v\u00e6re nyttige:<\/p>\n<ul>\n<li>\n<h3>Udskiftning af pakning<\/h3>\n<p>Slidte pakninger b\u00f8r udskiftes med nye.<\/p>\n<\/li>\n<li>\n<h3>Udluftning af hydrauliksystemet<\/h3>\n<p>Luftlommer i det hydrauliske system skal udluftes.<\/p>\n<\/li>\n<li>\n<h3>Sm\u00f8ring<\/h3>\n<p>Cylinderen skal sm\u00f8res med den passende hydraulikolie.<\/p>\n<\/li>\n<\/ul>\n<p><img decoding=\"async\" src=\"https:\/\/www.hydraulic-cylinders.net\/wp-content\/uploads\/2025\/01\/songte-bushings-with-all-kinds-of-excavator-models.webp\"><\/p>\n<h2>Om vores virksomhed<\/h2>\n<p>Vi er en f\u00f8rende producent og grossist af hydrauliske cylindre p\u00e5 det indenlandske og internationale marked. Vi har et komplet produktsortiment og f\u00f8lger strategien for industriel produktionsstyring med fremragende kvalitet, idet vi bruger fine produktionsv\u00e6rksteder, teknologiske talenter, digitalt high-end produktionsudstyr og professionelle testsystemer. Vores v\u00e6rkstedsproduktionsplatform forbedres l\u00f8bende, produktkvaliteten af \u200b\u200bproduktionslinjen er perfekt, og vi har en st\u00e6rk innovationsevne til at im\u00f8dekomme kundernes forskellige behov med h\u00f8j effektivitet, pr\u00e6cision og kvalitet.<\/p>\n<h3>Professionalitet<\/h3>\n<p>Vores virksomhed besidder professionel teknisk ekspertise og strenge kvalitetskontrolforanstaltninger for at sikre, at vores produkter opfylder branchestandarder og kundernes krav.<\/p>\n<h3>International certificering<\/h3>\n<p>Vores produkter er certificeret og opfylder internationale standarder, s\u00e5som ISO, CE og SGS.<\/p>\n<h3>Tilpassede tjenester<\/h3>\n<p>Vi tilbyder skr\u00e6ddersyede tjenester for at im\u00f8dekomme specifikke kundekrav.<\/p>\n<h3>Produktionsudstyr<\/h3>\n<p>Vores virksomhed bruger avanceret digitalt high-end produktionsudstyr, s\u00e5som CNC-bearbejdningscentre, pr\u00e6cisionsslibemaskiner og automatiske svejsemaskiner, for at sikre den h\u00f8jeste kvalitet af vores produkter.<\/p>\n<h3>Eftersalgsservice<\/h3>\n<p>Vores virksomhed tilbyder omfattende eftersalgsservice, herunder produktvedligeholdelse, reparation og udskiftning.<\/p>\n<p><img decoding=\"async\" src=\"https:\/\/hzpt.com\/wp-content\/uploads\/2024\/11\/songte-company-1.webp\"><\/p>\n<p>Forfatter: lyl<\/p>","protected":false},"excerpt":{"rendered":"<p>Bucket Cylinder For Doosan Large Excavator DH320 Introduction A bucket cylinder for Doosan large excavator DH320 is a specialized type of hydraulic cylinder used to control the movement of the bucket in heavy machinery such as excavators, backhoe excavators, and front-end loaders. Its main function is to lift, lower, and tilt the bucket for easy [&hellip;]<\/p>","protected":false},"featured_media":14784,"comment_status":"open","ping_status":"closed","template":"","meta":{"_et_pb_use_builder":"","_et_pb_old_content":"","_et_gb_content_width":""},"product_brand":[],"product_cat":[1494],"product_tag":[1495,1496],"class_list":{"0":"post-15286","1":"product","2":"type-product","3":"status-publish","4":"has-post-thumbnail","6":"product_cat-bucket-cylinders","7":"product_tag-bucket-cylinders","8":"product_tag-hydraulic-cylinders","10":"first","11":"instock","12":"shipping-taxable","13":"product-type-simple"},"amp_enabled":true,"_links":{"self":[{"href":"https:\/\/www.hydraulic-cylinders.net\/da\/wp-json\/wp\/v2\/product\/15286","targetHints":{"allow":["GET"]}}],"collection":[{"href":"https:\/\/www.hydraulic-cylinders.net\/da\/wp-json\/wp\/v2\/product"}],"about":[{"href":"https:\/\/www.hydraulic-cylinders.net\/da\/wp-json\/wp\/v2\/types\/product"}],"replies":[{"embeddable":true,"href":"https:\/\/www.hydraulic-cylinders.net\/da\/wp-json\/wp\/v2\/comments?post=15286"}],"wp:featuredmedia":[{"embeddable":true,"href":"https:\/\/www.hydraulic-cylinders.net\/da\/wp-json\/wp\/v2\/media\/14784"}],"wp:attachment":[{"href":"https:\/\/www.hydraulic-cylinders.net\/da\/wp-json\/wp\/v2\/media?parent=15286"}],"wp:term":[{"taxonomy":"product_brand","embeddable":true,"href":"https:\/\/www.hydraulic-cylinders.net\/da\/wp-json\/wp\/v2\/product_brand?post=15286"},{"taxonomy":"product_cat","embeddable":true,"href":"https:\/\/www.hydraulic-cylinders.net\/da\/wp-json\/wp\/v2\/product_cat?post=15286"},{"taxonomy":"product_tag","embeddable":true,"href":"https:\/\/www.hydraulic-cylinders.net\/da\/wp-json\/wp\/v2\/product_tag?post=15286"}],"curies":[{"name":"wp","href":"https:\/\/api.w.org\/{rel}","templated":true}]}}