{"id":15288,"date":"2025-01-19T14:20:32","date_gmt":"2025-01-19T14:20:32","guid":{"rendered":"https:\/\/www.hydraulic-cylinders.net\/product\/bucket-cylinder-for-doosan-large-excavator-dx300lc\/"},"modified":"2025-01-19T14:20:34","modified_gmt":"2025-01-19T14:20:34","slug":"bucket-cylinder-for-doosan-large-excavator-dx300lc","status":"publish","type":"product","link":"https:\/\/www.hydraulic-cylinders.net\/da\/vare\/bucket-cylinder-for-doosan-large-excavator-dx300lc\/","title":{"rendered":"Skovlcylinder til Doosan stor gravemaskine DX300LC"},"content":{"rendered":"<h1>Skovlcylinder til Doosan stor gravemaskine DX300LC<\/h1>\n<h2>Indledning<\/h2>\n<h3>Definition<\/h3>\n<p>En skovlcylinder, en specielt designet hydraulisk cylinder, der bruges til at styre skovlens bev\u00e6gelse i tunge maskiner s\u00e5som gravemaskiner, rendegravere og frontl\u00e6ssere. Dens hovedfunktion er at g\u00f8re det muligt for skovlen at l\u00f8fte, s\u00e6nke og vippe for at udf\u00f8re lette materialeh\u00e5ndteringsopgaver. I det hydrauliske system styrer skovlcylinderen pr\u00e6cist skovlens bev\u00e6gelse gennem \u00e6ndringer i hydraulikolietrykket, hvilket g\u00f8r det muligt for operat\u00f8rer effektivt at h\u00e5ndtere tunge l\u00e6s og tilpasse sig komplekse arbejdsmilj\u00f8er og forskellige jobkrav.<\/p>\n<p><img decoding=\"async\" src=\"https:\/\/www.hydraulic-cylinders.net\/wp-content\/uploads\/2025\/01\/songte-company-2.webp\" alt=\"Billede af spandcylinder\"><\/p>\n<h3>Funktioner<\/h3>\n<ul>\n<li>H\u00f8j styrke og holdbarhed: Typisk lavet af h\u00f8jstyrkest\u00e5l eller aluminium, kan modst\u00e5 h\u00f8jt tryk og tunge belastninger, tilpasse sig barske arbejdsmilj\u00f8er og er designet med slidstyrke og korrosionsbestandighed i tankerne for at forl\u00e6nge levetiden.<\/li>\n<li>Effektiv hydraulisk betjening: Bruger hydraulisk olietryk til at opn\u00e5 en j\u00e6vn teleskopisk bev\u00e6gelse, reagerer hurtigt p\u00e5 styrekommandoer, giver kraftig skubbe- og tr\u00e6kkraft, velegnet til h\u00e5ndtering af tunge belastninger og komplekse opgaver.<\/li>\n<li>Forskellige typer: V\u00e6lg enkeltvirkende (hydraulisk anvendt i kun \u00e9n retning) eller dobbeltvirkende (hydraulisk anvendt i begge retninger) cylindre i henhold til kravene for at opfylde forskellige driftsbehov. Nogle modeller er teleskopiske, hvilket giver mulighed for st\u00f8rre udtr\u00e6k uden at \u00f8ge de udvendige dimensioner og er velegnede til applikationer med begr\u00e6nset plads.<\/li>\n<li>Direkte udskiftning: Vores produkt kan perfekt erstatte disse hydrauliske cylindre.<\/li>\n<\/ul>\n<p><img decoding=\"async\" src=\"https:\/\/www.hydraulic-cylinders.net\/wp-content\/uploads\/2025\/01\/songte-cylinder-head-with-all-kinds-excavator-models.webp\" alt=\"Produktbillede\"><\/p>\n<h2>Applikationer<\/h2>\n<h3>Entrepren\u00f8rudstyr<\/h3>\n<p>I gravemaskiner er de afg\u00f8rende for at grave, l\u00e6sse og flytte jord eller affald. I rendegravere hj\u00e6lper skovlcylinderen med b\u00e5de udgravning og l\u00f8ft. For frontl\u00e6ssere hj\u00e6lper de med at l\u00f8fte og t\u00f8mme gods effektivt.<\/p>\n<h3>Landbrugsmaskiner<\/h3>\n<p>Bruges i frontl\u00e6ssere til at skovle, l\u00f8fte og transportere jord, h\u00f8 og andre materialer. I gravemaskiner muligg\u00f8r skovlcylinderen udgravning ved at lade skovlen tr\u00e6nge ned i jorden. De er ogs\u00e5 nyttige til l\u00f8ft og vipning i andre landbrugsmaskiner.<\/p>\n<h2>Designovervejelser og udv\u00e6lgelseskriterier<\/h2>\n<h3>Lastkapacitet<\/h3>\n<p>Cylinderens b\u00e6reevne er en af \u200b\u200bde vigtigste designhensyn. Den skal v\u00e6re st\u00e6rk og holdbar nok til at b\u00e6re lastens v\u00e6gt og modst\u00e5 h\u00f8jt tryk.<\/p>\n<h3>Forsegling og holdbarhed<\/h3>\n<p>En cylinder skal v\u00e6re godt forseglet for at forhindre l\u00e6kager, hvilket kan f\u00f8re til for tidligt slid og skader. Det er vigtigt at v\u00e6lge de rigtige t\u00e6tningsmaterialer, og i nogle tilf\u00e6lde kan cylinderens stang og cylinder kr\u00e6ve overfladebehandlinger eller bel\u00e6gninger for at forbedre slidstyrken og forhindre korrosion.<\/p>\n<h3>Sikkerhed og vedligeholdelse<\/h3>\n<p>Sikkerhed er en afg\u00f8rende faktor ved design af hydrauliske cylindre, og passende sikkerhedsfunktioner skal inkluderes for at forhindre ulykker. Derudover er korrekt vedligeholdelse afg\u00f8rende for at sikre cylinderens lange levetid og forhindre funktionsfejl.<\/p>\n<p><img decoding=\"async\" src=\"https:\/\/www.hydraulic-cylinders.net\/wp-content\/uploads\/2025\/01\/songte-oil-pipes-and-spare-parts.webp\" alt=\"Produktbillede\"><\/p>\n<h2>T\u00e6tning og sm\u00f8ring<\/h2>\n<p>Forskellige t\u00e6tningskomponenter s\u00e5som stempelt\u00e6tninger, stangt\u00e6tninger osv. anvendes til at sikre korrekt t\u00e6tning af cylinderen. Polyurethan og nitrilgummi er almindeligt anvendte materialer til t\u00e6tning af komponenter. Cylinderens cylinder og gevindsk\u00e5rne endeflade gennemg\u00e5r fin bearbejdning for at forbedre slidstyrken. Regelm\u00e6ssig sm\u00f8ring med hydraulikolie er n\u00f8dvendig for at sikre problemfri drift og forhindre slitage.<\/p>\n<h2>Vedligeholdelse og reparation<\/h2>\n<p>Regelm\u00e6ssige inspektioner, korrekt sm\u00f8ring og udskiftning af slidte t\u00e6tningskomponenter er almindelige vedligeholdelsesopgaver. Korrekt installation, sm\u00f8ring og justering er afg\u00f8rende for at sikre p\u00e5lidelig og langvarig drift. Det anbefales at bruge passende monteringsbeslag til at montere cylinderen sikkert. De anbefalede inspektions-, reparations- og udskiftningsprocedurer er afg\u00f8rende for at forl\u00e6nge cylinderens levetid.<\/p>\n<p><img decoding=\"async\" src=\"https:\/\/www.hydraulic-cylinders.net\/wp-content\/uploads\/2025\/01\/songte-chushion-collar.webp\" alt=\"Produktbillede\"><\/p>\n<h2>Sikkerhedshensyn og milj\u00f8faktorer<\/h2>\n<p>Ved brug af hydrauliske cylindre skal der tr\u00e6ffes sikkerhedsforanstaltninger s\u00e5som korrekt installation, regelm\u00e6ssig vedligeholdelse og inspektion for at forhindre ulykker. Hydraulikolien, der anvendes i cylinderen, kan udg\u00f8re en milj\u00f8fare, hvis den ikke bortskaffes korrekt. Derfor skal der tr\u00e6ffes passende foranstaltninger for at forhindre milj\u00f8forurening.<\/p>\n<h2>Diagnose og fejlfinding<\/h2>\n<p>Almindelige problemer s\u00e5som l\u00e6kager, reduceret effekt og uregelm\u00e6ssig bev\u00e6gelse kr\u00e6ver hurtig diagnose og fejlfinding. Brugen af \u200b\u200bpassende diagnostisk udstyr og v\u00e6rkt\u00f8jer, s\u00e5som trykm\u00e5lere og flowm\u00e5lere, er afg\u00f8rende for at identificere den grundl\u00e6ggende \u00e5rsag til problemet. Regelm\u00e6ssig vedligeholdelse og inspektion kan hj\u00e6lpe med at forhindre forekomsten af \u200b\u200bdisse problemer.<\/p>\n<p><img decoding=\"async\" src=\"https:\/\/www.hydraulic-cylinders.net\/wp-content\/uploads\/2025\/01\/songte-bushings-with-all-kinds-of-excavator-models.webp\" alt=\"Produktbillede\"><\/p>\n<h2>Om vores virksomhed<\/h2>\n<p>Vi er en producent af hydrauliske udskiftningscylindre med et komplet produktsortiment. Vi er blevet en af \u200b\u200bde f\u00f8rende producenter og grossister af hydrauliske cylindre p\u00e5 indenlandske og udenlandske markeder ved at overholde fremragende kvalitet, stole p\u00e5 industrielle produktionsstyringsstrategier i sofistikerede produktionsv\u00e6rksteder, l\u00f8bende forbedre produktionsplatformen i v\u00e6rkstedet ved hj\u00e6lp af tekniske talenter, digitalt avanceret produktionsudstyr og professionelle testsystemer, og har en st\u00e6rk kreativ evne til at im\u00f8dekomme kundernes forskellige behov med h\u00f8j effektivitet, h\u00f8j pr\u00e6cision og h\u00f8je kvalitetsprincipper. <\/p>\n<h3>Professionalitet<\/h3>\n<p>Vores team af professionelle er dedikeret til at levere de bedste produkter og tjenester til vores kunder.<\/p>\n<h3>International certificering<\/h3>\n<p>Vores produkter er certificeret i henhold til internationale kvalitets- og sikkerhedsstandarder, s\u00e5som ISO og CE.<\/p>\n<h3>Tilpasningstjenester<\/h3>\n<p>Vi tilbyder skr\u00e6ddersyede tjenester for at im\u00f8dekomme vores kunders forskellige behov.<\/p>\n<h3>Produktionsudstyr<\/h3>\n<p>Vores produktionsudstyr er topmoderne og sikrer produkter af h\u00f8j kvalitet.<\/p>\n<h3>Eftersalgsservice<\/h3>\n<p>Vi tilbyder fremragende eftersalgsservice for at sikre kundetilfredshed.<\/p>\n<p><img decoding=\"async\" src=\"https:\/\/www.hydraulic-cylinders.net\/wp-content\/uploads\/2025\/01\/songte-company-3.webp\" alt=\"Virksomhedens image\"><\/p>\n<p>Forfatter: lyl<\/p>","protected":false},"excerpt":{"rendered":"<p>Bucket Cylinder For Doosan Large Excavator DX300LC Introduction Definition A bucket cylinder, specifically designed hydraulic cylinder, used to control the movement of the bucket in heavy machinery such as excavators, backhoes, and front-end loaders. Its main function is to enable the bucket to lift, lower, and tilt for easy material-handling tasks. In the hydraulic system, [&hellip;]<\/p>","protected":false},"featured_media":14780,"comment_status":"open","ping_status":"closed","template":"","meta":{"_et_pb_use_builder":"","_et_pb_old_content":"","_et_gb_content_width":""},"product_brand":[],"product_cat":[1494],"product_tag":[1495,1496],"class_list":{"0":"post-15288","1":"product","2":"type-product","3":"status-publish","4":"has-post-thumbnail","6":"product_cat-bucket-cylinders","7":"product_tag-bucket-cylinders","8":"product_tag-hydraulic-cylinders","10":"first","11":"instock","12":"shipping-taxable","13":"product-type-simple"},"amp_enabled":true,"_links":{"self":[{"href":"https:\/\/www.hydraulic-cylinders.net\/da\/wp-json\/wp\/v2\/product\/15288","targetHints":{"allow":["GET"]}}],"collection":[{"href":"https:\/\/www.hydraulic-cylinders.net\/da\/wp-json\/wp\/v2\/product"}],"about":[{"href":"https:\/\/www.hydraulic-cylinders.net\/da\/wp-json\/wp\/v2\/types\/product"}],"replies":[{"embeddable":true,"href":"https:\/\/www.hydraulic-cylinders.net\/da\/wp-json\/wp\/v2\/comments?post=15288"}],"wp:featuredmedia":[{"embeddable":true,"href":"https:\/\/www.hydraulic-cylinders.net\/da\/wp-json\/wp\/v2\/media\/14780"}],"wp:attachment":[{"href":"https:\/\/www.hydraulic-cylinders.net\/da\/wp-json\/wp\/v2\/media?parent=15288"}],"wp:term":[{"taxonomy":"product_brand","embeddable":true,"href":"https:\/\/www.hydraulic-cylinders.net\/da\/wp-json\/wp\/v2\/product_brand?post=15288"},{"taxonomy":"product_cat","embeddable":true,"href":"https:\/\/www.hydraulic-cylinders.net\/da\/wp-json\/wp\/v2\/product_cat?post=15288"},{"taxonomy":"product_tag","embeddable":true,"href":"https:\/\/www.hydraulic-cylinders.net\/da\/wp-json\/wp\/v2\/product_tag?post=15288"}],"curies":[{"name":"wp","href":"https:\/\/api.w.org\/{rel}","templated":true}]}}