{"id":15298,"date":"2025-01-19T14:21:17","date_gmt":"2025-01-19T14:21:17","guid":{"rendered":"https:\/\/www.hydraulic-cylinders.net\/product\/bucket-cylinder-for-doosan-large-excavator-dx380lc\/"},"modified":"2025-01-19T14:21:19","modified_gmt":"2025-01-19T14:21:19","slug":"bucket-cylinder-for-doosan-large-excavator-dx380lc","status":"publish","type":"product","link":"https:\/\/www.hydraulic-cylinders.net\/da\/vare\/bucket-cylinder-for-doosan-large-excavator-dx380lc\/","title":{"rendered":"Skovlcylinder til Doosan stor gravemaskine DX380LC"},"content":{"rendered":"<h2>Indledning<\/h2>\n<h3>Definition af skovlcylinder til Doosan stor gravemaskine DX380LC<\/h3>\n<p>Skovlcylinderen til Doosan Large Excavator DX380LC er en specialiseret hydraulisk cylinder designet til at styre skovlens bev\u00e6gelse i tunge maskiner s\u00e5som gravemaskiner, rendegravere og frontl\u00e6ssere. Dens hovedfunktion er at g\u00f8re det muligt for skovlen at l\u00f8fte, s\u00e6nke og vippe, hvilket g\u00f8r det lettere at h\u00e5ndtere forskellige materialeh\u00e5ndteringsopgaver. I det hydrauliske system opn\u00e5r skovlcylinderen pr\u00e6cis kontrol over skovlen gennem \u00e6ndringer i hydraulikolietrykket, hvilket giver f\u00f8reren mulighed for effektivt at h\u00e5ndtere tunge l\u00e6s og tilpasse sig komplekse arbejdsmilj\u00f8er og forskellige jobkrav.<\/p>\n<p><img decoding=\"async\" src=\"https:\/\/www.hydraulic-cylinders.net\/wp-content\/uploads\/2025\/01\/songte-company-2.webp\" alt=\"Skovlcylinder til Doosan stor gravemaskine DX380LC\"><\/p>\n<h2>Produktfunktioner<\/h2>\n<h3>H\u00f8j styrke og holdbarhed<\/h3>\n<p>Skovlcylinderen til Doosan Large Excavator DX380LC er typisk lavet af h\u00f8jstyrkest\u00e5l eller aluminium og kan modst\u00e5 h\u00f8je tryk og tunge belastninger og tilpasse sig barske arbejdsmilj\u00f8er. Dens design tager h\u00f8jde for slidstyrke og korrosionsbestandighed for at forl\u00e6nge dens levetid.<\/p>\n<h3>Effektiv hydraulisk drift<\/h3>\n<p>Skovlcylinderen til Doosan stor gravemaskine DX380LC anvender hydraulisk olietryk til at opn\u00e5 j\u00e6vne forl\u00e6ngelses- og sammentr\u00e6kningsbev\u00e6gelser, hvilket g\u00f8r det muligt for den at reagere hurtigt p\u00e5 kommandoer og yde kraftig skubbe- og tr\u00e6kkraft, hvilket g\u00f8r den velegnet til h\u00e5ndtering af tunge belastninger og komplekse opgaver.<\/p>\n<h3>Forskellige typer<\/h3>\n<p>Skovlcylinderen til Doosan Large Excavator DX380LC f\u00e5s med enkeltvirkende (hydraulisk kun anvendt i \u00e9n retning) eller dobbeltvirkende (hydraulisk anvendt i to retninger) cylindre for at opfylde forskellige driftskrav. Nogle modeller er teleskopiske, hvilket giver mulighed for st\u00f8rre udtr\u00e6k uden at \u00f8ge den udvendige st\u00f8rrelse, hvilket g\u00f8r dem velegnede til pladsbegr\u00e6nsede anvendelser.<\/p>\n<h3>Tilg\u00e6ngelighed til produktion<\/h3>\n<p>Vi kan producere skovlcylinderen til Doosan Large Excavator DX380LC, og vores produkt kan perfekt erstatte disse hydrauliske cylindre.<\/p>\n<p><img decoding=\"async\" src=\"https:\/\/www.hydraulic-cylinders.net\/wp-content\/uploads\/2025\/01\/songte-cylinder-head-with-all-kinds-excavator-models.webp\" alt=\"Skovlcylinder til Doosan stor gravemaskine DX380LC\"><\/p>\n<h2>Applikationer<\/h2>\n<p>Skovlcylinderen til Doosan Large Excavator DX380LC bruges i forskellige udstyr s\u00e5som:<\/p>\n<ul>\n<li>Entrepren\u00f8rudstyr: I gravemaskiner er de afg\u00f8rende for at grave, l\u00e6sse og flytte jord eller affald. I rendegravere hj\u00e6lper skovlcylinderen med udgravning og l\u00f8ft. <\/li>\n<li>Landbrugsmaskiner: Bruges i frontl\u00e6ssere til at udgrave, l\u00f8fte og transportere jord, h\u00f8 og andre materialer.<\/li>\n<li>Gravemaskiner: Skovlcylinderen udf\u00f8rer udgravningsbev\u00e6gelsen ved at lade skovlen tr\u00e6nge ned i jorden.<\/li>\n<li>L\u00e6ssere: Frontl\u00e6ssere hj\u00e6lper med at l\u00f8fte og vippe gods effektivt.<\/li>\n<\/ul>\n<p>Lad os uddybe hver applikation:<\/p>\n<h3>Entrepren\u00f8rudstyr<\/h3>\n<p>I gravemaskiner er skovlcylinderen til Doosan Large Excavator DX380LC afg\u00f8rende for gravning, lastning og flytning af jord eller affald. Den giver den n\u00f8dvendige kraft til at bev\u00e6ge skovlen op, ned og vippe, hvilket g\u00f8r det lettere for maskinf\u00f8reren at udf\u00f8re disse opgaver. I rendegravere hj\u00e6lper skovlcylinderen med udgravning og l\u00f8ft. Den g\u00f8r det muligt for skovlen at tr\u00e6nge ned i jorden og l\u00f8fte lasten effektivt.<\/p>\n<h3>Landbrugsmaskiner<\/h3>\n<p>Skovlcylinderen til Doosan Large Excavator DX380LC bruges i frontl\u00e6ssere til at opgrave, l\u00f8fte og transportere jord, h\u00f8 og andre materialer. Skovlcylinderens j\u00e6vne forl\u00e6ngelses- og sammentr\u00e6kningsbev\u00e6gelser g\u00f8r det muligt for f\u00f8rere af landbrugsmaskiner at l\u00f8fte og transportere tunge laster med lethed.<\/p>\n<h3>Gravemaskiner<\/h3>\n<p>I gravemaskiner udf\u00f8rer skovlcylinderen udgravningsbev\u00e6gelsen ved at lade skovlen tr\u00e6nge ned i jorden. Den giver den n\u00f8dvendige kraft til at bev\u00e6ge skovlen op, ned og vippe, hvilket g\u00f8r det lettere for maskinf\u00f8reren at udf\u00f8re disse opgaver.<\/p>\n<h3>L\u00e6ssere<\/h3>\n<p>I frontl\u00e6ssere hj\u00e6lper skovlcylinderen til Doosan Large Excavator DX380LC med effektivt at l\u00f8fte og vippe gods. Den giver f\u00f8reren mulighed for at l\u00f8fte tunge laster og flytte dem til deres tilsigtede destination ved at yde den n\u00f8dvendige kraft til l\u00f8ft og vipning.<\/p>\n<h2>Designovervejelser og udv\u00e6lgelseskriterier<\/h2>\n<p>Der er flere vigtige designm\u00e6ssige overvejelser for skovlcylinderen til Doosan stor gravemaskine DX380LC:<\/p>\n<h3>B\u00e6reevne<\/h3>\n<p>Skovlcylinderen til Doosan Large Excavator DX380LC er designet til at h\u00e5ndtere h\u00f8jt tryk og tunge belastninger. Som s\u00e5dan skal den kunne modst\u00e5 de kr\u00e6fter, der kr\u00e6ves til den aktuelle opgave.<\/p>\n<h3>Forsegling<\/h3>\n<p>Skovlcylinderen til Doosan Large Excavator DX380LC anvender forskellige t\u00e6tninger, s\u00e5som stempelt\u00e6tninger, stangt\u00e6tninger osv., der er lavet af slidst\u00e6rke materialer som polyurethan og nitrilgummi. Cylinderhuset og gevindets endeflader er fint forarbejdet for at \u00f8ge slidstyrken. Cylinderen kr\u00e6ver regelm\u00e6ssig sm\u00f8ring med hydraulikolie for at opretholde sin korrekte funktion og forl\u00e6nge dens levetid.<\/p>\n<h3>Holdbarhed<\/h3>\n<p>Skovlcylinderen til Doosan Large Excavator DX380LC er designet til at v\u00e6re holdbar, med modstandsdygtighed over for slid og korrosion. Den kan modst\u00e5 barske arbejdsmilj\u00f8er og bevare sin funktionalitet over tid.<\/p>\n<h3>Sikkerhed<\/h3>\n<p>Skovlcylinderen til Doosan stor gravemaskine DX380LC skal designes med sikkerhed i tankerne, hvilket sikrer, at den opfylder alle sikkerhedskrav og forhindrer potentielle ulykker under drift.<\/p>\n<h3>Vedligeholdelsesevne<\/h3>\n<p>Skovlcylinderen til Doosan Large Excavator DX380LC skal v\u00e6re designet til nem vedligeholdelse for at sikre, at den regelm\u00e6ssigt kan kontrolleres og repareres efter behov, hvilket reducerer nedetid og \u00f8ger produktiviteten.<\/p>\n<p><img decoding=\"async\" src=\"https:\/\/www.hydraulic-cylinders.net\/wp-content\/uploads\/2025\/01\/songte-oil-pipes-and-spare-parts.webp\" alt=\"Skovlcylinder til Doosan stor gravemaskine DX380LC\"><\/p>\n<h2>T\u00e6tning og sm\u00f8ring<\/h2>\n<p>Skovlcylinderen til Doosan Large Excavator DX380LC anvender forskellige t\u00e6tninger s\u00e5som stempelt\u00e6tninger, stangt\u00e6tninger osv. lavet af slidst\u00e6rke materialer som polyurethan og nitrilgummi. Cylinderhuset og gevindendefladerne er fint forarbejdet for at \u00f8ge slidstyrken. Vi anbefaler, at cylinderen sm\u00f8res regelm\u00e6ssigt med hydraulikolie for at opretholde dens korrekte funktion og forl\u00e6nge dens levetid.<\/p>\n<h2>Regelm\u00e6ssig inspektion og forebyggende vedligeholdelse<\/h2>\n<p>Vi anbefaler regelm\u00e6ssige inspektioner og forebyggende vedligeholdelse for at holde skovlcylinderen til Doosan stor gravemaskine DX380LC i optimal stand. Disse opgaver omfatter:<\/p>\n<ul>\n<li>Regelm\u00e6ssig sm\u00f8ring<\/li>\n<li>Udskiftning af pakning<\/li>\n<li>Kalibreringskontrol<\/li>\n<\/ul>\n<p>Det er vigtigt at installere, sm\u00f8re og justere skovlcylinderen til Doosan Large Excavator DX380LC korrekt. Vi anbefaler at justere cylinderen korrekt under installationen og bruge passende monteringsbeslag til at fastg\u00f8re cylinderen. Vi anbefaler ogs\u00e5 at f\u00f8lge vores anbefalede inspektions-, reparations- og udskiftningsprocedurer for at forl\u00e6nge cylinderens levetid.<\/p>\n<p><img decoding=\"async\" src=\"https:\/\/www.hydraulic-cylinders.net\/wp-content\/uploads\/2025\/01\/songte-chushion-collar.webp\" alt=\"Skovlcylinder til Doosan stor gravemaskine DX380LC\"><\/p>\n<h2>Sikkerhedshensyn og milj\u00f8faktorer<\/h2>\n<p>N\u00e5r du bruger skovlcylinderen til Doosan Large Excavator DX380LC, er det vigtigt at f\u00f8lge alle sikkerhedsprocedurer for at forhindre ulykker. Det er ogs\u00e5 vigtigt at overveje milj\u00f8m\u00e6ssige faktorer, s\u00e5som korrekt bortskaffelse af brugt hydraulikolie og forebyggelse af oliespild i at forurene milj\u00f8et.<\/p>\n<h2>Fejlfinding og almindelige problemer<\/h2>\n<p>Almindelige problemer med skovlcylinderen til Doosan stor gravemaskine DX380LC inkluderer d\u00e5rlig forl\u00e6ngelse og sammentr\u00e6kning, l\u00e6kkende olie og unormale lyde. Disse problemer kan diagnosticeres og l\u00f8ses ved at kontrollere for slitage, sikre korrekt sm\u00f8ring og udskifte slidte pakninger efter behov.<\/p>\n<p>Regelm\u00e6ssig kontrol og forebyggende vedligeholdelse kan hj\u00e6lpe med at minimere potentielle problemer.<\/p>\n<p><img decoding=\"async\" src=\"https:\/\/www.hydraulic-cylinders.net\/wp-content\/uploads\/2025\/01\/songte-bushings-with-all-kinds-of-excavator-models.webp\" alt=\"Skovlcylinder til Doosan stor gravemaskine DX380LC\"><\/p>\n<h2>Virksomhedsoversigt<\/h2>\n<p>Vi er producent af hydrauliske cylindre, herunder skovlcylinderen til Doosan Large Excavator DX380LC. Vi tilbyder et komplet udvalg af produkter og er blevet en af \u200b\u200bde f\u00f8rende producenter og engrosdistribut\u00f8rer af hydrauliske cylindre p\u00e5 indenlandske og internationale markeder. Vores produktionsstyringsstrategi er baseret p\u00e5 fremragende kvalitet, brug af et fint produktionsv\u00e6rksted og ans\u00e6ttelse af teknologiske fagfolk, digitaliseret avanceret produktionsudstyr og et professionelt testsystem for l\u00f8bende at forbedre vores produktionsplatform, forbedre vores produktkvalitet og have en st\u00e6rk produktionsevne. Vi str\u00e6ber efter at im\u00f8dekomme kundernes forskellige behov med principper for h\u00f8j effektivitet, h\u00f8j pr\u00e6cision og h\u00f8j kvalitet.<\/p>\n<p>Vi tilbyder skr\u00e6ddersyede tjenester, produkter af h\u00f8j kvalitet og et bredt udvalg af produktionsudstyr. Vi leverer ogs\u00e5 fremragende eftersalgsservice for at sikre kundetilfredshed.<\/p>\n<p><img decoding=\"async\" src=\"https:\/\/hzpt.com\/wp-content\/uploads\/2024\/11\/songte-company-1.webp\" alt=\"Skovlcylinder til Doosan stor gravemaskine DX380LC\"><\/p>\n<p>Vores virksomhed er internationalt certificeret, og vi tilbyder professionelle produktionstjenester af h\u00f8j kvalitet. Vi har et team af erfarne fagfolk, der kan tilbyde skr\u00e6ddersyede l\u00f8sninger, der opfylder specifikke kundekrav. Vi tilbyder ogs\u00e5 vedligeholdelse, reparation og udskiftning af dele til hydrauliske cylindre.<\/p>\n<h2>Forfatter<\/h2>\n<p>Forfatter: lyl<\/p>","protected":false},"excerpt":{"rendered":"<p>Introduction Definition of Bucket Cylinder For Doosan Large Excavator DX380LC The Bucket Cylinder For Doosan Large Excavator DX380LC is a specialized hydraulic cylinder designed to control the movement of the bucket in heavy machinery such as excavators, backhoe loaders, and front-end loaders. Its main function is to enable the bucket to lift, lower, and tilt, [&hellip;]<\/p>","protected":false},"featured_media":14788,"comment_status":"open","ping_status":"closed","template":"","meta":{"_et_pb_use_builder":"","_et_pb_old_content":"","_et_gb_content_width":""},"product_brand":[],"product_cat":[1494],"product_tag":[1495,1496],"class_list":{"0":"post-15298","1":"product","2":"type-product","3":"status-publish","4":"has-post-thumbnail","6":"product_cat-bucket-cylinders","7":"product_tag-bucket-cylinders","8":"product_tag-hydraulic-cylinders","10":"first","11":"instock","12":"shipping-taxable","13":"product-type-simple"},"amp_enabled":true,"_links":{"self":[{"href":"https:\/\/www.hydraulic-cylinders.net\/da\/wp-json\/wp\/v2\/product\/15298","targetHints":{"allow":["GET"]}}],"collection":[{"href":"https:\/\/www.hydraulic-cylinders.net\/da\/wp-json\/wp\/v2\/product"}],"about":[{"href":"https:\/\/www.hydraulic-cylinders.net\/da\/wp-json\/wp\/v2\/types\/product"}],"replies":[{"embeddable":true,"href":"https:\/\/www.hydraulic-cylinders.net\/da\/wp-json\/wp\/v2\/comments?post=15298"}],"wp:featuredmedia":[{"embeddable":true,"href":"https:\/\/www.hydraulic-cylinders.net\/da\/wp-json\/wp\/v2\/media\/14788"}],"wp:attachment":[{"href":"https:\/\/www.hydraulic-cylinders.net\/da\/wp-json\/wp\/v2\/media?parent=15298"}],"wp:term":[{"taxonomy":"product_brand","embeddable":true,"href":"https:\/\/www.hydraulic-cylinders.net\/da\/wp-json\/wp\/v2\/product_brand?post=15298"},{"taxonomy":"product_cat","embeddable":true,"href":"https:\/\/www.hydraulic-cylinders.net\/da\/wp-json\/wp\/v2\/product_cat?post=15298"},{"taxonomy":"product_tag","embeddable":true,"href":"https:\/\/www.hydraulic-cylinders.net\/da\/wp-json\/wp\/v2\/product_tag?post=15298"}],"curies":[{"name":"wp","href":"https:\/\/api.w.org\/{rel}","templated":true}]}}