{"id":15309,"date":"2025-01-19T14:22:01","date_gmt":"2025-01-19T14:22:01","guid":{"rendered":"https:\/\/www.hydraulic-cylinders.net\/product\/bucket-cylinder-for-hyundai-small-excavator-r60-7-9\/"},"modified":"2025-01-19T14:22:09","modified_gmt":"2025-01-19T14:22:09","slug":"bucket-cylinder-for-hyundai-small-excavator-r60-7-9","status":"publish","type":"product","link":"https:\/\/www.hydraulic-cylinders.net\/da\/vare\/bucket-cylinder-for-hyundai-small-excavator-r60-7-9\/","title":{"rendered":"Skovlcylinder til Hyundai lille gravemaskine R60-7-9"},"content":{"rendered":"<h1>Skovlcylinder til Hyundai lille gravemaskine R60-7-9<\/h1>\n<h2>Indledning<\/h2>\n<h3>Definition af spandcylinder<\/h3>\n<p>A bucket cylinder is a specialized hydraulic cylinder designed primarily to control the movement of a bucket in heavy machinery such as excavators, backhoes, and front loaders. Its main function is to enable the bucket to perform lifting, lowering, and tilting, making it easier to carry out various material handling tasks. In the hydraulic system, the bucket cylinder achieves precise control of the bucket&#8217;s movement through changes in hydraulic oil pressure, allowing operators to efficiently handle heavy loads, adapt to complex work environments, and diverse operational needs.<\/p>\n<p><img decoding=\"async\" src=\"https:\/\/www.hydraulic-cylinders.net\/wp-content\/uploads\/2025\/01\/songte-company-2.webp\" alt=\"Billede af spandcylinder\"><\/p>\n<h3>Funktioner ved spandcylinderen<\/h3>\n<ul>\n<li><strong>H\u00f8j styrke og holdbarhed:<\/strong> Den er typisk fremstillet af h\u00f8jstyrkest\u00e5l eller aluminium og kan modst\u00e5 h\u00f8jt tryk og tunge belastninger og tilpasse sig barske arbejdsforhold. Designet tager h\u00f8jde for slidstyrke og korrosionsbestandighed, hvilket forl\u00e6nger levetiden.<\/li>\n<li><strong>Effektiv hydraulisk drift:<\/strong> Ved at udnytte hydraulisk olietryk til at opn\u00e5 j\u00e6vn ud- og indtr\u00e6kning, kan den reagere hurtigt p\u00e5 kontrolkommandoer og give en kraftig skubbe- og tr\u00e6kkraft, der er velegnet til h\u00e5ndtering af tunge belastninger og komplekse driftsopgaver.<\/li>\n<li><strong>Forskellige typer:<\/strong> Enkeltvirkende (hydraulisk i kun \u00e9n retning) eller dobbeltvirkende (hydraulisk i begge retninger) cylindre kan v\u00e6lges efter behov for at opfylde forskellige driftskrav. Nogle modeller er teleskopiske, hvilket muligg\u00f8r st\u00f8rre udtr\u00e6k uden at \u00f8ge de udvendige dimensioner og er velegnede til applikationer med begr\u00e6nset plads.<\/li>\n<li><strong>Nem udskiftning:<\/strong> Vores produkt kan perfekt erstatte disse hydrauliske cylindre.<\/li>\n<\/ul>\n<p><img decoding=\"async\" src=\"https:\/\/www.hydraulic-cylinders.net\/wp-content\/uploads\/2025\/01\/songte-cylinder-head-with-all-kinds-excavator-models.webp\" alt=\"Billede af udskiftning af spandcylinder\"><\/p>\n<h3>Anvendelser af spandcylinderen<\/h3>\n<p>Skovlcylinderen har en bred vifte af anvendelser i forskellige maskiner, herunder:<\/p>\n<ul>\n<li><strong>Entrepren\u00f8rudstyr:<\/strong> I gravemaskiner er de afg\u00f8rende for at grave, l\u00e6sse og flytte jord eller affald. I rendegravere hj\u00e6lper skovlcylinderen b\u00e5de med at grave og l\u00f8fte. <\/li>\n<li><strong>Landbrugsmaskiner:<\/strong> Anvendes i frontl\u00e6ssere til at grave, l\u00f8fte og transportere jord, h\u00f8 og andre materialer. <\/li>\n<li><strong>Gravemaskiner:<\/strong> Skovlcylinderen udf\u00f8rer gravehandlinger ved at lade skovlen tr\u00e6nge ned i jorden. <\/li>\n<li><strong>L\u00e6ssere:<\/strong> I frontl\u00e6ssere hj\u00e6lper de med at l\u00f8fte og losse gods effektivt. <\/li>\n<\/ul>\n<p>Lad os unders\u00f8ge nogle vigtige anvendelser i detaljer:<\/p>\n<h4>Entrepren\u00f8rudstyr<\/h4>\n<p>In excavators, the bucket cylinder is essential for digging, loading, and moving soil or debris. The bucket cylinder helps not only in digging but also in lifting. In backhoes, the bucket cylinder is used to operate the backhoe&#8217;s digging bucket and lift it.<\/p>\n<h4>Landbrugsmaskiner<\/h4>\n<p>Skovlcylinder spiller en vigtig rolle i forskellige landbrugsmaskiner. I frontl\u00e6ssere hj\u00e6lper cylinderen med at grave, l\u00f8fte og transportere jord, h\u00f8 og andre materialer. Landbrugsl\u00e6ssere bruges til at transportere materialer p\u00e5 g\u00e5rde, s\u00e5som g\u00f8dning, husdyrfoder og jord. <\/p>\n<h4>Gravemaskiner<\/h4>\n<p>I gravemaskiner tillader skovlcylinderen skovlen at tr\u00e6nge ned i jorden, og derefter bruges den til at l\u00f8fte jord- og stenmaterialerne. <\/p>\n<h4>L\u00e6ssere<\/h4>\n<p>I l\u00e6ssere bruges skovlcylinderen til at l\u00f8fte og t\u00f8mme gods effektivt. <\/p>\n<h3>Designovervejelser og udv\u00e6lgelseskriterier<\/h3>\n<p>Skovlcylindre er en essentiel del af tungt maskineri og kr\u00e6ver omhyggelig overvejelse og udv\u00e6lgelse. Ved valg af en skovlcylinder skal faktorer som b\u00e6reevne, t\u00e6tning, holdbarhed, sikkerhed og vedligeholdelsesvenlighed tages i betragtning. Nogle designovervejelser og udv\u00e6lgelseskriterier er:<\/p>\n<ul>\n<li><strong>B\u00e6reevne:<\/strong> Skovlcylinderen skal have den passende kapacitet til at l\u00f8fte og flytte de n\u00f8dvendige belastninger. Cylinderen skal v\u00e6re konstrueret til at modst\u00e5 st\u00f8d og belastning fra tunge belastninger og opretholde stabilitet under drift.<\/li>\n<li><strong>Forsegling:<\/strong> Cylinderen skal v\u00e6re t\u00e6tnet for at forhindre l\u00e6kager og sikre problemfri drift. Forskellige t\u00e6tningskomponenter s\u00e5som stempelt\u00e6tninger og stangt\u00e6tninger lavet af slidst\u00e6rke materialer som polyurethan og nitrilgummi skal anvendes for at opretholde holdbarheden. <\/li>\n<li><strong>Holdbarhed:<\/strong> The bucket cylinder must be designed to withstand the harsh operating conditions of heavy machinery. The cylinder&#8217;s surface must be treated to increase wear resistance, corrosion resistance, and extend the service life. <\/li>\n<li><strong>Sikkerhed:<\/strong> Sikkerhedshensyn er en vigtig faktor, n\u00e5r man v\u00e6lger en cylinder til h\u00e5ndtering af maskiner. Cylinderen skal v\u00e6re designet til at forhindre ulykker, s\u00e5som pludselig cylinderfejl og l\u00e6kager, som kan for\u00e5rsage skade p\u00e5 operat\u00f8rer og beskadige maskiner. <\/li>\n<li><strong>Vedligeholdelsesevne:<\/strong> Skovlcylinderen skal v\u00e6re designet til nem vedligeholdelse. Cylinderkomponenterne skal v\u00e6re let tilg\u00e6ngelige og udskiftelige, og vedligeholdelsesprocedurerne skal v\u00e6re klart definerede. <\/li>\n<\/ul>\n<p><img decoding=\"async\" src=\"https:\/\/www.hydraulic-cylinders.net\/wp-content\/uploads\/2025\/01\/songte-oil-pipes-and-spare-parts.webp\" alt=\"Billede af design af spandcylinder\"><\/p>\n<h3>T\u00e6tning og sm\u00f8ring af skovlcylinderen<\/h3>\n<p>Sealing and lubrication are essential for the smooth operation of the bucket cylinder. Various sealing components such as piston seals and rod seals made of wear-resistant materials such as polyurethane and nitrile rubber must be used to maintain durability. The cylinder&#8217;s surface must be treated to increase wear resistance, corrosion resistance, and extend the service life. The cylinder requires regular lubrication with the appropriate hydraulic oil to ensure smooth operation and prevent damage.<\/p>\n<h3>Regelm\u00e6ssig inspektion og forebyggende vedligeholdelsesforanstaltninger<\/h3>\n<p>Skovlcylinderen kr\u00e6ver regelm\u00e6ssig inspektion og vedligeholdelse for at sikre sikker og effektiv drift. Nogle forebyggende vedligeholdelsesforanstaltninger er:<\/p>\n<ul>\n<li><strong>Regelm\u00e6ssig inspektion:<\/strong> Skovlcylinderen b\u00f8r inspiceres regelm\u00e6ssigt for slid og skader. Cylinderkomponenter s\u00e5som stempelpakninger, stangpakninger og cylinderl\u00f8bet b\u00f8r kontrolleres for l\u00e6kager og slid mindst \u00e9n gang om \u00e5ret. <\/li>\n<li><strong>Korrekt sm\u00f8ring:<\/strong> Skovlcylinderen b\u00f8r sm\u00f8res regelm\u00e6ssigt med den passende hydraulikolie for at sikre problemfri drift og forhindre skader. <\/li>\n<li><strong>Udskiftning af pakning:<\/strong> Pakninger b\u00f8r udskiftes med j\u00e6vne mellemrum for at forhindre l\u00e6kager og sikre problemfri drift. <\/li>\n<li><strong>Kalibreringstjek:<\/strong> Skovlcylinderen b\u00f8r kalibreres regelm\u00e6ssigt for at sikre n\u00f8jagtig drift. <\/li>\n<\/ul>\n<p>Korrekt installation er afg\u00f8rende for sikker og effektiv drift af spandcylinderen. Cylinderen skal justeres korrekt, og der skal anvendes passende monteringsbeslag til at fastg\u00f8re cylinderen. De anbefalede inspektions-, reparations- og udskiftningsprocedurer skal f\u00f8lges for at forl\u00e6nge cylinderens levetid. <\/p>\n<p><img decoding=\"async\" src=\"https:\/\/www.hydraulic-cylinders.net\/wp-content\/uploads\/2025\/01\/songte-chushion-collar.webp\" alt=\"Billede af vedligeholdelse af spandcylinder\"><\/p>\n<h3>Sikkerheds- og milj\u00f8hensyn<\/h3>\n<p>Sikkerhed er et vigtigt aspekt ved brug af skovlcylindre. Operat\u00f8rer skal f\u00f8lge retningslinjer og instruktioner, n\u00e5r de betjener tunge maskiner med skovlcylindre. Milj\u00f8hensyn s\u00e5som forebyggelse af olieudledning og korrekt bortskaffelse af hydraulikolie b\u00f8r ogs\u00e5 tages i betragtning. <\/p>\n<h3>Fejldiagnose og almindelige problemer<\/h3>\n<p>Nogle almindelige problemer med skovlcylinderen omfatter ut\u00e6theder i pakninger, beskadigelse af stangen og generel slitage. For at diagnosticere problemerne b\u00f8r operat\u00f8rer foretage en visuel inspektion af cylinderen og udf\u00f8re en trykpr\u00f8vning. Hvis cylinderen er beskadiget, skal den repareres eller udskiftes med det samme for at forhindre yderligere skader og sikre sikker drift.<\/p>\n<h3>Konklusion<\/h3>\n<p>Skovlcylindre er essentielle komponenter i tunge maskiner, der muligg\u00f8r effektiv materialeh\u00e5ndtering og -flytning. Vores virksomhed tilbyder en bred vifte af hydrauliske udskiftningscylindre med fremragende kvalitet, holdbart design og tilpassede tjenester. Vores virksomhed er forpligtet til at levere produkter og tjenester af h\u00f8j kvalitet og er afh\u00e6ngig af et sofistikeret produktionsv\u00e6rksted, moderne produktionsudstyr og professionelle testsystemer. Vi overholder principperne om h\u00f8j effektivitet, h\u00f8j pr\u00e6cision og h\u00f8j kvalitet for at im\u00f8dekomme forskellige kundebehov. <\/p>\n<p><img decoding=\"async\" src=\"https:\/\/hzpt.com\/wp-content\/uploads\/2024\/11\/songte-company-1.webp\" alt=\"Virksomhedens image\"><\/p>\n<h3>Om forfatteren<\/h3>\n<p>Forfatter: lyl<\/p>","protected":false},"excerpt":{"rendered":"<p>Bucket Cylinder For Hyundai Small Excavator R60-7-9 Introduction Defining Bucket Cylinder A bucket cylinder is a specialized hydraulic cylinder designed primarily to control the movement of a bucket in heavy machinery such as excavators, backhoes, and front loaders. Its main function is to enable the bucket to perform lifting, lowering, and tilting, making it easier [&hellip;]<\/p>","protected":false},"featured_media":14765,"comment_status":"open","ping_status":"closed","template":"","meta":{"_et_pb_use_builder":"","_et_pb_old_content":"","_et_gb_content_width":""},"product_brand":[],"product_cat":[1494],"product_tag":[1495,1496],"class_list":{"0":"post-15309","1":"product","2":"type-product","3":"status-publish","4":"has-post-thumbnail","6":"product_cat-bucket-cylinders","7":"product_tag-bucket-cylinders","8":"product_tag-hydraulic-cylinders","10":"first","11":"instock","12":"shipping-taxable","13":"product-type-simple"},"amp_enabled":true,"_links":{"self":[{"href":"https:\/\/www.hydraulic-cylinders.net\/da\/wp-json\/wp\/v2\/product\/15309","targetHints":{"allow":["GET"]}}],"collection":[{"href":"https:\/\/www.hydraulic-cylinders.net\/da\/wp-json\/wp\/v2\/product"}],"about":[{"href":"https:\/\/www.hydraulic-cylinders.net\/da\/wp-json\/wp\/v2\/types\/product"}],"replies":[{"embeddable":true,"href":"https:\/\/www.hydraulic-cylinders.net\/da\/wp-json\/wp\/v2\/comments?post=15309"}],"wp:featuredmedia":[{"embeddable":true,"href":"https:\/\/www.hydraulic-cylinders.net\/da\/wp-json\/wp\/v2\/media\/14765"}],"wp:attachment":[{"href":"https:\/\/www.hydraulic-cylinders.net\/da\/wp-json\/wp\/v2\/media?parent=15309"}],"wp:term":[{"taxonomy":"product_brand","embeddable":true,"href":"https:\/\/www.hydraulic-cylinders.net\/da\/wp-json\/wp\/v2\/product_brand?post=15309"},{"taxonomy":"product_cat","embeddable":true,"href":"https:\/\/www.hydraulic-cylinders.net\/da\/wp-json\/wp\/v2\/product_cat?post=15309"},{"taxonomy":"product_tag","embeddable":true,"href":"https:\/\/www.hydraulic-cylinders.net\/da\/wp-json\/wp\/v2\/product_tag?post=15309"}],"curies":[{"name":"wp","href":"https:\/\/api.w.org\/{rel}","templated":true}]}}