{"id":1531,"date":"2023-09-28T03:14:41","date_gmt":"2023-09-28T03:14:41","guid":{"rendered":"https:\/\/hydraulic-cylinders.net\/?post_type=product&#038;p=1531"},"modified":"2025-04-11T03:25:57","modified_gmt":"2025-04-11T03:25:57","slug":"aerial-work-platform-luffing-cylinder","status":"publish","type":"product","link":"https:\/\/www.hydraulic-cylinders.net\/da\/vare\/aerial-work-platform-luffing-cylinder\/","title":{"rendered":"Lufcylinder til arbejdsplatform"},"content":{"rendered":"<h1 style=\"text-align: center;\"><strong>Lufcylinder til arbejdsplatform<\/strong><\/h1>\n<p><img loading=\"lazy\" decoding=\"async\" class=\"wp-image-1532 aligncenter\" src=\"https:\/\/hydraulic-cylinders.net\/wp-content\/uploads\/2023\/09\/luffing-cylinder-1-300x300.webp\" alt=\"\" width=\"400\" height=\"400\" \/><\/p>\n<p>L\u00f8ftecylinderen til den luftg\u00e5ende arbejdsplatform er en vigtig komponent i luftg\u00e5ende arbejdsplatforme og er designet til at forbedre sikkerhed og effektivitet i h\u00e6vede arbejdsmilj\u00f8er. Denne innovative hydrauliske cylinder giver kontrolleret lodret bev\u00e6gelse, hvilket muligg\u00f8r pr\u00e6cis l\u00f8ft og s\u00e6nkning af platformen.<\/p>\n<p>L\u00f8ftecylinderen til den luftarbejdsplatform er en afg\u00f8rende komponent i luftarbejdsplatforme, der giver kontrolleret vertikal bev\u00e6gelse og forbedrer sikkerhed og effektivitet i forh\u00f8jede arbejdsmilj\u00f8er. Med sine pr\u00e6cise l\u00f8ftekapaciteter, h\u00f8je lastekapacitet og integrerede sikkerhedsfunktioner giver denne cylinder operat\u00f8rerne mulighed for at arbejde i forskellige h\u00f8jder med selvtillid. Ved at f\u00f8lge de anbefalede brugsmetoder og vedligeholdelsespraksis kan operat\u00f8rerne maksimere levetiden og ydeevnen af \u200b\u200bden luftarbejdsplatforms l\u00f8ftecylinder, hvilket resulterer i \u00f8get produktivitet, reduceret nedetid og forbedret sikkerhed i forh\u00f8jede arbejdsapplikationer. Invester i denne avancerede hydrauliske komponent for at h\u00e6ve din luftarbejdsplatforms muligheder og tage dit veltalende arbejde til nye h\u00f8jder af succes.<\/p>\n<p>Vigtigste egenskaber ved l\u00f8ftecylinder til arbejdsplatform:<\/p>\n<ol>\n<li>Kontrolleret vertikal bev\u00e6gelse:<\/li>\n<\/ol>\n<ul>\n<li>Den l\u00f8ftende cylinder p\u00e5 arbejdsplatformen tilbyder pr\u00e6cis og kontrolleret vertikal bev\u00e6gelse, hvilket g\u00f8r det muligt for operat\u00f8rerne at justere platformens arbejdsh\u00f8jde med pr\u00e6cision og lethed.<\/li>\n<li>Den giver j\u00e6vne og stabile l\u00f8fte- og s\u00e6nkebev\u00e6gelser, hvilket sikrer et sikkert og komfortabelt arbejdsmilj\u00f8 i forskellige h\u00f8jder.<\/li>\n<\/ul>\n<ol start=\"2\">\n<li>H\u00f8j lasteevne:<\/li>\n<\/ol>\n<ul>\n<li>Denne cylinder kan prale af en h\u00f8j lastekapacitet, der g\u00f8r det muligt for den at b\u00e6re tunge belastninger og rumme flere arbejdere, v\u00e6rkt\u00f8j og udstyr p\u00e5 den luftabearbejdede arbejdsplatform.<\/li>\n<li>Den giver p\u00e5lidelig l\u00f8fteevne og opretholder stabilitet og sikkerhed, selv med betydelige nyttelaster.<\/li>\n<\/ul>\n<ol start=\"3\">\n<li>Kompakt og robust design:<\/li>\n<\/ol>\n<ul>\n<li>Den l\u00f8ftende cylinder til arbejdsplatformen har et kompakt design, der minimerer den samlede v\u00e6gt og det samlede fodaftryk af arbejdsplatformen.<\/li>\n<li>Dens robuste konstruktion sikrer holdbarhed og lang levetid og modst\u00e5r de kr\u00e6vende forhold i h\u00f8je arbejdsmilj\u00f8er.<\/li>\n<\/ul>\n<ol start=\"4\">\n<li>Integrerede sikkerhedsfunktioner:<\/li>\n<\/ol>\n<ul>\n<li>Denne cylinder har integrerede sikkerhedsfunktioner som overbelastningsbeskyttelse og n\u00f8ds\u00e6nkningssystemer.<\/li>\n<li>Disse sikkerhedsmekanismer giver ekstra ro i sindet, beskytter mod potentielle ulykker og letter en hurtig reaktion i n\u00f8dsituationer.<\/li>\n<\/ul>\n<h2><strong>Parameter for l\u00f8ftecylinder til luftarbejdsplatform:<\/strong><\/h2>\n<table border=\"1\" cellspacing=\"0\" cellpadding=\"0\">\n<tbody>\n<tr>\n<td>Produktnavn<\/td>\n<td>Lufcylinder til arbejdsplatform<\/td>\n<\/tr>\n<tr>\n<td>Funktioner:<\/td>\n<td>At indse, at bommens op-og-ned-rotation er den prim\u00e6re drivkraft for l\u00f8ft<\/td>\n<\/tr>\n<tr>\n<td>Borediameter:<\/td>\n<td>50 mm ~ 350 mm<\/td>\n<\/tr>\n<tr>\n<td>Stangdiameter:<\/td>\n<td>30 mm ~ 300 mm<br \/>\nSlagl\u00e6ngde\u22643000 mm<\/td>\n<\/tr>\n<tr>\n<td>Tryk:<\/td>\n<td>30 MPa (maksimalt tryk)<\/td>\n<\/tr>\n<tr>\n<td>Anvendelser af lufcylinder:<\/td>\n<td>Luftarbejdsplatform<\/td>\n<\/tr>\n<\/tbody>\n<\/table>\n<h2><strong>Diagram over identifikation af arbejdsplatform p\u00e5 luften:<\/strong><\/h2>\n<p><img loading=\"lazy\" decoding=\"async\" class=\"alignnone wp-image-1517 size-full\" src=\"https:\/\/hydraulic-cylinders.net\/wp-content\/uploads\/2023\/09\/aerial-work-platform-cylinder-construct.webp\" alt=\"\" width=\"600\" height=\"400\" srcset=\"https:\/\/hydraulic-cylinders.net\/wp-content\/uploads\/2023\/09\/aerial-work-platform-cylinder-construct.webp 600w, https:\/\/hydraulic-cylinders.net\/wp-content\/uploads\/2023\/09\/aerial-work-platform-cylinder-construct-480x320.webp 480w\" sizes=\"(min-width: 0px) and (max-width: 480px) 480px, (min-width: 481px) 600px, 100vw\" \/><\/p>\n<h2><strong>Brugsmetode for <\/strong><strong>Lufcylinder til arbejdsplatform<\/strong><strong>:<\/strong><\/h2>\n<ol>\n<li><strong>Cylinderinstallation:<\/strong><\/li>\n<\/ol>\n<ul>\n<li>F\u00f8lg producentens anvisninger for korrekt montering af l\u00f8ftecylinderen til den luftarbejdsplatform.<\/li>\n<li>S\u00f8rg for, at cylinderen er sikkert monteret p\u00e5 arbejdsplatformens struktur, s\u00e5 der opn\u00e5s en stabil og p\u00e5lidelig forbindelse.<\/li>\n<\/ul>\n<ol start=\"2\">\n<li><strong>Hydraulisk tilslutning:<\/strong><\/li>\n<\/ol>\n<ul>\n<li>Tilslut cylinderen til det hydrauliske system p\u00e5 arbejdsplatformen i henhold til de medf\u00f8lgende retningslinjer.<\/li>\n<li>S\u00f8rg for, at alle hydrauliske forbindelser er sikre og korrekt forseglede for at forhindre l\u00e6kager eller tab af hydraulikv\u00e6ske.<\/li>\n<\/ul>\n<ol start=\"3\">\n<li><strong>Kontrolaktivering:<\/strong><\/li>\n<\/ol>\n<ul>\n<li>Brug platformens kontrolpanel eller interface til at aktivere l\u00f8ftecylinderen p\u00e5 den luftarbejdsplatform.<\/li>\n<li>F\u00f8lg de anbefalede driftsprocedurer for at l\u00f8fte eller s\u00e6nke platformen til den \u00f8nskede h\u00f8jde.<\/li>\n<\/ul>\n<ol start=\"4\">\n<li><strong>Sikkerhedsforanstaltninger:<\/strong><\/li>\n<\/ol>\n<ul>\n<li>F\u00f8r du betjener arbejdsplatformen, skal du g\u00f8re dig bekendt med sikkerhedsfunktionerne og n\u00f8dprocedurerne.<\/li>\n<li>S\u00f8rg for, at alle operat\u00f8rer modtager korrekt tr\u00e6ning i sikker betjening af platformen og den l\u00f8ftecylinder, der er beregnet til arbejdsplatformen.<\/li>\n<\/ul>\n<h2><strong>Hvordan f\u00e5r man vand ud af traktorens hydrauliske system?<\/strong><\/h2>\n<p>Det er vigtigt at f\u00e5 vand ud af en traktors hydrauliske system for at opretholde systemets ydeevne og forhindre skader. Her er en trinvis vejledning i, hvordan man fjerner vand fra et traktors hydrauliske system:<\/p>\n<ol>\n<li><strong>Identific\u00e9r vandforureningen:<\/strong><\/li>\n<\/ol>\n<ul>\n<li>Kontroller for tegn p\u00e5 vandforurening, s\u00e5som m\u00e6lkeagtig eller uklar hydraulikv\u00e6ske, reduceret systemydelse eller vanddr\u00e5ber i beholderen.<\/li>\n<li>Bekr\u00e6ft, at vand er \u00e5rsagen til problemet, ved at udelukke andre potentielle problemer.<\/li>\n<\/ul>\n<ol start=\"2\">\n<li><strong>T\u00f8m det hydrauliske system:<\/strong><\/li>\n<\/ol>\n<ul>\n<li>Find aftapningsproppen eller ventilen p\u00e5 hydraulikbeholderen eller -tanken.<\/li>\n<li>Placer en passende beholder eller dr\u00e6nbakke under dr\u00e6nproppen for at opsamle v\u00e6sken.<\/li>\n<\/ul>\n<ol start=\"3\">\n<li><strong>\u00c5bn aftapningsproppen:<\/strong><\/li>\n<\/ol>\n<ul>\n<li>L\u00f8sn og fjern forsigtigt aftapningsproppen, eller \u00e5bn ventilen med en passende skruen\u00f8gle eller et passende v\u00e6rkt\u00f8j.<\/li>\n<li>Lad den forurenede hydraulikv\u00e6ske dr\u00e6ne helt fra systemet.<\/li>\n<li>Bortskaf den forurenede v\u00e6ske i henhold til lokale regler.<\/li>\n<\/ul>\n<ol start=\"4\">\n<li><strong>Skyl systemet:<\/strong><\/li>\n<\/ol>\n<ul>\n<li>N\u00e5r hydraulikv\u00e6sken er dr\u00e6net, skylles systemet med et egnet skyllemiddel eller ren hydraulikv\u00e6ske.<\/li>\n<li>F\u00f8lg producentens anbefalinger for det passende skyllemiddel og procedure.<\/li>\n<li>Tilslut en slange til hydrauliksystemets indl\u00f8b, og brug den til at pumpe skyllemiddel eller ren v\u00e6ske gennem systemet.<\/li>\n<li>Lad skyllemidlet cirkulere tilstr\u00e6kkeligt gennem systemet til at l\u00f8sne eventuelt resterende vand.<\/li>\n<\/ul>\n<ol start=\"5\">\n<li><strong>T\u00f8m skyllemidlet ud:<\/strong><\/li>\n<\/ol>\n<ul>\n<li>\u00c5bn aftapningsproppen eller ventilen igen for at t\u00f8mme skyllemidlet ud af systemet.<\/li>\n<li>Lad skyllemidlet l\u00f8be helt ned i beholderen eller afdrypningsbakken.<\/li>\n<\/ul>\n<ol start=\"6\">\n<li><strong>Genopfyldning med ren hydraulikv\u00e6ske:<\/strong><\/li>\n<\/ol>\n<ul>\n<li>Luk aftapningsproppen eller ventilen, n\u00e5r alt skyllemiddel er dr\u00e6net ud.<\/li>\n<li>Fyld hydrauliksystemet med ren, anbefalet hydraulikv\u00e6ske.<\/li>\n<li>F\u00f8lg producentens anvisninger for den passende v\u00e6sketype og p\u00e5fyldningsniveau.<\/li>\n<\/ul>\n<ol start=\"7\">\n<li><strong>Udluft systemet:<\/strong><\/li>\n<\/ol>\n<ul>\n<li>Udluft al luft fra det hydrauliske system i henhold til producentens anvisninger eller udluftningsprocedurer, der er specifikke for din traktormodel.<\/li>\n<li>Dette trin sikrer korrekt drift af det hydrauliske system og eliminerer eventuelle luftlommer.<\/li>\n<\/ul>\n<ol start=\"8\">\n<li><strong>Test systemet:<\/strong><\/li>\n<\/ol>\n<ul>\n<li>Start traktoren og aktiver det hydrauliske system.<\/li>\n<li>Kontroller for unormale lyde, l\u00e6kager eller ydeevneproblemer.<\/li>\n<li>Betjen det hydrauliske system for at kontrollere, at det fungerer problemfrit uden vandrelaterede problemer.<\/li>\n<\/ul>\n<h2><strong>Fabrikkens kapacitet og kapacitet:<\/strong><\/h2>\n<h3>(1) Samling<\/h3>\n<p>Vi har en f\u00f8rsteklasses uafh\u00e6ngig forsknings- og udviklingsplatform til montering. V\u00e6rkstedet for produktion af hydrauliske cylindre har fire halvautomatiske l\u00f8ftecylindermonteringslinjer og en automatisk vippecylindermonteringslinje med en designm\u00e6ssig \u00e5rlig produktionskapacitet p\u00e5 1 million enheder. Det specielle cylinderv\u00e6rksted er udstyret med forskellige specifikationer for et halvautomatisk reng\u00f8ringsmonteringssystem med en designm\u00e6ssig \u00e5rlig produktionskapacitet p\u00e5 200.000 og udstyret med ber\u00f8mt CNC-bearbejdningsudstyr, et bearbejdningscenter, et specialudstyr til h\u00f8jpr\u00e6cisionscylinderbearbejdning, en robotsvejsemaskine, en automatisk reng\u00f8ringsmaskine, en automatisk cylindermonteringsmaskine og en automatisk malingslinje. Eksisterende kritisk udstyr p\u00e5 mere end 300 s\u00e6t (s\u00e6t). Optimal allokering og effektiv udnyttelse af udstyrsressourcer sikrer produkternes n\u00f8jagtighedskrav og opfylder produkternes h\u00f8je kvalitetsbehov.<\/p>\n<p><img loading=\"lazy\" decoding=\"async\" class=\"alignnone wp-image-626\" src=\"https:\/\/hydraulic-cylinders.net\/wp-content\/uploads\/2023\/08\/hydraulic-cylinder-product-1-300x158.webp\" alt=\"\" width=\"495\" height=\"260\" srcset=\"https:\/\/hydraulic-cylinders.net\/wp-content\/uploads\/2023\/08\/hydraulic-cylinder-product-1-300x158.webp 495w, https:\/\/hydraulic-cylinders.net\/wp-content\/uploads\/2023\/08\/hydraulic-cylinder-product-1-480x252.webp 480w\" sizes=\"(min-width: 0px) and (max-width: 480px) 480px, (min-width: 481px) 495px, 100vw\" \/> <img loading=\"lazy\" decoding=\"async\" class=\"alignnone wp-image-627\" src=\"https:\/\/hydraulic-cylinders.net\/wp-content\/uploads\/2023\/08\/hydraulic-cylinder-product-2-300x189.webp\" alt=\"\" width=\"413\" height=\"260\" \/><\/p>\n<h3>(2) Maskinbearbejdning<\/h3>\n<p>Bearbejdningsv\u00e6rkstedet er udstyret med et specialfremstillet drejecenter til skr\u00e5 skinner, bearbejdningscenter, h\u00f8jhastigheds-honemaskine, svejserobot og andet relateret udstyr, der kan h\u00e5ndtere bearbejdning af cylinderr\u00f8r med en maksimal indre diameter p\u00e5 400 mm og en maksimal l\u00e6ngde p\u00e5 6 meter.<\/p>\n<p><img loading=\"lazy\" decoding=\"async\" class=\"alignnone wp-image-628 size-large\" src=\"https:\/\/hydraulic-cylinders.net\/wp-content\/uploads\/2023\/08\/hydraulic-cylinder-product-3-1024x391.webp\" alt=\"\" width=\"1024\" height=\"391\" srcset=\"https:\/\/hydraulic-cylinders.net\/wp-content\/uploads\/2023\/08\/hydraulic-cylinder-product-3-980x374.webp 980w, https:\/\/hydraulic-cylinders.net\/wp-content\/uploads\/2023\/08\/hydraulic-cylinder-product-3-480x183.webp 480w\" sizes=\"(min-width: 0px) and (max-width: 480px) 480px, (min-width: 481px) and (max-width: 980px) 980px, (min-width: 981px) 1024px, 100vw\" \/><\/p>\n<h3>(3) Svejsning<\/h3>\n<p><img loading=\"lazy\" decoding=\"async\" class=\"alignnone wp-image-629 size-large\" src=\"https:\/\/hydraulic-cylinders.net\/wp-content\/uploads\/2023\/08\/hydraulic-cylinder-product-4-1024x510.webp\" alt=\"\" width=\"1024\" height=\"510\" srcset=\"https:\/\/hydraulic-cylinders.net\/wp-content\/uploads\/2023\/08\/hydraulic-cylinder-product-4-980x488.webp 980w, https:\/\/hydraulic-cylinders.net\/wp-content\/uploads\/2023\/08\/hydraulic-cylinder-product-4-480x239.webp 480w\" sizes=\"(min-width: 0px) and (max-width: 480px) 480px, (min-width: 481px) and (max-width: 980px) 980px, (min-width: 981px) 1024px, 100vw\" \/><\/p>\n<h3>(4) Maling og overfladebehandling<\/h3>\n<p>Med sm\u00e5 og mellemstore cylindriske automatiske vandbaserede malingsbel\u00e6gningslinjer, for at opn\u00e5 automatisk robotp\u00e5fyldning og -afl\u00e6sning samt automatisk spr\u00f8jtning, er den designm\u00e6ssige kapacitet p\u00e5 4000 stykker pr. skift;<br \/>\nVi har ogs\u00e5 en halvautomatisk malingsproduktionslinje til store cylindre drevet af en kabelk\u00e6de med en designkapacitet p\u00e5 60 kasser pr. skift.<\/p>\n<p><img loading=\"lazy\" decoding=\"async\" class=\"alignnone wp-image-630\" src=\"https:\/\/hydraulic-cylinders.net\/wp-content\/uploads\/2023\/08\/hydraulic-cylinder-product-5-300x213.webp\" alt=\"\" width=\"366\" height=\"260\" \/> <img loading=\"lazy\" decoding=\"async\" class=\"alignnone wp-image-631\" src=\"https:\/\/hydraulic-cylinders.net\/wp-content\/uploads\/2023\/08\/hydraulic-cylinder-product-6-300x225.webp\" alt=\"\" width=\"347\" height=\"260\" \/><\/p>\n<h3>(5) Testning<\/h3>\n<p>Vi har f\u00f8rsteklasses inspektionsfaciliteter og testb\u00e6nke for at sikre, at cylinderens ydeevne opfylder kravene.<\/p>\n<p><img loading=\"lazy\" decoding=\"async\" class=\"alignnone wp-image-632\" src=\"https:\/\/hydraulic-cylinders.net\/wp-content\/uploads\/2023\/08\/hydraulic-cylinder-product-8-300x200.webp\" alt=\"\" width=\"389\" height=\"260\" \/><\/p>\n<p>&nbsp;<\/p>\n<p>&nbsp;<\/p>\n<p>Vi er en af \u200b\u200bde bedste producenter af hydrauliske cylindre. Vi kan tilbyde et omfattende udvalg af hydrauliske cylindre. Vi leverer ogs\u00e5 tilsvarende <a href=\"https:\/\/hzpt.com\/agricultural-pto-gearbox\/\" target=\"_blank\" rel=\"noopener\">landbrugsgearkasser<\/a>Vi har eksporteret vores produkter til kunder over hele verden og har opn\u00e5et et godt omd\u00f8mme p\u00e5 grund af vores overlegne produktkvalitet og eftersalgsservice. Vi byder kunder i ind- og udland velkommen til at kontakte os for at forhandle forretninger, udveksle information og <a href=\"https:\/\/www.hydraulic-cylinders.net\/da\/contact-us\/\">samarbejde med os<\/a>!<\/p>","protected":false},"excerpt":{"rendered":"<p>Aerial Work Platform Luffing Cylinder The aerial work platform luffing cylinder is a vital component in aerial work platforms, designed to enhance safety and efficiency in elevated work environments. This innovative hydraulic cylinder provides controlled vertical movement, allowing for precise lifting and lowering of the platform. The aerial work platform luffing cylinder is a crucial [&hellip;]<\/p>","protected":false},"featured_media":1533,"comment_status":"open","ping_status":"closed","template":"","meta":{"_et_pb_use_builder":"","_et_pb_old_content":"","_et_gb_content_width":""},"product_brand":[],"product_cat":[1500,1550],"product_tag":[1380],"class_list":{"0":"post-1531","1":"product","2":"type-product","3":"status-publish","4":"has-post-thumbnail","6":"product_cat-aerial-work-vehicle-hydraulic-cylinder","7":"product_cat-double-acting-hydraulic-cylinder","8":"product_tag-hydraulic-cylinder","10":"first","11":"instock","12":"shipping-taxable","13":"product-type-simple"},"amp_enabled":true,"_links":{"self":[{"href":"https:\/\/www.hydraulic-cylinders.net\/da\/wp-json\/wp\/v2\/product\/1531","targetHints":{"allow":["GET"]}}],"collection":[{"href":"https:\/\/www.hydraulic-cylinders.net\/da\/wp-json\/wp\/v2\/product"}],"about":[{"href":"https:\/\/www.hydraulic-cylinders.net\/da\/wp-json\/wp\/v2\/types\/product"}],"replies":[{"embeddable":true,"href":"https:\/\/www.hydraulic-cylinders.net\/da\/wp-json\/wp\/v2\/comments?post=1531"}],"wp:featuredmedia":[{"embeddable":true,"href":"https:\/\/www.hydraulic-cylinders.net\/da\/wp-json\/wp\/v2\/media\/1533"}],"wp:attachment":[{"href":"https:\/\/www.hydraulic-cylinders.net\/da\/wp-json\/wp\/v2\/media?parent=1531"}],"wp:term":[{"taxonomy":"product_brand","embeddable":true,"href":"https:\/\/www.hydraulic-cylinders.net\/da\/wp-json\/wp\/v2\/product_brand?post=1531"},{"taxonomy":"product_cat","embeddable":true,"href":"https:\/\/www.hydraulic-cylinders.net\/da\/wp-json\/wp\/v2\/product_cat?post=1531"},{"taxonomy":"product_tag","embeddable":true,"href":"https:\/\/www.hydraulic-cylinders.net\/da\/wp-json\/wp\/v2\/product_tag?post=1531"}],"curies":[{"name":"wp","href":"https:\/\/api.w.org\/{rel}","templated":true}]}}