{"id":15334,"date":"2025-01-19T14:23:56","date_gmt":"2025-01-19T14:23:56","guid":{"rendered":"https:\/\/www.hydraulic-cylinders.net\/product\/bucket-cylinder-for-hyundai-wheel-excavator-r160w-5\/"},"modified":"2025-01-19T14:23:58","modified_gmt":"2025-01-19T14:23:58","slug":"bucket-cylinder-for-hyundai-wheel-excavator-r160w-5","status":"publish","type":"product","link":"https:\/\/www.hydraulic-cylinders.net\/da\/vare\/bucket-cylinder-for-hyundai-wheel-excavator-r160w-5\/","title":{"rendered":"Skovlcylinder til Hyundai hjulgraver R160W-5"},"content":{"rendered":"<h1>Skovlcylinder til Hyundai hjulgraver R160W-5<\/h1>\n<h2>Indledning<\/h2>\n<p>Skovlcylinderen til Hyundai-hjulgravemaskinen R160W-5 er en specialiseret hydraulisk cylinder, der prim\u00e6rt er designet til at styre skovlens bev\u00e6gelse i tunge maskiner s\u00e5som gravemaskiner, rendegravere og frontl\u00e6ssere. Dens prim\u00e6re funktion er at tillade skovlen at l\u00f8fte, s\u00e6nke og vippe, hvilket g\u00f8r det nemt at h\u00e5ndtere forskellige materialeh\u00e5ndteringsopgaver. I det hydrauliske system opn\u00e5r skovlcylinderen pr\u00e6cis kontrol over skovlen gennem \u00e6ndringer i hydraulikolietrykket, hvilket giver f\u00f8reren mulighed for effektivt at h\u00e5ndtere tunge l\u00e6s og tilpasse sig komplekse arbejdsmilj\u00f8er og forskellige jobkrav.<\/p>\n<p><img decoding=\"async\" src=\"https:\/\/www.hydraulic-cylinders.net\/wp-content\/uploads\/2025\/01\/songte-company-2.webp\" alt=\"Spandens cylinder\" \/><\/p>\n<h2>Funktioner<\/h2>\n<ul>\n<li>H\u00f8j styrke og holdbarhed: Typisk fremstillet af h\u00f8jstyrkest\u00e5l eller aluminium, kan den modst\u00e5 h\u00f8jt tryk og tunge belastninger og tilpasse sig barske arbejdsmilj\u00f8er. Designet tager h\u00f8jde for slidstyrke og korrosionsbestandighed, hvilket forl\u00e6nger levetiden.<\/li>\n<li>Effektiv hydraulisk betjening: J\u00e6vn teleskopfunktion opn\u00e5s ved hj\u00e6lp af hydraulisk olietryk, hvilket muligg\u00f8r hurtig reaktion p\u00e5 styrekommandoer, giver en kraftig tr\u00e6k- og trykkraft og er egnet til h\u00e5ndtering af tunge belastninger og komplekse arbejdsopgaver.<\/li>\n<li>Forskellige typer: Enkeltvirkende (hydraulisk anvendt i kun \u00e9n retning) eller dobbeltvirkende (hydraulisk anvendt i to retninger) cylindre kan v\u00e6lges efter behov for at im\u00f8dekomme forskellige driftsbehov. Nogle modeller er teleskopiske, hvilket muligg\u00f8r st\u00f8rre udtr\u00e6k uden at \u00f8ge de udvendige dimensioner, og er velegnede til applikationer med begr\u00e6nset plads.<\/li>\n<li>Produktionskapacitet: Vores virksomhed kan producere dette produkt, og vores produkt kan perfekt erstatte disse hydrauliske cylindre.<\/li>\n<\/ul>\n<p><img decoding=\"async\" src=\"https:\/\/www.hydraulic-cylinders.net\/wp-content\/uploads\/2025\/01\/songte-cylinder-head-with-all-kinds-excavator-models.webp\" alt=\"Spandens cylinder\" \/><\/p>\n<h2>Applikationer<\/h2>\n<p>Skovlcylinderen til Hyundai-hjulgravemaskinen R160W-5 anvendes i vid udstr\u00e6kning i f\u00f8lgende applikationer:<\/p>\n<ul>\n<li>Entrepren\u00f8rudstyr: I gravemaskiner er de afg\u00f8rende for at grave, l\u00e6sse og flytte jord eller affald. I rendegravere hj\u00e6lper skovlcylinderen med b\u00e5de at grave og l\u00f8fte. I frontl\u00e6ssere hj\u00e6lper de med at l\u00f8fte og t\u00f8mme gods effektivt.<\/li>\n<li>Landbrugsmaskiner: Bruges i frontl\u00e6ssere til at udgrave, l\u00f8fte og transportere jord, h\u00f8 og andre materialer. I gravemaskiner udf\u00f8rer skovlcylinderen gravearbejdet ved at lade skovlen tr\u00e6nge ned i jorden. <\/li>\n<\/ul>\n<h2>Designovervejelser og udv\u00e6lgelsesstandarder<\/h2>\n<p>Ved design af skovlcylinderen til Hyundai-hjulgravemaskinen R160W-5 tages f\u00f8lgende n\u00f8glefaktorer i betragtning:<\/p>\n<ul>\n<li>B\u00e6reevne: Cylinderen skal kunne modst\u00e5 de belastninger, den vil blive udsat for under drift.<\/li>\n<li>T\u00e6tning: Cylinderen skal have en god t\u00e6tning for at forhindre l\u00e6kage af hydraulikolie.<\/li>\n<li>Holdbarhed: Cylinderen skal kunne modst\u00e5 det barske arbejdsmilj\u00f8 og den slitage, der f\u00f8lger med den.<\/li>\n<li>Sikkerhed: Cylinderen skal v\u00e6re konstrueret med sikkerhed i tankerne for at forhindre ulykker under drift.<\/li>\n<li>Vedligeholdelsesevne: Cylinderen skal v\u00e6re designet p\u00e5 en s\u00e5dan m\u00e5de, at den nemt kan repareres eller vedligeholdes, hvilket reducerer vedligeholdelsesomkostninger og minimerer nedetid.<\/li>\n<\/ul>\n<p><img decoding=\"async\" src=\"https:\/\/www.hydraulic-cylinders.net\/wp-content\/uploads\/2025\/01\/songte-oil-pipes-and-spare-parts.webp\" alt=\"Spandens cylinder\" \/><\/p>\n<h2>T\u00e6tning og sm\u00f8ring<\/h2>\n<p>Skovlcylinderen til Hyundai-hjulgravemaskinen R160W-5 er udstyret med forskellige t\u00e6tningsanordninger, s\u00e5som stempelt\u00e6tninger og stangt\u00e6tninger, lavet af slidst\u00e6rke materialer som polyurethan og nitrilgummi. Cylinderhuset og gevindets endeflade er fint forarbejdet for at forbedre slidstyrken. Det er n\u00f8dvendigt regelm\u00e6ssigt at tils\u00e6tte en passende m\u00e6ngde hydraulikolie til sm\u00f8ring.<\/p>\n<h2>Vedligeholdelse og reparation<\/h2>\n<p>Regelm\u00e6ssig inspektion og forebyggende vedligeholdelse er afg\u00f8rende for at sikre skovlcylinderens levetid. Almindelige vedligeholdelsesopgaver omfatter:<\/p>\n<ul>\n<li>Regelm\u00e6ssig inspektion<\/li>\n<li>Korrekt sm\u00f8ring<\/li>\n<li>Udskiftning af pakning<\/li>\n<li>Kalibreringskontrol<\/li>\n<\/ul>\n<p><img decoding=\"async\" src=\"https:\/\/www.hydraulic-cylinders.net\/wp-content\/uploads\/2025\/01\/songte-chushion-collar.webp\" alt=\"Spandens cylinder\" \/><\/p>\n<h2>Sikkerheds- og milj\u00f8hensyn<\/h2>\n<p>Der skal tr\u00e6ffes passende sikkerhedsforanstaltninger ved brug af skovlcylinderen til Hyundai-hjulgravemaskinen R160W-5. Det er vigtigt at f\u00f8lge de korrekte installations-, drifts- og vedligeholdelsesprocedurer for at minimere risikoen for ulykker. Milj\u00f8faktorer, s\u00e5som oliel\u00e6kager og -spild, b\u00f8r ogs\u00e5 tages i betragtning og h\u00e5ndteres omg\u00e5ende.<\/p>\n<h2>Fejlfinding og almindelige problemer<\/h2>\n<p>Almindelige problemer med skovlcylinderen til Hyundai-hjulgravemaskinen R160W-5 inkluderer oliel\u00e6kage, beskadigede pakninger og b\u00f8jede cylinderst\u00e6nger. Fejlfindingsteknikker og -l\u00f8sninger er let tilg\u00e6ngelige for at hj\u00e6lpe f\u00f8rere med at diagnosticere og l\u00f8se problemer, og forebyggende foranstaltninger anbefales for at minimere potentielle problemer.<\/p>\n<p><img decoding=\"async\" src=\"https:\/\/www.hydraulic-cylinders.net\/wp-content\/uploads\/2025\/01\/songte-bushings-with-all-kinds-of-excavator-models.webp\" alt=\"Spandens cylinder\" \/><\/p>\n<h2>Om vores virksomhed<\/h2>\n<p>Vi er en producent af hydrauliske udskiftningscylindre med et omfattende produktsortiment og er blevet en af \u200b\u200bde f\u00f8rende producenter og engrosdistribut\u00f8rer af hydrauliske cylindre p\u00e5 det indenlandske og internationale marked. Vi f\u00f8lger princippet om fremragende kvalitet, bygger p\u00e5 den industrielle produktionsstyringsstrategi fra fine produktionsv\u00e6rksteder, forbedrer l\u00f8bende v\u00e6rkstedets produktionsplatform, perfektionerer produktionsruten for produktkvalitet og har st\u00e6rke kreative evner. Vi opfylder kundernes forskellige behov med principper for h\u00f8j effektivitet, h\u00f8j pr\u00e6cision og h\u00f8j kvalitet.<\/p>\n<p><img decoding=\"async\" src=\"https:\/\/hzpt.com\/wp-content\/uploads\/2024\/11\/songte-company-1.webp\" alt=\"Spandens cylinder\" \/><\/p>\n<h3>Vores specialiteter:<\/h3>\n<ul>\n<li>Professionalitet<\/li>\n<li>International certificering<\/li>\n<li>Tilpassede tjenester<\/li>\n<li>Produktionsudstyr<\/li>\n<li>Eftersalgsservice<\/li>\n<\/ul>\n<p>Vi h\u00e5ber, at denne artikel giver nyttige oplysninger om skovlcylinderen til Hyundai-hjulgravemaskinen R160W-5. For mere information om vores produkter og tjenester, bes\u00f8g venligst vores hjemmeside eller kontakt os direkte.<\/p>\n<p>Forfatter: lyl<\/p>","protected":false},"excerpt":{"rendered":"<p>Bucket Cylinder For Hyundai Wheel Excavator R160W-5 Introduction The bucket cylinder for Hyundai wheel excavator R160W-5 is a specialized hydraulic cylinder designed mainly for controlling the movement of the bucket in heavy machinery such as excavators, backhoe excavators, and front-end loaders. Its primary function is to allow the bucket to lift, lower, and tilt, making [&hellip;]<\/p>","protected":false},"featured_media":14778,"comment_status":"open","ping_status":"closed","template":"","meta":{"_et_pb_use_builder":"","_et_pb_old_content":"","_et_gb_content_width":""},"product_brand":[],"product_cat":[1494],"product_tag":[1495,1496],"class_list":{"0":"post-15334","1":"product","2":"type-product","3":"status-publish","4":"has-post-thumbnail","6":"product_cat-bucket-cylinders","7":"product_tag-bucket-cylinders","8":"product_tag-hydraulic-cylinders","10":"first","11":"instock","12":"shipping-taxable","13":"product-type-simple"},"amp_enabled":true,"_links":{"self":[{"href":"https:\/\/www.hydraulic-cylinders.net\/da\/wp-json\/wp\/v2\/product\/15334","targetHints":{"allow":["GET"]}}],"collection":[{"href":"https:\/\/www.hydraulic-cylinders.net\/da\/wp-json\/wp\/v2\/product"}],"about":[{"href":"https:\/\/www.hydraulic-cylinders.net\/da\/wp-json\/wp\/v2\/types\/product"}],"replies":[{"embeddable":true,"href":"https:\/\/www.hydraulic-cylinders.net\/da\/wp-json\/wp\/v2\/comments?post=15334"}],"wp:featuredmedia":[{"embeddable":true,"href":"https:\/\/www.hydraulic-cylinders.net\/da\/wp-json\/wp\/v2\/media\/14778"}],"wp:attachment":[{"href":"https:\/\/www.hydraulic-cylinders.net\/da\/wp-json\/wp\/v2\/media?parent=15334"}],"wp:term":[{"taxonomy":"product_brand","embeddable":true,"href":"https:\/\/www.hydraulic-cylinders.net\/da\/wp-json\/wp\/v2\/product_brand?post=15334"},{"taxonomy":"product_cat","embeddable":true,"href":"https:\/\/www.hydraulic-cylinders.net\/da\/wp-json\/wp\/v2\/product_cat?post=15334"},{"taxonomy":"product_tag","embeddable":true,"href":"https:\/\/www.hydraulic-cylinders.net\/da\/wp-json\/wp\/v2\/product_tag?post=15334"}],"curies":[{"name":"wp","href":"https:\/\/api.w.org\/{rel}","templated":true}]}}