{"id":15335,"date":"2025-01-19T14:24:00","date_gmt":"2025-01-19T14:24:00","guid":{"rendered":"https:\/\/www.hydraulic-cylinders.net\/product\/bucket-cylinder-for-hyundai-wheel-excavator-r210w-5-7\/"},"modified":"2025-01-19T14:24:02","modified_gmt":"2025-01-19T14:24:02","slug":"bucket-cylinder-for-hyundai-wheel-excavator-r210w-5-7","status":"publish","type":"product","link":"https:\/\/www.hydraulic-cylinders.net\/da\/vare\/bucket-cylinder-for-hyundai-wheel-excavator-r210w-5-7\/","title":{"rendered":"Skovlcylinder til Hyundai-hjulgraver R210W-5-7"},"content":{"rendered":"<h1>Skovlcylinder til Hyundai-hjulgraver R210W-5-7<\/h1>\n<h2>Indledning<\/h2>\n<p>Skovlcylinderen til Hyundai-hjulgravemaskinen R210W-5-7 er en specialdesignet hydraulisk cylinder, der prim\u00e6rt bruges til at styre skovlens bev\u00e6gelse i tunge maskiner s\u00e5som gravemaskiner, rendegravere og hjull\u00e6ssere. Dens hovedfunktion er at muligg\u00f8re l\u00f8ft, s\u00e6nkning og vipning af skovlen, hvilket g\u00f8r den ideel til forskellige materialeh\u00e5ndteringsopgaver. I det hydrauliske system opn\u00e5r skovlcylinderen pr\u00e6cis kontrol over skovlen ved at udnytte tryk\u00e6ndringerne i hydraulikolien, hvilket giver operat\u00f8rerne mulighed for effektivt at h\u00e5ndtere tunge belastninger og tilpasse sig komplekse arbejdsmilj\u00f8er og forskellige driftskrav.<\/p>\n<p><img decoding=\"async\" src=\"https:\/\/www.hydraulic-cylinders.net\/wp-content\/uploads\/2025\/01\/songte-company-2.webp\" alt=\"Billede af spandcylinder\"><\/p>\n<h2>Funktioner<\/h2>\n<ul>\n<li><strong>H\u00f8j styrke og holdbarhed:<\/strong> Den er typisk fremstillet af h\u00f8jstyrkest\u00e5l eller aluminium og kan modst\u00e5 h\u00f8jt tryk og tunge belastninger og tilpasse sig barske arbejdsforhold. Designet tager h\u00f8jde for slidstyrke og korrosionsbestandighed, hvilket forl\u00e6nger dens levetid.<\/li>\n<li><strong>Effektiv hydraulisk drift:<\/strong> Ved at udnytte trykket fra hydraulikolien opn\u00e5r den j\u00e6vne ud- og indtr\u00e6ksbev\u00e6gelser, hvilket sikrer hurtig reaktion p\u00e5 styrekommandoer og giver kraftige skubbe- og tr\u00e6kkr\u00e6fter, hvilket g\u00f8r den velegnet til h\u00e5ndtering af tunge belastninger og komplekse driftsopgaver.<\/li>\n<li><strong>Forskellige typer:<\/strong> F\u00e5s i enkeltvirkende (hydraulisk tryk kun i \u00e9n retning) eller dobbeltvirkende (hydraulisk tryk i begge retninger), hvilket giver mulighed for forskellige driftskrav. Nogle modeller er teleskopiske, hvilket giver mulighed for st\u00f8rre udtr\u00e6k uden at \u00f8ge de udvendige dimensioner, hvilket g\u00f8r dem velegnede til applikationer med begr\u00e6nset plads.<\/li>\n<\/ul>\n<p><img decoding=\"async\" src=\"https:\/\/www.hydraulic-cylinders.net\/wp-content\/uploads\/2025\/01\/songte-cylinder-head-with-all-kinds-excavator-models.webp\" alt=\"Billede af spandcylinder\"><\/p>\n<h2>Applikationer<\/h2>\n<p>Skovlcylinderen til Hyundai hjulgraver R210W-5-7 finder sine anvendelser i forskellige brancher, herunder:<\/p>\n<ul>\n<li><strong>Entrepren\u00f8rudstyr:<\/strong> De findes i gravemaskiner og er afg\u00f8rende for udgravning, l\u00e6sning og materialeflytning.<\/li>\n<li><strong>Landbrugsmaskiner:<\/strong> Anvendes i frontl\u00e6ssere til at grave, l\u00f8fte og transportere jord, h\u00f8 og andre materialer.<\/li>\n<li><strong>Gravemaskiner:<\/strong> Skovlcylinderen muligg\u00f8r gravehandlinger ved at lade skovlen tr\u00e6nge ned i jorden.<\/li>\n<li><strong>Hjull\u00e6ssere:<\/strong> I frontl\u00e6ssere hj\u00e6lper de med effektiv l\u00f8ft og t\u00f8mning af gods.<\/li>\n<\/ul>\n<h2>Designovervejelser og udv\u00e6lgelseskriterier<\/h2>\n<p>Ved design af skovlcylinderen til Hyundai-hjulgravemaskinen R210W-5-7 tages der hensyn til flere faktorer og udv\u00e6lgelseskriterier:<\/p>\n<ul>\n<li><strong>B\u00e6reevne:<\/strong> Cylinderen er konstrueret til at modst\u00e5 den tilsigtede belastning og det tilsigtede tryk.<\/li>\n<li><strong>Forsegling:<\/strong> Forskellige t\u00e6tningskomponenter, s\u00e5som stempelt\u00e6tninger og stangt\u00e6tninger, anvendes til at sikre korrekt t\u00e6tning og forhindre l\u00e6kage.<\/li>\n<li><strong>Holdbarhed:<\/strong> Cylinderen er bygget til at modst\u00e5 kravene fra kr\u00e6vende applikationer og modst\u00e5 slitage.<\/li>\n<li><strong>Sikkerhed:<\/strong> Der er indbygget sikkerhedsfunktioner for at forhindre ulykker og sikre f\u00f8rerens velbefindende under drift.<\/li>\n<li><strong>Vedligeholdelsesevne:<\/strong> Designet muligg\u00f8r nem vedligeholdelse og reparation, hvilket minimerer nedetid.<\/li>\n<\/ul>\n<p><img decoding=\"async\" src=\"https:\/\/www.hydraulic-cylinders.net\/wp-content\/uploads\/2025\/01\/songte-oil-pipes-and-spare-parts.webp\" alt=\"Billede af spandcylinder\"><\/p>\n<h2>T\u00e6tning og sm\u00f8ring<\/h2>\n<p>Skovlcylinderen til Hyundai hjulgraver R210W-5-7 anvender forskellige t\u00e6tninger, herunder stempelt\u00e6tninger og stangt\u00e6tninger, der er fremstillet af slidst\u00e6rke materialer som polyurethan og nitrilgummi. Cylinderhuset og gevindenderne gennemg\u00e5r en pr\u00e6cisionsbehandling for at forbedre slidstyrken. Regelm\u00e6ssig sm\u00f8ring med den passende m\u00e6ngde hydraulikolie er n\u00f8dvendig for at sikre problemfri drift og cylinderens levetid.<\/p>\n<h2>Regelm\u00e6ssig inspektion og forebyggende vedligeholdelse<\/h2>\n<p>For at opretholde optimal ydeevne anbefales regelm\u00e6ssig inspektion og forebyggende vedligeholdelse. F\u00f8lgende foranstaltninger b\u00f8r tr\u00e6ffes:<\/p>\n<ul>\n<li>Unders\u00f8g cylinderen for tegn p\u00e5 skader eller slid.<\/li>\n<li>S\u00f8rg for korrekt sm\u00f8ring med de anbefalede intervaller.<\/li>\n<li>Udskift pakninger og t\u00e6tninger efter behov for at opretholde korrekt t\u00e6tning.<\/li>\n<li>Udf\u00f8r kalibreringskontroller for at verificere cylinderens ydeevne.<\/li>\n<\/ul>\n<p><img decoding=\"async\" src=\"https:\/\/www.hydraulic-cylinders.net\/wp-content\/uploads\/2025\/01\/songte-chushion-collar.webp\" alt=\"Billede af spandcylinder\"><\/p>\n<h2>Sikkerhedshensyn og milj\u00f8faktorer<\/h2>\n<p>N\u00e5r man bruger skovlcylinderen til Hyundai-hjulgravemaskinen R210W-5-7, er det vigtigt at prioritere sikkerhedsforanstaltninger. Dette omfatter overholdelse af korrekte driftsprocedurer, brug af passende sikkerhedsudstyr og f\u00f8lge branchens retningslinjer for at minimere risikoen for ulykker eller skader. Derudover b\u00f8r der tages hensyn til milj\u00f8hensyn for at sikre overholdelse af regler og fremme b\u00e6redygtig praksis.<\/p>\n<h2>Fejlfinding og almindelige problemer<\/h2>\n<p>I tilf\u00e6lde af funktionsfejl eller problemer kan f\u00f8lgende fejlfindingstips og l\u00f8sninger hj\u00e6lpe med at diagnosticere og l\u00f8se problemer:<\/p>\n<ul>\n<li>Kontroll\u00e9r for eventuelle l\u00e6kager i det hydrauliske system, og reparer dem omg\u00e5ende.<\/li>\n<li>Unders\u00f8g cylinderen for tegn p\u00e5 skader eller forkert justering.<\/li>\n<li>S\u00f8rg for korrekt sm\u00f8ring og udskift slidte komponenter.<\/li>\n<\/ul>\n<p><img decoding=\"async\" src=\"https:\/\/www.hydraulic-cylinders.net\/wp-content\/uploads\/2025\/01\/songte-bushings-with-all-kinds-of-excavator-models.webp\" alt=\"Billede af spandcylinder\"><\/p>\n<p>Husk at organisere artiklen logisk, bruge underoverskrifter for nem navigation, inkorporere relevante billeder eller diagrammer for bedre forst\u00e5else, og s\u00f8rg for, at indholdet er klart, pr\u00e6cist og egnet til l\u00e6sere med forskellige niveauer af teknisk viden.<\/p>\n<h2>Om vores virksomhed<\/h2>\n<p>Vi er producent af hydrauliske udskiftningscylindre. Med en bred vifte af produkter er vi blevet en af \u200b\u200bde f\u00f8rende producenter og engrosdistribut\u00f8rer af hydrauliske cylindre p\u00e5 det indenlandske og internationale marked. Vi overholder principperne om fremragende kvalitet og bruger industrialiserede produktionsstyringsstrategier i vores sofistikerede produktionsv\u00e6rksteder. Med fokus p\u00e5 teknisk talent, avanceret digitalt produktionsudstyr og professionelle testsystemer forbedrer vi l\u00f8bende vores produktionsplatform, perfektionerer produktionsruten for produktkvalitet og har en st\u00e6rk kreativ evne. Vi sigter mod at tilfredsstille forskellige kundebehov med h\u00f8j effektivitet, pr\u00e6cision og kvalitet.<\/p>\n<p><img decoding=\"async\" src=\"https:\/\/www.hydraulic-cylinders.net\/wp-content\/uploads\/2025\/01\/songte-company-3.webp\" alt=\"Virksomhedens image\"><\/p>\n<h3>Professionalitet:<\/h3>\n<p>Vores virksomhed er stolt af sin professionalisme og sikrer, at alle aspekter af vores aktiviteter udf\u00f8res efter de h\u00f8jeste standarder.<\/p>\n<h3>Internationale certificeringer:<\/h3>\n<p>Vi har forskellige internationale certificeringer, der demonstrerer vores engagement i kvalitet og overholdelse af branchestandarder.<\/p>\n<h3>Tilpasningstjenester:<\/h3>\n<p>Vi tilbyder tilpasningstjenester for at im\u00f8dekomme vores kunders specifikke behov og sikrer, at vores produkter perfekt matcher deres krav.<\/p>\n<h3>Produktionsfaciliteter:<\/h3>\n<p>Udstyret med det nyeste produktionsudstyr g\u00f8r vores faciliteter os i stand til effektivt at fremstille hydrauliske cylindre af h\u00f8j kvalitet.<\/p>\n<h3>Eftersalgsservice:<\/h3>\n<p>Vi tilbyder omfattende eftersalgsservice, herunder udskiftning af dele og ombygning, for at forl\u00e6nge vores produkters levetid.<\/p>\n<p><center><\/p>\n<p><em>Forfatter: lyl<\/em><\/p>\n<p><\/center><\/p>","protected":false},"excerpt":{"rendered":"<p>Bucket Cylinder For Hyundai Wheel Excavator R210W-5-7 Introduction The Bucket Cylinder for Hyundai Wheel Excavator R210W-5-7 is a specially designed hydraulic cylinder primarily used for controlling the movement of the bucket in heavy machinery such as excavators, backhoe loaders, and wheel loaders. Its main function is to enable the lifting, lowering, and tilting of the [&hellip;]<\/p>","protected":false},"featured_media":14776,"comment_status":"open","ping_status":"closed","template":"","meta":{"_et_pb_use_builder":"","_et_pb_old_content":"","_et_gb_content_width":""},"product_brand":[],"product_cat":[1494],"product_tag":[1495,1496],"class_list":{"0":"post-15335","1":"product","2":"type-product","3":"status-publish","4":"has-post-thumbnail","6":"product_cat-bucket-cylinders","7":"product_tag-bucket-cylinders","8":"product_tag-hydraulic-cylinders","10":"first","11":"instock","12":"shipping-taxable","13":"product-type-simple"},"amp_enabled":true,"_links":{"self":[{"href":"https:\/\/www.hydraulic-cylinders.net\/da\/wp-json\/wp\/v2\/product\/15335","targetHints":{"allow":["GET"]}}],"collection":[{"href":"https:\/\/www.hydraulic-cylinders.net\/da\/wp-json\/wp\/v2\/product"}],"about":[{"href":"https:\/\/www.hydraulic-cylinders.net\/da\/wp-json\/wp\/v2\/types\/product"}],"replies":[{"embeddable":true,"href":"https:\/\/www.hydraulic-cylinders.net\/da\/wp-json\/wp\/v2\/comments?post=15335"}],"wp:featuredmedia":[{"embeddable":true,"href":"https:\/\/www.hydraulic-cylinders.net\/da\/wp-json\/wp\/v2\/media\/14776"}],"wp:attachment":[{"href":"https:\/\/www.hydraulic-cylinders.net\/da\/wp-json\/wp\/v2\/media?parent=15335"}],"wp:term":[{"taxonomy":"product_brand","embeddable":true,"href":"https:\/\/www.hydraulic-cylinders.net\/da\/wp-json\/wp\/v2\/product_brand?post=15335"},{"taxonomy":"product_cat","embeddable":true,"href":"https:\/\/www.hydraulic-cylinders.net\/da\/wp-json\/wp\/v2\/product_cat?post=15335"},{"taxonomy":"product_tag","embeddable":true,"href":"https:\/\/www.hydraulic-cylinders.net\/da\/wp-json\/wp\/v2\/product_tag?post=15335"}],"curies":[{"name":"wp","href":"https:\/\/api.w.org\/{rel}","templated":true}]}}