{"id":1534,"date":"2023-09-28T03:59:02","date_gmt":"2023-09-28T03:59:02","guid":{"rendered":"https:\/\/hydraulic-cylinders.net\/?post_type=product&#038;p=1534"},"modified":"2025-04-14T01:11:44","modified_gmt":"2025-04-14T01:11:44","slug":"aerial-work-platform-telescopic-cylinder","status":"publish","type":"product","link":"https:\/\/www.hydraulic-cylinders.net\/da\/vare\/aerial-work-platform-telescopic-cylinder\/","title":{"rendered":"Teleskopisk cylinder til arbejdsplatform"},"content":{"rendered":"<h1 style=\"text-align: center;\"><strong>Teleskopisk cylinder til arbejdsplatform<\/strong><\/h1>\n<p><img loading=\"lazy\" decoding=\"async\" class=\"wp-image-1535 aligncenter\" src=\"https:\/\/hydraulic-cylinders.net\/wp-content\/uploads\/2023\/09\/telescopic-cylinder-1-300x300.webp\" alt=\"\" width=\"400\" height=\"400\" \/>Den teleskopiske cylinder til arbejdsplatformen er en kraftfuld og essentiel komponent i arbejdsplatforme, designet til at give udvidet r\u00e6kkevidde og forbedret alsidighed i forh\u00f8jede arbejdsmilj\u00f8er. Denne innovative hydrauliske cylinder muligg\u00f8r teleskopisk bev\u00e6gelse af platformen, hvilket giver operat\u00f8rer let og pr\u00e6cis adgang til forh\u00f8jede omr\u00e5der.<\/p>\n<p>Den teleskopiske cylinder til arbejdsplatforme er revolutionerende inden for forh\u00f8jede arbejdsplatforme og giver udvidet r\u00e6kkevidde og forbedret alsidighed. Med sine bem\u00e6rkelsesv\u00e6rdige egenskaber, herunder udvidet r\u00e6kkevidde, j\u00e6vn teleskopbev\u00e6gelse, h\u00f8j lastekapacitet og kompakt design, giver denne cylinder operat\u00f8rerne mulighed for at h\u00e5ndtere opgaver i forh\u00f8jede omr\u00e5der effektivt og sikkert. Ved at f\u00f8lge de anbefalede brugsmetoder og vedligeholdelsespraksis kan operat\u00f8rerne maksimere levetiden og ydeevnen af \u200b\u200bden teleskopiske cylinder til arbejdsplatformen, hvilket resulterer i \u00f8get produktivitet, reduceret nedetid og forbedret sikkerhed i forh\u00f8jede arbejdsopgaver. Invester i denne banebrydende hydrauliske komponent for at forbedre din arbejdsplatforms muligheder og tage dit arbejde i forh\u00f8jede omr\u00e5der til nye h\u00f8jder.<\/p>\n<p>Teleskopcylinder til arbejdsplatform N\u00f8gleegenskaber:<\/p>\n<ol>\n<li>Udvidet r\u00e6kkevidde:<\/li>\n<\/ol>\n<ul>\n<li>Den teleskopiske cylinder p\u00e5 arbejdsplatformen kan prale af en imponerende forl\u00e6ngelig r\u00e6kkevidde, der g\u00f8r det muligt for operat\u00f8rer at n\u00e5 st\u00f8rre h\u00f8jder og afstande ubesv\u00e6ret.<\/li>\n<li>Det giver fleksibilitet og tilpasningsevne, hvilket giver medarbejdere mulighed for at f\u00e5 adgang til udfordrende omr\u00e5der og udf\u00f8re opgaver effektivt.<\/li>\n<\/ul>\n<ol start=\"2\">\n<li>Glat teleskopisk bev\u00e6gelse:<\/li>\n<\/ol>\n<ul>\n<li>Denne cylinder sikrer en j\u00e6vn og kontrolleret teleskopbev\u00e6gelse, hvilket muligg\u00f8r pr\u00e6cis positionering af den l\u00f8ftende arbejdsplatform.<\/li>\n<li>Den tilbyder stabile og stabile ud- og tilbagetr\u00e6kningsbev\u00e6gelser, hvilket sikrer et sikkert arbejdsmilj\u00f8 i forskellige h\u00f8jder.<\/li>\n<\/ul>\n<ol start=\"3\">\n<li>H\u00f8j lasteevne:<\/li>\n<\/ol>\n<ul>\n<li>Den teleskopiske cylinder til arbejdsplatformen er designet til at h\u00e5ndtere tunge belastninger og har en robust konstruktion, der kan b\u00e6re betydelige nyttelaster.<\/li>\n<li>Det g\u00f8r det muligt for operat\u00f8rer at b\u00e6re flere medarbejdere, v\u00e6rkt\u00f8jer og udstyr p\u00e5 platformen uden at g\u00e5 p\u00e5 kompromis med stabilitet eller sikkerhed.<\/li>\n<\/ul>\n<ol start=\"4\">\n<li>Kompakt design:<\/li>\n<\/ol>\n<ul>\n<li>Med sit kompakte design optimerer denne cylinder pladsen p\u00e5 den luftarbejdsplatform, hvilket sikrer minimal p\u00e5virkning af den samlede v\u00e6gt og fodaftryk.<\/li>\n<li>Cylinderens kompakte st\u00f8rrelse giver fremragende man\u00f8vredygtighed og nem transport.<\/li>\n<\/ul>\n<h2><strong>Parameter for teleskopcylinder til arbejdsplatform:<\/strong><\/h2>\n<table border=\"1\" cellspacing=\"0\" cellpadding=\"0\">\n<tbody>\n<tr>\n<td>Produktnavn<\/td>\n<td>Teleskopisk cylinder til arbejdsplatform<\/td>\n<\/tr>\n<tr>\n<td>Funktioner:<\/td>\n<td>Realiser bommens line\u00e6re teleskopiske bev\u00e6gelse<\/td>\n<\/tr>\n<tr>\n<td>Borediameter:<\/td>\n<td>45 mm ~ 200 mm<\/td>\n<\/tr>\n<tr>\n<td>Stangdiameter:<\/td>\n<td>32 mm ~ 180 mm<br \/>\nSlagl\u00e6ngde\u226415000 mm<\/td>\n<\/tr>\n<tr>\n<td>Tryk:<\/td>\n<td>30 MPa (maksimalt tryk)<\/td>\n<\/tr>\n<tr>\n<td>Teleskopiske cylinderapplikationer:<\/td>\n<td>Luftarbejdsplatform<\/td>\n<\/tr>\n<\/tbody>\n<\/table>\n<h2><strong>Diagram over identifikation af arbejdsplatform p\u00e5 luften:<\/strong><\/h2>\n<p><img loading=\"lazy\" decoding=\"async\" class=\"alignnone wp-image-1517 size-full\" src=\"https:\/\/hydraulic-cylinders.net\/wp-content\/uploads\/2023\/09\/aerial-work-platform-cylinder-construct.webp\" alt=\"\" width=\"600\" height=\"400\" srcset=\"https:\/\/hydraulic-cylinders.net\/wp-content\/uploads\/2023\/09\/aerial-work-platform-cylinder-construct.webp 600w, https:\/\/hydraulic-cylinders.net\/wp-content\/uploads\/2023\/09\/aerial-work-platform-cylinder-construct-480x320.webp 480w\" sizes=\"(min-width: 0px) and (max-width: 480px) 480px, (min-width: 481px) 600px, 100vw\" \/><\/p>\n<h2><strong>Brugsmetode for teleskopcylinder til arbejdsplatform<\/strong><strong>:<\/strong><\/h2>\n<ol>\n<li><strong>Cylinderinstallation:<\/strong><\/li>\n<\/ol>\n<ul>\n<li>F\u00f8lg producentens anvisninger for korrekt montering af l\u00f8ftecylinderen til den luftarbejdsplatform.<\/li>\n<li>S\u00f8rg for, at cylinderen er sikkert monteret p\u00e5 arbejdsplatformens struktur, s\u00e5 der opn\u00e5s en stabil og p\u00e5lidelig forbindelse.<\/li>\n<\/ul>\n<ol start=\"2\">\n<li><strong>Hydraulisk tilslutning:<\/strong><\/li>\n<\/ol>\n<ul>\n<li>Tilslut cylinderen til det hydrauliske system p\u00e5 arbejdsplatformen i henhold til de medf\u00f8lgende retningslinjer.<\/li>\n<li>S\u00f8rg for, at alle hydrauliske forbindelser er sikre og korrekt forseglede for at forhindre l\u00e6kager eller tab af hydraulikv\u00e6ske.<\/li>\n<\/ul>\n<ol start=\"3\">\n<li><strong>Kontrolaktivering:<\/strong><\/li>\n<\/ol>\n<ul>\n<li>Brug platformens kontrolpanel eller interface til at aktivere l\u00f8ftecylinderen p\u00e5 den luftarbejdsplatform.<\/li>\n<li>F\u00f8lg de anbefalede driftsprocedurer for at l\u00f8fte eller s\u00e6nke platformen til den \u00f8nskede h\u00f8jde.<\/li>\n<\/ul>\n<ol start=\"4\">\n<li><strong>Sikkerhedsforanstaltninger:<\/strong><\/li>\n<\/ol>\n<ul>\n<li>F\u00f8r du betjener arbejdsplatformen, skal du g\u00f8re dig bekendt med sikkerhedsfunktionerne og n\u00f8dprocedurerne.<\/li>\n<li>S\u00f8rg for, at alle operat\u00f8rer modtager korrekt tr\u00e6ning i sikker betjening af platformen og den l\u00f8ftecylinder, der er beregnet til arbejdsplatformen.<\/li>\n<\/ul>\n<h2><strong>Hvilken hydraulisk lov bruger bremsesystemet?<\/strong><\/h2>\n<p>Bremsesystemet i k\u00f8ret\u00f8jer bruger typisk Pascals hydrauliske lov. Pascals lov siger, at n\u00e5r der p\u00e5f\u00f8res tryk p\u00e5 en v\u00e6ske i et lukket system, overf\u00f8res trykket ligeligt i alle retninger.<\/p>\n<p>I tilf\u00e6lde af et hydraulisk bremsesystem, n\u00e5r bremsepedalen trykkes ned, p\u00e5f\u00f8rer den kraft p\u00e5 en hovedcylinder, som indeholder hydraulisk v\u00e6ske. Kraften, der ud\u00f8ves p\u00e5 v\u00e6sken, skaber tryk, der fordeles j\u00e6vnt i hele bremsesystemet.<\/p>\n<p>Dette tryk overf\u00f8res derefter til bremsekalibrene eller hjulcylinderne, afh\u00e6ngigt af bremsesystemets type, der er placeret p\u00e5 hvert hjul. Trykket f\u00e5r kalibrene eller cylindrene til at aktiveres, hvilket igen p\u00e5virker bremseklodserne eller -bakkerne mod bremseskiverne eller -tromlerne, hvilket skaber friktion og bremser eller stopper k\u00f8ret\u00f8jet.<\/p>\n<p>Pascals lov sikrer, at den kraft, der p\u00e5f\u00f8res bremsepedalen, multipliceres og overf\u00f8res ligeligt til alle bremser i systemet, uanset deres placering. Dette muligg\u00f8r ensartet bremseevne p\u00e5 tv\u00e6rs af alle hjul og sikrer effektiv bremsning, selv i komplekse hydrauliske bremsesystemer.<\/p>\n<p>Det er v\u00e6rd at bem\u00e6rke, at i nogle avancerede bremsesystemer kan yderligere hydrauliske principper, s\u00e5som Bernoullis princip eller v\u00e6skedynamikprincippet, ogs\u00e5 anvendes til at optimere bremseevne, stabilitet og kontrol. Pascals lov er dog fortsat fundamental for den grundl\u00e6ggende funktion af hydrauliske bremsesystemer.<\/p>\n<h2><strong>Fabrikkens kapacitet og kapacitet:<\/strong><\/h2>\n<h3>(1) Samling<\/h3>\n<p>Vi har en f\u00f8rsteklasses uafh\u00e6ngig forsknings- og udviklingsplatform til montering. V\u00e6rkstedet for produktion af hydrauliske cylindre har fire halvautomatiske l\u00f8ftecylindermonteringslinjer og en automatisk vippecylindermonteringslinje med en designm\u00e6ssig \u00e5rlig produktionskapacitet p\u00e5 1 million enheder. Det specielle cylinderv\u00e6rksted er udstyret med forskellige specifikationer for et halvautomatisk reng\u00f8ringsmonteringssystem med en designm\u00e6ssig \u00e5rlig produktionskapacitet p\u00e5 200.000 og udstyret med ber\u00f8mt CNC-bearbejdningsudstyr, et bearbejdningscenter, et specialudstyr til h\u00f8jpr\u00e6cisionscylinderbearbejdning, en robotsvejsemaskine, en automatisk reng\u00f8ringsmaskine, en automatisk cylindermonteringsmaskine og en automatisk malingslinje. Eksisterende kritisk udstyr p\u00e5 mere end 300 s\u00e6t (s\u00e6t). Optimal allokering og effektiv udnyttelse af udstyrsressourcer sikrer produkternes n\u00f8jagtighedskrav og opfylder produkternes h\u00f8je kvalitetsbehov.<\/p>\n<p><img loading=\"lazy\" decoding=\"async\" class=\"alignnone wp-image-626\" src=\"https:\/\/hydraulic-cylinders.net\/wp-content\/uploads\/2023\/08\/hydraulic-cylinder-product-1-300x158.webp\" alt=\"\" width=\"495\" height=\"260\" srcset=\"https:\/\/hydraulic-cylinders.net\/wp-content\/uploads\/2023\/08\/hydraulic-cylinder-product-1-300x158.webp 495w, https:\/\/hydraulic-cylinders.net\/wp-content\/uploads\/2023\/08\/hydraulic-cylinder-product-1-480x252.webp 480w\" sizes=\"(min-width: 0px) and (max-width: 480px) 480px, (min-width: 481px) 495px, 100vw\" \/> <img loading=\"lazy\" decoding=\"async\" class=\"alignnone wp-image-627\" src=\"https:\/\/hydraulic-cylinders.net\/wp-content\/uploads\/2023\/08\/hydraulic-cylinder-product-2-300x189.webp\" alt=\"\" width=\"413\" height=\"260\" \/><\/p>\n<h3>(2) Maskinbearbejdning<\/h3>\n<p>Bearbejdningsv\u00e6rkstedet er udstyret med et specialfremstillet drejecenter til skr\u00e5 skinner, bearbejdningscenter, h\u00f8jhastigheds-honemaskine, svejserobot og andet relateret udstyr, der kan h\u00e5ndtere bearbejdning af cylinderr\u00f8r med en maksimal indre diameter p\u00e5 400 mm og en maksimal l\u00e6ngde p\u00e5 6 meter.<\/p>\n<p><img loading=\"lazy\" decoding=\"async\" class=\"alignnone wp-image-628 size-large\" src=\"https:\/\/hydraulic-cylinders.net\/wp-content\/uploads\/2023\/08\/hydraulic-cylinder-product-3-1024x391.webp\" alt=\"\" width=\"1024\" height=\"391\" srcset=\"https:\/\/hydraulic-cylinders.net\/wp-content\/uploads\/2023\/08\/hydraulic-cylinder-product-3-980x374.webp 980w, https:\/\/hydraulic-cylinders.net\/wp-content\/uploads\/2023\/08\/hydraulic-cylinder-product-3-480x183.webp 480w\" sizes=\"(min-width: 0px) and (max-width: 480px) 480px, (min-width: 481px) and (max-width: 980px) 980px, (min-width: 981px) 1024px, 100vw\" \/><\/p>\n<h3>(3) Svejsning<\/h3>\n<p><img loading=\"lazy\" decoding=\"async\" class=\"alignnone wp-image-629 size-large\" src=\"https:\/\/hydraulic-cylinders.net\/wp-content\/uploads\/2023\/08\/hydraulic-cylinder-product-4-1024x510.webp\" alt=\"\" width=\"1024\" height=\"510\" srcset=\"https:\/\/hydraulic-cylinders.net\/wp-content\/uploads\/2023\/08\/hydraulic-cylinder-product-4-980x488.webp 980w, https:\/\/hydraulic-cylinders.net\/wp-content\/uploads\/2023\/08\/hydraulic-cylinder-product-4-480x239.webp 480w\" sizes=\"(min-width: 0px) and (max-width: 480px) 480px, (min-width: 481px) and (max-width: 980px) 980px, (min-width: 981px) 1024px, 100vw\" \/><\/p>\n<h3>(4) Maling og overfladebehandling<\/h3>\n<p>Med sm\u00e5 og mellemstore cylindriske automatiske vandbaserede malingsbel\u00e6gningslinjer, for at opn\u00e5 automatisk robotp\u00e5fyldning og -afl\u00e6sning samt automatisk spr\u00f8jtning, er den designm\u00e6ssige kapacitet p\u00e5 4000 stykker pr. skift;<br \/>\nVi har ogs\u00e5 en halvautomatisk malingsproduktionslinje til store cylindre drevet af en kabelk\u00e6de med en designkapacitet p\u00e5 60 kasser pr. skift.<\/p>\n<p><img loading=\"lazy\" decoding=\"async\" class=\"alignnone wp-image-630\" src=\"https:\/\/hydraulic-cylinders.net\/wp-content\/uploads\/2023\/08\/hydraulic-cylinder-product-5-300x213.webp\" alt=\"\" width=\"366\" height=\"260\" \/> <img loading=\"lazy\" decoding=\"async\" class=\"alignnone wp-image-631\" src=\"https:\/\/hydraulic-cylinders.net\/wp-content\/uploads\/2023\/08\/hydraulic-cylinder-product-6-300x225.webp\" alt=\"\" width=\"347\" height=\"260\" \/><\/p>\n<h3>(5) Testning<\/h3>\n<p>Vi har f\u00f8rsteklasses inspektionsfaciliteter og testb\u00e6nke for at sikre, at cylinderens ydeevne opfylder kravene.<\/p>\n<p><img loading=\"lazy\" decoding=\"async\" class=\"alignnone wp-image-632\" src=\"https:\/\/hydraulic-cylinders.net\/wp-content\/uploads\/2023\/08\/hydraulic-cylinder-product-8-300x200.webp\" alt=\"\" width=\"389\" height=\"260\" \/><\/p>\n<p>&nbsp;<\/p>\n<p>&nbsp;<\/p>\n<p>Vi er en af \u200b\u200bde bedste producenter af hydrauliske cylindre. Vi kan tilbyde et omfattende udvalg af hydrauliske cylindre. Vi leverer ogs\u00e5 tilsvarende <a href=\"https:\/\/hzpt.com\/agricultural-pto-gearbox\/\" target=\"_blank\" rel=\"noopener\">landbrugsgearkasser<\/a>Vi har eksporteret vores produkter til kunder over hele verden og har opn\u00e5et et godt omd\u00f8mme p\u00e5 grund af vores overlegne produktkvalitet og eftersalgsservice. Vi byder kunder i ind- og udland velkommen til at kontakte os for at forhandle forretninger, udveksle information og <a href=\"https:\/\/www.hydraulic-cylinders.net\/da\/contact-us\/\">samarbejde med os<\/a>!<\/p>","protected":false},"excerpt":{"rendered":"<p>Aerial Work Platform Telescopic Cylinder The aerial work platform telescopic cylinder is a powerful and essential component in aerial work platforms, designed to provide extended reach and enhanced versatility in elevated work environments. This innovative hydraulic cylinder enables the telescopic movement of the platform, allowing operators to access elevated areas with ease and precision. The [&hellip;]<\/p>","protected":false},"featured_media":1536,"comment_status":"open","ping_status":"closed","template":"","meta":{"_et_pb_use_builder":"","_et_pb_old_content":"","_et_gb_content_width":""},"product_brand":[],"product_cat":[1500,1550,1393],"product_tag":[1380],"class_list":{"0":"post-1534","1":"product","2":"type-product","3":"status-publish","4":"has-post-thumbnail","6":"product_cat-aerial-work-vehicle-hydraulic-cylinder","7":"product_cat-double-acting-hydraulic-cylinder","8":"product_cat-telescopic-hydraulic-cylinder","9":"product_tag-hydraulic-cylinder","11":"first","12":"instock","13":"shipping-taxable","14":"product-type-simple"},"amp_enabled":true,"_links":{"self":[{"href":"https:\/\/www.hydraulic-cylinders.net\/da\/wp-json\/wp\/v2\/product\/1534","targetHints":{"allow":["GET"]}}],"collection":[{"href":"https:\/\/www.hydraulic-cylinders.net\/da\/wp-json\/wp\/v2\/product"}],"about":[{"href":"https:\/\/www.hydraulic-cylinders.net\/da\/wp-json\/wp\/v2\/types\/product"}],"replies":[{"embeddable":true,"href":"https:\/\/www.hydraulic-cylinders.net\/da\/wp-json\/wp\/v2\/comments?post=1534"}],"wp:featuredmedia":[{"embeddable":true,"href":"https:\/\/www.hydraulic-cylinders.net\/da\/wp-json\/wp\/v2\/media\/1536"}],"wp:attachment":[{"href":"https:\/\/www.hydraulic-cylinders.net\/da\/wp-json\/wp\/v2\/media?parent=1534"}],"wp:term":[{"taxonomy":"product_brand","embeddable":true,"href":"https:\/\/www.hydraulic-cylinders.net\/da\/wp-json\/wp\/v2\/product_brand?post=1534"},{"taxonomy":"product_cat","embeddable":true,"href":"https:\/\/www.hydraulic-cylinders.net\/da\/wp-json\/wp\/v2\/product_cat?post=1534"},{"taxonomy":"product_tag","embeddable":true,"href":"https:\/\/www.hydraulic-cylinders.net\/da\/wp-json\/wp\/v2\/product_tag?post=1534"}],"curies":[{"name":"wp","href":"https:\/\/api.w.org\/{rel}","templated":true}]}}