{"id":15350,"date":"2025-01-19T14:25:07","date_gmt":"2025-01-19T14:25:07","guid":{"rendered":"https:\/\/www.hydraulic-cylinders.net\/product\/bucket-cylinder-for-kobelco-small-excavator-sk100-3-5-6\/"},"modified":"2025-01-19T14:25:09","modified_gmt":"2025-01-19T14:25:09","slug":"bucket-cylinder-for-kobelco-small-excavator-sk100-3-5-6","status":"publish","type":"product","link":"https:\/\/www.hydraulic-cylinders.net\/da\/vare\/bucket-cylinder-for-kobelco-small-excavator-sk100-3-5-6\/","title":{"rendered":"Skovlcylinder til Kobelco lille gravemaskine SK100-3-5-6"},"content":{"rendered":"<h1>Skovlcylinder til Kobelco lille gravemaskine SK100-3-5-6<\/h1>\n<h2>Indledning<\/h2>\n<p>Skovlcylinderen til Kobelco Small Excavator SK100-3-5-6 er en specialiseret hydraulisk cylinder, der prim\u00e6rt er designet til at styre skovlens bev\u00e6gelse i tunge maskiner, s\u00e5som gravemaskiner, rendegravere og frontl\u00e6ssere. Dens prim\u00e6re funktion er at give skovlen mulighed for at l\u00f8fte, s\u00e6nke og vippe, hvilket g\u00f8r det lettere at h\u00e5ndtere en r\u00e6kke forskellige materialer i forskellige opgaver. I det hydrauliske system bruger skovlcylinderen tryk\u00e6ndringen i hydraulikolien til pr\u00e6cist at styre skovlen, hvilket g\u00f8r det muligt for f\u00f8reren at h\u00e5ndtere tunge l\u00e6s effektivt og tilpasse sig komplekse arbejdsmilj\u00f8er og forskellige driftsbehov.<\/p>\n<p><img decoding=\"async\" src=\"https:\/\/www.hydraulic-cylinders.net\/wp-content\/uploads\/2025\/01\/songte-company-2.webp\" alt=\"Spandens cylinder\"><\/p>\n<h2>Funktioner<\/h2>\n<ul>\n<li>\n<h3>H\u00f8j styrke og holdbarhed<\/h3>\n<p>Skovlcylindre er typisk lavet af h\u00f8jstyrkest\u00e5l eller aluminium, der er i stand til at modst\u00e5 h\u00f8jt tryk og tunge belastninger og tilpasser sig barske arbejdsmilj\u00f8er. Designet tager h\u00f8jde for slidstyrke og korrosionsbestandighed, hvilket forl\u00e6nger levetiden.<\/p>\n<\/li>\n<li>\n<h3>Effektiv hydraulisk drift<\/h3>\n<p>Skovlcylindre udnytter trykket fra hydraulikolien til at opn\u00e5 en j\u00e6vn teleskopisk funktion, idet de reagerer hurtigt p\u00e5 kontrolkommandoer og giver en kraftig skubbe- og tr\u00e6kkraft, der er velegnede til h\u00e5ndtering af tunge belastninger og komplekse opgaver.<\/p>\n<\/li>\n<li>\n<h3>Forskellige typer<\/h3>\n<p>Skovlcylindre kan v\u00e6re enkeltvirkende (hydraulik bruges kun i \u00e9n retning) eller dobbeltvirkende (hydraulik bruges i begge retninger) cylindre, hvilket giver mulighed for forskellige driftskrav. Nogle modeller er teleskopiske, hvilket giver mulighed for st\u00f8rre udtr\u00e6k uden at \u00f8ge de ydre dimensioner, hvilket er velegnet til applikationer med begr\u00e6nset plads.<\/p>\n<\/li>\n<li>\n<h3>Produkttilg\u00e6ngelighed<\/h3>\n<p>Vores virksomhed producerer skovlcylindre, der perfekt kan erstatte disse hydrauliske cylindre.<\/p>\n<\/li>\n<li>\n<h3>Bredt udvalg af anvendelser<\/h3>\n<p>Skovlcylinderen bruges i vid udstr\u00e6kning i forskellige tunge maskiner s\u00e5som:<\/p>\n<ul>\n<li>Entrepren\u00f8rudstyr: gravemaskiner, rendegravere, l\u00e6ssere<\/li>\n<li>Landbrugsmaskiner: frontl\u00e6ssere, gravemaskiner<\/li>\n<\/ul>\n<p>Skovlcylindre letter gravning, l\u00e6sning og transport af jord, h\u00f8 og andre materialer.<\/p>\n<\/li>\n<\/ul>\n<h2>Designovervejelser og udv\u00e6lgelseskriterier<\/h2>\n<ul>\n<li>\n<h3>B\u00e6reevne<\/h3>\n<p>Skovlcylinderen skal kunne modst\u00e5 tunge belastninger og fungere p\u00e5lideligt under h\u00f8jt tryk.<\/p>\n<\/li>\n<li>\n<h3>Forsegling<\/h3>\n<p>Cylinderen skal v\u00e6re godt forseglet for at forhindre l\u00e6kage af hydraulikolie og sikre cylinderens korrekte funktion.<\/p>\n<\/li>\n<li>\n<h3>Holdbarhed<\/h3>\n<p>Skovlcylinderen skal v\u00e6re holdbar, modstandsdygtig over for slid, korrosion og skader fra barske forhold og eksterne faktorer.<\/p>\n<\/li>\n<li>\n<h3>Sikkerhed<\/h3>\n<p>Skovlcylinderen skal konstrueres med sikkerhedshensyn, herunder foranstaltninger som sikkerhedsventiler og sikkerhedsanordninger.<\/p>\n<\/li>\n<li>\n<h3>Vedligeholdelsesevne<\/h3>\n<p>Skovlcylinderen skal v\u00e6re konstrueret med nem vedligeholdelse i tankerne, herunder nem adgang til interne komponenter, nem demontering og nem udskiftning af dele.<\/p>\n<\/li>\n<\/ul>\n<p><img decoding=\"async\" src=\"https:\/\/www.hydraulic-cylinders.net\/wp-content\/uploads\/2025\/01\/songte-oil-pipes-and-spare-parts.webp\" alt=\"Hydrauliske cylinderdele\"><\/p>\n<h2>T\u00e6tning og sm\u00f8ring<\/h2>\n<p>Forskellige t\u00e6tningskomponenter, s\u00e5som stempelt\u00e6tninger og stangt\u00e6tninger, bruges til at forhindre l\u00e6kage af hydraulisk olie. T\u00e6tningskomponenterne er lavet af slidst\u00e6rke materialer s\u00e5som polyurethan og nitrilgummi. Cylinderhuset og gevindenden har gennemg\u00e5et en fin forarbejdning for at \u00f8ge slidstyrken. Regelm\u00e6ssig tils\u00e6tning af den passende m\u00e6ngde hydraulisk olie er n\u00f8dvendig for at sikre sm\u00f8ring af den hydrauliske cylinder.<\/p>\n<h2>Periodisk inspektion og forebyggende vedligeholdelsesforanstaltninger<\/h2>\n<p>Det anbefales regelm\u00e6ssigt at inspicere og vedligeholde skovlcylinderen for at sikre dens korrekte funktion og forl\u00e6nge dens levetid. Almindelige vedligeholdelsesopgaver omfatter sm\u00f8ring, udskiftning af pakninger og kalibreringstjek. Korrekt installation, sm\u00f8ring og justering er afg\u00f8rende for cylinderens korrekte funktion. Korrekt justering og brug af passende monteringsbeslag anbefales under installationen. Anbefalede inspektions-, reparations- og udskiftningsprocedurer leveres, og reservedele og reparationstjenester er tilg\u00e6ngelige for at forbedre den hydrauliske cylinders levetid.<\/p>\n<p><img decoding=\"async\" src=\"https:\/\/www.hydraulic-cylinders.net\/wp-content\/uploads\/2025\/01\/songte-chushion-collar.webp\" alt=\"Hydraulisk cylinderpudekrave\"><\/p>\n<h2>Sikkerhedshensyn og milj\u00f8faktorer<\/h2>\n<p>N\u00e5r man bruger skovlcylinderen, er det vigtigt at f\u00f8lge sikkerhedsforanstaltninger for at forhindre personskade eller beskadigelse af udstyr. Det er vigtigt at sikre, at udstyret er sikkert installeret, og at operat\u00f8ren er uddannet og kvalificeret. Ugunstige milj\u00f8faktorer s\u00e5som temperatur, fugtighed og forurening kan p\u00e5virke cylinderens ydeevne, og der b\u00f8r tr\u00e6ffes passende foranstaltninger for at afb\u00f8de disse faktorer.<\/p>\n<h2>Fejlfinding og almindelige problemer<\/h2>\n<p>Almindelige problemer med skovlcylinderen omfatter oliel\u00e6kager, skader p\u00e5 cylinderhuset og stemplet samt utilstr\u00e6kkelig driftskraft. Korrekt vedligeholdelse og inspektion kan hj\u00e6lpe med at identificere og forebygge disse problemer. Der gives tips til fejlfinding og l\u00f8sninger for at hj\u00e6lpe l\u00e6serne med effektivt at diagnosticere og l\u00f8se problemer og forhindre potentielle problemer.<\/p>\n<p><img decoding=\"async\" src=\"https:\/\/www.hydraulic-cylinders.net\/wp-content\/uploads\/2025\/01\/songte-bushings-with-all-kinds-of-excavator-models.webp\" alt=\"Hydrauliske cylinderb\u00f8sninger\"><\/p>\n<h2>Om vores virksomhed<\/h2>\n<p>Vores virksomhed er en producent af hydrauliske cylindre, der specialiserer sig i udskiftning af hydrauliske cylindre. Vi har et komplet produktsortiment og er en af \u200b\u200bde f\u00f8rende producenter og grossister af hydrauliske cylindre p\u00e5 b\u00e5de indenlandske og internationale markeder. Vi f\u00f8lger princippet om fremragende kvalitet og bygger p\u00e5 den industrielle produktionsstyringsstrategi, der kendetegner et fint produktionsv\u00e6rksted. Vi forbedrer l\u00f8bende produktionsplatformen ved at anvende teknologisk talent, digitalt avanceret produktionsudstyr og professionelle testsystemer, perfektionere produktkvaliteten og skabe en st\u00e6rk produktionsevne. Vi opfylder kundernes forskellige behov med h\u00f8j effektivitet, h\u00f8j pr\u00e6cision og h\u00f8j kvalitet.<\/p>\n<h3>Professionalitet<\/h3>\n<p>Vores virksomhed har et team af professionelle med omfattende erfaring og viden inden for hydrauliske cylinderindustrien, der tilbyder kunderne professionelle, effektive og p\u00e5lidelige tjenester.<\/p>\n<h3>International certificering<\/h3>\n<p>Vores produkter har best\u00e5et internationale certificeringer, herunder ISO 9001 og CE-certificering. Vores produkter er af h\u00f8j kvalitet og overholder internationale standarder.<\/p>\n<h3>Tilpasningstjenester<\/h3>\n<p>Vi tilbyder skr\u00e6ddersyede tjenester, der im\u00f8dekommer kundernes specifikke krav, og leverer skr\u00e6ddersyede l\u00f8sninger, der opfylder deres behov.<\/p>\n<h3>Produktionsudstyr<\/h3>\n<p>Vi har avanceret og moderne produktionsudstyr, herunder CNC-bearbejdningscentre, CNC-drejeb\u00e6nke og andet h\u00f8jteknologisk udstyr, for at sikre produktion af produkter af h\u00f8j kvalitet.<\/p>\n<h3>Eftersalgsservice<\/h3>\n<p>Vi tilbyder omfattende eftersalgsservice, herunder vedligeholdelse, reparation og udskiftning af dele, for at sikre kundetilfredshed og korrekt funktion af deres hydrauliske cylindre.<\/p>\n<p><img decoding=\"async\" src=\"https:\/\/www.hydraulic-cylinders.net\/wp-content\/uploads\/2025\/01\/songte-company-3.webp\" alt=\"Songte Company\"><\/p>\n<p>Forfatter: lyl<\/p>","protected":false},"excerpt":{"rendered":"<p>Bucket Cylinder For Kobelco Small Excavator SK100-3-5-6 Introduction The Bucket Cylinder for Kobelco Small Excavator SK100-3-5-6 is a specialized hydraulic cylinder designed primarily to control the movement of the bucket in heavy machinery, such as excavators, backhoe excavators, and front loaders. Its primary function is to allow the bucket to lift, lower, and tilt, making [&hellip;]<\/p>","protected":false},"featured_media":14776,"comment_status":"open","ping_status":"closed","template":"","meta":{"_et_pb_use_builder":"","_et_pb_old_content":"","_et_gb_content_width":""},"product_brand":[],"product_cat":[1494],"product_tag":[1495,1496],"class_list":{"0":"post-15350","1":"product","2":"type-product","3":"status-publish","4":"has-post-thumbnail","6":"product_cat-bucket-cylinders","7":"product_tag-bucket-cylinders","8":"product_tag-hydraulic-cylinders","10":"first","11":"instock","12":"shipping-taxable","13":"product-type-simple"},"amp_enabled":true,"_links":{"self":[{"href":"https:\/\/www.hydraulic-cylinders.net\/da\/wp-json\/wp\/v2\/product\/15350","targetHints":{"allow":["GET"]}}],"collection":[{"href":"https:\/\/www.hydraulic-cylinders.net\/da\/wp-json\/wp\/v2\/product"}],"about":[{"href":"https:\/\/www.hydraulic-cylinders.net\/da\/wp-json\/wp\/v2\/types\/product"}],"replies":[{"embeddable":true,"href":"https:\/\/www.hydraulic-cylinders.net\/da\/wp-json\/wp\/v2\/comments?post=15350"}],"wp:featuredmedia":[{"embeddable":true,"href":"https:\/\/www.hydraulic-cylinders.net\/da\/wp-json\/wp\/v2\/media\/14776"}],"wp:attachment":[{"href":"https:\/\/www.hydraulic-cylinders.net\/da\/wp-json\/wp\/v2\/media?parent=15350"}],"wp:term":[{"taxonomy":"product_brand","embeddable":true,"href":"https:\/\/www.hydraulic-cylinders.net\/da\/wp-json\/wp\/v2\/product_brand?post=15350"},{"taxonomy":"product_cat","embeddable":true,"href":"https:\/\/www.hydraulic-cylinders.net\/da\/wp-json\/wp\/v2\/product_cat?post=15350"},{"taxonomy":"product_tag","embeddable":true,"href":"https:\/\/www.hydraulic-cylinders.net\/da\/wp-json\/wp\/v2\/product_tag?post=15350"}],"curies":[{"name":"wp","href":"https:\/\/api.w.org\/{rel}","templated":true}]}}