{"id":15351,"date":"2025-01-19T14:25:11","date_gmt":"2025-01-19T14:25:11","guid":{"rendered":"https:\/\/www.hydraulic-cylinders.net\/product\/bucket-cylinder-for-kobelco-small-excavator-sk130-130-8\/"},"modified":"2025-01-19T14:25:19","modified_gmt":"2025-01-19T14:25:19","slug":"bucket-cylinder-for-kobelco-small-excavator-sk130-130-8","status":"publish","type":"product","link":"https:\/\/www.hydraulic-cylinders.net\/da\/vare\/bucket-cylinder-for-kobelco-small-excavator-sk130-130-8\/","title":{"rendered":"Skovlcylinder til Kobelco lille gravemaskine SK130\/130-8"},"content":{"rendered":"<p><!DOCTYPE html><br \/>\n<html><br \/>\n<head><br \/>\n<\/head><br \/>\n<body><\/p>\n<h1>Skovlcylinder til Kobelco lille gravemaskine SK130\/130-8<\/h1>\n<h2>Indledning<\/h2>\n<p>Skovlcylinderen er en specialdesignet hydraulisk cylinder, der bruges til at styre skovlens bev\u00e6gelse i tunge maskiner s\u00e5som gravemaskiner, rendegravere og frontl\u00e6ssere. Dens hovedfunktion er at g\u00f8re det muligt for skovlen at l\u00f8fte, s\u00e6nke og vippe, hvilket g\u00f8r den praktisk til forskellige materialeh\u00e5ndteringsopgaver. I et hydraulisk system opn\u00e5r skovlcylinderen pr\u00e6cis kontrol over skovlen ved at bruge tryk\u00e6ndringerne i hydraulikolien, hvilket g\u00f8r det muligt for operat\u00f8rer at h\u00e5ndtere tunge l\u00e6s effektivt og tilpasse sig komplekse arbejdsmilj\u00f8er og forskellige jobkrav.<\/p>\n<p><img decoding=\"async\" src=\"https:\/\/www.hydraulic-cylinders.net\/wp-content\/uploads\/2025\/01\/songte-company-2.webp\" alt=\"Billede af spandcylinder\"><\/p>\n<h2>Funktioner<\/h2>\n<ul>\n<li>H\u00f8j styrke og holdbarhed: Skovlcylinderen er typisk lavet af h\u00f8jstyrkest\u00e5l eller aluminium og kan modst\u00e5 h\u00f8jt tryk og tunge belastninger og tilpasse sig barske arbejdsmilj\u00f8er. Designet tager h\u00f8jde for slidstyrke og korrosionsbestandighed for at forl\u00e6nge dens levetid.<\/li>\n<li>Effektiv hydraulisk drift: Ved at udnytte trykket fra hydraulikolien opn\u00e5r skovlcylinderen j\u00e6vne ud- og indtr\u00e6ksbev\u00e6gelser, hvilket muligg\u00f8r hurtig reaktion p\u00e5 styrekommandoer og giver kraftige skubbe- og tr\u00e6kkr\u00e6fter til h\u00e5ndtering af tunge belastninger og komplekse arbejdsopgaver.<\/li>\n<li>Forskellige typer: Skovlcylinderen kan v\u00e6lges som enkeltvirkende (hydraulisk v\u00e6ske bruges kun i \u00e9n retning) eller dobbeltvirkende (hydraulisk v\u00e6ske bruges i begge retninger) cylinder i henhold til de specifikke driftskrav. Nogle modeller er teleskopiske, hvilket giver mulighed for st\u00f8rre udtr\u00e6k uden at \u00f8ge de udvendige dimensioner, hvilket g\u00f8r dem velegnede til applikationer med begr\u00e6nset plads.<\/li>\n<\/ul>\n<p><img decoding=\"async\" src=\"https:\/\/www.hydraulic-cylinders.net\/wp-content\/uploads\/2025\/01\/songte-cylinder-head-with-all-kinds-excavator-models.webp\" alt=\"Produktbillede\"><\/p>\n<h2>Applikationer<\/h2>\n<p>Skovlcylinderen finder sin anvendelse i forskellige udstyr:<\/p>\n<ul>\n<li>Entrepren\u00f8rudstyr: Essentielt i gravemaskiner til gravning, lastning og flytning af jord eller affald. I rendegravere hj\u00e6lper skovlcylinderen med b\u00e5de grave- og l\u00f8fteopgaver.<\/li>\n<li>Landbrugsmaskiner: Bruges i frontl\u00e6ssere til at udgrave, l\u00f8fte og transportere jord, h\u00f8 og andre materialer.<\/li>\n<li>Gravemaskiner: Skovlcylinderen muligg\u00f8r gravehandlinger ved at lade skovlen tr\u00e6nge ned i jorden.<\/li>\n<li>L\u00e6ssere: Frontl\u00e6ssere hj\u00e6lper med at l\u00f8fte og losse gods effektivt.<\/li>\n<\/ul>\n<h2>Designovervejelser og udv\u00e6lgelseskriterier<\/h2>\n<p>Ved design af skovlcylinderen tages der hensyn til flere faktorer og udv\u00e6lgelseskriterier:<\/p>\n<ul>\n<li>B\u00e6reevne: Cylinderen skal kunne modst\u00e5 den forventede belastning.<\/li>\n<li>T\u00e6tning: Der anvendes forskellige t\u00e6tningskomponenter, s\u00e5som stempelt\u00e6tninger og stangt\u00e6tninger, lavet af slidst\u00e6rke materialer som polyurethan og nitrilgummi. Cylinderhuset og gevindenderne er fint behandlet for at forbedre slidstyrken.<\/li>\n<li>Holdbarhed: Skovlcylinderen er designet til at v\u00e6re holdbar, hvilket sikrer lang levetid under kr\u00e6vende forhold.<\/li>\n<li>Sikkerhed: Sikkerhedsfunktioner er integreret i designet for at forhindre ulykker og sikre operat\u00f8rbeskyttelse.<\/li>\n<li>Vedligeholdelsesvenlighed: Der tages hensyn til at lette vedligeholdelse og reparationer, hvilket muligg\u00f8r nem adskillelse og genmontering af komponenter.<\/li>\n<\/ul>\n<p><img decoding=\"async\" src=\"https:\/\/www.hydraulic-cylinders.net\/wp-content\/uploads\/2025\/01\/songte-oil-pipes-and-spare-parts.webp\" alt=\"Hydrauliske cylinderdele\"><\/p>\n<h2>T\u00e6tning og sm\u00f8ring<\/h2>\n<p>Skovlcylinderen indeholder forskellige t\u00e6tningskomponenter, s\u00e5som stempelt\u00e6tninger og stangt\u00e6tninger, lavet af slidst\u00e6rke materialer. Cylinderhuset og gevindenderne er fint behandlet for at forbedre slidstyrken. Regelm\u00e6ssig sm\u00f8ring med den passende m\u00e6ngde hydraulikolie er afg\u00f8rende for problemfri drift.<\/p>\n<h2>Regelm\u00e6ssig inspektion og forebyggende vedligeholdelse<\/h2>\n<p>For at sikre optimal ydeevne b\u00f8r der udf\u00f8res regelm\u00e6ssige inspektioner og forebyggende vedligeholdelse. F\u00f8lgende foranstaltninger anbefales:<\/p>\n<ul>\n<li>Unders\u00f8g cylinderen for tegn p\u00e5 l\u00e6kage, skader eller slid.<\/li>\n<li>Sm\u00f8r cylinderen og alle bev\u00e6gelige dele ordentligt.<\/li>\n<li>Udskift pakninger og andre slidte komponenter efter behov.<\/li>\n<li>Udf\u00f8r kalibreringskontroller for at sikre n\u00f8jagtig drift.<\/li>\n<\/ul>\n<p><img decoding=\"async\" src=\"https:\/\/www.hydraulic-cylinders.net\/wp-content\/uploads\/2025\/01\/songte-chushion-collar.webp\" alt=\"Billede af pudekrave\"><\/p>\n<h2>Sikkerhedshensyn og milj\u00f8faktorer<\/h2>\n<p>N\u00e5r man bruger skovlcylinderen, er det afg\u00f8rende at prioritere sikkerhedsforanstaltninger for at forhindre ulykker og sikre et sikkert arbejdsmilj\u00f8. Tilstr\u00e6kkelig tr\u00e6ning og kendskab til sikkerhedsprotokoller er afg\u00f8rende.<\/p>\n<h2>Fejlfinding og almindelige problemer<\/h2>\n<p>N\u00e5r du st\u00f8der p\u00e5 problemer med skovlcylinderen, kan f\u00f8lgende fejlfindingstips og l\u00f8sninger hj\u00e6lpe med at diagnosticere og l\u00f8se problemerne effektivt. Det er ogs\u00e5 vigtigt at implementere forebyggende foranstaltninger for at minimere potentielle problemer.<\/p>\n<p><img decoding=\"async\" src=\"https:\/\/www.hydraulic-cylinders.net\/wp-content\/uploads\/2025\/01\/songte-bushings-with-all-kinds-of-excavator-models.webp\" alt=\"Hydrauliske cylinderb\u00f8sninger\"><\/p>\n<h2>Konklusion<\/h2>\n<p>Vores virksomhed er en f\u00f8rende producent og engrosdistribut\u00f8r af hydrauliske cylindre p\u00e5 det indenlandske og internationale marked. Vi tilbyder en bred vifte af produkter og er forpligtet til at levere fremragende kvalitet. Med vores dygtige team, avancerede produktionsudstyr og professionelle testsystemer str\u00e6ber vi efter at im\u00f8dekomme forskellige kunders behov med effektivitet, pr\u00e6cision og produkter af h\u00f8j kvalitet.<\/p>\n<p><img decoding=\"async\" src=\"https:\/\/www.hydraulic-cylinders.net\/wp-content\/uploads\/2025\/01\/songte-company-3.webp\" alt=\"Virksomhedens image\"><\/p>\n<p>Forfatter: lyl<\/p>\n<p><\/body><br \/>\n<\/html><\/p>","protected":false},"excerpt":{"rendered":"<p>Bucket Cylinder For Kobelco Small Excavator SK130\/130-8 Introduction The bucket cylinder is a specially designed hydraulic cylinder used to control the movement of the bucket in heavy machinery such as excavators, backhoe loaders, and front loaders. Its main function is to enable the bucket to lift, lower, and tilt, making it convenient for various material [&hellip;]<\/p>","protected":false},"featured_media":14773,"comment_status":"open","ping_status":"closed","template":"","meta":{"_et_pb_use_builder":"","_et_pb_old_content":"","_et_gb_content_width":""},"product_brand":[],"product_cat":[1494],"product_tag":[1495,1496],"class_list":{"0":"post-15351","1":"product","2":"type-product","3":"status-publish","4":"has-post-thumbnail","6":"product_cat-bucket-cylinders","7":"product_tag-bucket-cylinders","8":"product_tag-hydraulic-cylinders","10":"first","11":"instock","12":"shipping-taxable","13":"product-type-simple"},"amp_enabled":true,"_links":{"self":[{"href":"https:\/\/www.hydraulic-cylinders.net\/da\/wp-json\/wp\/v2\/product\/15351","targetHints":{"allow":["GET"]}}],"collection":[{"href":"https:\/\/www.hydraulic-cylinders.net\/da\/wp-json\/wp\/v2\/product"}],"about":[{"href":"https:\/\/www.hydraulic-cylinders.net\/da\/wp-json\/wp\/v2\/types\/product"}],"replies":[{"embeddable":true,"href":"https:\/\/www.hydraulic-cylinders.net\/da\/wp-json\/wp\/v2\/comments?post=15351"}],"wp:featuredmedia":[{"embeddable":true,"href":"https:\/\/www.hydraulic-cylinders.net\/da\/wp-json\/wp\/v2\/media\/14773"}],"wp:attachment":[{"href":"https:\/\/www.hydraulic-cylinders.net\/da\/wp-json\/wp\/v2\/media?parent=15351"}],"wp:term":[{"taxonomy":"product_brand","embeddable":true,"href":"https:\/\/www.hydraulic-cylinders.net\/da\/wp-json\/wp\/v2\/product_brand?post=15351"},{"taxonomy":"product_cat","embeddable":true,"href":"https:\/\/www.hydraulic-cylinders.net\/da\/wp-json\/wp\/v2\/product_cat?post=15351"},{"taxonomy":"product_tag","embeddable":true,"href":"https:\/\/www.hydraulic-cylinders.net\/da\/wp-json\/wp\/v2\/product_tag?post=15351"}],"curies":[{"name":"wp","href":"https:\/\/api.w.org\/{rel}","templated":true}]}}