{"id":15352,"date":"2025-01-19T14:25:22","date_gmt":"2025-01-19T14:25:22","guid":{"rendered":"https:\/\/www.hydraulic-cylinders.net\/product\/bucket-cylinder-for-kobelco-middle-excavator-sk200-3-3e-5-6-6e-7-8\/"},"modified":"2025-01-19T14:25:24","modified_gmt":"2025-01-19T14:25:24","slug":"bucket-cylinder-for-kobelco-middle-excavator-sk200-3-3e-5-6-6e-7-8","status":"publish","type":"product","link":"https:\/\/www.hydraulic-cylinders.net\/da\/vare\/bucket-cylinder-for-kobelco-middle-excavator-sk200-3-3e-5-6-6e-7-8\/","title":{"rendered":"Skovlcylinder til Kobelco mellemgraver SK200-3-3E-5-6-6E-7-8"},"content":{"rendered":"<h1>Skovlcylinder til Kobelco mellemgraver SK200-3-3E-5-6-6E-7-8<\/h1>\n<h2>Indledning<\/h2>\n<p>Skovlcylinderen er en specialiseret hydraulisk cylinder designet til at styre bev\u00e6gelsen af \u200b\u200bskovle i tunge maskiner s\u00e5som gravemaskiner, rendegravere og frontl\u00e6ssere. Dens hovedfunktion er at g\u00f8re det muligt for skovlen at l\u00f8fte, s\u00e6nke og vippe, hvilket g\u00f8r det lettere at h\u00e5ndtere forskellige materialeh\u00e5ndteringsopgaver. I det hydrauliske system opn\u00e5r skovlcylinderen pr\u00e6cis kontrol over skovlens bev\u00e6gelse ved at \u00e6ndre trykket i hydraulikolien, hvilket g\u00f8r det muligt for operat\u00f8rer effektivt at h\u00e5ndtere tunge l\u00e6s og tilpasse sig komplekse arbejdsmilj\u00f8er og forskellige driftskrav.<\/p>\n<p><img decoding=\"async\" src=\"https:\/\/www.hydraulic-cylinders.net\/wp-content\/uploads\/2025\/01\/songte-company-2.webp\" alt=\"Billede af spandcylinder\"><\/p>\n<h2>Funktioner<\/h2>\n<ul>\n<li>H\u00f8j styrke og holdbarhed: Typisk fremstillet af h\u00f8jstyrkest\u00e5l eller aluminium, i stand til at modst\u00e5 h\u00f8jt tryk og tunge belastninger, egnet til barske arbejdsmilj\u00f8er og designet med slidstyrke og korrosionsbestandighed i tankerne for at forl\u00e6nge levetiden.<\/li>\n<li>Effektiv hydraulisk drift: J\u00e6vne ud- og tilbagetr\u00e6kningsbev\u00e6gelser opn\u00e5s ved hj\u00e6lp af hydraulikolietrykket, i stand til at reagere hurtigt p\u00e5 styrekommandoer, give st\u00e6rk skubbe- og tr\u00e6kkraft, velegnet til h\u00e5ndtering af tunge belastninger og komplekse driftsopgaver.<\/li>\n<li>Forskellige typer: Enkeltvirkende (hydraulisk anvendt i kun \u00e9n retning) eller dobbeltvirkende (hydraulisk anvendt i to retninger) cylindre kan v\u00e6lges efter behov for at opfylde forskellige driftskrav. Nogle modeller er teleskopiske, hvilket giver mulighed for st\u00f8rre udtr\u00e6k uden at \u00f8ge de udvendige dimensioner, velegnede til applikationer med begr\u00e6nset plads.<\/li>\n<li>Udskiftelighed: Vores produkt kan perfekt erstatte disse hydrauliske cylindre.<\/li>\n<\/ul>\n<p><img decoding=\"async\" src=\"https:\/\/www.hydraulic-cylinders.net\/wp-content\/uploads\/2025\/01\/songte-cylinder-head-with-all-kinds-excavator-models.webp\" alt=\"Billede af udskiftning af spandcylinder\"><\/p>\n<h2>Applikationer<\/h2>\n<p>Skovlcylinderen bruges i vid udstr\u00e6kning i forskellige tunge maskiner, herunder, men ikke begr\u00e6nset til:<\/p>\n<ul>\n<li>Entrepren\u00f8rudstyr: I gravemaskiner er de afg\u00f8rende for udgravning, lastning og flytning af jord eller affald. I rendegravere hj\u00e6lper skovlcylindre med b\u00e5de udgravning og l\u00f8ft. I frontl\u00e6ssere hj\u00e6lper de med effektivt at l\u00f8fte og t\u00f8mme last.<\/li>\n<li>Landbrugsmaskiner: Bruges p\u00e5 frontl\u00e6ssere til at udgrave, l\u00f8fte og transportere jord, h\u00f8 og andre materialer. <\/li>\n<li>Gravemaskiner: Skovlcylindere opn\u00e5r gravefunktioner ved at lade skovlen tr\u00e6nge ned i jorden.<\/li>\n<\/ul>\n<h2>Designovervejelser og udv\u00e6lgelseskriterier<\/h2>\n<p>Designhensyn omfatter b\u00e6reevne, t\u00e6tning, holdbarhed, sikkerhed og vedligeholdelsesvenlighed.<\/p>\n<ul>\n<li>B\u00e6reevne: Vores skovlcylinder er designet til at modst\u00e5 h\u00f8jt tryk og tunge belastninger.<\/li>\n<li>T\u00e6tning: Vores produkt bruger forskellige t\u00e6tningskomponenter, s\u00e5som stempelt\u00e6tninger, stangt\u00e6tninger osv., lavet af slidst\u00e6rke materialer som polyurethan og nitrilgummi, hvilket sikrer god t\u00e6tningsevne.<\/li>\n<li>Holdbarhed: Cylinderhuset og gevindoverfladen er fint forarbejdet for at forbedre slidstyrken.<\/li>\n<li>Sikkerhed: Vores produkt er designet med sikkerhed i tankerne og sikrer sikker betjening af tunge maskiner.<\/li>\n<li>Vedligeholdelse: Regelm\u00e6ssige inspektioner og vedligeholdelse anbefales for at sikre optimal ydeevne og forl\u00e6nge spandcylinderens levetid. Vi tilbyder forskellige reservedele og ombygningstjenester for at hj\u00e6lpe kunder med at vedligeholde deres udstyr.<\/li>\n<\/ul>\n<p><img decoding=\"async\" src=\"https:\/\/www.hydraulic-cylinders.net\/wp-content\/uploads\/2025\/01\/songte-oil-pipes-and-spare-parts.webp\" alt=\"Billede af vedligeholdelse af spandcylinder\"><\/p>\n<h2>T\u00e6tning og sm\u00f8ring<\/h2>\n<p>Vores produkt bruger forskellige t\u00e6tningskomponenter, s\u00e5som stempelt\u00e6tninger, stangt\u00e6tninger osv., lavet af slidst\u00e6rke materialer som polyurethan og nitrilgummi, hvilket sikrer god t\u00e6tningsevne. Cylinderhuset og gevindoverfladen er fint forarbejdet for at forbedre slidstyrken. Regelm\u00e6ssig tils\u00e6tning af en passende m\u00e6ngde hydraulikolie er n\u00f8dvendig for sm\u00f8ring.<\/p>\n<h2>Inspektion, vedligeholdelse og reparation<\/h2>\n<p>Regelm\u00e6ssige inspektioner, passende sm\u00f8ring, udskiftning af pakninger, kalibreringskontroller og andre vedligeholdelsesopgaver kan medvirke til at forl\u00e6nge spandcylinderens levetid. Korrekt installation og justering er afg\u00f8rende. Det anbefales at bruge passende monteringsbeslag til at fastg\u00f8re cylinderen. Vi anbefaler at f\u00f8lge vores anbefalede inspektions-, reparations- og udskiftningsprocedurer for optimal ydeevne og levetid.<\/p>\n<p><img decoding=\"async\" src=\"https:\/\/www.hydraulic-cylinders.net\/wp-content\/uploads\/2025\/01\/songte-chushion-collar.webp\" alt=\"Billede af reparation af spandcylinder\"><\/p>\n<h2>Sikkerheds- og milj\u00f8hensyn<\/h2>\n<p>Ved brug af skovlcylindre skal der tr\u00e6ffes sikkerhedsforanstaltninger for at sikre sikker drift af tunge maskiner. Milj\u00f8hensyn b\u00f8r tages alvorligt for at reducere CO2-aftrykket.<\/p>\n<h2>Fejlfinding og almindelige problemer<\/h2>\n<p>Almindelige problemer omfatter oliel\u00e6kage, utilstr\u00e6kkeligt hydraulisk tryk og beskadigede pakninger. Fejlfindingstips og l\u00f8sninger er tilg\u00e6ngelige for at hj\u00e6lpe kunder med at diagnosticere og l\u00f8se problemer effektivt. Forebyggende foranstaltninger kan ogs\u00e5 hj\u00e6lpe med at reducere potentielle problemer.<\/p>\n<p><img decoding=\"async\" src=\"https:\/\/www.hydraulic-cylinders.net\/wp-content\/uploads\/2025\/01\/songte-bushings-with-all-kinds-of-excavator-models.webp\" alt=\"Billede af fejlfinding af spandcylinder\"><\/p>\n<h2>Om os<\/h2>\n<p>Vi er en producent af hydrauliske udskiftningscylindre med et komplet produktsortiment. Vi er blevet en af \u200b\u200bde f\u00f8rende producenter og engrosdistribut\u00f8rer af hydrauliske cylindre p\u00e5 det indenlandske og internationale marked. Vi overholder princippet om fremragende kvalitet og bruger industrialiserede produktionsstyringsstrategier i fint udformede produktionsv\u00e6rksteder. Vi forbedrer l\u00f8bende vores produktionsplatform, perfektionerer vores produktionslinje med produktkvalitet og har st\u00e6rke innovative evner. Vi er forpligtet til at im\u00f8dekomme kundernes krav med h\u00f8j effektivitet, h\u00f8j pr\u00e6cision og h\u00f8j kvalitet.<\/p>\n<p>Vores virksomhed tilbyder professionelle tjenester, internationale certificeringer, tilpassede tjenester, avanceret produktionsudstyr og omfattende eftersalgsservice. Vi er forpligtet til at levere produkter og tjenester af h\u00f8j kvalitet til vores kunder.<\/p>\n<p><img decoding=\"async\" src=\"https:\/\/hzpt.com\/wp-content\/uploads\/2024\/11\/songte-company-1.webp\" alt=\"Virksomhedens image\"><\/p>\n<p>Forfatter: lyl<\/p>","protected":false},"excerpt":{"rendered":"<p>Bucket Cylinder For Kobelco Middle Excavator SK200-3-3E-5-6-6E-7-8 Introduction The bucket cylinder is a specialized hydraulic cylinder designed for controlling the movement of buckets in heavy machinery such as excavators, backhoes, and front loaders. Its main function is to enable the bucket to lift, lower, and tilt, making it easier to handle various material handling tasks. [&hellip;]<\/p>","protected":false},"featured_media":14771,"comment_status":"open","ping_status":"closed","template":"","meta":{"_et_pb_use_builder":"","_et_pb_old_content":"","_et_gb_content_width":""},"product_brand":[],"product_cat":[1494],"product_tag":[1495,1496],"class_list":{"0":"post-15352","1":"product","2":"type-product","3":"status-publish","4":"has-post-thumbnail","6":"product_cat-bucket-cylinders","7":"product_tag-bucket-cylinders","8":"product_tag-hydraulic-cylinders","10":"first","11":"instock","12":"shipping-taxable","13":"product-type-simple"},"amp_enabled":true,"_links":{"self":[{"href":"https:\/\/www.hydraulic-cylinders.net\/da\/wp-json\/wp\/v2\/product\/15352","targetHints":{"allow":["GET"]}}],"collection":[{"href":"https:\/\/www.hydraulic-cylinders.net\/da\/wp-json\/wp\/v2\/product"}],"about":[{"href":"https:\/\/www.hydraulic-cylinders.net\/da\/wp-json\/wp\/v2\/types\/product"}],"replies":[{"embeddable":true,"href":"https:\/\/www.hydraulic-cylinders.net\/da\/wp-json\/wp\/v2\/comments?post=15352"}],"wp:featuredmedia":[{"embeddable":true,"href":"https:\/\/www.hydraulic-cylinders.net\/da\/wp-json\/wp\/v2\/media\/14771"}],"wp:attachment":[{"href":"https:\/\/www.hydraulic-cylinders.net\/da\/wp-json\/wp\/v2\/media?parent=15352"}],"wp:term":[{"taxonomy":"product_brand","embeddable":true,"href":"https:\/\/www.hydraulic-cylinders.net\/da\/wp-json\/wp\/v2\/product_brand?post=15352"},{"taxonomy":"product_cat","embeddable":true,"href":"https:\/\/www.hydraulic-cylinders.net\/da\/wp-json\/wp\/v2\/product_cat?post=15352"},{"taxonomy":"product_tag","embeddable":true,"href":"https:\/\/www.hydraulic-cylinders.net\/da\/wp-json\/wp\/v2\/product_tag?post=15352"}],"curies":[{"name":"wp","href":"https:\/\/api.w.org\/{rel}","templated":true}]}}