{"id":15358,"date":"2025-01-19T14:25:46","date_gmt":"2025-01-19T14:25:46","guid":{"rendered":"https:\/\/www.hydraulic-cylinders.net\/product\/bucket-cylinder-for-kobelco-middle-excavator-sk230\/"},"modified":"2025-01-19T14:25:48","modified_gmt":"2025-01-19T14:25:48","slug":"bucket-cylinder-for-kobelco-middle-excavator-sk230","status":"publish","type":"product","link":"https:\/\/www.hydraulic-cylinders.net\/da\/vare\/bucket-cylinder-for-kobelco-middle-excavator-sk230\/","title":{"rendered":"Skovlcylinder til Kobelco mellemgraver SK230"},"content":{"rendered":"<p><!DOCTYPE html><br \/>\n<html><br \/>\n<head><br \/>\n<title>Skovlcylinder til Kobelco mellemgraver SK230<\/title><br \/>\n<\/head><br \/>\n<body><\/p>\n<h1>Skovlcylinder til Kobelco mellemgraver SK230<\/h1>\n<h2>Indledning<\/h2>\n<p>En skovlcylinder til Kobelco mellemgraver SK230 er en specialdesignet hydraulisk cylinder, der bruges til at styre skovlens bev\u00e6gelse i tunge maskiner s\u00e5som gravemaskiner, rendegravere og frontl\u00e6ssere. Dens hovedfunktion er at tillade skovlen at l\u00f8fte, s\u00e6nke og vippe, hvilket muligg\u00f8r effektiv h\u00e5ndtering af forskellige materialer. I det hydrauliske system opn\u00e5r skovlcylinderen pr\u00e6cis kontrol over skovlens bev\u00e6gelse gennem \u00e6ndringer i hydraulikolietrykket, hvilket g\u00f8r det muligt for operat\u00f8rer at h\u00e5ndtere tunge l\u00e6s effektivt og tilpasse sig komplekse arbejdsmilj\u00f8er og forskellige jobkrav.<\/p>\n<p><img decoding=\"async\" src=\"https:\/\/www.hydraulic-cylinders.net\/wp-content\/uploads\/2025\/01\/songte-company-2.webp\" alt=\"Billede af spandcylinder\"><\/p>\n<h2>Funktioner<\/h2>\n<ul>\n<li>H\u00f8j styrke og holdbarhed: Den er normalt lavet af h\u00f8jstyrkest\u00e5l eller aluminium, og kan modst\u00e5 h\u00f8jt tryk og tunge belastninger, hvilket g\u00f8r den tilpasningsdygtig til barske arbejdsmilj\u00f8er. Designet tager h\u00f8jde for slidstyrke og korrosionsbestandighed for at forl\u00e6nge levetiden.<\/li>\n<li>Effektiv hydraulisk drift: Ved at udnytte hydraulikolietrykket til at opn\u00e5 j\u00e6vne teleskopbev\u00e6gelser, kan den reagere hurtigt p\u00e5 styrekommandoer og levere kraftige skubbe- og tr\u00e6kkr\u00e6fter, der er egnede til h\u00e5ndtering af tunge belastninger og komplekse opgaver.<\/li>\n<li>Forskellige typer: F\u00e5s som enkeltvirkende (hydraulisk bruges kun i \u00e9n retning) eller dobbeltvirkende (hydraulisk bruges i begge retninger) cylindre, hvilket giver mulighed for forskellige driftskrav. Nogle modeller er teleskopiske, hvilket giver mulighed for st\u00f8rre udtr\u00e6k uden at \u00f8ge de udvendige dimensioner, hvilket g\u00f8r dem velegnede til applikationer med begr\u00e6nset plads.<\/li>\n<li>Produktudskiftning: Vores produkter kan perfekt erstatte disse hydrauliske cylindre. <\/li>\n<\/ul>\n<p><img decoding=\"async\" src=\"https:\/\/www.hydraulic-cylinders.net\/wp-content\/uploads\/2025\/01\/songte-cylinder-head-with-all-kinds-excavator-models.webp\" alt=\"Produktbillede\"><\/p>\n<h2>Applikationer<\/h2>\n<ul>\n<li>Entrepren\u00f8rudstyr: De findes i gravemaskiner og er afg\u00f8rende for at grave, l\u00e6sse og flytte jord eller affald. I rendegravere hj\u00e6lper skovlcylindre med b\u00e5de udgravning og l\u00f8ft.<\/li>\n<li>Landbrugsmaskiner: Bruges i frontl\u00e6ssere til at udgrave, l\u00f8fte og transportere jord, h\u00f8 og andre materialer.<\/li>\n<li>Gravemaskiner: Skovlcylindere muligg\u00f8r gravefunktioner ved at lade skovlen tr\u00e6nge ned i jorden.<\/li>\n<li>L\u00e6ssere: Frontl\u00e6ssere hj\u00e6lper med at l\u00f8fte og losse gods effektivt.<\/li>\n<\/ul>\n<h2>Designovervejelser og udv\u00e6lgelseskriterier<\/h2>\n<ul>\n<li>B\u00e6reevne: Diskuter cylinderens evne til at b\u00e6re belastninger og vigtigheden af \u200b\u200bat tage hensyn til de specifikke krav til applikationen.<\/li>\n<li>T\u00e6tning: Forklar brugen af \u200b\u200bforskellige t\u00e6tningselementer s\u00e5som stempelt\u00e6tninger og stangt\u00e6tninger lavet af slidst\u00e6rke materialer som polyurethan og nitrilgummi. Fremh\u00e6v vigtigheden af \u200b\u200bfint behandlet cylinderhus og gevindsk\u00e5rne endeflader for at forbedre slidstyrken.<\/li>\n<li>Holdbarhed: Fremh\u00e6v behovet for materialer af h\u00f8j kvalitet og pr\u00e6cis fremstilling for at sikre cylinderens holdbarhed og modstandsdygtighed over for slid.<\/li>\n<li>Sikkerhed: Diskuter sikkerhedshensyn i forbindelse med designet, herunder foranstaltninger til at forebygge ulykker og sikre sikker drift af cylinderen.<\/li>\n<li>Vedligeholdelsesvenlighed: Fokuser p\u00e5 nem vedligeholdelse og tilg\u00e6ngeligheden af \u200b\u200breservedele, med v\u00e6gt p\u00e5 vigtigheden af \u200b\u200bregelm\u00e6ssige inspektioner og forebyggende vedligeholdelse.<\/li>\n<\/ul>\n<p><img decoding=\"async\" src=\"https:\/\/www.hydraulic-cylinders.net\/wp-content\/uploads\/2025\/01\/songte-oil-pipes-and-spare-parts.webp\" alt=\"Billede af cylinderdele\"><\/p>\n<h2>T\u00e6tning og sm\u00f8ring<\/h2>\n<p>Skovlcylinderen anvender forskellige t\u00e6tninger, s\u00e5som stempelt\u00e6tninger og stangt\u00e6tninger, lavet af holdbare materialer som polyurethan og nitrilgummi. Cylinderhuset og gevindfladerne gennemg\u00e5r en omhyggelig behandling for at forbedre slidstyrken. Regelm\u00e6ssig sm\u00f8ring med den passende m\u00e6ngde hydraulikolie er n\u00f8dvendig for at sikre problemfri drift.<\/p>\n<h2>Vedligeholdelses- og forholdsregler<\/h2>\n<ul>\n<li>Regelm\u00e6ssig inspektion: Understreg vigtigheden af \u200b\u200bperiodiske inspektioner for at opdage potentielle problemer, f\u00f8r de eskalerer.<\/li>\n<li>Korrekt sm\u00f8ring: Fremh\u00e6v vigtigheden af \u200b\u200bat sm\u00f8re cylinderen korrekt for at forhindre friktion og sikre optimal ydeevne.<\/li>\n<li>Udskiftning af pakninger og kalibreringstjek: Giv vejledning i, hvorn\u00e5r pakninger skal udskiftes, og hvordan cylinderen kalibreres for at opretholde dens effektivitet.<\/li>\n<\/ul>\n<p><img decoding=\"async\" src=\"https:\/\/www.hydraulic-cylinders.net\/wp-content\/uploads\/2025\/01\/songte-chushion-collar.webp\" alt=\"Billede af cylinderdele\"><\/p>\n<h2>Sikkerhedshensyn og milj\u00f8faktorer<\/h2>\n<p>Diskuter vigtigheden af \u200b\u200bat f\u00f8lge sikkerhedsforanstaltninger ved brug af skovlcylinderen, og fremh\u00e6v eventuelle milj\u00f8faktorer relateret til dens drift.<\/p>\n<h2>Fejlfinding og almindelige problemer<\/h2>\n<p>Behandl almindelige problemer, der kan opst\u00e5 med skovlcylinderen, og giv fejlfindingstips og l\u00f8sninger for effektivt at diagnosticere og l\u00f8se problemer. Foresl\u00e5 ogs\u00e5 forebyggende foranstaltninger for at minimere potentielle problemer.<\/p>\n<p><img decoding=\"async\" src=\"https:\/\/www.hydraulic-cylinders.net\/wp-content\/uploads\/2025\/01\/songte-bushings-with-all-kinds-of-excavator-models.webp\" alt=\"Billede af cylinderdele\"><\/p>\n<h2>Om vores virksomhed<\/h2>\n<p>Vi er en producent af hydrauliske udskiftningscylindre og tilbyder en bred vifte af produkter. Vi er blevet en af \u200b\u200bde f\u00f8rende producenter og engrosdistribut\u00f8rer af hydrauliske cylindre p\u00e5 b\u00e5de indenlandske og internationale markeder. Vores virksomhed f\u00f8lger en strategi med industrialiseret produktionsstyring, med fokus p\u00e5 fremragende kvalitet og afh\u00e6ngighed af et sofistikeret produktionsv\u00e6rksted, avanceret digitalt produktionsudstyr og professionelle testsystemer. Med et team af h\u00f8jt kvalificerede fagfolk og en forpligtelse til effektivitet, pr\u00e6cision og h\u00f8je kvalitetsstandarder opfylder vi vores kunders forskellige behov. <\/p>\n<p><img decoding=\"async\" src=\"https:\/\/hzpt.com\/wp-content\/uploads\/2024\/11\/songte-company-1.webp\" alt=\"Virksomhedens image\"><\/p>\n<h3>Vores virksomheds h\u00f8jdepunkter:<\/h3>\n<ul>\n<li>Ekspertise og international certificering<\/li>\n<li>Tilpasningstjenester<\/li>\n<li>Avanceret produktionsudstyr<\/li>\n<li>Eftersalgsservice<\/li>\n<\/ul>\n<p><img decoding=\"async\" src=\"https:\/\/www.hydraulic-cylinders.net\/wp-content\/uploads\/2025\/01\/songte-company-3.webp\" alt=\"Virksomhedens image\"><\/p>\n<p>Forfatter: lyl<\/p>\n<p><\/body><br \/>\n<\/html><\/p>","protected":false},"excerpt":{"rendered":"<p>Bucket Cylinder For Kobelco Middle Excavator SK230 Bucket Cylinder For Kobelco Middle Excavator SK230 Introduction A bucket cylinder for Kobelco middle excavator SK230 is a specially designed hydraulic cylinder used to control the movement of the bucket in heavy machinery such as excavators, backhoe loaders, and front-end loaders. Its main function is to allow the [&hellip;]<\/p>","protected":false},"featured_media":14788,"comment_status":"open","ping_status":"closed","template":"","meta":{"_et_pb_use_builder":"","_et_pb_old_content":"","_et_gb_content_width":""},"product_brand":[],"product_cat":[1494],"product_tag":[1495,1496],"class_list":{"0":"post-15358","1":"product","2":"type-product","3":"status-publish","4":"has-post-thumbnail","6":"product_cat-bucket-cylinders","7":"product_tag-bucket-cylinders","8":"product_tag-hydraulic-cylinders","10":"first","11":"instock","12":"shipping-taxable","13":"product-type-simple"},"amp_enabled":true,"_links":{"self":[{"href":"https:\/\/www.hydraulic-cylinders.net\/da\/wp-json\/wp\/v2\/product\/15358","targetHints":{"allow":["GET"]}}],"collection":[{"href":"https:\/\/www.hydraulic-cylinders.net\/da\/wp-json\/wp\/v2\/product"}],"about":[{"href":"https:\/\/www.hydraulic-cylinders.net\/da\/wp-json\/wp\/v2\/types\/product"}],"replies":[{"embeddable":true,"href":"https:\/\/www.hydraulic-cylinders.net\/da\/wp-json\/wp\/v2\/comments?post=15358"}],"wp:featuredmedia":[{"embeddable":true,"href":"https:\/\/www.hydraulic-cylinders.net\/da\/wp-json\/wp\/v2\/media\/14788"}],"wp:attachment":[{"href":"https:\/\/www.hydraulic-cylinders.net\/da\/wp-json\/wp\/v2\/media?parent=15358"}],"wp:term":[{"taxonomy":"product_brand","embeddable":true,"href":"https:\/\/www.hydraulic-cylinders.net\/da\/wp-json\/wp\/v2\/product_brand?post=15358"},{"taxonomy":"product_cat","embeddable":true,"href":"https:\/\/www.hydraulic-cylinders.net\/da\/wp-json\/wp\/v2\/product_cat?post=15358"},{"taxonomy":"product_tag","embeddable":true,"href":"https:\/\/www.hydraulic-cylinders.net\/da\/wp-json\/wp\/v2\/product_tag?post=15358"}],"curies":[{"name":"wp","href":"https:\/\/api.w.org\/{rel}","templated":true}]}}