{"id":15369,"date":"2025-01-19T14:26:44","date_gmt":"2025-01-19T14:26:44","guid":{"rendered":"https:\/\/www.hydraulic-cylinders.net\/product\/bucket-cylinder-for-kobelco-large-excavator-sk330-8\/"},"modified":"2025-01-19T14:26:46","modified_gmt":"2025-01-19T14:26:46","slug":"bucket-cylinder-for-kobelco-large-excavator-sk330-8","status":"publish","type":"product","link":"https:\/\/www.hydraulic-cylinders.net\/da\/vare\/bucket-cylinder-for-kobelco-large-excavator-sk330-8\/","title":{"rendered":"Skovlcylinder til Kobelco stor gravemaskine SK330-8"},"content":{"rendered":"<h1>Skovlcylinder til Kobelco stor gravemaskine SK330-8<\/h1>\n<h2>Indledning<\/h2>\n<p>Skovlcylinderen til Kobelco Large Excavator SK330-8 er en specialdesignet hydraulisk cylinder, der prim\u00e6rt bruges til at styre skovlens bev\u00e6gelse i tunge maskiner s\u00e5som gravemaskiner, rendegravere og frontl\u00e6ssere. Dens hovedfunktion er at g\u00f8re det muligt for skovlen at l\u00f8fte, s\u00e6nke og vippe, hvilket g\u00f8r det lettere at udf\u00f8re forskellige materialeh\u00e5ndteringsopgaver. I det hydrauliske system opn\u00e5r skovlcylinderen pr\u00e6cis kontrol over skovlen ved hj\u00e6lp af \u00e6ndringer i hydraulikolietrykket, hvilket g\u00f8r det muligt for f\u00f8reren effektivt at h\u00e5ndtere tunge l\u00e6s, tilpasse sig komplekse arbejdsmilj\u00f8er og opfylde forskellige driftsbehov.<\/p>\n<p><img decoding=\"async\" src=\"https:\/\/www.hydraulic-cylinders.net\/wp-content\/uploads\/2025\/01\/songte-company-2.webp\" alt=\"Spandens cylinder\" \/><\/p>\n<h2>Funktioner<\/h2>\n<ul>\n<li>\n<h3>H\u00f8j styrke og holdbarhed<\/h3>\n<p>Skovlcylinderen, der typisk er lavet af h\u00f8jstyrkest\u00e5l eller aluminium, kan modst\u00e5 h\u00f8jt tryk og tunge belastninger og tilpasse sig barske arbejdsmilj\u00f8er. Designet tager h\u00f8jde for slidstyrke og korrosionsbestandighed, hvilket forl\u00e6nger levetiden.<\/p>\n<\/li>\n<li>\n<h3>Effektiv hydraulisk drift<\/h3>\n<p>Ved at udnytte trykket fra hydraulikolien til at opn\u00e5 j\u00e6vn ud- og sammentr\u00e6kning, kan skovlcylinderen hurtigt reagere p\u00e5 driftskommandoer og give kraftige skubbe- og tr\u00e6kkr\u00e6fter, der er egnede til h\u00e5ndtering af tunge belastninger og komplekse opgaver.<\/p>\n<\/li>\n<li>\n<h3>Forskellige typer<\/h3>\n<p>Skovlcylinderen kan v\u00e6lges som en enkeltvirkende (hydraulisk kun anvendt i \u00e9n retning) eller dobbeltvirkende (hydraulisk anvendt i begge retninger) cylinder alt efter driftsbehov. Nogle modeller er teleskopiske, hvilket giver mulighed for st\u00f8rre udtr\u00e6k uden at \u00f8ge de udvendige dimensioner og er velegnede til applikationer med begr\u00e6nset plads.<\/p>\n<\/li>\n<li>\n<h3>Produktionskapacitet<\/h3>\n<p>Vi kan producere dette produkt, og vores produkt kan perfekt erstatte disse hydrauliske cylindre.<\/p>\n<p>    <img decoding=\"async\" src=\"https:\/\/www.hydraulic-cylinders.net\/wp-content\/uploads\/2025\/01\/songte-cylinder-head-with-all-kinds-excavator-models.webp\" alt=\"Gravemaskinemodeller\" \/>\n  <\/li>\n<\/ul>\n<h2>Applikationer<\/h2>\n<p>Skovlcylinderen bruges i vid udstr\u00e6kning i forskellige tunge maskiner, herunder:<\/p>\n<ul>\n<li>\n<h3>Entrepren\u00f8rudstyr<\/h3>\n<p>I gravemaskiner er de afg\u00f8rende for at grave, l\u00e6sse og flytte jord eller affald. I rendegravere hj\u00e6lper skovlcylinderen med b\u00e5de udgravning og l\u00f8ft. I frontl\u00e6ssere hj\u00e6lper de med effektiv l\u00f8ftning og t\u00f8mning af materialer.<\/p>\n<\/li>\n<li>\n<h3>Landbrugsmaskiner<\/h3>\n<p>Anvendes i frontl\u00e6ssere til at opgrave, l\u00f8fte og transportere jord, h\u00f8 og andre materialer.<\/p>\n<\/li>\n<li>\n<h3>Gravemaskiner<\/h3>\n<p>Skovlcylinderen g\u00f8r det muligt for skovlen at tr\u00e6nge ned i jorden for at udf\u00f8re udgravninger.<\/p>\n<\/li>\n<li>\n<h3>L\u00e6ssere<\/h3>\n<p>I frontl\u00e6ssere hj\u00e6lper de med effektiv l\u00f8ft og t\u00f8mning af gods.<\/p>\n<\/li>\n<\/ul>\n<h2>Designovervejelser og udv\u00e6lgelseskriterier<\/h2>\n<p>The bucket cylinder&#8217;s design considerations are crucial, including its load-bearing capacity, sealing, durability, safety, and maintainability. Some of the key discussion points include:<\/p>\n<ul>\n<li>\n<h3>B\u00e6reevne<\/h3>\n<p>Skovlcylinderen skal kunne modst\u00e5 tryk og belastninger i barske arbejdsmilj\u00f8er, s\u00e5 materialevalg og strukturelt design er afg\u00f8rende.<\/p>\n<\/li>\n<li>\n<h3>Forsegling<\/h3>\n<p>Skovlcylinderen bruger forskellige t\u00e6tninger, s\u00e5som stempelt\u00e6tninger og stangt\u00e6tninger, som skal v\u00e6re lavet af slidst\u00e6rke materialer som polyurethan og nitrilgummi. Cylinderhuset og gevindoverfladen er fint forarbejdet for at forbedre slidstyrken. Regelm\u00e6ssig sm\u00f8ring med hydraulikolie er p\u00e5kr\u00e6vet.<\/p>\n<p>    <img decoding=\"async\" src=\"https:\/\/www.hydraulic-cylinders.net\/wp-content\/uploads\/2025\/01\/songte-oil-pipes-and-spare-parts.webp\" alt=\"Olier\u00f8r og reservedele\" \/>\n  <\/li>\n<li>\n<h3>Holdbarhed<\/h3>\n<p>Skovlcylinderen skal v\u00e6re konstrueret til at modst\u00e5 slid og korrosion, hvilket forl\u00e6nger levetiden og minimerer hyppigheden af \u200b\u200bvedligeholdelse.<\/p>\n<\/li>\n<li>\n<h3>Sikkerhed<\/h3>\n<p>Skovlcylinderen skal overholde sikkerhedsforskrifter, s\u00e5som ISO-sikkerhedsstandarder, for at sikre sikker drift.<\/p>\n<\/li>\n<li>\n<h3>Vedligeholdelsesevne<\/h3>\n<p>Skovlcylinderen skal v\u00e6re nem at vedligeholde og reparere, med reservedele let tilg\u00e6ngelige.<\/p>\n<\/li>\n<\/ul>\n<h2>Vedligeholdelse og reparation<\/h2>\n<p>Regular maintenance and repair are crucial to prolong the bucket cylinder&#8217;s service life. The following are some of the common maintenance tasks:<\/p>\n<ul>\n<li>\n<h3>Regelm\u00e6ssig inspektion<\/h3>\n<p>Regelm\u00e6ssig inspektion af skovlcylinderen kan hj\u00e6lpe med at opdage potentielle problemer, f\u00f8r de opst\u00e5r.<\/p>\n<\/li>\n<li>\n<h3>Sm\u00f8ring<\/h3>\n<p>Skovlcylinderen kr\u00e6ver regelm\u00e6ssig sm\u00f8ring med hydraulikolie for at sikre problemfri drift.<\/p>\n<\/li>\n<li>\n<h3>Udskiftning af pakning og kalibreringskontrol<\/h3>\n<p>Regelm\u00e6ssig udskiftning af pakninger og kalibreringskontroller kan forhindre l\u00e6kage og sikre korrekt drift af skovlcylinderen.<\/p>\n<\/li>\n<\/ul>\n<p>Proper installation, lubrication, and adjustment are critical to the bucket cylinder&#8217;s performance. Correct alignment guidance when installing the cylinder is essential, and it is recommended to use appropriate mounting brackets to secure the cylinder. The recommended inspection, repair, and replacement procedures can improve the bucket cylinder&#8217;s service life.<\/p>\n<p><img decoding=\"async\" src=\"https:\/\/www.hydraulic-cylinders.net\/wp-content\/uploads\/2025\/01\/songte-chushion-collar.webp\" alt=\"Pudekrave\" \/><\/p>\n<h2>Sikkerheds- og milj\u00f8hensyn<\/h2>\n<p>Der skal tr\u00e6ffes passende sikkerhedsforanstaltninger ved brug af skovlcylinderen, s\u00e5som at f\u00f8lge sikkerhedsforskrifterne og b\u00e6re beskyttelsesudstyr. Skovlcylinderen skal ogs\u00e5 anvendes p\u00e5 en milj\u00f8m\u00e6ssigt forsvarlig m\u00e5de, s\u00e5 det sikres, at alt affald bortskaffes korrekt.<\/p>\n<h2>Fejlfinding og almindelige problemer<\/h2>\n<p>Skovlcylinderen kan st\u00f8de p\u00e5 nogle almindelige problemer, herunder l\u00e6kage, utilstr\u00e6kkelig kraft og langsom bev\u00e6gelse. Korrekt fejlfinding og hurtig probleml\u00f8sning kan minimere nedetid og reducere vedligeholdelsesomkostninger. Nogle forebyggende foranstaltninger omfatter brug af hydraulikolie af h\u00f8j kvalitet, regelm\u00e6ssig inspektion, reparation og udskiftning af pakninger samt korrekt installation og justering.<\/p>\n<p><img decoding=\"async\" src=\"https:\/\/www.hydraulic-cylinders.net\/wp-content\/uploads\/2025\/01\/songte-bushings-with-all-kinds-of-excavator-models.webp\" alt=\"B\u00f8sninger med gravemaskinemodeller\" \/><\/p>\n<h2>Om vores virksomhed<\/h2>\n<p>Vi er en producent af hydrauliske udskiftningscylindre med et komplet produktsortiment og er blevet en af \u200b\u200bde f\u00f8rende producenter og engrosdistribut\u00f8rer af hydrauliske cylindre p\u00e5 det indenlandske og internationale marked. Vi overholder princippet om fremragende kvalitet, bygger p\u00e5 den industrialiserede produktionsstyringsstrategi fra fine produktionsv\u00e6rksteder og forbedrer l\u00f8bende v\u00e6rkstedets produktionsplatform, forbedrer produktets kvalitetsproduktionsrute og har st\u00e6rke kreative evner. Vi im\u00f8dekommer kundernes forskellige behov med h\u00f8j effektivitet, h\u00f8j pr\u00e6cision og produkter af h\u00f8j kvalitet.<\/p>\n<p><img decoding=\"async\" src=\"https:\/\/hzpt.com\/wp-content\/uploads\/2024\/11\/songte-company-1.webp\" alt=\"Virksomhedsoversigt\" \/><\/p>\n<h3>Vores virksomheds styrker omfatter:<\/h3>\n<ul>\n<li>\n<p>Professionalitet<\/p>\n<\/li>\n<li>\n<p>International certificering<\/p>\n<\/li>\n<li>\n<p>Tilpasset service<\/p>\n<\/li>\n<li>\n<p>Avanceret produktionsudstyr<\/p>\n<\/li>\n<li>\n<p>Eftersalgsservice<\/p>\n<\/li>\n<\/ul>\n<p>Forfatter: lyl<\/p>","protected":false},"excerpt":{"rendered":"<p>Bucket Cylinder For Kobelco Large Excavator SK330-8 Introduction The Bucket Cylinder for Kobelco Large Excavator SK330-8 is a specially designed hydraulic cylinder primarily used to control the movement of the bucket in heavy machinery such as excavators, backhoe excavators, and front-end loaders. Its main function is to enable the bucket to lift, lower, and tilt, [&hellip;]<\/p>","protected":false},"featured_media":14765,"comment_status":"open","ping_status":"closed","template":"","meta":{"_et_pb_use_builder":"","_et_pb_old_content":"","_et_gb_content_width":""},"product_brand":[],"product_cat":[1494],"product_tag":[1495,1496],"class_list":{"0":"post-15369","1":"product","2":"type-product","3":"status-publish","4":"has-post-thumbnail","6":"product_cat-bucket-cylinders","7":"product_tag-bucket-cylinders","8":"product_tag-hydraulic-cylinders","10":"first","11":"instock","12":"shipping-taxable","13":"product-type-simple"},"amp_enabled":true,"_links":{"self":[{"href":"https:\/\/www.hydraulic-cylinders.net\/da\/wp-json\/wp\/v2\/product\/15369","targetHints":{"allow":["GET"]}}],"collection":[{"href":"https:\/\/www.hydraulic-cylinders.net\/da\/wp-json\/wp\/v2\/product"}],"about":[{"href":"https:\/\/www.hydraulic-cylinders.net\/da\/wp-json\/wp\/v2\/types\/product"}],"replies":[{"embeddable":true,"href":"https:\/\/www.hydraulic-cylinders.net\/da\/wp-json\/wp\/v2\/comments?post=15369"}],"wp:featuredmedia":[{"embeddable":true,"href":"https:\/\/www.hydraulic-cylinders.net\/da\/wp-json\/wp\/v2\/media\/14765"}],"wp:attachment":[{"href":"https:\/\/www.hydraulic-cylinders.net\/da\/wp-json\/wp\/v2\/media?parent=15369"}],"wp:term":[{"taxonomy":"product_brand","embeddable":true,"href":"https:\/\/www.hydraulic-cylinders.net\/da\/wp-json\/wp\/v2\/product_brand?post=15369"},{"taxonomy":"product_cat","embeddable":true,"href":"https:\/\/www.hydraulic-cylinders.net\/da\/wp-json\/wp\/v2\/product_cat?post=15369"},{"taxonomy":"product_tag","embeddable":true,"href":"https:\/\/www.hydraulic-cylinders.net\/da\/wp-json\/wp\/v2\/product_tag?post=15369"}],"curies":[{"name":"wp","href":"https:\/\/api.w.org\/{rel}","templated":true}]}}