{"id":15374,"date":"2025-01-19T14:27:03","date_gmt":"2025-01-19T14:27:03","guid":{"rendered":"https:\/\/www.hydraulic-cylinders.net\/product\/bucket-cylinder-for-kobelco-large-excavator-sk950dlc\/"},"modified":"2025-01-19T14:27:05","modified_gmt":"2025-01-19T14:27:05","slug":"bucket-cylinder-for-kobelco-large-excavator-sk950dlc","status":"publish","type":"product","link":"https:\/\/www.hydraulic-cylinders.net\/da\/vare\/bucket-cylinder-for-kobelco-large-excavator-sk950dlc\/","title":{"rendered":"Skovlcylinder til Kobelco stor gravemaskine SK950DLC"},"content":{"rendered":"<h1>Skovlcylinder til Kobelco stor gravemaskine SK950DLC<\/h1>\n<h2>Indledning<\/h2>\n<p>Skovlcylinderen til Kobelco store gravemaskine SK950DLC er en specialiseret hydraulisk cylinder, der prim\u00e6rt er designet til at styre skovlens bev\u00e6gelse i tunge maskiner s\u00e5som gravemaskiner, rendegravere og frontl\u00e6ssere. Dens hovedform\u00e5l er at g\u00f8re det muligt for skovlen at l\u00f8fte, s\u00e6nke og vippe, hvilket g\u00f8r det lettere at udf\u00f8re forskellige materialeh\u00e5ndteringsopgaver. I det hydrauliske system opn\u00e5r skovlcylinderen pr\u00e6cis kontrol over skovlens bev\u00e6gelse ved at \u00e6ndre trykket i hydraulikolien, hvilket g\u00f8r det muligt for operat\u00f8rer at h\u00e5ndtere tunge genstande effektivt og tilpasse sig komplekse arbejdsmilj\u00f8er og forskellige jobkrav.<\/p>\n<p><img decoding=\"async\" src=\"https:\/\/www.hydraulic-cylinders.net\/wp-content\/uploads\/2025\/01\/songte-company-2.webp\" alt=\"Billede af spandcylinder\"><\/p>\n<h2>Funktioner<\/h2>\n<ul>\n<li>\n<h3>H\u00f8j styrke og holdbarhed<\/h3>\n<p>Cylinderen er normalt lavet af h\u00f8jstyrkest\u00e5l eller aluminium, som kan modst\u00e5 h\u00f8jt tryk og tunge belastninger og tilpasser sig barske arbejdsmilj\u00f8er. Designet tager h\u00f8jde for slidstyrke og korrosionsbestandighed, hvilket forl\u00e6nger dens levetid.<\/p>\n<\/li>\n<li>\n<h3>Effektiv hydraulisk drift<\/h3>\n<p>Cylinderen bruger hydraulisk olietryk til at opn\u00e5 en j\u00e6vn teleskopisk funktion, reagerer hurtigt p\u00e5 driftskommandoer og leverer en kraftig skubbe- og tr\u00e6kkraft, der er egnet til h\u00e5ndtering af tunge genstande og komplekse arbejdsopgaver.<\/p>\n<\/li>\n<li>\n<h3>Forskellige typer<\/h3>\n<p>Cylinderen kan v\u00e6lges som enkeltvirkende (hydraulisk bruges kun i \u00e9n retning) eller dobbeltvirkende (hydraulisk bruges i begge retninger) alt efter behov for at opfylde forskellige driftskrav. Nogle modeller er teleskopiske, hvilket giver mulighed for st\u00f8rre udvidelse uden at \u00f8ge den udvendige st\u00f8rrelse og er velegnede til applikationer med begr\u00e6nset plads.<\/p>\n<\/li>\n<li>\n<h3>Perfekt erstatning<\/h3>\n<p>Vi kan producere dette produkt, og vores produkt kan perfekt erstatte disse hydrauliske cylindre.<\/p>\n<\/li>\n<\/ul>\n<p><img decoding=\"async\" src=\"https:\/\/www.hydraulic-cylinders.net\/wp-content\/uploads\/2025\/01\/songte-cylinder-head-with-all-kinds-excavator-models.webp\" alt=\"Produktudskiftningsbillede\"><\/p>\n<h2>Applikationer<\/h2>\n<p>Skovlcylinderen bruges i vid udstr\u00e6kning i forskellige tunge maskiner, herunder:<\/p>\n<ul>\n<li>\n<h3>Entrepren\u00f8rudstyr<\/h3>\n<p>I gravemaskiner er de afg\u00f8rende for udgravning, lastning og flytning af jord eller affald. I rendegravere hj\u00e6lper skovlcylindre med b\u00e5de udgravning og l\u00f8ft. <\/p>\n<\/li>\n<li>\n<h3>Landbrugsmaskiner<\/h3>\n<p>Bruges i frontl\u00e6ssere til at opgrave, l\u00f8fte og transportere jord, h\u00f8 og andre materialer. I gravemaskiner muligg\u00f8r skovlcylindre gravning ved at lade skovlen tr\u00e6nge ned i jorden. <\/p>\n<\/li>\n<li>\n<h3>L\u00e6ssere<\/h3>\n<p>I frontl\u00e6ssere hj\u00e6lper de med at l\u00f8fte og vippe laster effektivt.<\/p>\n<\/li>\n<\/ul>\n<h2>Designovervejelser og udv\u00e6lgelseskriterier<\/h2>\n<p>Ved design og valg af hydrauliske cylindre skal flere faktorer tages i betragtning:<\/p>\n<ul>\n<li>\n<h3>B\u00e6reevne<\/h3>\n<p>Cylinderen skal kunne klare den maksimale belastning, der p\u00e5f\u00f8res under drift.<\/p>\n<\/li>\n<li>\n<h3>Forsegling<\/h3>\n<p>Cylinderen skal have effektiv t\u00e6tning for at forhindre oliel\u00e6kager, st\u00f8v og andre forurenende stoffer i at tr\u00e6nge ind i cylinderen.<\/p>\n<\/li>\n<li>\n<h3>Holdbarhed<\/h3>\n<p>Cylinderen skal v\u00e6re lavet af materialer af h\u00f8j kvalitet og designet til at modst\u00e5 barske arbejdsmilj\u00f8er, hvilket sikrer lang levetid.<\/p>\n<\/li>\n<li>\n<h3>Sikkerhed<\/h3>\n<p>Cylinderen skal v\u00e6re konstrueret med sikkerhedsfunktioner, s\u00e5som trykaflastningsventiler, for at forhindre ulykker som f\u00f8lge af overbelastning eller svigt i det hydrauliske system.<\/p>\n<\/li>\n<li>\n<h3>Vedligeholdelsesevne<\/h3>\n<p>Cylinderen skal v\u00e6re konstrueret, s\u00e5 vedligeholdelse og reparation er nem og omkostningseffektiv.<\/p>\n<\/li>\n<\/ul>\n<p><img decoding=\"async\" src=\"https:\/\/www.hydraulic-cylinders.net\/wp-content\/uploads\/2025\/01\/songte-oil-pipes-and-spare-parts.webp\" alt=\"Reservedele billede\"><\/p>\n<h2>T\u00e6tning og sm\u00f8ring<\/h2>\n<p>Den hydrauliske cylinder bruger forskellige t\u00e6tningskomponenter, s\u00e5som stempelt\u00e6tninger, stangt\u00e6tninger og viskert\u00e6tninger, for at forhindre oliel\u00e6kage. Disse t\u00e6tninger er lavet af slidst\u00e6rke materialer som polyurethan og nitrilgummi. Cylinderhuset og gevindenden er fint forarbejdet for at forbedre slidstyrken. Regelm\u00e6ssig tils\u00e6tning af den passende m\u00e6ngde hydraulikolie er n\u00f8dvendig for sm\u00f8ring.<\/p>\n<h2>Vedligeholdelse og reparation<\/h2>\n<p>Regelm\u00e6ssig inspektion og forebyggende vedligeholdelse er afg\u00f8rende for at sikre, at den hydrauliske cylinder fungerer korrekt. De mest almindelige vedligeholdelsesopgaver omfatter kontrol, sm\u00f8ring og udskiftning af pakninger. Korrekt installation, sm\u00f8ring og justering er afg\u00f8rende for at forl\u00e6nge cylinderens levetid. Det anbefales at bruge passende monteringsbeslag til at fastg\u00f8re cylinderen. De anbefalede inspektions-, reparations- og udskiftningsprocedurer b\u00f8r f\u00f8lges for at sikre, at cylinderen fungerer korrekt.<\/p>\n<p><img decoding=\"async\" src=\"https:\/\/www.hydraulic-cylinders.net\/wp-content\/uploads\/2025\/01\/songte-chushion-collar.webp\" alt=\"Billede af pudekrave\"><\/p>\n<h2>Sikkerhedshensyn og milj\u00f8faktorer<\/h2>\n<p>Under drift b\u00f8r der tr\u00e6ffes sikkerhedsforanstaltninger for at forhindre ulykker, s\u00e5som at placere advarselsskilte og undg\u00e5 overbelastning. Milj\u00f8faktorer som temperatur, fugtighed og \u00e6tsende stoffer b\u00f8r ogs\u00e5 tages i betragtning ved valg og design af hydrauliske cylindre.<\/p>\n<h2>Fejlfinding og almindelige problemer<\/h2>\n<p>De mest almindelige problemer med hydrauliske cylindre er oliel\u00e6kager, beskadigelse af stangen og utilstr\u00e6kkeligt tryk. Fejlfinding involverer inspektion af de beskadigede komponenter og reparation eller udskiftning af dem efter behov. Forebyggende foranstaltninger s\u00e5som regelm\u00e6ssig inspektion og vedligeholdelse kan reducere forekomsten af \u200b\u200bdisse problemer.<\/p>\n<p><img decoding=\"async\" src=\"https:\/\/www.hydraulic-cylinders.net\/wp-content\/uploads\/2025\/01\/songte-bushings-with-all-kinds-of-excavator-models.webp\" alt=\"B\u00f8sninger Billede\"><\/p>\n<h2>Om vores virksomhed<\/h2>\n<p>Vi er en producent af hydrauliske udskiftningscylindre og tilbyder et komplet produktsortiment. Vi er blevet en af \u200b\u200bde f\u00f8rende producenter og engrosdistribut\u00f8rer af hydrauliske cylindre p\u00e5 b\u00e5de indenlandske og internationale markeder. Vi overholder princippet om fremragende kvalitet og s\u00e6tter vores kernev\u00e6rdier i industriel produktionsstyring. Vi forbedrer l\u00f8bende produktionsplatformen i vores v\u00e6rksteder med teknologisk talent, digitalt avanceret produktionsudstyr og professionelle testsystemer, perfektionerer produktkvaliteten og besidder st\u00e6rke kreative evner. Vi opfylder forskellige kundebehov med h\u00f8j effektivitet, h\u00f8j pr\u00e6cision og principper for h\u00f8j kvalitet.<\/p>\n<p><img decoding=\"async\" src=\"https:\/\/hzpt.com\/wp-content\/uploads\/2024\/11\/songte-company-1.webp\" alt=\"Virksomhedens image\"><\/p>\n<h3>Professionalitet<\/h3>\n<p>Vi har et team af professionelle, der str\u00e6ber efter at give kunderne produkter og tjenester af h\u00f8jeste kvalitet.<\/p>\n<h3>International certificering<\/h3>\n<p>Vores produkter har opn\u00e5et internationale certificeringer, s\u00e5som ISO9001, CE og ROHS, hvilket sikrer produktkvalitet og -sikkerhed.<\/p>\n<h3>Tilpasningstjenester<\/h3>\n<p>Vi tilbyder tilpasningstjenester, der opfylder kundernes specifikke behov og krav.<\/p>\n<h3>Produktionsudstyr<\/h3>\n<p>Vi har avanceret produktionsudstyr, s\u00e5som CNC-maskiner, automatiske svejsemaskiner og hydrauliske testmaskiner, der sikrer h\u00f8j pr\u00e6cision og kvalitetsproduktion.<\/p>\n<h3>Eftersalgsservice<\/h3>\n<p>Vi tilbyder omfattende eftersalgsservice, s\u00e5som teknisk support, vedligeholdelse og reparation, hvilket sikrer, at kunderne kan bruge vores produkter med fuldst\u00e6ndig ro i sindet.<\/p>\n<h4>Forfatter: lyl<\/h4>","protected":false},"excerpt":{"rendered":"<p>Bucket Cylinder For Kobelco Large Excavator SK950DLC Introduction The bucket cylinder for Kobelco large excavator SK950DLC is a specialized hydraulic cylinder designed primarily to control the movement of the bucket in heavy machinery such as excavators, backhoe excavators, and front-end loaders. Its main purpose is to enable the bucket to lift, lower, and tilt, making [&hellip;]<\/p>","protected":false},"featured_media":14787,"comment_status":"open","ping_status":"closed","template":"","meta":{"_et_pb_use_builder":"","_et_pb_old_content":"","_et_gb_content_width":""},"product_brand":[],"product_cat":[1494],"product_tag":[1495,1496],"class_list":{"0":"post-15374","1":"product","2":"type-product","3":"status-publish","4":"has-post-thumbnail","6":"product_cat-bucket-cylinders","7":"product_tag-bucket-cylinders","8":"product_tag-hydraulic-cylinders","10":"first","11":"instock","12":"shipping-taxable","13":"product-type-simple"},"amp_enabled":true,"_links":{"self":[{"href":"https:\/\/www.hydraulic-cylinders.net\/da\/wp-json\/wp\/v2\/product\/15374","targetHints":{"allow":["GET"]}}],"collection":[{"href":"https:\/\/www.hydraulic-cylinders.net\/da\/wp-json\/wp\/v2\/product"}],"about":[{"href":"https:\/\/www.hydraulic-cylinders.net\/da\/wp-json\/wp\/v2\/types\/product"}],"replies":[{"embeddable":true,"href":"https:\/\/www.hydraulic-cylinders.net\/da\/wp-json\/wp\/v2\/comments?post=15374"}],"wp:featuredmedia":[{"embeddable":true,"href":"https:\/\/www.hydraulic-cylinders.net\/da\/wp-json\/wp\/v2\/media\/14787"}],"wp:attachment":[{"href":"https:\/\/www.hydraulic-cylinders.net\/da\/wp-json\/wp\/v2\/media?parent=15374"}],"wp:term":[{"taxonomy":"product_brand","embeddable":true,"href":"https:\/\/www.hydraulic-cylinders.net\/da\/wp-json\/wp\/v2\/product_brand?post=15374"},{"taxonomy":"product_cat","embeddable":true,"href":"https:\/\/www.hydraulic-cylinders.net\/da\/wp-json\/wp\/v2\/product_cat?post=15374"},{"taxonomy":"product_tag","embeddable":true,"href":"https:\/\/www.hydraulic-cylinders.net\/da\/wp-json\/wp\/v2\/product_tag?post=15374"}],"curies":[{"name":"wp","href":"https:\/\/api.w.org\/{rel}","templated":true}]}}