{"id":15375,"date":"2025-01-19T14:27:07","date_gmt":"2025-01-19T14:27:07","guid":{"rendered":"https:\/\/www.hydraulic-cylinders.net\/product\/bucket-cylinder-for-yugong-wy15-7\/"},"modified":"2025-01-19T14:27:09","modified_gmt":"2025-01-19T14:27:09","slug":"bucket-cylinder-for-yugong-wy15-7","status":"publish","type":"product","link":"https:\/\/www.hydraulic-cylinders.net\/da\/vare\/bucket-cylinder-for-yugong-wy15-7\/","title":{"rendered":"Spandcylinder til Yugong WY15-7"},"content":{"rendered":"<h1>Spandcylinder til Yugong WY15-7<\/h1>\n<h2>Indledning<\/h2>\n<p>Skovlcylinderen er en specialdesignet hydraulisk cylinder, der bruges til at styre skovlens bev\u00e6gelse i tunge maskiner s\u00e5som gravemaskiner, rendegravere og frontl\u00e6ssere. Dens hovedfunktion er at muligg\u00f8re l\u00f8ft, s\u00e6nkning og vipning af skovlen, hvilket g\u00f8r det lettere at h\u00e5ndtere forskellige materialeh\u00e5ndteringsopgaver. I et hydraulisk system opn\u00e5r skovlcylinderen pr\u00e6cis kontrol over skovlen ved at variere trykket af hydraulikolien, hvilket g\u00f8r det muligt for f\u00f8reren effektivt at h\u00e5ndtere tunge belastninger og tilpasse sig komplekse arbejdsmilj\u00f8er og forskellige driftskrav.<\/p>\n<p><img decoding=\"async\" src=\"https:\/\/www.hydraulic-cylinders.net\/wp-content\/uploads\/2025\/01\/songte-company-2.webp\"><\/p>\n<h2>Funktioner<\/h2>\n<ul>\n<li>H\u00f8j styrke og holdbarhed: Skovlcylinderen, der typisk er fremstillet af h\u00f8jstyrkest\u00e5l eller aluminium, kan modst\u00e5 h\u00f8jt tryk og tunge belastninger og tilpasse sig barske arbejdsforhold. Dens design tager h\u00f8jde for slidstyrke og korrosionsbestandighed, hvilket forl\u00e6nger dens levetid.<\/li>\n<li>Effektiv hydraulisk drift: Ved at udnytte trykket fra hydraulikolien opn\u00e5r skovlcylinderen j\u00e6vne ud- og indtr\u00e6ksbev\u00e6gelser, hvilket muligg\u00f8r hurtig reaktion p\u00e5 styrekommandoer og giver kraftige skubbe- og tr\u00e6kkr\u00e6fter. Den er velegnet til h\u00e5ndtering af tunge belastninger og komplekse driftsopgaver.<\/li>\n<li>Forskellige typer: Skovlcylinderen kan v\u00e6lges som enkeltvirkende (hydraulisk kun anvendt i \u00e9n retning) eller dobbeltvirkende (hydraulisk anvendt i begge retninger) cylinder, afh\u00e6ngigt af driftskravene. Nogle modeller er teleskopiske, hvilket giver mulighed for st\u00f8rre udtr\u00e6k uden at \u00f8ge de udvendige dimensioner, hvilket g\u00f8r dem velegnede til applikationer med begr\u00e6nset plads.<\/li>\n<li>Perfekt udskiftning: Vores produkter kan perfekt erstatte disse hydrauliske cylindre.<\/li>\n<\/ul>\n<p><img decoding=\"async\" src=\"https:\/\/www.hydraulic-cylinders.net\/wp-content\/uploads\/2025\/01\/songte-cylinder-head-with-all-kinds-excavator-models.webp\"><\/p>\n<h2>Applikationer<\/h2>\n<p>Skovlcylinderen finder anvendelse i forskelligt udstyr:<\/p>\n<ol>\n<li>Entrepren\u00f8rudstyr: De findes i gravemaskiner og er afg\u00f8rende for at grave, l\u00e6sse og flytte jord eller affald. I rendegravere hj\u00e6lper skovlcylinderen med b\u00e5de at grave og l\u00f8fte.<\/li>\n<li>Landbrugsmaskiner: Bruges i frontl\u00e6ssere til at udgrave, l\u00f8fte og transportere jord, h\u00f8 og andre materialer.<\/li>\n<li>Gravemaskiner: Skovlcylinderen muligg\u00f8r gravehandlinger ved at lade skovlen tr\u00e6nge ned i jorden.<\/li>\n<li>Frontl\u00e6ssere: Frontl\u00e6ssere muligg\u00f8r effektiv l\u00f8ft og t\u00f8mning af varer.<\/li>\n<\/ol>\n<h2>Designovervejelser og udv\u00e6lgelseskriterier<\/h2>\n<p>Ved design af skovlcylindre tages der hensyn til flere faktorer:<\/p>\n<ul>\n<li>B\u00e6reevne: Cylinderen skal kunne modst\u00e5 de belastninger, den vil blive udsat for under drift.<\/li>\n<li>T\u00e6tning: Forskellige t\u00e6tningskomponenter s\u00e5som stempelt\u00e6tninger og stangt\u00e6tninger anvendes til at sikre korrekt t\u00e6tning og forhindre l\u00e6kage.<\/li>\n<li>Holdbarhed: Cylinderens komponenter er designet til at modst\u00e5 slid og dermed forl\u00e6nge dens levetid.<\/li>\n<li>Sikkerhed: Der er indarbejdet sikkerhedsforanstaltninger for at forhindre ulykker under drift.<\/li>\n<li>Vedligeholdelsesvenlighed: Cylinderen skal v\u00e6re designet til nem vedligeholdelse og reparationer.<\/li>\n<\/ul>\n<p><img decoding=\"async\" src=\"https:\/\/www.hydraulic-cylinders.net\/wp-content\/uploads\/2025\/01\/songte-oil-pipes-and-spare-parts.webp\"><\/p>\n<h2>T\u00e6tning og sm\u00f8ring<\/h2>\n<p>Skovlcylinderen anvender forskellige t\u00e6tningskomponenter, s\u00e5som stempelt\u00e6tninger og stangt\u00e6tninger, lavet af slidst\u00e6rke materialer som polyurethan og nitrilgummi. Cylinderhuset og gevindenderne gennemg\u00e5r en pr\u00e6cis behandling for at forbedre slidstyrken. Regelm\u00e6ssig sm\u00f8ring med den passende m\u00e6ngde hydraulikolie er n\u00f8dvendig for at sikre problemfri drift.<\/p>\n<h2>Regelm\u00e6ssig inspektion og forebyggende vedligeholdelse<\/h2>\n<p>For at sikre optimal ydeevne af skovlcylinderen anbefales regelm\u00e6ssige inspektioner og forebyggende vedligeholdelsesforanstaltninger:<\/p>\n<ul>\n<li>Regelm\u00e6ssig inspektion af cylinderen for tegn p\u00e5 slid eller skader.<\/li>\n<li>Passende sm\u00f8ring af bev\u00e6gelige dele for at reducere friktion og sikre problemfri drift.<\/li>\n<li>Periodisk udskiftning af pakninger og kalibreringskontroller for at opretholde korrekt funktion.<\/li>\n<\/ul>\n<p><img decoding=\"async\" src=\"https:\/\/www.hydraulic-cylinders.net\/wp-content\/uploads\/2025\/01\/songte-chushion-collar.webp\"><\/p>\n<h2>Sikkerhedshensyn og milj\u00f8faktorer<\/h2>\n<p>N\u00e5r du bruger skovlcylinderen, er det vigtigt at f\u00f8lge sikkerhedsforanstaltninger for at forhindre ulykker og sikre et sikkert arbejdsmilj\u00f8.<\/p>\n<h2>Fejldiagnose og almindelige problemer<\/h2>\n<p>Almindelige problemer og fejlfindingstips til skovlcylinderen:<\/p>\n<ul>\n<li>L\u00e6kage: Kontroller pakningerne, og udskift dem om n\u00f8dvendigt. S\u00f8rg for korrekt sm\u00f8ring.<\/li>\n<li>Langsom drift: Unders\u00f8g det hydrauliske system for blokeringer eller utilstr\u00e6kkeligt tryk.<\/li>\n<li>Unormal st\u00f8j: Kontroller for l\u00f8se komponenter og slidte dele. Sm\u00f8r efter behov.<\/li>\n<li>Uj\u00e6vn bev\u00e6gelse: Unders\u00f8g cylinderen for eventuelle fejljusteringer eller beskadigede komponenter. Juster eller udskift efter behov.<\/li>\n<\/ul>\n<p><img decoding=\"async\" src=\"https:\/\/www.hydraulic-cylinders.net\/wp-content\/uploads\/2025\/01\/songte-bushings-with-all-kinds-of-excavator-models.webp\"><\/p>\n<p>Husk at organisere artiklen logisk, bruge underoverskrifter for nem navigation, inkorporere relevante billeder eller diagrammer for at forbedre forst\u00e5elsen, og s\u00f8rg for, at indholdet er klart, pr\u00e6cist og egnet til l\u00e6sere med forskellige niveauer af teknisk viden.<\/p>\n<h2>Om vores virksomhed<\/h2>\n<p>Vi er producent af hydrauliske udskiftningscylindre og en af \u200b\u200bde f\u00f8rende producenter og grossister p\u00e5 det indenlandske og internationale marked. Vi overholder princippet om fremragende kvalitet og bruger industrialiserede produktionsstyringsstrategier i vores raffinerede produktionsv\u00e6rksteder. Ved hj\u00e6lp af tekniske talenter, digitalt avanceret produktionsudstyr og professionelle testsystemer forbedrer vi l\u00f8bende vores produktionsplatform, perfektionerer produktionsruten for produktkvalitet og besidder en st\u00e6rk kreativitet. Vi sigter mod at im\u00f8dekomme forskellige kundebehov med h\u00f8j effektivitet, h\u00f8j pr\u00e6cision og produkter af h\u00f8j kvalitet.<\/p>\n<p><img decoding=\"async\" src=\"https:\/\/www.hydraulic-cylinders.net\/wp-content\/uploads\/2025\/01\/songte-company-3.webp\"><\/p>\n<p>Vores virksomhed er kendt for:<\/p>\n<ul>\n<li>Professionalitet<\/li>\n<li>Internationale certificeringer<\/li>\n<li>Tilpasningstjenester<\/li>\n<li>Avanceret produktionsudstyr<\/li>\n<li>Eftersalgsservice<\/li>\n<\/ul>\n<p>Forfatter: lyl<\/p>","protected":false},"excerpt":{"rendered":"<p>Bucket Cylinder For Yugong WY15-7 Introduction The bucket cylinder is a specially designed hydraulic cylinder used to control the movement of the bucket in heavy machinery such as excavators, backhoe loaders, and front loaders. Its main function is to enable the lifting, lowering, and tilting of the bucket, making it easier to handle various material [&hellip;]<\/p>","protected":false},"featured_media":14785,"comment_status":"open","ping_status":"closed","template":"","meta":{"_et_pb_use_builder":"","_et_pb_old_content":"","_et_gb_content_width":""},"product_brand":[],"product_cat":[1494],"product_tag":[1495,1496],"class_list":{"0":"post-15375","1":"product","2":"type-product","3":"status-publish","4":"has-post-thumbnail","6":"product_cat-bucket-cylinders","7":"product_tag-bucket-cylinders","8":"product_tag-hydraulic-cylinders","10":"first","11":"instock","12":"shipping-taxable","13":"product-type-simple"},"amp_enabled":true,"_links":{"self":[{"href":"https:\/\/www.hydraulic-cylinders.net\/da\/wp-json\/wp\/v2\/product\/15375","targetHints":{"allow":["GET"]}}],"collection":[{"href":"https:\/\/www.hydraulic-cylinders.net\/da\/wp-json\/wp\/v2\/product"}],"about":[{"href":"https:\/\/www.hydraulic-cylinders.net\/da\/wp-json\/wp\/v2\/types\/product"}],"replies":[{"embeddable":true,"href":"https:\/\/www.hydraulic-cylinders.net\/da\/wp-json\/wp\/v2\/comments?post=15375"}],"wp:featuredmedia":[{"embeddable":true,"href":"https:\/\/www.hydraulic-cylinders.net\/da\/wp-json\/wp\/v2\/media\/14785"}],"wp:attachment":[{"href":"https:\/\/www.hydraulic-cylinders.net\/da\/wp-json\/wp\/v2\/media?parent=15375"}],"wp:term":[{"taxonomy":"product_brand","embeddable":true,"href":"https:\/\/www.hydraulic-cylinders.net\/da\/wp-json\/wp\/v2\/product_brand?post=15375"},{"taxonomy":"product_cat","embeddable":true,"href":"https:\/\/www.hydraulic-cylinders.net\/da\/wp-json\/wp\/v2\/product_cat?post=15375"},{"taxonomy":"product_tag","embeddable":true,"href":"https:\/\/www.hydraulic-cylinders.net\/da\/wp-json\/wp\/v2\/product_tag?post=15375"}],"curies":[{"name":"wp","href":"https:\/\/api.w.org\/{rel}","templated":true}]}}