{"id":15397,"date":"2025-01-19T14:28:48","date_gmt":"2025-01-19T14:28:48","guid":{"rendered":"https:\/\/www.hydraulic-cylinders.net\/product\/bucket-cylinder-for-volvo-middle-excavator-ecr235e\/"},"modified":"2025-01-19T14:28:50","modified_gmt":"2025-01-19T14:28:50","slug":"bucket-cylinder-for-volvo-middle-excavator-ecr235e","status":"publish","type":"product","link":"https:\/\/www.hydraulic-cylinders.net\/da\/vare\/bucket-cylinder-for-volvo-middle-excavator-ecr235e\/","title":{"rendered":"Skovlcylinder til Volvo mellemgraver ECR235E"},"content":{"rendered":"<h1>Skovlcylinder til Volvo mellemgraver ECR235E<\/h1>\n<h2>Indledning<\/h2>\n<p>En skovlcylinder er en specialdesignet hydraulisk cylinder, der prim\u00e6rt bruges til at styre skovlens bev\u00e6gelse i tunge maskiner s\u00e5som gravemaskiner, rendegravere og frontl\u00e6ssere. Dens hovedfunktion er at g\u00f8re det muligt for skovlen at l\u00f8fte, s\u00e6nke og vippe, hvilket g\u00f8r det lettere at h\u00e5ndtere forskellige materialeh\u00e5ndteringsopgaver. I det hydrauliske system opn\u00e5r skovlcylinderen pr\u00e6cis kontrol over skovlen ved tryk\u00e6ndringen af \u200b\u200bhydraulikolien, hvilket g\u00f8r det muligt for operat\u00f8rer effektivt at h\u00e5ndtere tunge belastninger og tilpasse sig komplekse arbejdsmilj\u00f8er og forskellige jobkrav.<\/p>\n<p><img decoding=\"async\" src=\"https:\/\/www.hydraulic-cylinders.net\/wp-content\/uploads\/2025\/01\/songte-company-2.webp\" alt=\"Skovlcylinder til Volvo mellemgraver ECR235E\"><\/p>\n<h2>Funktioner<\/h2>\n<ul>\n<li>H\u00f8j styrke og holdbarhed: Normalt lavet af h\u00f8jstyrkest\u00e5l eller aluminium, kan det modst\u00e5 h\u00f8jt tryk og tunge belastninger, tilpasser sig barske arbejdsmilj\u00f8er og er designet med slidstyrke og korrosionsbestandighed for at forl\u00e6nge dets levetid.<\/li>\n<li>Effektiv hydraulisk drift: Ved at bruge trykket fra hydraulikolien til at opn\u00e5 en j\u00e6vn ekspansion og sammentr\u00e6kning, kan den hurtigt reagere p\u00e5 kontrolkommandoer, yde kraftig skubbe- og tr\u00e6kkraft og er velegnet til h\u00e5ndtering af tunge belastninger og komplekse arbejdsopgaver.<\/li>\n<li>Forskellige typer: Enkeltvirkende (hydraulisk kun anvendt i \u00e9n retning) eller dobbeltvirkende (hydraulisk anvendt i begge retninger) cylindre kan v\u00e6lges efter behov for at im\u00f8dekomme forskellige driftsbehov. Nogle modeller er teleskopiske, hvilket giver mulighed for st\u00f8rre udtr\u00e6k uden at \u00f8ge de ydre dimensioner og er velegnede til applikationer med begr\u00e6nset plads.<\/li>\n<li>Perfekt udskiftning: Vores produkter kan perfekt erstatte disse hydrauliske cylindre.<\/li>\n<\/ul>\n<p><img decoding=\"async\" src=\"https:\/\/www.hydraulic-cylinders.net\/wp-content\/uploads\/2025\/01\/songte-cylinder-head-with-all-kinds-excavator-models.webp\" alt=\"Perfekt erstatning for Volvo mellemgraver ECR235E\"><\/p>\n<h2>Applikationer<\/h2>\n<h3>Entrepren\u00f8rudstyr:<\/h3>\n<p>I gravemaskiner er de afg\u00f8rende for at grave, l\u00e6sse og flytte jord eller affald. I rendegravere hj\u00e6lper skovlcylindre med gravning og l\u00f8ft. I frontl\u00e6ssere hj\u00e6lper de med effektivt at l\u00f8fte og t\u00f8mme last.<\/p>\n<h3>Landbrugsmaskiner:<\/h3>\n<p>De bruges i frontl\u00e6ssere til at opsamle, l\u00f8fte og transportere jord, h\u00f8 og andre materialer. I gravemaskiner opn\u00e5r skovlcylindre udgravningsfunktion ved at lade skovlen tr\u00e6nge ned i jorden.<\/p>\n<h2>Designovervejelser og udv\u00e6lgelseskriterier<\/h2>\n<h3>Belastningsevne:<\/h3>\n<p>Den valgte hydrauliske cylinder skal kunne b\u00e6re maskinens og skovlens maksimale belastning. Det er vigtigt at sikre, at cylinderens b\u00e6reevne er st\u00f8rre end eller lig med maskinens maksimale v\u00e6gtkapacitet. <\/p>\n<h3>T\u00e6tning og sm\u00f8ring:<\/h3>\n<p>Hydraulikcylinderens t\u00e6tning og sm\u00f8ring er afg\u00f8rende for dens ydeevne og levetid. Cylinderen bruger forskellige t\u00e6tninger s\u00e5som stempelt\u00e6tninger, stangt\u00e6tninger osv. T\u00e6tningerne er lavet af slidst\u00e6rke materialer s\u00e5som polyurethan og nitrilgummi, som beskytter cylinderen mod slid. Regelm\u00e6ssig sm\u00f8ring med hydraulikolie er afg\u00f8rende for at reducere slid og sikre problemfri drift. <\/p>\n<p><img decoding=\"async\" src=\"https:\/\/www.hydraulic-cylinders.net\/wp-content\/uploads\/2025\/01\/songte-oil-pipes-and-spare-parts.webp\" alt=\"Hydrauliske olier\u00f8r og reservedele\"><\/p>\n<h2>Vedligeholdelse og reparation<\/h2>\n<h3>Produktinstallation:<\/h3>\n<p>Under installationen er det vigtigt at justere cylinderen korrekt og fastg\u00f8re den med passende monteringsbeslag for at forhindre sk\u00e6v justering eller beskadigelse. De anbefalede inspektions-, reparations- og udskiftningsprocedurer b\u00f8r f\u00f8lges for at sikre cylinderens levetid.<\/p>\n<h3>Vedligeholdelsesopgaver:<\/h3>\n<ul>\n<li>Regelm\u00e6ssig inspektion: Cylinderen b\u00f8r inspiceres regelm\u00e6ssigt for l\u00e6kager, skader eller slid.<\/li>\n<li>Sm\u00f8ring: Cylinderen skal sm\u00f8res med hydraulikolie i henhold til producentens anbefalinger.<\/li>\n<li>Udskiftning af pakning: Cylinderens pakninger b\u00f8r udskiftes med j\u00e6vne mellemrum for at sikre, at cylinderen fungerer korrekt.<\/li>\n<li>Kalibreringstjek: Cylinderens kalibrering b\u00f8r kontrolleres med j\u00e6vne mellemrum for at sikre, at den fungerer optimalt.<\/li>\n<\/ul>\n<p><img decoding=\"async\" src=\"https:\/\/www.hydraulic-cylinders.net\/wp-content\/uploads\/2025\/01\/songte-chushion-collar.webp\" alt=\"Spandens Cylinder Pude Krave\"><\/p>\n<h2>Sikkerhedshensyn og milj\u00f8faktorer<\/h2>\n<p>Ved brug af hydrauliske cylindre skal der tr\u00e6ffes sikkerhedsforanstaltninger for at forhindre ulykker. Det er vigtigt at f\u00f8lge producentens anvisninger og retningslinjer. Cylinderen skal bortskaffes i henhold til milj\u00f8forskrifter og retningslinjer.<\/p>\n<h2>Fejldiagnose og fejlfinding<\/h2>\n<p>Almindelige problemer forbundet med hydrauliske cylindre omfatter l\u00e6kage, utilstr\u00e6kkelig kraft og forkert justering. Korrekt diagnose og fejlfinding b\u00f8r udf\u00f8res for at identificere og l\u00f8se problemet. Regelm\u00e6ssige inspektioner og forebyggende vedligeholdelse kan hj\u00e6lpe med at undg\u00e5 potentielle problemer.<\/p>\n<p><img decoding=\"async\" src=\"https:\/\/www.hydraulic-cylinders.net\/wp-content\/uploads\/2025\/01\/songte-bushings-with-all-kinds-of-excavator-models.webp\" alt=\"Skovlcylinderb\u00f8sninger\"><\/p>\n<h2>Om vores virksomhed<\/h2>\n<p>Vi er en producent af hydrauliske udskiftningscylindre med en bred vifte af produkter. Vi er en af \u200b\u200bde f\u00f8rende producenter og engrosdistribut\u00f8rer af hydrauliske cylindre p\u00e5 det indenlandske og internationale marked. Vi f\u00f8lger den fremragende kvalitet, s\u00e6tter vores afh\u00e6ngighed af den industrielle produktionsstyringsstrategi i det sofistikerede produktionsv\u00e6rksted og forbedrer l\u00f8bende v\u00e6rkstedets produktionsplatform ved hj\u00e6lp af tekniske talenter, digitalt avanceret produktionsudstyr og professionelle detektionssystemer for at perfektionere produktkvaliteten i produktionsruten. Vi har en st\u00e6rk kreativ evne og str\u00e6ber efter at im\u00f8dekomme kundernes forskellige behov med principperne om h\u00f8j effektivitet, h\u00f8j pr\u00e6cision og h\u00f8j kvalitet.<\/p>\n<ul>\n<li>Professionalitet: Vi har et team af erfarne fagfolk, der er dedikeret til at levere hydrauliske cylindre af h\u00f8j kvalitet.<\/li>\n<li>International certificering: Vores produkter er certificeret til at opfylde internationale standarder, hvilket sikrer de h\u00f8jeste kvalitetsstandarder.<\/li>\n<li>Tilpasningstjenester: Vi leverer tilpassede hydrauliske cylindre i henhold til kundens krav.<\/li>\n<li>Produktionsudstyr: Vores produktionsfaciliteter er udstyret med avanceret udstyr for at sikre effektivitet og kvalitet.<\/li>\n<li>Eftersalgsservice: Vi tilbyder eftersalgsservice, herunder udskiftning af dele og reparation, for at forl\u00e6nge levetiden p\u00e5 hydrauliske cylindre.<\/li>\n<\/ul>\n<p><img decoding=\"async\" src=\"https:\/\/hzpt.com\/wp-content\/uploads\/2024\/11\/songte-company-1.webp\" alt=\"Om vores virksomhed\"><\/p>\n<h4>Forfatter: lyl<\/h4>","protected":false},"excerpt":{"rendered":"<p>Bucket Cylinder For Volvo Middle Excavator ECR235E Introduction A bucket cylinder is a specially designed hydraulic cylinder primarily used to control the movement of the bucket in heavy machinery such as excavators, backhoe excavators, and front-end loaders. Its main function is to enable the bucket to lift, lower, and tilt, making it easier to handle [&hellip;]<\/p>","protected":false},"featured_media":14771,"comment_status":"open","ping_status":"closed","template":"","meta":{"_et_pb_use_builder":"","_et_pb_old_content":"","_et_gb_content_width":""},"product_brand":[],"product_cat":[1494],"product_tag":[1495,1496],"class_list":{"0":"post-15397","1":"product","2":"type-product","3":"status-publish","4":"has-post-thumbnail","6":"product_cat-bucket-cylinders","7":"product_tag-bucket-cylinders","8":"product_tag-hydraulic-cylinders","10":"first","11":"instock","12":"shipping-taxable","13":"product-type-simple"},"amp_enabled":true,"_links":{"self":[{"href":"https:\/\/www.hydraulic-cylinders.net\/da\/wp-json\/wp\/v2\/product\/15397","targetHints":{"allow":["GET"]}}],"collection":[{"href":"https:\/\/www.hydraulic-cylinders.net\/da\/wp-json\/wp\/v2\/product"}],"about":[{"href":"https:\/\/www.hydraulic-cylinders.net\/da\/wp-json\/wp\/v2\/types\/product"}],"replies":[{"embeddable":true,"href":"https:\/\/www.hydraulic-cylinders.net\/da\/wp-json\/wp\/v2\/comments?post=15397"}],"wp:featuredmedia":[{"embeddable":true,"href":"https:\/\/www.hydraulic-cylinders.net\/da\/wp-json\/wp\/v2\/media\/14771"}],"wp:attachment":[{"href":"https:\/\/www.hydraulic-cylinders.net\/da\/wp-json\/wp\/v2\/media?parent=15397"}],"wp:term":[{"taxonomy":"product_brand","embeddable":true,"href":"https:\/\/www.hydraulic-cylinders.net\/da\/wp-json\/wp\/v2\/product_brand?post=15397"},{"taxonomy":"product_cat","embeddable":true,"href":"https:\/\/www.hydraulic-cylinders.net\/da\/wp-json\/wp\/v2\/product_cat?post=15397"},{"taxonomy":"product_tag","embeddable":true,"href":"https:\/\/www.hydraulic-cylinders.net\/da\/wp-json\/wp\/v2\/product_tag?post=15397"}],"curies":[{"name":"wp","href":"https:\/\/api.w.org\/{rel}","templated":true}]}}