{"id":15402,"date":"2025-01-19T14:29:09","date_gmt":"2025-01-19T14:29:09","guid":{"rendered":"https:\/\/www.hydraulic-cylinders.net\/product\/bucket-cylinder-for-volvo-large-excavator-ec380el\/"},"modified":"2025-01-19T14:29:11","modified_gmt":"2025-01-19T14:29:11","slug":"bucket-cylinder-for-volvo-large-excavator-ec380el","status":"publish","type":"product","link":"https:\/\/www.hydraulic-cylinders.net\/da\/vare\/bucket-cylinder-for-volvo-large-excavator-ec380el\/","title":{"rendered":"Skovlcylinder til Volvo stor gravemaskine EC380EL"},"content":{"rendered":"<h1>Skovlcylinder til Volvo stor gravemaskine EC380EL<\/h1>\n<h2>Indledning<\/h2>\n<p>En skovlcylinder er en specialiseret hydraulisk cylinder, der styrer skovlens bev\u00e6gelse i tunge maskiner s\u00e5som gravemaskiner, rendegravere og l\u00e6ssere. Dens hovedfunktion er at g\u00f8re det muligt for skovlen at l\u00f8fte, s\u00e6nke og vippe, hvilket g\u00f8r det lettere at udf\u00f8re forskellige materialeh\u00e5ndteringsopgaver. I det hydrauliske system styrer skovlcylindre skovlens pr\u00e6cise bev\u00e6gelse ved at \u00e6ndre hydraulikoliens tryk, hvilket g\u00f8r det muligt for operat\u00f8rer effektivt at h\u00e5ndtere tunge l\u00e6s, tilpasse sig komplekse arbejdsmilj\u00f8er og forskellige driftsbehov.<\/p>\n<p><img decoding=\"async\" src=\"https:\/\/www.hydraulic-cylinders.net\/wp-content\/uploads\/2025\/01\/songte-company-2.webp\" alt=\"Skovlcylinder til Volvo stor gravemaskine EC380EL\" \/><\/p>\n<h2>Funktioner<\/h2>\n<ul>\n<li>H\u00f8j styrke og holdbarhed: Typisk lavet af h\u00f8jstyrkest\u00e5l eller aluminium, i stand til at modst\u00e5 h\u00f8jt tryk og tunge belastninger, tilpasser sig barske arbejdsmilj\u00f8er, designet med slidstyrke og korrosionsbestandighed, hvilket forl\u00e6nger levetiden.<\/li>\n<li>Effektiv hydraulisk drift: Udnyttelse af hydraulisk olietryk til at opn\u00e5 j\u00e6vn forl\u00e6ngelse og sammentr\u00e6kning, hvilket giver en kraftig skubbe- og tr\u00e6kkraft, velegnet til h\u00e5ndtering af tunge belastninger og komplekse driftsopgaver.<\/li>\n<li>Forskellige typer: Skovlcylindre kan v\u00e6re enkeltvirkende (hydrauliske, kun anvendt i \u00e9n retning) eller dobbeltvirkende (hydrauliske, kun anvendt i to retninger) efter behov for at opfylde forskellige driftskrav. Nogle modeller er teleskopiske, hvilket giver mulighed for st\u00f8rre udtr\u00e6k uden at \u00f8ge de udvendige dimensioner og er velegnede til pladsbegr\u00e6nsede anvendelser.<\/li>\n<li>Perfekt udskiftning: Vores produkter kan perfekt erstatte disse hydrauliske cylindre.<\/li>\n<\/ul>\n<p><img decoding=\"async\" src=\"https:\/\/www.hydraulic-cylinders.net\/wp-content\/uploads\/2025\/01\/songte-cylinder-head-with-all-kinds-excavator-models.webp\" alt=\"Skovlcylinder til Volvo stor gravemaskine EC380EL\" \/><\/p>\n<h2>Applikationer<\/h2>\n<p><strong>Entrepren\u00f8rudstyr:<\/strong> I gravemaskiner er de afg\u00f8rende for at grave, l\u00e6sse og flytte jord eller affald. I rendegravere hj\u00e6lper skovlcylindre med b\u00e5de udgravning og l\u00f8ft. For frontl\u00e6ssere hj\u00e6lper de med at l\u00f8fte og vippe laster effektivt.<\/p>\n<p><strong>Landbrugsmaskiner:<\/strong> Bruges til frontl\u00e6ssere, hvor de kan opsamle, l\u00f8fte og transportere jord, h\u00f8 og andre materialer; i gravemaskiner muligg\u00f8r skovlcylindre udgravningshandlinger ved at lade skovlen tr\u00e6nge ned i jorden.<\/p>\n<h2>Designovervejelser og udv\u00e6lgelseskriterier<\/h2>\n<ul>\n<li>B\u00e6reevne: Cylinderen skal opfylde de n\u00f8dvendige kraftkrav til driften.<\/li>\n<li>T\u00e6tning: Skovlcylindre kr\u00e6ver god t\u00e6tning for at forhindre l\u00e6kager, reducere slitage og forbedre holdbarheden.<\/li>\n<li>Holdbarhed: Skovlcylindre skal v\u00e6re holdbare og modstandsdygtige over for korrosion og slid for at forl\u00e6nge levetiden.<\/li>\n<li>Sikkerhed: Sikkerhedsfunktioner s\u00e5som trykaflastningsventiler b\u00f8r overvejes for at forhindre overbelastning eller uventet skade p\u00e5 cylinderen.<\/li>\n<li>Vedligeholdelse: Vedligeholdelseshensyn s\u00e5som nem vedligeholdelse, levetid og omkostninger b\u00f8r tages i betragtning i designet.<\/li>\n<\/ul>\n<p><img decoding=\"async\" src=\"https:\/\/www.hydraulic-cylinders.net\/wp-content\/uploads\/2025\/01\/songte-oil-pipes-and-spare-parts.webp\" alt=\"Skovlcylinder til Volvo stor gravemaskine EC380EL\" \/><\/p>\n<h2>T\u00e6tning og sm\u00f8ring<\/h2>\n<p>Forskellige t\u00e6tninger anvendes i skovlcylindre, s\u00e5som stempelt\u00e6tninger, stangt\u00e6tninger osv. De er lavet af slidst\u00e6rke materialer som polyurethan, nitrilgummi osv. Cylinderhuset og gevindenden er fint forarbejdet for at forbedre slidstyrken. Rettidig sm\u00f8ring med en passende m\u00e6ngde hydraulikolie er afg\u00f8rende for at sikre problemfri drift og forl\u00e6nge cylinderens levetid.<\/p>\n<h2>Forebyggende vedligeholdelse og fejlfinding<\/h2>\n<p>Regelm\u00e6ssig inspektion og forebyggende vedligeholdelse kan reducere potentielle fejl. Almindelige vedligeholdelsesopgaver omfatter sm\u00f8ring, udskiftning af pakninger og kalibrering af cylinderen. Korrekt installation, sm\u00f8ring og justering er afg\u00f8rende for at sikre korrekt cylinderfunktion. Det anbefales at bruge passende monteringsbeslag til at fastg\u00f8re cylinderen, f\u00f8lge de anbefalede inspektions-, reparations- og udskiftningsprocedurer og tilbyde ombygningstjenester for at forl\u00e6nge cylinderens levetid.<\/p>\n<p><img decoding=\"async\" src=\"https:\/\/www.hydraulic-cylinders.net\/wp-content\/uploads\/2025\/01\/songte-chushion-collar.webp\" alt=\"Skovlcylinder til Volvo stor gravemaskine EC380EL\" \/><\/p>\n<h2>Sikkerheds- og milj\u00f8hensyn<\/h2>\n<p>Skovlcylindre kr\u00e6ver passende sikkerhedsforanstaltninger ved betjening af maskiner. Sikkerhedsfunktioner s\u00e5som trykaflastningsventiler b\u00f8r installeres for at forhindre overbelastning eller skader. Korrekt bortskaffelse af affald og gamle cylindre er afg\u00f8rende for at beskytte milj\u00f8et.<\/p>\n<h2>Producentintroduktion<\/h2>\n<p>Vi er en producent af hydrauliske udskiftningscylindre og tilbyder et komplet produktsortiment. Som en af \u200b\u200bde f\u00f8rende producenter og engrosdistribut\u00f8rer af hydrauliske cylindre p\u00e5 indenlandske og udenlandske markeder, overholder vi fremragende kvalitet og s\u00e6tter vores lid til industrielle produktionsstyringsstrategier i omhyggeligt udformede produktionsv\u00e6rksteder. Vi forbedrer l\u00f8bende v\u00e6rkstedets produktionsplatform, perfektionerer produktionsruten for produktkvalitet og har st\u00e6rke innovative evner, der leverer principper for h\u00f8j effektivitet, h\u00f8j pr\u00e6cision og h\u00f8j kvalitet for at im\u00f8dekomme kundernes forskellige behov.<\/p>\n<p><img decoding=\"async\" src=\"https:\/\/hzpt.com\/wp-content\/uploads\/2024\/11\/songte-company-1.webp\" alt=\"Skovlcylinder til Volvo stor gravemaskine EC380EL\" \/><\/p>\n<h3>Professionalitet:<\/h3>\n<p>Vores virksomhed har et team af professionelle eksperter i produktion af hydrauliske cylindre med mange \u00e5rs erfaring.<\/p>\n<h3>International certificering:<\/h3>\n<p>Vores produkter har best\u00e5et internationale certificeringer som ISO 9001, CE osv.<\/p>\n<h3>Tilpasset service:<\/h3>\n<p>Vi tilbyder skr\u00e6ddersyede tjenester til forskellige kunders behov.<\/p>\n<h3>Produktionsudstyr:<\/h3>\n<p>Vi bruger avanceret numerisk styringsudstyr til fremstilling af materialer for at sikre produktkvaliteten.<\/p>\n<h3>Eftersalgsservice:<\/h3>\n<p>Vi tilbyder kunderne fremragende eftersalgsservice for at sikre produktets ydeevne og kundetilfredshed.<\/p>\n<p>Forfatter: lyl.<\/p>\n<p><img decoding=\"async\" src=\"https:\/\/www.hydraulic-cylinders.net\/wp-content\/uploads\/2025\/01\/songte-bushings-with-all-kinds-of-excavator-models.webp\" alt=\"Skovlcylinder til Volvo stor gravemaskine EC380EL\" \/><\/p>","protected":false},"excerpt":{"rendered":"<p>Bucket Cylinder For Volvo Large Excavator EC380EL Introduction A bucket cylinder is a specialized hydraulic cylinder that controls the movement of the bucket in heavy machinery such as excavators, backhoes, and loaders. Its main function is to enable the bucket to perform lifting, lowering, and tilting, making it easier for various material handling tasks. In [&hellip;]<\/p>","protected":false},"featured_media":14789,"comment_status":"open","ping_status":"closed","template":"","meta":{"_et_pb_use_builder":"","_et_pb_old_content":"","_et_gb_content_width":""},"product_brand":[],"product_cat":[1494],"product_tag":[1495,1496],"class_list":{"0":"post-15402","1":"product","2":"type-product","3":"status-publish","4":"has-post-thumbnail","6":"product_cat-bucket-cylinders","7":"product_tag-bucket-cylinders","8":"product_tag-hydraulic-cylinders","10":"first","11":"instock","12":"shipping-taxable","13":"product-type-simple"},"amp_enabled":true,"_links":{"self":[{"href":"https:\/\/www.hydraulic-cylinders.net\/da\/wp-json\/wp\/v2\/product\/15402","targetHints":{"allow":["GET"]}}],"collection":[{"href":"https:\/\/www.hydraulic-cylinders.net\/da\/wp-json\/wp\/v2\/product"}],"about":[{"href":"https:\/\/www.hydraulic-cylinders.net\/da\/wp-json\/wp\/v2\/types\/product"}],"replies":[{"embeddable":true,"href":"https:\/\/www.hydraulic-cylinders.net\/da\/wp-json\/wp\/v2\/comments?post=15402"}],"wp:featuredmedia":[{"embeddable":true,"href":"https:\/\/www.hydraulic-cylinders.net\/da\/wp-json\/wp\/v2\/media\/14789"}],"wp:attachment":[{"href":"https:\/\/www.hydraulic-cylinders.net\/da\/wp-json\/wp\/v2\/media?parent=15402"}],"wp:term":[{"taxonomy":"product_brand","embeddable":true,"href":"https:\/\/www.hydraulic-cylinders.net\/da\/wp-json\/wp\/v2\/product_brand?post=15402"},{"taxonomy":"product_cat","embeddable":true,"href":"https:\/\/www.hydraulic-cylinders.net\/da\/wp-json\/wp\/v2\/product_cat?post=15402"},{"taxonomy":"product_tag","embeddable":true,"href":"https:\/\/www.hydraulic-cylinders.net\/da\/wp-json\/wp\/v2\/product_tag?post=15402"}],"curies":[{"name":"wp","href":"https:\/\/api.w.org\/{rel}","templated":true}]}}