{"id":15405,"date":"2025-01-19T14:29:20","date_gmt":"2025-01-19T14:29:20","guid":{"rendered":"https:\/\/www.hydraulic-cylinders.net\/product\/bucket-cylinder-for-volvo-large-excavator-ec300d\/"},"modified":"2025-01-19T14:29:28","modified_gmt":"2025-01-19T14:29:28","slug":"bucket-cylinder-for-volvo-large-excavator-ec300d","status":"publish","type":"product","link":"https:\/\/www.hydraulic-cylinders.net\/da\/vare\/bucket-cylinder-for-volvo-large-excavator-ec300d\/","title":{"rendered":"Skovlcylinder til Volvo stor gravemaskine EC300D"},"content":{"rendered":"<h1>Skovlcylinder til Volvo stor gravemaskine EC300D<\/h1>\n<h2>Indledning<\/h2>\n<p>Skovlcylinderen til Volvos store gravemaskine EC300D er en specialiseret hydraulisk cylinder, der bruges til at styre skovlens bev\u00e6gelse i tunge maskiner s\u00e5som gravemaskiner, rendegravere og frontl\u00e6ssere. Dens hovedfunktion er at g\u00f8re det muligt for skovlen at l\u00f8fte, s\u00e6nke og vippe, hvilket g\u00f8r det nemt at udf\u00f8re forskellige materialeh\u00e5ndteringsopgaver. I det hydrauliske system styrer skovlcylinderen pr\u00e6cist skovlens bev\u00e6gelse gennem \u00e6ndringer i hydraulikolietrykket, hvilket giver f\u00f8reren mulighed for effektivt at h\u00e5ndtere tunge l\u00e6s og tilpasse sig komplekse arbejdsmilj\u00f8er og forskellige driftskrav.<\/p>\n<p><img decoding=\"async\" src=\"https:\/\/www.hydraulic-cylinders.net\/wp-content\/uploads\/2025\/01\/songte-company-2.webp\" alt=\"Skovlcylinder til Volvo stor gravemaskine EC300D\"><\/p>\n<h2>Funktioner<\/h2>\n<ul>\n<li>H\u00f8j styrke og holdbarhed: Typisk fremstillet af h\u00f8jstyrkest\u00e5l eller aluminium, i stand til at modst\u00e5 h\u00f8jt tryk og tunge belastninger, tilpasningsdygtig til barske arbejdsforhold og designet med slidstyrke og korrosionsbestandighed i tankerne, hvilket forl\u00e6nger dets levetid.<\/li>\n<li>Effektiv hydraulisk betjening: j\u00e6vn teleskopisk bev\u00e6gelse opn\u00e5s ved hj\u00e6lp af hydraulisk olietryk, hvilket muligg\u00f8r hurtig reaktion p\u00e5 styrekommandoer, giver kraftig skubbe- og tr\u00e6kkraft, velegnet til h\u00e5ndtering af tunge belastninger og komplekse driftsopgaver.<\/li>\n<li>Forskellige typer: enkeltvirkende (hydraulisk kun anvendt i \u00e9n retning) eller dobbeltvirkende (hydraulisk anvendt i begge retninger) cylindre kan v\u00e6lges efter driftskrav, nogle modeller er teleskopiske, hvilket giver mulighed for st\u00f8rre udtr\u00e6k uden at \u00f8ge de udvendige dimensioner, velegnede til applikationer med begr\u00e6nset plads.<\/li>\n<li>Nem udskiftning: Vores produkter kan perfekt udskiftes med disse hydrauliske cylindre. <\/li>\n<\/ul>\n<p><img decoding=\"async\" src=\"https:\/\/www.hydraulic-cylinders.net\/wp-content\/uploads\/2025\/01\/songte-cylinder-head-with-all-kinds-excavator-models.webp\" alt=\"Skovlcylinder til Volvo stor gravemaskine EC300D\"><\/p>\n<h2>Applikationer<\/h2>\n<p>Skovlcylinderen til Volvos store gravemaskine EC300D bruges i vid udstr\u00e6kning inden for forskellige omr\u00e5der, herunder, men ikke begr\u00e6nset til:<\/p>\n<h3>Entrepren\u00f8rudstyr<\/h3>\n<p>I gravemaskiner er de afg\u00f8rende for at grave, l\u00e6sse og flytte jord eller affald. I rendegravere hj\u00e6lper skovlcylindre med b\u00e5de at grave og l\u00f8fte. <\/p>\n<h3>Landbrugsmaskiner<\/h3>\n<p>Bruges i frontl\u00e6ssere til at opgrave, l\u00f8fte og transportere jord, h\u00f8 og andre materialer. I gravemaskiner opn\u00e5r skovlcylindre gravefunktion ved at lade skovlen tr\u00e6nge ned i jorden. I frontl\u00e6ssere hj\u00e6lper de med at l\u00f8fte og t\u00f8mme last effektivt.<\/p>\n<p><img decoding=\"async\" src=\"https:\/\/www.hydraulic-cylinders.net\/wp-content\/uploads\/2025\/01\/songte-bushings-with-all-kinds-of-excavator-models.webp\" alt=\"Skovlcylinder til Volvo stor gravemaskine EC300D\"><\/p>\n<h2>Designovervejelser og udv\u00e6lgelseskriterier<\/h2>\n<p>Ved design af skovlcylinderen til Volvos store gravemaskine EC300D skal der tages h\u00f8jde for flere n\u00f8glefaktorer:<\/p>\n<ul>\n<li>B\u00e6reevne: Cylinderen skal kunne modst\u00e5 h\u00f8jt tryk og tunge belastninger.<\/li>\n<li>T\u00e6tningsevne: Forskellige t\u00e6tningselementer s\u00e5som stempelt\u00e6tninger og stangt\u00e6tninger b\u00f8r v\u00e6re lavet af slidst\u00e6rke materialer s\u00e5som polyurethan og nitrilgummi for at sikre langvarig ydeevne. <\/li>\n<li>Holdbarhed: Cylinderens design b\u00f8r tage hensyn til slidstyrke og korrosionsbestandighed for at forl\u00e6nge dens levetid.<\/li>\n<li>Sikkerhed: Sikkerhed b\u00f8r v\u00e6re den h\u00f8jeste prioritet ved design af cylinderen for at forhindre arbejdsskader og ulykker. <\/li>\n<li>Vedligeholdelse: Designet skal v\u00e6re nemt at vedligeholde og reparere for at reducere nedetid og forbedre driftseffektiviteten.<\/li>\n<\/ul>\n<p><img decoding=\"async\" src=\"https:\/\/www.hydraulic-cylinders.net\/wp-content\/uploads\/2025\/01\/songte-oil-pipes-and-spare-parts.webp\" alt=\"Skovlcylinder til Volvo stor gravemaskine EC300D\"><\/p>\n<h2>T\u00e6tning og sm\u00f8ring af skovlcylinderen<\/h2>\n<p>Skovlcylinderen til Volvos store gravemaskine EC300D kr\u00e6ver regelm\u00e6ssig vedligeholdelse for at sikre korrekt t\u00e6tning og sm\u00f8ring:<\/p>\n<ul>\n<li>Forskellige t\u00e6tningselementer s\u00e5som stempelt\u00e6tninger og stangt\u00e6tninger b\u00f8r v\u00e6re lavet af slidst\u00e6rke materialer af h\u00f8j kvalitet, s\u00e5som polyurethan og nitrilgummi. <\/li>\n<li>Cylinderhuset og gevindfladerne b\u00f8r finbearbejdes for at forbedre slidstyrken.<\/li>\n<li>Tils\u00e6t regelm\u00e6ssigt en passende m\u00e6ngde hydraulikolie for at sm\u00f8re og vedligeholde cylinderen.<\/li>\n<\/ul>\n<h2>Vedligeholdelse og reparation<\/h2>\n<p>Regelm\u00e6ssig vedligeholdelse og korrekt reparation er afg\u00f8rende for at sikre den langsigtede ydeevne af skovlcylinderen til Volvos store gravemaskine EC300D. F\u00f8lgende vedligeholdelsesopgaver b\u00f8r udf\u00f8res:<\/p>\n<ul>\n<li>Regelm\u00e6ssig inspektion for at opdage og udbedre eventuelle fejl eller problemer.<\/li>\n<li>Korrekt sm\u00f8ring og justering for at sikre optimal ydeevne.<\/li>\n<li>Udskiftning af slidte eller beskadigede pakninger for at forhindre oliel\u00e6kager. <\/li>\n<\/ul>\n<h2>Sikkerhedshensyn og milj\u00f8faktorer<\/h2>\n<p>N\u00e5r der anvendes skovlcylinder til Volvo EC300D, skal der tr\u00e6ffes sikkerhedsforanstaltninger for at forhindre arbejdsskader og ulykker. Arbejdstagere opfordres til at b\u00e6re beskyttelsesudstyr s\u00e5som hjelme, handsker og sikkerhedssko, n\u00e5r de betjener maskiner. Milj\u00f8faktorer s\u00e5som temperatur og fugtighed b\u00f8r ogs\u00e5 tages i betragtning ved brug af hydrauliske cylindre i forskellige arbejdsmilj\u00f8er for at sikre optimal ydeevne.<\/p>\n<h2>Almindelige problemer og fejlfinding<\/h2>\n<p>Almindelige problemer, der kan opst\u00e5 med skovlcylinderen til Volvo EC300D, er oliel\u00e6kager, cylinderfejl og forkert betjening. For at fejlfinde disse problemer b\u00f8r f\u00f8rere:<\/p>\n<ul>\n<li>Inspicer cylinderen regelm\u00e6ssigt for tegn p\u00e5 slitage, l\u00e6kager eller andre skader.<\/li>\n<li>Unders\u00f8g og udskift slidte eller beskadigede pakninger grundigt.<\/li>\n<li>F\u00f8lg korrekte driftsprocedurer for at undg\u00e5 forkert betjening eller ulykker.<\/li>\n<\/ul>\n<h2>Om vores virksomhed<\/h2>\n<p>Vi er en f\u00f8rende producent og grossist af hydrauliske cylindre, der tilbyder et komplet udvalg af produkter til b\u00e5de indenlandske og internationale markeder. Vi f\u00f8lger princippet om fremragende kvalitet, s\u00e6tter vores lid til industrialiserede produktionsstyringsstrategier i fint udformede produktionsv\u00e6rksteder og forbedrer l\u00f8bende vores produktionsplatforme med teknologi, talenter, digitalt avanceret produktionsudstyr og professionelle testsystemer. Vi har st\u00e6rke forsknings- og udviklingskapaciteter, effektive, pr\u00e6cise og h\u00f8jkvalitets produktionsstandarder og kan im\u00f8dekomme kundernes forskellige behov. <\/p>\n<p>Vores virksomhed tilbyder ogs\u00e5 kundeservice, international certificering, produktionsudstyr af h\u00f8j kvalitet og eftersalgsservice.<\/p>\n<p><img decoding=\"async\" src=\"https:\/\/hzpt.com\/wp-content\/uploads\/2024\/11\/songte-company-1.webp\" alt=\"Skovlcylinder til Volvo stor gravemaskine EC300D\"><\/p>\n<h2>Forfatter<\/h2>\n<p>lyl<\/p>","protected":false},"excerpt":{"rendered":"<p>Bucket Cylinder For Volvo Large Excavator EC300D Introduction The bucket cylinder for Volvo large excavator EC300D is a specialized hydraulic cylinder used to control the movement of the bucket in heavy machinery such as excavators, backhoe loaders, and front loaders. Its main function is to enable the bucket to lift, lower, and tilt, making it [&hellip;]<\/p>","protected":false},"featured_media":14785,"comment_status":"open","ping_status":"closed","template":"","meta":{"_et_pb_use_builder":"","_et_pb_old_content":"","_et_gb_content_width":""},"product_brand":[],"product_cat":[1494],"product_tag":[1495,1496],"class_list":{"0":"post-15405","1":"product","2":"type-product","3":"status-publish","4":"has-post-thumbnail","6":"product_cat-bucket-cylinders","7":"product_tag-bucket-cylinders","8":"product_tag-hydraulic-cylinders","10":"first","11":"instock","12":"shipping-taxable","13":"product-type-simple"},"amp_enabled":true,"_links":{"self":[{"href":"https:\/\/www.hydraulic-cylinders.net\/da\/wp-json\/wp\/v2\/product\/15405","targetHints":{"allow":["GET"]}}],"collection":[{"href":"https:\/\/www.hydraulic-cylinders.net\/da\/wp-json\/wp\/v2\/product"}],"about":[{"href":"https:\/\/www.hydraulic-cylinders.net\/da\/wp-json\/wp\/v2\/types\/product"}],"replies":[{"embeddable":true,"href":"https:\/\/www.hydraulic-cylinders.net\/da\/wp-json\/wp\/v2\/comments?post=15405"}],"wp:featuredmedia":[{"embeddable":true,"href":"https:\/\/www.hydraulic-cylinders.net\/da\/wp-json\/wp\/v2\/media\/14785"}],"wp:attachment":[{"href":"https:\/\/www.hydraulic-cylinders.net\/da\/wp-json\/wp\/v2\/media?parent=15405"}],"wp:term":[{"taxonomy":"product_brand","embeddable":true,"href":"https:\/\/www.hydraulic-cylinders.net\/da\/wp-json\/wp\/v2\/product_brand?post=15405"},{"taxonomy":"product_cat","embeddable":true,"href":"https:\/\/www.hydraulic-cylinders.net\/da\/wp-json\/wp\/v2\/product_cat?post=15405"},{"taxonomy":"product_tag","embeddable":true,"href":"https:\/\/www.hydraulic-cylinders.net\/da\/wp-json\/wp\/v2\/product_tag?post=15405"}],"curies":[{"name":"wp","href":"https:\/\/api.w.org\/{rel}","templated":true}]}}