{"id":15422,"date":"2025-01-19T14:30:43","date_gmt":"2025-01-19T14:30:43","guid":{"rendered":"https:\/\/www.hydraulic-cylinders.net\/product\/bucket-cylinder-for-sany-small-excavator-sy135c-9\/"},"modified":"2025-01-19T14:30:45","modified_gmt":"2025-01-19T14:30:45","slug":"bucket-cylinder-for-sany-small-excavator-sy135c-9","status":"publish","type":"product","link":"https:\/\/www.hydraulic-cylinders.net\/da\/vare\/bucket-cylinder-for-sany-small-excavator-sy135c-9\/","title":{"rendered":"Skovlcylinder til Sany lille gravemaskine SY135C-9"},"content":{"rendered":"<h1>Skovlcylinder til Sany lille gravemaskine SY135C-9<\/h1>\n<h2>Indledning<\/h2>\n<p>Skovlcylinderen til Sany lille gravemaskine SY135C-9 er en specialdesignet hydraulisk cylinder, der bruges til at styre skovlens bev\u00e6gelse i tunge maskiner s\u00e5som gravemaskiner, rendegravere og frontl\u00e6ssere. Dens hovedfunktion er at g\u00f8re det muligt for skovlen at l\u00f8fte, s\u00e6nke og vippe, hvilket g\u00f8r det lettere at udf\u00f8re forskellige materialeh\u00e5ndteringsopgaver. I det hydrauliske system opn\u00e5r skovlcylinderen pr\u00e6cis kontrol over skovlen ved at variere trykket i den hydrauliske olie, hvilket g\u00f8r det muligt for operat\u00f8rer at h\u00e5ndtere tunge l\u00e6s effektivt og tilpasse sig komplekse arbejdsmilj\u00f8er og forskellige driftsbehov.<\/p>\n<p><img decoding=\"async\" src=\"https:\/\/www.hydraulic-cylinders.net\/wp-content\/uploads\/2025\/01\/songte-company-2.webp\" alt=\"Produktbillede\"><\/p>\n<h2>Funktioner<\/h2>\n<ul>\n<li>H\u00f8j styrke og holdbarhed: Skovlcylinderen, der typisk er fremstillet af h\u00f8jstyrkest\u00e5l eller aluminium, kan modst\u00e5 h\u00f8jt tryk og tunge belastninger og tilpasser sig barske arbejdsmilj\u00f8er. Dens design tager h\u00f8jde for slidstyrke og korrosionsbestandighed, hvilket forl\u00e6nger dens levetid.<\/li>\n<li>Effektiv hydraulisk drift: Ved at udnytte trykket fra hydraulikolien opn\u00e5r skovlcylinderen en j\u00e6vn teleskopisk bev\u00e6gelse, hvilket muligg\u00f8r hurtig reaktion p\u00e5 styrekommandoer og giver kraftige skubbe- og tr\u00e6kkr\u00e6fter. Den er velegnet til h\u00e5ndtering af tunge belastninger og komplekse driftsopgaver.<\/li>\n<li>Forskellige typer: Skovlcylinderen kan v\u00e6lges som enkeltvirkende (hydraulisk tryk anvendes kun i \u00e9n retning) eller dobbeltvirkende (hydraulisk tryk anvendes i begge retninger) baseret p\u00e5 de operationelle krav. Nogle modeller er teleskopiske, hvilket giver mulighed for st\u00f8rre udtr\u00e6k uden at \u00f8ge de udvendige dimensioner, hvilket g\u00f8r dem velegnede til applikationer med begr\u00e6nset plads.<\/li>\n<li>Perfekt udskiftning: Vores produkter kan tjene som perfekte erstatninger for disse hydrauliske cylindre.<\/li>\n<\/ul>\n<p><img decoding=\"async\" src=\"https:\/\/www.hydraulic-cylinders.net\/wp-content\/uploads\/2025\/01\/songte-cylinder-head-with-all-kinds-excavator-models.webp\" alt=\"Produktbillede\"><\/p>\n<h2>Applikationer<\/h2>\n<ul>\n<li>Entrepren\u00f8rudstyr: De findes i gravemaskiner og er afg\u00f8rende for udgravning, l\u00e6sning og flytning af jord eller affald. I rendegravere hj\u00e6lper skovlcylinderen b\u00e5de med udgravning og l\u00f8ft.<\/li>\n<li>Landbrugsmaskiner: Bruges i frontl\u00e6ssere til at udgrave, l\u00f8fte og transportere jord, h\u00f8 og andre materialer.<\/li>\n<li>Gravemaskiner: Skovlcylinderen muligg\u00f8r gravehandlinger ved at lade skovlen tr\u00e6nge ned i jorden.<\/li>\n<li>L\u00e6ssere: Frontl\u00e6ssere hj\u00e6lper med at l\u00f8fte og vippe gods effektivt.<\/li>\n<\/ul>\n<h2>Designovervejelser og udv\u00e6lgelseskriterier<\/h2>\n<p>Designovervejelserne for skovlcylinderen omfatter b\u00e6reevne, t\u00e6tning, holdbarhed, sikkerhed og vedligeholdelsesvenlighed. Hvert aspekt diskuteres nedenfor:<\/p>\n<p><img decoding=\"async\" src=\"https:\/\/www.hydraulic-cylinders.net\/wp-content\/uploads\/2025\/01\/songte-oil-pipes-and-spare-parts.webp\" alt=\"Produktbillede\"><\/p>\n<h3>B\u00e6reevne<\/h3>\n<p>Skovlcylinderen er designet til at modst\u00e5 h\u00f8je tryk og tunge belastninger, hvilket sikrer p\u00e5lidelig ydeevne i kr\u00e6vende applikationer.<\/p>\n<h3>Forsegling<\/h3>\n<p>Forskellige t\u00e6tningskomponenter, s\u00e5som stempelt\u00e6tninger og stangt\u00e6tninger, anvendes i skovlcylinderen for at sikre effektiv t\u00e6tning. Disse t\u00e6tninger er lavet af slidst\u00e6rke materialer som polyurethan og nitrilgummi. Cylinderhuset og gevindenderne er fint forarbejdet for at forbedre slidstyrken. Regelm\u00e6ssig sm\u00f8ring med den passende m\u00e6ngde hydraulikolie er n\u00f8dvendig for problemfri drift.<\/p>\n<h3>Holdbarhed<\/h3>\n<p>Skovlcylinderen er konstrueret af h\u00f8jstyrkematerialer og designet til at modst\u00e5 barske arbejdsforhold, hvilket sikrer langvarig ydeevne og minimerer vedligeholdelseskrav.<\/p>\n<h3>Sikkerhed<\/h3>\n<p>Sikkerhedsforanstaltninger skal f\u00f8lges ved brug af spandcylinderen, herunder korrekt installation, regelm\u00e6ssige inspektioner og overholdelse af sikkerhedsretningslinjerne. Det anbefales at justere cylinderen korrekt under installationen og bruge passende monteringsbeslag til at fastg\u00f8re cylinderen.<\/p>\n<h3>Vedligeholdelsesevne<\/h3>\n<p>Regelm\u00e6ssige inspektioner, passende sm\u00f8ring, udskiftning af pakninger og kalibreringstjek er almindelige vedligeholdelsesopgaver for skovlcylinderen. Korrekt installation, sm\u00f8ring og justering er afg\u00f8rende for optimal ydeevne og levetid. Reservedele og reparationstjenester er tilg\u00e6ngelige for at forl\u00e6nge skovlcylinderens levetid.<\/p>\n<p><img decoding=\"async\" src=\"https:\/\/www.hydraulic-cylinders.net\/wp-content\/uploads\/2025\/01\/songte-chushion-collar.webp\" alt=\"Produktbillede\"><\/p>\n<h2>Sikkerhedshensyn og milj\u00f8faktorer<\/h2>\n<p>N\u00e5r man bruger skovlcylinderen, er det vigtigt at f\u00f8lge sikkerhedsforanstaltninger for at forhindre ulykker og sikre operat\u00f8rernes velbefindende. Sikkerhedsforanstaltninger s\u00e5som at b\u00e6re passende beskyttelsesudstyr og betjene maskinen inden for de anbefalede parametre b\u00f8r altid overholdes. Milj\u00f8faktorer som temperatur og fugtighed kan ogs\u00e5 p\u00e5virke skovlcylinderens ydeevne, og det er vigtigt at tage disse faktorer i betragtning under drift og vedligeholdelse.<\/p>\n<h2>Fejlfinding og almindelige problemer<\/h2>\n<p>N\u00e5r man st\u00f8der p\u00e5 problemer med skovlcylinderen, er det vigtigt at diagnosticere problemet korrekt og tage passende skridt til at l\u00f8se det. Almindelige fejlfindingstips og l\u00f8sninger kan hj\u00e6lpe l\u00e6serne med effektivt at diagnosticere og foretage fejlfinding af problemer. Derudover kan forebyggende foranstaltninger implementeres for at minimere potentielle problemer.<\/p>\n<p><img decoding=\"async\" src=\"https:\/\/www.hydraulic-cylinders.net\/wp-content\/uploads\/2025\/01\/songte-bushings-with-all-kinds-of-excavator-models.webp\" alt=\"Produktbillede\"><\/p>\n<h2>Vedligeholdelsesopgaver<\/h2>\n<p>Regelm\u00e6ssige inspektioner, korrekt sm\u00f8ring, udskiftning af pakninger og kalibreringstjek er almindelige vedligeholdelsesopgaver for skovlcylinderen. Vigtigheden af \u200b\u200bkorrekt installation, sm\u00f8ring og justering understreges, der ydes vejledning i justering af cylinderen under installation, der anbefales passende vedligeholdelsesprocedurer, og der tilbydes tips til at forl\u00e6nge skovlcylinderens levetid.<\/p>\n<h2>Om vores virksomhed<\/h2>\n<p>Vi er en f\u00f8rende producent og engrosdistribut\u00f8r af hydrauliske cylindre p\u00e5 det indenlandske og internationale marked. Vores virksomhed tilbyder en bred vifte af produkter og er kendt for sin fremragende kvalitet. Med fokus p\u00e5 overlegen kvalitet bruger vi industrialiserede produktionsstyringsstrategier i vores topmoderne produktionsv\u00e6rksted. Virksomheden forbedrer l\u00f8bende sin produktionsplatform, forbedrer produktkvaliteten og produktionsruterne og har st\u00e6rke produktionskapaciteter. Vores principper om h\u00f8j effektivitet, pr\u00e6cision og kvalitet g\u00f8r det muligt for os at im\u00f8dekomme vores kunders forskellige behov.<\/p>\n<p><img decoding=\"async\" src=\"https:\/\/www.hydraulic-cylinders.net\/wp-content\/uploads\/2025\/01\/songte-company-3.webp\" alt=\"Virksomhedens image\"><\/p>\n<h3>Professionalitet<\/h3>\n<p>Vores virksomhed er stolt af den professionalisme, der udvises i alle aspekter af vores drift, fra produktion til kundeservice.<\/p>\n<h3>Internationale certificeringer<\/h3>\n<p>Vi har opn\u00e5et forskellige internationale certificeringer, hvilket sikrer, at vores produkter opfylder de h\u00f8jeste kvalitetsstandarder og overholder brancheforskrifterne.<\/p>\n<h3>Tilpasningstjenester<\/h3>\n<p>Vi tilbyder tilpasningstjenester for at im\u00f8dekomme vores kunders unikke krav og leverer skr\u00e6ddersyede l\u00f8sninger til deres behov for hydrauliske cylindre.<\/p>\n<h3>Produktionsudstyr<\/h3>\n<p>Vi anvender avanceret produktionsudstyr for at sikre pr\u00e6cision og effektivitet i fremstillingsprocessen, hvilket resulterer i hydrauliske cylindre af h\u00f8j kvalitet.<\/p>\n<h3>Eftersalgsservice<\/h3>\n<p>Vores virksomhed tilbyder omfattende eftersalgsservice, herunder vedligeholdelse, reparation og udskiftning. Vi er forpligtet til at sikre kundetilfredshed og langvarige partnerskaber.<\/p>\n<p><img decoding=\"async\" src=\"https:\/\/hzpt.com\/wp-content\/uploads\/2024\/11\/songte-company-1.webp\" alt=\"Virksomhedens image\"><\/p>\n<p>Forfatter: lyl<\/p>","protected":false},"excerpt":{"rendered":"<p>Bucket Cylinder For Sany Small Excavator SY135C-9 Introduction The bucket cylinder for Sany small excavator SY135C-9 is a specially designed hydraulic cylinder used to control the movement of the bucket in heavy machinery such as excavators, backhoe loaders, and front loaders. Its main function is to enable the bucket to lift, lower, and tilt, making [&hellip;]<\/p>","protected":false},"featured_media":14782,"comment_status":"open","ping_status":"closed","template":"","meta":{"_et_pb_use_builder":"","_et_pb_old_content":"","_et_gb_content_width":""},"product_brand":[],"product_cat":[1494],"product_tag":[1495,1496],"class_list":{"0":"post-15422","1":"product","2":"type-product","3":"status-publish","4":"has-post-thumbnail","6":"product_cat-bucket-cylinders","7":"product_tag-bucket-cylinders","8":"product_tag-hydraulic-cylinders","10":"first","11":"instock","12":"shipping-taxable","13":"product-type-simple"},"amp_enabled":true,"_links":{"self":[{"href":"https:\/\/www.hydraulic-cylinders.net\/da\/wp-json\/wp\/v2\/product\/15422","targetHints":{"allow":["GET"]}}],"collection":[{"href":"https:\/\/www.hydraulic-cylinders.net\/da\/wp-json\/wp\/v2\/product"}],"about":[{"href":"https:\/\/www.hydraulic-cylinders.net\/da\/wp-json\/wp\/v2\/types\/product"}],"replies":[{"embeddable":true,"href":"https:\/\/www.hydraulic-cylinders.net\/da\/wp-json\/wp\/v2\/comments?post=15422"}],"wp:featuredmedia":[{"embeddable":true,"href":"https:\/\/www.hydraulic-cylinders.net\/da\/wp-json\/wp\/v2\/media\/14782"}],"wp:attachment":[{"href":"https:\/\/www.hydraulic-cylinders.net\/da\/wp-json\/wp\/v2\/media?parent=15422"}],"wp:term":[{"taxonomy":"product_brand","embeddable":true,"href":"https:\/\/www.hydraulic-cylinders.net\/da\/wp-json\/wp\/v2\/product_brand?post=15422"},{"taxonomy":"product_cat","embeddable":true,"href":"https:\/\/www.hydraulic-cylinders.net\/da\/wp-json\/wp\/v2\/product_cat?post=15422"},{"taxonomy":"product_tag","embeddable":true,"href":"https:\/\/www.hydraulic-cylinders.net\/da\/wp-json\/wp\/v2\/product_tag?post=15422"}],"curies":[{"name":"wp","href":"https:\/\/api.w.org\/{rel}","templated":true}]}}